{"id":20618,"date":"2024-12-23T16:53:58","date_gmt":"2024-12-23T16:53:58","guid":{"rendered":"https:\/\/mauserpackstg.wpenginepowered.com\/zrownowazone-rozwiazania\/seria-infinity\/"},"modified":"2026-02-19T16:28:33","modified_gmt":"2026-02-19T16:28:33","slug":"seria-infinity","status":"publish","type":"page","link":"https:\/\/mauserpackaging.com\/pl\/zrownowazone-rozwiazania\/seria-infinity\/","title":{"rendered":"Seria Infinity"},"content":{"rendered":"<div id=\"cs-content\" class=\"cs-content\"><\/div>\n","protected":false},"excerpt":{"rendered":"<p>Seria InfinityHome Opakowanie przemys\u0142owe, kt\u00f3re zamyka obieg ca\u0142y czasSeria Infinity redefiniuje opakowania przemys\u0142owe poprzez jeden z najbardziej kompleksowych asortyment\u00f3w opakowa\u0144 bran\u017cowych z certyfikatem UN, wykonane z wysokiej jako\u015bci \u017cywicy pokonsumenckiej (PCR). Wykorzystanie naszych w\u0142asnych mo\u017cliwo\u015bci recyklingu oraz dostawc\u00f3w zewn\u0119trznych pozwala nam zamkn\u0105\u0107 obieg, przekszta\u0142caj\u0105c u\u017cywane opakowania przemys\u0142owe na wysokiej jako\u015bci PCR.Seria Infinity zapewnia markom rozwi\u0105zania opakowa\u0144, kt\u00f3re spe\u0142niaj\u0105 rygorystyczne wymagania;&hellip;<\/p>\n","protected":false},"author":1,"featured_media":0,"parent":20617,"menu_order":0,"comment_status":"closed","ping_status":"closed","template":"template-blank-4.php","meta":{"footnotes":""},"class_list":["post-20618","page","type-page","status-publish","hentry","no-post-thumbnail"],"yoast_head":"<!-- This site is optimized with the Yoast SEO Premium plugin v27.3 (Yoast SEO v27.3) - https:\/\/yoast.com\/product\/yoast-seo-premium-wordpress\/ -->\n<title>Seria Infinity - Mauser Packaging Solutions<\/title>\n<meta name=\"description\" content=\"Seria Infinity wyznacza nowe standardy w zakresie opakowa\u0144 przemys\u0142owych dzi\u0119ki kompleksowej ofercie certyfikowanych przez UN rozwi\u0105za\u0144 wykonanych z wysokiej jako\u015bci PCR.\" \/>\n<meta name=\"robots\" content=\"index, follow, max-snippet:-1, max-image-preview:large, max-video-preview:-1\" \/>\n<link rel=\"canonical\" href=\"https:\/\/mauserpackaging.com\/pl\/zrownowazone-rozwiazania\/seria-infinity\/\" \/>\n<meta property=\"og:locale\" content=\"pl_PL\" \/>\n<meta property=\"og:type\" content=\"article\" \/>\n<meta property=\"og:title\" content=\"Seria Infinity\" \/>\n<meta property=\"og:description\" content=\"Seria Infinity wyznacza nowe standardy w zakresie opakowa\u0144 przemys\u0142owych dzi\u0119ki kompleksowej ofercie certyfikowanych przez UN rozwi\u0105za\u0144 wykonanych z wysokiej jako\u015bci PCR.\" \/>\n<meta property=\"og:url\" content=\"https:\/\/mauserpackaging.com\/pl\/zrownowazone-rozwiazania\/seria-infinity\/\" \/>\n<meta property=\"og:site_name\" content=\"Mauser Packaging Solutions\" \/>\n<meta property=\"article:modified_time\" content=\"2026-02-19T16:28:33+00:00\" \/>\n<meta property=\"og:image\" content=\"https:\/\/mauserpackaging.com\/wp-content\/uploads\/2026\/03\/Mauser_Default_SiteImage.jpg\" \/>\n\t<meta property=\"og:image:width\" content=\"1200\" \/>\n\t<meta property=\"og:image:height\" content=\"675\" \/>\n\t<meta property=\"og:image:type\" content=\"image\/jpeg\" \/>\n<meta name=\"twitter:card\" content=\"summary_large_image\" \/>\n<meta name=\"twitter:label1\" content=\"Szacowany czas czytania\" \/>\n\t<meta name=\"twitter:data1\" content=\"7 minut\" \/>\n<script type=\"application\/ld+json\" class=\"yoast-schema-graph\">{\"@context\":\"https:\\\/\\\/schema.org\",\"@graph\":[{\"@type\":\"WebPage\",\"@id\":\"https:\\\/\\\/mauserpackaging.com\\\/pl\\\/zrownowazone-rozwiazania\\\/seria-infinity\\\/\",\"url\":\"https:\\\/\\\/mauserpackaging.com\\\/pl\\\/zrownowazone-rozwiazania\\\/seria-infinity\\\/\",\"name\":\"Seria Infinity - Mauser Packaging Solutions\",\"isPartOf\":{\"@id\":\"https:\\\/\\\/mauserpackaging.com\\\/pl\\\/#website\"},\"datePublished\":\"2024-12-23T16:53:58+00:00\",\"dateModified\":\"2026-02-19T16:28:33+00:00\",\"description\":\"Seria Infinity wyznacza nowe standardy w zakresie opakowa\u0144 przemys\u0142owych dzi\u0119ki kompleksowej ofercie certyfikowanych przez UN rozwi\u0105za\u0144 wykonanych z wysokiej jako\u015bci PCR.\",\"breadcrumb\":{\"@id\":\"https:\\\/\\\/mauserpackaging.com\\\/pl\\\/zrownowazone-rozwiazania\\\/seria-infinity\\\/#breadcrumb\"},\"inLanguage\":\"pl-PL\",\"potentialAction\":[{\"@type\":\"ReadAction\",\"target\":[\"https:\\\/\\\/mauserpackaging.com\\\/pl\\\/zrownowazone-rozwiazania\\\/seria-infinity\\\/\"]}]},{\"@type\":\"BreadcrumbList\",\"@id\":\"https:\\\/\\\/mauserpackaging.com\\\/pl\\\/zrownowazone-rozwiazania\\\/seria-infinity\\\/#breadcrumb\",\"itemListElement\":[{\"@type\":\"ListItem\",\"position\":1,\"name\":\"Home\",\"item\":\"https:\\\/\\\/mauserpackaging.com\\\/pl\\\/glowna\\\/\"},{\"@type\":\"ListItem\",\"position\":2,\"name\":\"Zr\u00f3wnowa\u017cone rozwi\u0105zania\",\"item\":\"https:\\\/\\\/mauserpackaging.com\\\/pl\\\/zrownowazone-rozwiazania\\\/\"},{\"@type\":\"ListItem\",\"position\":3,\"name\":\"Seria Infinity\"}]},{\"@type\":\"WebSite\",\"@id\":\"https:\\\/\\\/mauserpackaging.com\\\/pl\\\/#website\",\"url\":\"https:\\\/\\\/mauserpackaging.com\\\/pl\\\/\",\"name\":\"Mauser Packaging Solutions\",\"description\":\"Your go-to packaging partner\",\"publisher\":{\"@id\":\"https:\\\/\\\/mauserpackaging.com\\\/pl\\\/#organization\"},\"alternateName\":\"Mauser Packaging\",\"potentialAction\":[{\"@type\":\"SearchAction\",\"target\":{\"@type\":\"EntryPoint\",\"urlTemplate\":\"https:\\\/\\\/mauserpackaging.com\\\/pl\\\/?s={search_term_string}\"},\"query-input\":{\"@type\":\"PropertyValueSpecification\",\"valueRequired\":true,\"valueName\":\"search_term_string\"}}],\"inLanguage\":\"pl-PL\"},{\"@type\":\"Organization\",\"@id\":\"https:\\\/\\\/mauserpackaging.com\\\/pl\\\/#organization\",\"name\":\"Mauser Packaging Solutions\",\"alternateName\":\"Mauser Packaging\",\"url\":\"https:\\\/\\\/mauserpackaging.com\\\/pl\\\/\",\"logo\":{\"@type\":\"ImageObject\",\"inLanguage\":\"pl-PL\",\"@id\":\"https:\\\/\\\/mauserpackaging.com\\\/pl\\\/#\\\/schema\\\/logo\\\/image\\\/\",\"url\":\"https:\\\/\\\/mauserpackaging.com\\\/wp-content\\\/uploads\\\/2024\\\/11\\\/Mauser_h_RGB.png\",\"contentUrl\":\"https:\\\/\\\/mauserpackaging.com\\\/wp-content\\\/uploads\\\/2024\\\/11\\\/Mauser_h_RGB.png\",\"width\":1951,\"height\":600,\"caption\":\"Mauser Packaging Solutions\"},\"image\":{\"@id\":\"https:\\\/\\\/mauserpackaging.com\\\/pl\\\/#\\\/schema\\\/logo\\\/image\\\/\"},\"sameAs\":[\"https:\\\/\\\/www.linkedin.com\\\/company\\\/mauser-packaging-solutions\\\/\"]}]}<\/script>\n<!-- \/ Yoast SEO Premium plugin. -->","yoast_head_json":{"title":"Seria Infinity - Mauser Packaging Solutions","description":"Seria Infinity wyznacza nowe standardy w zakresie opakowa\u0144 przemys\u0142owych dzi\u0119ki kompleksowej ofercie certyfikowanych przez UN rozwi\u0105za\u0144 wykonanych z wysokiej jako\u015bci PCR.","robots":{"index":"index","follow":"follow","max-snippet":"max-snippet:-1","max-image-preview":"max-image-preview:large","max-video-preview":"max-video-preview:-1"},"canonical":"https:\/\/mauserpackaging.com\/pl\/zrownowazone-rozwiazania\/seria-infinity\/","og_locale":"pl_PL","og_type":"article","og_title":"Seria Infinity","og_description":"Seria Infinity wyznacza nowe standardy w zakresie opakowa\u0144 przemys\u0142owych dzi\u0119ki kompleksowej ofercie certyfikowanych przez UN rozwi\u0105za\u0144 wykonanych z wysokiej jako\u015bci PCR.","og_url":"https:\/\/mauserpackaging.com\/pl\/zrownowazone-rozwiazania\/seria-infinity\/","og_site_name":"Mauser Packaging Solutions","article_modified_time":"2026-02-19T16:28:33+00:00","og_image":[{"width":1200,"height":675,"url":"https:\/\/mauserpackaging.com\/wp-content\/uploads\/2026\/03\/Mauser_Default_SiteImage.jpg","type":"image\/jpeg"}],"twitter_card":"summary_large_image","twitter_misc":{"Szacowany czas czytania":"7 minut"},"schema":{"@context":"https:\/\/schema.org","@graph":[{"@type":"WebPage","@id":"https:\/\/mauserpackaging.com\/pl\/zrownowazone-rozwiazania\/seria-infinity\/","url":"https:\/\/mauserpackaging.com\/pl\/zrownowazone-rozwiazania\/seria-infinity\/","name":"Seria Infinity - Mauser Packaging Solutions","isPartOf":{"@id":"https:\/\/mauserpackaging.com\/pl\/#website"},"datePublished":"2024-12-23T16:53:58+00:00","dateModified":"2026-02-19T16:28:33+00:00","description":"Seria Infinity wyznacza nowe standardy w zakresie opakowa\u0144 przemys\u0142owych dzi\u0119ki kompleksowej ofercie certyfikowanych przez UN rozwi\u0105za\u0144 wykonanych z wysokiej jako\u015bci PCR.","breadcrumb":{"@id":"https:\/\/mauserpackaging.com\/pl\/zrownowazone-rozwiazania\/seria-infinity\/#breadcrumb"},"inLanguage":"pl-PL","potentialAction":[{"@type":"ReadAction","target":["https:\/\/mauserpackaging.com\/pl\/zrownowazone-rozwiazania\/seria-infinity\/"]}]},{"@type":"BreadcrumbList","@id":"https:\/\/mauserpackaging.com\/pl\/zrownowazone-rozwiazania\/seria-infinity\/#breadcrumb","itemListElement":[{"@type":"ListItem","position":1,"name":"Home","item":"https:\/\/mauserpackaging.com\/pl\/glowna\/"},{"@type":"ListItem","position":2,"name":"Zr\u00f3wnowa\u017cone rozwi\u0105zania","item":"https:\/\/mauserpackaging.com\/pl\/zrownowazone-rozwiazania\/"},{"@type":"ListItem","position":3,"name":"Seria Infinity"}]},{"@type":"WebSite","@id":"https:\/\/mauserpackaging.com\/pl\/#website","url":"https:\/\/mauserpackaging.com\/pl\/","name":"Mauser Packaging Solutions","description":"Your go-to packaging partner","publisher":{"@id":"https:\/\/mauserpackaging.com\/pl\/#organization"},"alternateName":"Mauser Packaging","potentialAction":[{"@type":"SearchAction","target":{"@type":"EntryPoint","urlTemplate":"https:\/\/mauserpackaging.com\/pl\/?s={search_term_string}"},"query-input":{"@type":"PropertyValueSpecification","valueRequired":true,"valueName":"search_term_string"}}],"inLanguage":"pl-PL"},{"@type":"Organization","@id":"https:\/\/mauserpackaging.com\/pl\/#organization","name":"Mauser Packaging Solutions","alternateName":"Mauser Packaging","url":"https:\/\/mauserpackaging.com\/pl\/","logo":{"@type":"ImageObject","inLanguage":"pl-PL","@id":"https:\/\/mauserpackaging.com\/pl\/#\/schema\/logo\/image\/","url":"https:\/\/mauserpackaging.com\/wp-content\/uploads\/2024\/11\/Mauser_h_RGB.png","contentUrl":"https:\/\/mauserpackaging.com\/wp-content\/uploads\/2024\/11\/Mauser_h_RGB.png","width":1951,"height":600,"caption":"Mauser Packaging Solutions"},"image":{"@id":"https:\/\/mauserpackaging.com\/pl\/#\/schema\/logo\/image\/"},"sameAs":["https:\/\/www.linkedin.com\/company\/mauser-packaging-solutions\/"]}]}},"_links":{"self":[{"href":"https:\/\/mauserpackaging.com\/pl\/wp-json\/wp\/v2\/pages\/20618","targetHints":{"allow":["GET"]}}],"collection":[{"href":"https:\/\/mauserpackaging.com\/pl\/wp-json\/wp\/v2\/pages"}],"about":[{"href":"https:\/\/mauserpackaging.com\/pl\/wp-json\/wp\/v2\/types\/page"}],"author":[{"embeddable":true,"href":"https:\/\/mauserpackaging.com\/pl\/wp-json\/wp\/v2\/users\/1"}],"replies":[{"embeddable":true,"href":"https:\/\/mauserpackaging.com\/pl\/wp-json\/wp\/v2\/comments?post=20618"}],"version-history":[{"count":0,"href":"https:\/\/mauserpackaging.com\/pl\/wp-json\/wp\/v2\/pages\/20618\/revisions"}],"up":[{"embeddable":true,"href":"https:\/\/mauserpackaging.com\/pl\/wp-json\/wp\/v2\/pages\/20617"}],"wp:attachment":[{"href":"https:\/\/mauserpackaging.com\/pl\/wp-json\/wp\/v2\/media?parent=20618"}],"curies":[{"name":"wp","href":"https:\/\/api.w.org\/{rel}","templated":true}]}}