{"id":20605,"date":"2024-12-17T20:09:12","date_gmt":"2024-12-17T20:09:12","guid":{"rendered":"https:\/\/mauserpackstg.wpenginepowered.com\/produkty-i-innowacje\/kubly-i-wiadra\/kubly-stalowe\/"},"modified":"2026-04-01T15:52:27","modified_gmt":"2026-04-01T15:52:27","slug":"kubly-stalowe","status":"publish","type":"page","link":"https:\/\/mauserpackaging.com\/pl\/produkty-i-innowacje\/kubly-i-wiadra\/kubly-stalowe\/","title":{"rendered":"Kub\u0142y stalowe"},"content":{"rendered":"<div id=\"cs-content\" class=\"cs-content\"><\/div>\n","protected":false},"excerpt":{"rendered":"<p>Home Kub\u0142y staloweNiezawodno\u015b\u0107 i skuteczno\u015b\u0107 Je\u015bli szukasz niezawodnego opakowania dla \u015brodk\u00f3w chemicznych, smar\u00f3w, pow\u0142ok, klej\u00f3w czy innych wymagaj\u0105cych substancji, nasze stalowe pojemniki to idealne rozwi\u0105zanie. Dzi\u0119ki wytrzyma\u0142ej konstrukcji skutecznie chroni\u0105 zawarto\u015b\u0107 na ka\u017cdym etapie \u0142a\u0144cucha dostaw, gwarantuj\u0105c, \u017ce produkty dotr\u0105 na miejsce w pe\u0142ni zabezpieczone i gotowe do u\u017cycia. Oferujemy rozmiary od jednego galonu do siedmiu galon\u00f3w oraz szeroki asortyment&hellip;<\/p>\n","protected":false},"author":1,"featured_media":0,"parent":20602,"menu_order":0,"comment_status":"closed","ping_status":"closed","template":"template-blank-4.php","meta":{"footnotes":""},"class_list":["post-20605","page","type-page","status-publish","hentry","no-post-thumbnail"],"yoast_head":"<!-- This site is optimized with the Yoast SEO Premium plugin v27.3 (Yoast SEO v27.3) - https:\/\/yoast.com\/product\/yoast-seo-premium-wordpress\/ -->\n<title>Wiadra i pojemniki stalowe | Przemys\u0142owe wiadra metalowe | Mauser Packaging<\/title>\n<meta name=\"description\" content=\"Wysokiej jako\u015bci stalowe wiadra i pojemniki o pojemno\u015bci od 1 do 7 galon\u00f3w. Posiadaj\u0105 certyfikat UN do przechowywania farb, pow\u0142ok i chemikali\u00f3w; dost\u0119pne w wersji z otwartym lub szczelnym wieczkiem.\" \/>\n<meta name=\"robots\" content=\"index, follow, max-snippet:-1, max-image-preview:large, max-video-preview:-1\" \/>\n<link rel=\"canonical\" href=\"https:\/\/mauserpackaging.com\/pl\/produkty-i-innowacje\/kubly-i-wiadra\/kubly-stalowe\/\" \/>\n<meta property=\"og:locale\" content=\"pl_PL\" \/>\n<meta property=\"og:type\" content=\"article\" \/>\n<meta property=\"og:title\" content=\"Kub\u0142y stalowe\" \/>\n<meta property=\"og:description\" content=\"Wysokiej jako\u015bci stalowe wiadra i pojemniki o pojemno\u015bci od 1 do 7 galon\u00f3w. Posiadaj\u0105 certyfikat UN do przechowywania farb, pow\u0142ok i chemikali\u00f3w; dost\u0119pne w wersji z otwartym lub szczelnym wieczkiem.\" \/>\n<meta property=\"og:url\" content=\"https:\/\/mauserpackaging.com\/pl\/produkty-i-innowacje\/kubly-i-wiadra\/kubly-stalowe\/\" \/>\n<meta property=\"og:site_name\" content=\"Mauser Packaging Solutions\" \/>\n<meta property=\"article:modified_time\" content=\"2026-04-01T15:52:27+00:00\" \/>\n<meta property=\"og:image\" content=\"https:\/\/mauserpackaging.com\/wp-content\/uploads\/2026\/03\/Mauser_Default_SiteImage.jpg\" \/>\n\t<meta property=\"og:image:width\" content=\"1200\" \/>\n\t<meta property=\"og:image:height\" content=\"675\" \/>\n\t<meta property=\"og:image:type\" content=\"image\/jpeg\" \/>\n<meta name=\"twitter:card\" content=\"summary_large_image\" \/>\n<meta name=\"twitter:label1\" content=\"Szacowany czas czytania\" \/>\n\t<meta name=\"twitter:data1\" content=\"8 minut\" \/>\n<script type=\"application\/ld+json\" class=\"yoast-schema-graph\">{\"@context\":\"https:\\\/\\\/schema.org\",\"@graph\":[{\"@type\":\"WebPage\",\"@id\":\"https:\\\/\\\/mauserpackaging.com\\\/pl\\\/produkty-i-innowacje\\\/kubly-i-wiadra\\\/kubly-stalowe\\\/\",\"url\":\"https:\\\/\\\/mauserpackaging.com\\\/pl\\\/produkty-i-innowacje\\\/kubly-i-wiadra\\\/kubly-stalowe\\\/\",\"name\":\"Wiadra i pojemniki stalowe | Przemys\u0142owe wiadra metalowe | Mauser Packaging\",\"isPartOf\":{\"@id\":\"https:\\\/\\\/mauserpackaging.com\\\/pl\\\/#website\"},\"datePublished\":\"2024-12-17T20:09:12+00:00\",\"dateModified\":\"2026-04-01T15:52:27+00:00\",\"description\":\"Wysokiej jako\u015bci stalowe wiadra i pojemniki o pojemno\u015bci od 1 do 7 galon\u00f3w. Posiadaj\u0105 certyfikat UN do przechowywania farb, pow\u0142ok i chemikali\u00f3w; dost\u0119pne w wersji z otwartym lub szczelnym wieczkiem.\",\"breadcrumb\":{\"@id\":\"https:\\\/\\\/mauserpackaging.com\\\/pl\\\/produkty-i-innowacje\\\/kubly-i-wiadra\\\/kubly-stalowe\\\/#breadcrumb\"},\"inLanguage\":\"pl-PL\",\"potentialAction\":[{\"@type\":\"ReadAction\",\"target\":[\"https:\\\/\\\/mauserpackaging.com\\\/pl\\\/produkty-i-innowacje\\\/kubly-i-wiadra\\\/kubly-stalowe\\\/\"]}]},{\"@type\":\"BreadcrumbList\",\"@id\":\"https:\\\/\\\/mauserpackaging.com\\\/pl\\\/produkty-i-innowacje\\\/kubly-i-wiadra\\\/kubly-stalowe\\\/#breadcrumb\",\"itemListElement\":[{\"@type\":\"ListItem\",\"position\":1,\"name\":\"Home\",\"item\":\"https:\\\/\\\/mauserpackaging.com\\\/pl\\\/glowna\\\/\"},{\"@type\":\"ListItem\",\"position\":2,\"name\":\"Produkty i innowacje\",\"item\":\"https:\\\/\\\/mauserpackaging.com\\\/pl\\\/produkty-i-innowacje\\\/\"},{\"@type\":\"ListItem\",\"position\":3,\"name\":\"Kub\u0142y i wiadra\",\"item\":\"https:\\\/\\\/mauserpackaging.com\\\/pl\\\/produkty-i-innowacje\\\/kubly-i-wiadra\\\/\"},{\"@type\":\"ListItem\",\"position\":4,\"name\":\"Kub\u0142y stalowe\"}]},{\"@type\":\"WebSite\",\"@id\":\"https:\\\/\\\/mauserpackaging.com\\\/pl\\\/#website\",\"url\":\"https:\\\/\\\/mauserpackaging.com\\\/pl\\\/\",\"name\":\"Mauser Packaging Solutions\",\"description\":\"Your go-to packaging partner\",\"publisher\":{\"@id\":\"https:\\\/\\\/mauserpackaging.com\\\/pl\\\/#organization\"},\"alternateName\":\"Mauser Packaging\",\"potentialAction\":[{\"@type\":\"SearchAction\",\"target\":{\"@type\":\"EntryPoint\",\"urlTemplate\":\"https:\\\/\\\/mauserpackaging.com\\\/pl\\\/?s={search_term_string}\"},\"query-input\":{\"@type\":\"PropertyValueSpecification\",\"valueRequired\":true,\"valueName\":\"search_term_string\"}}],\"inLanguage\":\"pl-PL\"},{\"@type\":\"Organization\",\"@id\":\"https:\\\/\\\/mauserpackaging.com\\\/pl\\\/#organization\",\"name\":\"Mauser Packaging Solutions\",\"alternateName\":\"Mauser Packaging\",\"url\":\"https:\\\/\\\/mauserpackaging.com\\\/pl\\\/\",\"logo\":{\"@type\":\"ImageObject\",\"inLanguage\":\"pl-PL\",\"@id\":\"https:\\\/\\\/mauserpackaging.com\\\/pl\\\/#\\\/schema\\\/logo\\\/image\\\/\",\"url\":\"https:\\\/\\\/mauserpackaging.com\\\/wp-content\\\/uploads\\\/2024\\\/11\\\/Mauser_h_RGB.png\",\"contentUrl\":\"https:\\\/\\\/mauserpackaging.com\\\/wp-content\\\/uploads\\\/2024\\\/11\\\/Mauser_h_RGB.png\",\"width\":1951,\"height\":600,\"caption\":\"Mauser Packaging Solutions\"},\"image\":{\"@id\":\"https:\\\/\\\/mauserpackaging.com\\\/pl\\\/#\\\/schema\\\/logo\\\/image\\\/\"},\"sameAs\":[\"https:\\\/\\\/www.linkedin.com\\\/company\\\/mauser-packaging-solutions\\\/\"]}]}<\/script>\n<!-- \/ Yoast SEO Premium plugin. -->","yoast_head_json":{"title":"Wiadra i pojemniki stalowe | Przemys\u0142owe wiadra metalowe | Mauser Packaging","description":"Wysokiej jako\u015bci stalowe wiadra i pojemniki o pojemno\u015bci od 1 do 7 galon\u00f3w. Posiadaj\u0105 certyfikat UN do przechowywania farb, pow\u0142ok i chemikali\u00f3w; dost\u0119pne w wersji z otwartym lub szczelnym wieczkiem.","robots":{"index":"index","follow":"follow","max-snippet":"max-snippet:-1","max-image-preview":"max-image-preview:large","max-video-preview":"max-video-preview:-1"},"canonical":"https:\/\/mauserpackaging.com\/pl\/produkty-i-innowacje\/kubly-i-wiadra\/kubly-stalowe\/","og_locale":"pl_PL","og_type":"article","og_title":"Kub\u0142y stalowe","og_description":"Wysokiej jako\u015bci stalowe wiadra i pojemniki o pojemno\u015bci od 1 do 7 galon\u00f3w. Posiadaj\u0105 certyfikat UN do przechowywania farb, pow\u0142ok i chemikali\u00f3w; dost\u0119pne w wersji z otwartym lub szczelnym wieczkiem.","og_url":"https:\/\/mauserpackaging.com\/pl\/produkty-i-innowacje\/kubly-i-wiadra\/kubly-stalowe\/","og_site_name":"Mauser Packaging Solutions","article_modified_time":"2026-04-01T15:52:27+00:00","og_image":[{"width":1200,"height":675,"url":"https:\/\/mauserpackaging.com\/wp-content\/uploads\/2026\/03\/Mauser_Default_SiteImage.jpg","type":"image\/jpeg"}],"twitter_card":"summary_large_image","twitter_misc":{"Szacowany czas czytania":"8 minut"},"schema":{"@context":"https:\/\/schema.org","@graph":[{"@type":"WebPage","@id":"https:\/\/mauserpackaging.com\/pl\/produkty-i-innowacje\/kubly-i-wiadra\/kubly-stalowe\/","url":"https:\/\/mauserpackaging.com\/pl\/produkty-i-innowacje\/kubly-i-wiadra\/kubly-stalowe\/","name":"Wiadra i pojemniki stalowe | Przemys\u0142owe wiadra metalowe | Mauser Packaging","isPartOf":{"@id":"https:\/\/mauserpackaging.com\/pl\/#website"},"datePublished":"2024-12-17T20:09:12+00:00","dateModified":"2026-04-01T15:52:27+00:00","description":"Wysokiej jako\u015bci stalowe wiadra i pojemniki o pojemno\u015bci od 1 do 7 galon\u00f3w. Posiadaj\u0105 certyfikat UN do przechowywania farb, pow\u0142ok i chemikali\u00f3w; dost\u0119pne w wersji z otwartym lub szczelnym wieczkiem.","breadcrumb":{"@id":"https:\/\/mauserpackaging.com\/pl\/produkty-i-innowacje\/kubly-i-wiadra\/kubly-stalowe\/#breadcrumb"},"inLanguage":"pl-PL","potentialAction":[{"@type":"ReadAction","target":["https:\/\/mauserpackaging.com\/pl\/produkty-i-innowacje\/kubly-i-wiadra\/kubly-stalowe\/"]}]},{"@type":"BreadcrumbList","@id":"https:\/\/mauserpackaging.com\/pl\/produkty-i-innowacje\/kubly-i-wiadra\/kubly-stalowe\/#breadcrumb","itemListElement":[{"@type":"ListItem","position":1,"name":"Home","item":"https:\/\/mauserpackaging.com\/pl\/glowna\/"},{"@type":"ListItem","position":2,"name":"Produkty i innowacje","item":"https:\/\/mauserpackaging.com\/pl\/produkty-i-innowacje\/"},{"@type":"ListItem","position":3,"name":"Kub\u0142y i wiadra","item":"https:\/\/mauserpackaging.com\/pl\/produkty-i-innowacje\/kubly-i-wiadra\/"},{"@type":"ListItem","position":4,"name":"Kub\u0142y stalowe"}]},{"@type":"WebSite","@id":"https:\/\/mauserpackaging.com\/pl\/#website","url":"https:\/\/mauserpackaging.com\/pl\/","name":"Mauser Packaging Solutions","description":"Your go-to packaging partner","publisher":{"@id":"https:\/\/mauserpackaging.com\/pl\/#organization"},"alternateName":"Mauser Packaging","potentialAction":[{"@type":"SearchAction","target":{"@type":"EntryPoint","urlTemplate":"https:\/\/mauserpackaging.com\/pl\/?s={search_term_string}"},"query-input":{"@type":"PropertyValueSpecification","valueRequired":true,"valueName":"search_term_string"}}],"inLanguage":"pl-PL"},{"@type":"Organization","@id":"https:\/\/mauserpackaging.com\/pl\/#organization","name":"Mauser Packaging Solutions","alternateName":"Mauser Packaging","url":"https:\/\/mauserpackaging.com\/pl\/","logo":{"@type":"ImageObject","inLanguage":"pl-PL","@id":"https:\/\/mauserpackaging.com\/pl\/#\/schema\/logo\/image\/","url":"https:\/\/mauserpackaging.com\/wp-content\/uploads\/2024\/11\/Mauser_h_RGB.png","contentUrl":"https:\/\/mauserpackaging.com\/wp-content\/uploads\/2024\/11\/Mauser_h_RGB.png","width":1951,"height":600,"caption":"Mauser Packaging Solutions"},"image":{"@id":"https:\/\/mauserpackaging.com\/pl\/#\/schema\/logo\/image\/"},"sameAs":["https:\/\/www.linkedin.com\/company\/mauser-packaging-solutions\/"]}]}},"_links":{"self":[{"href":"https:\/\/mauserpackaging.com\/pl\/wp-json\/wp\/v2\/pages\/20605","targetHints":{"allow":["GET"]}}],"collection":[{"href":"https:\/\/mauserpackaging.com\/pl\/wp-json\/wp\/v2\/pages"}],"about":[{"href":"https:\/\/mauserpackaging.com\/pl\/wp-json\/wp\/v2\/types\/page"}],"author":[{"embeddable":true,"href":"https:\/\/mauserpackaging.com\/pl\/wp-json\/wp\/v2\/users\/1"}],"replies":[{"embeddable":true,"href":"https:\/\/mauserpackaging.com\/pl\/wp-json\/wp\/v2\/comments?post=20605"}],"version-history":[{"count":0,"href":"https:\/\/mauserpackaging.com\/pl\/wp-json\/wp\/v2\/pages\/20605\/revisions"}],"up":[{"embeddable":true,"href":"https:\/\/mauserpackaging.com\/pl\/wp-json\/wp\/v2\/pages\/20602"}],"wp:attachment":[{"href":"https:\/\/mauserpackaging.com\/pl\/wp-json\/wp\/v2\/media?parent=20605"}],"curies":[{"name":"wp","href":"https:\/\/api.w.org\/{rel}","templated":true}]}}