{"id":20604,"date":"2024-12-17T20:11:51","date_gmt":"2024-12-17T20:11:51","guid":{"rendered":"https:\/\/mauserpackstg.wpenginepowered.com\/produkty-i-innowacje\/kubly-i-wiadra\/plastikowe-pojemniki-typu-hobbock\/"},"modified":"2025-10-22T19:49:40","modified_gmt":"2025-10-22T19:49:40","slug":"plastikowe-pojemniki-typu-hobbock","status":"publish","type":"page","link":"https:\/\/mauserpackaging.com\/pl\/produkty-i-innowacje\/kubly-i-wiadra\/plastikowe-pojemniki-typu-hobbock\/","title":{"rendered":"Plastikowe pojemniki typu hobbock"},"content":{"rendered":"<div id=\"cs-content\" class=\"cs-content\"><\/div>\n","protected":false},"excerpt":{"rendered":"<p>Home Plastikowe pojemniki typu hobbock\u0141atwy dost\u0119p przy wk\u0142adaniu i wyjmowaniu produkt\u00f3w trudnych w przemieszczaniu Pojemniki typu hobbock firmy Mauser Packaging Solutions doskonale sprawdzaj\u0105 si\u0119 w przechowywaniu smar\u00f3w, farb oraz silikon\u00f3w, oferuj\u0105c wygodny dost\u0119p podczas nape\u0142niania i opr\u00f3\u017cniania materia\u0142\u00f3w o trudnej do przemieszczania konsystencji. Stanowi\u0105 niezast\u0105pione rozwi\u0105zanie w bran\u017cy chemicznej i motoryzacyjnej, a szerokie otwarcie u\u0142atwia efektywny prze\u0142adunek g\u0119stych cieczy i&hellip;<\/p>\n","protected":false},"author":1,"featured_media":0,"parent":20602,"menu_order":0,"comment_status":"closed","ping_status":"closed","template":"template-blank-4.php","meta":{"footnotes":""},"class_list":["post-20604","page","type-page","status-publish","hentry","no-post-thumbnail"],"yoast_head":"<!-- This site is optimized with the Yoast SEO Premium plugin v27.5 (Yoast SEO v27.5) - https:\/\/yoast.com\/product\/yoast-seo-premium-wordpress\/ -->\n<title>Plastikowe pojemniki typu hobbock - Mauser Packaging Solutions<\/title>\n<meta name=\"description\" content=\"Hoboki Mauser s\u0105 idealne do smar\u00f3w, farb i silikon\u00f3w, a tak\u017ce umo\u017cliwiaj\u0105 \u0142atwy dost\u0119p do trudno dost\u0119pnych produkt\u00f3w.\" \/>\n<meta name=\"robots\" content=\"index, follow, max-snippet:-1, max-image-preview:large, max-video-preview:-1\" \/>\n<link rel=\"canonical\" href=\"https:\/\/mauserpackaging.com\/pl\/produkty-i-innowacje\/kubly-i-wiadra\/plastikowe-pojemniki-typu-hobbock\/\" \/>\n<meta property=\"og:locale\" content=\"pl_PL\" \/>\n<meta property=\"og:type\" content=\"article\" \/>\n<meta property=\"og:title\" content=\"Plastikowe pojemniki typu hobbock\" \/>\n<meta property=\"og:description\" content=\"Hoboki Mauser s\u0105 idealne do smar\u00f3w, farb i silikon\u00f3w, a tak\u017ce umo\u017cliwiaj\u0105 \u0142atwy dost\u0119p do trudno dost\u0119pnych produkt\u00f3w.\" \/>\n<meta property=\"og:url\" content=\"https:\/\/mauserpackaging.com\/pl\/produkty-i-innowacje\/kubly-i-wiadra\/plastikowe-pojemniki-typu-hobbock\/\" \/>\n<meta property=\"og:site_name\" content=\"Mauser Packaging Solutions\" \/>\n<meta property=\"article:modified_time\" content=\"2025-10-22T19:49:40+00:00\" \/>\n<meta property=\"og:image\" content=\"https:\/\/mauserpackaging.com\/wp-content\/uploads\/2026\/03\/Mauser_Default_SiteImage.jpg\" \/>\n\t<meta property=\"og:image:width\" content=\"1200\" \/>\n\t<meta property=\"og:image:height\" content=\"675\" \/>\n\t<meta property=\"og:image:type\" content=\"image\/jpeg\" \/>\n<meta name=\"twitter:card\" content=\"summary_large_image\" \/>\n<meta name=\"twitter:label1\" content=\"Szacowany czas czytania\" \/>\n\t<meta name=\"twitter:data1\" content=\"7 minut\" \/>\n<script type=\"application\/ld+json\" class=\"yoast-schema-graph\">{\"@context\":\"https:\\\/\\\/schema.org\",\"@graph\":[{\"@type\":\"WebPage\",\"@id\":\"https:\\\/\\\/mauserpackaging.com\\\/pl\\\/produkty-i-innowacje\\\/kubly-i-wiadra\\\/plastikowe-pojemniki-typu-hobbock\\\/\",\"url\":\"https:\\\/\\\/mauserpackaging.com\\\/pl\\\/produkty-i-innowacje\\\/kubly-i-wiadra\\\/plastikowe-pojemniki-typu-hobbock\\\/\",\"name\":\"Plastikowe pojemniki typu hobbock - Mauser Packaging Solutions\",\"isPartOf\":{\"@id\":\"https:\\\/\\\/mauserpackaging.com\\\/pl\\\/#website\"},\"datePublished\":\"2024-12-17T20:11:51+00:00\",\"dateModified\":\"2025-10-22T19:49:40+00:00\",\"description\":\"Hoboki Mauser s\u0105 idealne do smar\u00f3w, farb i silikon\u00f3w, a tak\u017ce umo\u017cliwiaj\u0105 \u0142atwy dost\u0119p do trudno dost\u0119pnych produkt\u00f3w.\",\"breadcrumb\":{\"@id\":\"https:\\\/\\\/mauserpackaging.com\\\/pl\\\/produkty-i-innowacje\\\/kubly-i-wiadra\\\/plastikowe-pojemniki-typu-hobbock\\\/#breadcrumb\"},\"inLanguage\":\"pl-PL\",\"potentialAction\":[{\"@type\":\"ReadAction\",\"target\":[\"https:\\\/\\\/mauserpackaging.com\\\/pl\\\/produkty-i-innowacje\\\/kubly-i-wiadra\\\/plastikowe-pojemniki-typu-hobbock\\\/\"]}]},{\"@type\":\"BreadcrumbList\",\"@id\":\"https:\\\/\\\/mauserpackaging.com\\\/pl\\\/produkty-i-innowacje\\\/kubly-i-wiadra\\\/plastikowe-pojemniki-typu-hobbock\\\/#breadcrumb\",\"itemListElement\":[{\"@type\":\"ListItem\",\"position\":1,\"name\":\"Home\",\"item\":\"https:\\\/\\\/mauserpackaging.com\\\/pl\\\/glowna\\\/\"},{\"@type\":\"ListItem\",\"position\":2,\"name\":\"Produkty i innowacje\",\"item\":\"https:\\\/\\\/mauserpackaging.com\\\/pl\\\/produkty-i-innowacje\\\/\"},{\"@type\":\"ListItem\",\"position\":3,\"name\":\"Kub\u0142y i wiadra\",\"item\":\"https:\\\/\\\/mauserpackaging.com\\\/pl\\\/produkty-i-innowacje\\\/kubly-i-wiadra\\\/\"},{\"@type\":\"ListItem\",\"position\":4,\"name\":\"Plastikowe pojemniki typu hobbock\"}]},{\"@type\":\"WebSite\",\"@id\":\"https:\\\/\\\/mauserpackaging.com\\\/pl\\\/#website\",\"url\":\"https:\\\/\\\/mauserpackaging.com\\\/pl\\\/\",\"name\":\"Mauser Packaging Solutions\",\"description\":\"Your go-to packaging partner\",\"publisher\":{\"@id\":\"https:\\\/\\\/mauserpackaging.com\\\/pl\\\/#organization\"},\"alternateName\":\"Mauser Packaging\",\"potentialAction\":[{\"@type\":\"SearchAction\",\"target\":{\"@type\":\"EntryPoint\",\"urlTemplate\":\"https:\\\/\\\/mauserpackaging.com\\\/pl\\\/?s={search_term_string}\"},\"query-input\":{\"@type\":\"PropertyValueSpecification\",\"valueRequired\":true,\"valueName\":\"search_term_string\"}}],\"inLanguage\":\"pl-PL\"},{\"@type\":\"Organization\",\"@id\":\"https:\\\/\\\/mauserpackaging.com\\\/pl\\\/#organization\",\"name\":\"Mauser Packaging Solutions\",\"alternateName\":\"Mauser Packaging\",\"url\":\"https:\\\/\\\/mauserpackaging.com\\\/pl\\\/\",\"logo\":{\"@type\":\"ImageObject\",\"inLanguage\":\"pl-PL\",\"@id\":\"https:\\\/\\\/mauserpackaging.com\\\/pl\\\/#\\\/schema\\\/logo\\\/image\\\/\",\"url\":\"https:\\\/\\\/mauserpackaging.com\\\/wp-content\\\/uploads\\\/2024\\\/11\\\/Mauser_h_RGB.png\",\"contentUrl\":\"https:\\\/\\\/mauserpackaging.com\\\/wp-content\\\/uploads\\\/2024\\\/11\\\/Mauser_h_RGB.png\",\"width\":1951,\"height\":600,\"caption\":\"Mauser Packaging Solutions\"},\"image\":{\"@id\":\"https:\\\/\\\/mauserpackaging.com\\\/pl\\\/#\\\/schema\\\/logo\\\/image\\\/\"},\"sameAs\":[\"https:\\\/\\\/www.linkedin.com\\\/company\\\/mauser-packaging-solutions\\\/\"]}]}<\/script>\n<!-- \/ Yoast SEO Premium plugin. -->","yoast_head_json":{"title":"Plastikowe pojemniki typu hobbock - Mauser Packaging Solutions","description":"Hoboki Mauser s\u0105 idealne do smar\u00f3w, farb i silikon\u00f3w, a tak\u017ce umo\u017cliwiaj\u0105 \u0142atwy dost\u0119p do trudno dost\u0119pnych produkt\u00f3w.","robots":{"index":"index","follow":"follow","max-snippet":"max-snippet:-1","max-image-preview":"max-image-preview:large","max-video-preview":"max-video-preview:-1"},"canonical":"https:\/\/mauserpackaging.com\/pl\/produkty-i-innowacje\/kubly-i-wiadra\/plastikowe-pojemniki-typu-hobbock\/","og_locale":"pl_PL","og_type":"article","og_title":"Plastikowe pojemniki typu hobbock","og_description":"Hoboki Mauser s\u0105 idealne do smar\u00f3w, farb i silikon\u00f3w, a tak\u017ce umo\u017cliwiaj\u0105 \u0142atwy dost\u0119p do trudno dost\u0119pnych produkt\u00f3w.","og_url":"https:\/\/mauserpackaging.com\/pl\/produkty-i-innowacje\/kubly-i-wiadra\/plastikowe-pojemniki-typu-hobbock\/","og_site_name":"Mauser Packaging Solutions","article_modified_time":"2025-10-22T19:49:40+00:00","og_image":[{"width":1200,"height":675,"url":"https:\/\/mauserpackaging.com\/wp-content\/uploads\/2026\/03\/Mauser_Default_SiteImage.jpg","type":"image\/jpeg"}],"twitter_card":"summary_large_image","twitter_misc":{"Szacowany czas czytania":"7 minut"},"schema":{"@context":"https:\/\/schema.org","@graph":[{"@type":"WebPage","@id":"https:\/\/mauserpackaging.com\/pl\/produkty-i-innowacje\/kubly-i-wiadra\/plastikowe-pojemniki-typu-hobbock\/","url":"https:\/\/mauserpackaging.com\/pl\/produkty-i-innowacje\/kubly-i-wiadra\/plastikowe-pojemniki-typu-hobbock\/","name":"Plastikowe pojemniki typu hobbock - Mauser Packaging Solutions","isPartOf":{"@id":"https:\/\/mauserpackaging.com\/pl\/#website"},"datePublished":"2024-12-17T20:11:51+00:00","dateModified":"2025-10-22T19:49:40+00:00","description":"Hoboki Mauser s\u0105 idealne do smar\u00f3w, farb i silikon\u00f3w, a tak\u017ce umo\u017cliwiaj\u0105 \u0142atwy dost\u0119p do trudno dost\u0119pnych produkt\u00f3w.","breadcrumb":{"@id":"https:\/\/mauserpackaging.com\/pl\/produkty-i-innowacje\/kubly-i-wiadra\/plastikowe-pojemniki-typu-hobbock\/#breadcrumb"},"inLanguage":"pl-PL","potentialAction":[{"@type":"ReadAction","target":["https:\/\/mauserpackaging.com\/pl\/produkty-i-innowacje\/kubly-i-wiadra\/plastikowe-pojemniki-typu-hobbock\/"]}]},{"@type":"BreadcrumbList","@id":"https:\/\/mauserpackaging.com\/pl\/produkty-i-innowacje\/kubly-i-wiadra\/plastikowe-pojemniki-typu-hobbock\/#breadcrumb","itemListElement":[{"@type":"ListItem","position":1,"name":"Home","item":"https:\/\/mauserpackaging.com\/pl\/glowna\/"},{"@type":"ListItem","position":2,"name":"Produkty i innowacje","item":"https:\/\/mauserpackaging.com\/pl\/produkty-i-innowacje\/"},{"@type":"ListItem","position":3,"name":"Kub\u0142y i wiadra","item":"https:\/\/mauserpackaging.com\/pl\/produkty-i-innowacje\/kubly-i-wiadra\/"},{"@type":"ListItem","position":4,"name":"Plastikowe pojemniki typu hobbock"}]},{"@type":"WebSite","@id":"https:\/\/mauserpackaging.com\/pl\/#website","url":"https:\/\/mauserpackaging.com\/pl\/","name":"Mauser Packaging Solutions","description":"Your go-to packaging partner","publisher":{"@id":"https:\/\/mauserpackaging.com\/pl\/#organization"},"alternateName":"Mauser Packaging","potentialAction":[{"@type":"SearchAction","target":{"@type":"EntryPoint","urlTemplate":"https:\/\/mauserpackaging.com\/pl\/?s={search_term_string}"},"query-input":{"@type":"PropertyValueSpecification","valueRequired":true,"valueName":"search_term_string"}}],"inLanguage":"pl-PL"},{"@type":"Organization","@id":"https:\/\/mauserpackaging.com\/pl\/#organization","name":"Mauser Packaging Solutions","alternateName":"Mauser Packaging","url":"https:\/\/mauserpackaging.com\/pl\/","logo":{"@type":"ImageObject","inLanguage":"pl-PL","@id":"https:\/\/mauserpackaging.com\/pl\/#\/schema\/logo\/image\/","url":"https:\/\/mauserpackaging.com\/wp-content\/uploads\/2024\/11\/Mauser_h_RGB.png","contentUrl":"https:\/\/mauserpackaging.com\/wp-content\/uploads\/2024\/11\/Mauser_h_RGB.png","width":1951,"height":600,"caption":"Mauser Packaging Solutions"},"image":{"@id":"https:\/\/mauserpackaging.com\/pl\/#\/schema\/logo\/image\/"},"sameAs":["https:\/\/www.linkedin.com\/company\/mauser-packaging-solutions\/"]}]}},"_links":{"self":[{"href":"https:\/\/mauserpackaging.com\/pl\/wp-json\/wp\/v2\/pages\/20604","targetHints":{"allow":["GET"]}}],"collection":[{"href":"https:\/\/mauserpackaging.com\/pl\/wp-json\/wp\/v2\/pages"}],"about":[{"href":"https:\/\/mauserpackaging.com\/pl\/wp-json\/wp\/v2\/types\/page"}],"author":[{"embeddable":true,"href":"https:\/\/mauserpackaging.com\/pl\/wp-json\/wp\/v2\/users\/1"}],"replies":[{"embeddable":true,"href":"https:\/\/mauserpackaging.com\/pl\/wp-json\/wp\/v2\/comments?post=20604"}],"version-history":[{"count":0,"href":"https:\/\/mauserpackaging.com\/pl\/wp-json\/wp\/v2\/pages\/20604\/revisions"}],"up":[{"embeddable":true,"href":"https:\/\/mauserpackaging.com\/pl\/wp-json\/wp\/v2\/pages\/20602"}],"wp:attachment":[{"href":"https:\/\/mauserpackaging.com\/pl\/wp-json\/wp\/v2\/media?parent=20604"}],"curies":[{"name":"wp","href":"https:\/\/api.w.org\/{rel}","templated":true}]}}