{"id":20603,"date":"2024-12-17T20:10:56","date_gmt":"2024-12-17T20:10:56","guid":{"rendered":"https:\/\/mauserpackstg.wpenginepowered.com\/produkty-i-innowacje\/kubly-i-wiadra\/kubly-plastikowe\/"},"modified":"2025-12-05T16:30:27","modified_gmt":"2025-12-05T16:30:27","slug":"kubly-plastikowe","status":"publish","type":"page","link":"https:\/\/mauserpackaging.com\/pl\/produkty-i-innowacje\/kubly-i-wiadra\/kubly-plastikowe\/","title":{"rendered":"Kub\u0142y plastikowe"},"content":{"rendered":"<div id=\"cs-content\" class=\"cs-content\"><\/div>\n","protected":false},"excerpt":{"rendered":"<p>Home Kub\u0142y plastikoweNajlepsze rozwi\u0105zania na rynku W Mauser Packaging Solutions specjalizujemy si\u0119 w zaawansowanych rozwi\u0105zaniach w zakresie plastikowych kub\u0142\u00f3w. Nasze produkty s\u0105 projektowane tak, aby sprosta\u0107 wymaganiom pracy w ekstremalnych warunkach, zapewnia\u0107 widoczno\u015b\u0107 na ekspozycjach sklepowych oraz spe\u0142nia\u0107 normy dotycz\u0105ce kontaktu z \u017cywno\u015bci\u0105. Dodatkowo, wykorzystujemy \u017cywice pochodz\u0105ce z recyklingu, co zwi\u0119ksza ich zr\u00f3wnowa\u017cony charakter. Uniwersalne kub\u0142y mog\u0105 by\u0107 modyfikowane pod&hellip;<\/p>\n","protected":false},"author":1,"featured_media":0,"parent":20602,"menu_order":0,"comment_status":"closed","ping_status":"closed","template":"template-blank-4.php","meta":{"footnotes":""},"class_list":["post-20603","page","type-page","status-publish","hentry","no-post-thumbnail"],"yoast_head":"<!-- This site is optimized with the Yoast SEO Premium plugin v27.3 (Yoast SEO v27.3) - https:\/\/yoast.com\/product\/yoast-seo-premium-wordpress\/ -->\n<title>Kub\u0142y plastikowe - Mauser Packaging Solutions<\/title>\n<meta name=\"description\" content=\"Niezale\u017cnie od tego, czy potrzebujesz plastikowych wiader, kt\u00f3re sprawdz\u0105 si\u0119 w najtrudniejszych warunkach, czy te\u017c b\u0119d\u0105 si\u0119 wyr\u00f3\u017cnia\u0107 na ko\u0144cu p\u00f3\u0142ki sklepowej, Mauser ma rozwi\u0105zanie.\" \/>\n<meta name=\"robots\" content=\"index, follow, max-snippet:-1, max-image-preview:large, max-video-preview:-1\" \/>\n<link rel=\"canonical\" href=\"https:\/\/mauserpackaging.com\/pl\/produkty-i-innowacje\/kubly-i-wiadra\/kubly-plastikowe\/\" \/>\n<meta property=\"og:locale\" content=\"pl_PL\" \/>\n<meta property=\"og:type\" content=\"article\" \/>\n<meta property=\"og:title\" content=\"Kub\u0142y plastikowe\" \/>\n<meta property=\"og:description\" content=\"Niezale\u017cnie od tego, czy potrzebujesz plastikowych wiader, kt\u00f3re sprawdz\u0105 si\u0119 w najtrudniejszych warunkach, czy te\u017c b\u0119d\u0105 si\u0119 wyr\u00f3\u017cnia\u0107 na ko\u0144cu p\u00f3\u0142ki sklepowej, Mauser ma rozwi\u0105zanie.\" \/>\n<meta property=\"og:url\" content=\"https:\/\/mauserpackaging.com\/pl\/produkty-i-innowacje\/kubly-i-wiadra\/kubly-plastikowe\/\" \/>\n<meta property=\"og:site_name\" content=\"Mauser Packaging Solutions\" \/>\n<meta property=\"article:modified_time\" content=\"2025-12-05T16:30:27+00:00\" \/>\n<meta property=\"og:image\" content=\"https:\/\/mauserpackaging.com\/wp-content\/uploads\/2026\/03\/Mauser_Default_SiteImage.jpg\" \/>\n\t<meta property=\"og:image:width\" content=\"1200\" \/>\n\t<meta property=\"og:image:height\" content=\"675\" \/>\n\t<meta property=\"og:image:type\" content=\"image\/jpeg\" \/>\n<meta name=\"twitter:card\" content=\"summary_large_image\" \/>\n<meta name=\"twitter:label1\" content=\"Szacowany czas czytania\" \/>\n\t<meta name=\"twitter:data1\" content=\"8 minut\" \/>\n<script type=\"application\/ld+json\" class=\"yoast-schema-graph\">{\"@context\":\"https:\\\/\\\/schema.org\",\"@graph\":[{\"@type\":\"WebPage\",\"@id\":\"https:\\\/\\\/mauserpackaging.com\\\/pl\\\/produkty-i-innowacje\\\/kubly-i-wiadra\\\/kubly-plastikowe\\\/\",\"url\":\"https:\\\/\\\/mauserpackaging.com\\\/pl\\\/produkty-i-innowacje\\\/kubly-i-wiadra\\\/kubly-plastikowe\\\/\",\"name\":\"Kub\u0142y plastikowe - Mauser Packaging Solutions\",\"isPartOf\":{\"@id\":\"https:\\\/\\\/mauserpackaging.com\\\/pl\\\/#website\"},\"datePublished\":\"2024-12-17T20:10:56+00:00\",\"dateModified\":\"2025-12-05T16:30:27+00:00\",\"description\":\"Niezale\u017cnie od tego, czy potrzebujesz plastikowych wiader, kt\u00f3re sprawdz\u0105 si\u0119 w najtrudniejszych warunkach, czy te\u017c b\u0119d\u0105 si\u0119 wyr\u00f3\u017cnia\u0107 na ko\u0144cu p\u00f3\u0142ki sklepowej, Mauser ma rozwi\u0105zanie.\",\"breadcrumb\":{\"@id\":\"https:\\\/\\\/mauserpackaging.com\\\/pl\\\/produkty-i-innowacje\\\/kubly-i-wiadra\\\/kubly-plastikowe\\\/#breadcrumb\"},\"inLanguage\":\"pl-PL\",\"potentialAction\":[{\"@type\":\"ReadAction\",\"target\":[\"https:\\\/\\\/mauserpackaging.com\\\/pl\\\/produkty-i-innowacje\\\/kubly-i-wiadra\\\/kubly-plastikowe\\\/\"]}]},{\"@type\":\"BreadcrumbList\",\"@id\":\"https:\\\/\\\/mauserpackaging.com\\\/pl\\\/produkty-i-innowacje\\\/kubly-i-wiadra\\\/kubly-plastikowe\\\/#breadcrumb\",\"itemListElement\":[{\"@type\":\"ListItem\",\"position\":1,\"name\":\"Home\",\"item\":\"https:\\\/\\\/mauserpackaging.com\\\/pl\\\/glowna\\\/\"},{\"@type\":\"ListItem\",\"position\":2,\"name\":\"Produkty i innowacje\",\"item\":\"https:\\\/\\\/mauserpackaging.com\\\/pl\\\/produkty-i-innowacje\\\/\"},{\"@type\":\"ListItem\",\"position\":3,\"name\":\"Kub\u0142y i wiadra\",\"item\":\"https:\\\/\\\/mauserpackaging.com\\\/pl\\\/produkty-i-innowacje\\\/kubly-i-wiadra\\\/\"},{\"@type\":\"ListItem\",\"position\":4,\"name\":\"Kub\u0142y plastikowe\"}]},{\"@type\":\"WebSite\",\"@id\":\"https:\\\/\\\/mauserpackaging.com\\\/pl\\\/#website\",\"url\":\"https:\\\/\\\/mauserpackaging.com\\\/pl\\\/\",\"name\":\"Mauser Packaging Solutions\",\"description\":\"Your go-to packaging partner\",\"publisher\":{\"@id\":\"https:\\\/\\\/mauserpackaging.com\\\/pl\\\/#organization\"},\"alternateName\":\"Mauser Packaging\",\"potentialAction\":[{\"@type\":\"SearchAction\",\"target\":{\"@type\":\"EntryPoint\",\"urlTemplate\":\"https:\\\/\\\/mauserpackaging.com\\\/pl\\\/?s={search_term_string}\"},\"query-input\":{\"@type\":\"PropertyValueSpecification\",\"valueRequired\":true,\"valueName\":\"search_term_string\"}}],\"inLanguage\":\"pl-PL\"},{\"@type\":\"Organization\",\"@id\":\"https:\\\/\\\/mauserpackaging.com\\\/pl\\\/#organization\",\"name\":\"Mauser Packaging Solutions\",\"alternateName\":\"Mauser Packaging\",\"url\":\"https:\\\/\\\/mauserpackaging.com\\\/pl\\\/\",\"logo\":{\"@type\":\"ImageObject\",\"inLanguage\":\"pl-PL\",\"@id\":\"https:\\\/\\\/mauserpackaging.com\\\/pl\\\/#\\\/schema\\\/logo\\\/image\\\/\",\"url\":\"https:\\\/\\\/mauserpackaging.com\\\/wp-content\\\/uploads\\\/2024\\\/11\\\/Mauser_h_RGB.png\",\"contentUrl\":\"https:\\\/\\\/mauserpackaging.com\\\/wp-content\\\/uploads\\\/2024\\\/11\\\/Mauser_h_RGB.png\",\"width\":1951,\"height\":600,\"caption\":\"Mauser Packaging Solutions\"},\"image\":{\"@id\":\"https:\\\/\\\/mauserpackaging.com\\\/pl\\\/#\\\/schema\\\/logo\\\/image\\\/\"},\"sameAs\":[\"https:\\\/\\\/www.linkedin.com\\\/company\\\/mauser-packaging-solutions\\\/\"]}]}<\/script>\n<!-- \/ Yoast SEO Premium plugin. -->","yoast_head_json":{"title":"Kub\u0142y plastikowe - Mauser Packaging Solutions","description":"Niezale\u017cnie od tego, czy potrzebujesz plastikowych wiader, kt\u00f3re sprawdz\u0105 si\u0119 w najtrudniejszych warunkach, czy te\u017c b\u0119d\u0105 si\u0119 wyr\u00f3\u017cnia\u0107 na ko\u0144cu p\u00f3\u0142ki sklepowej, Mauser ma rozwi\u0105zanie.","robots":{"index":"index","follow":"follow","max-snippet":"max-snippet:-1","max-image-preview":"max-image-preview:large","max-video-preview":"max-video-preview:-1"},"canonical":"https:\/\/mauserpackaging.com\/pl\/produkty-i-innowacje\/kubly-i-wiadra\/kubly-plastikowe\/","og_locale":"pl_PL","og_type":"article","og_title":"Kub\u0142y plastikowe","og_description":"Niezale\u017cnie od tego, czy potrzebujesz plastikowych wiader, kt\u00f3re sprawdz\u0105 si\u0119 w najtrudniejszych warunkach, czy te\u017c b\u0119d\u0105 si\u0119 wyr\u00f3\u017cnia\u0107 na ko\u0144cu p\u00f3\u0142ki sklepowej, Mauser ma rozwi\u0105zanie.","og_url":"https:\/\/mauserpackaging.com\/pl\/produkty-i-innowacje\/kubly-i-wiadra\/kubly-plastikowe\/","og_site_name":"Mauser Packaging Solutions","article_modified_time":"2025-12-05T16:30:27+00:00","og_image":[{"width":1200,"height":675,"url":"https:\/\/mauserpackaging.com\/wp-content\/uploads\/2026\/03\/Mauser_Default_SiteImage.jpg","type":"image\/jpeg"}],"twitter_card":"summary_large_image","twitter_misc":{"Szacowany czas czytania":"8 minut"},"schema":{"@context":"https:\/\/schema.org","@graph":[{"@type":"WebPage","@id":"https:\/\/mauserpackaging.com\/pl\/produkty-i-innowacje\/kubly-i-wiadra\/kubly-plastikowe\/","url":"https:\/\/mauserpackaging.com\/pl\/produkty-i-innowacje\/kubly-i-wiadra\/kubly-plastikowe\/","name":"Kub\u0142y plastikowe - Mauser Packaging Solutions","isPartOf":{"@id":"https:\/\/mauserpackaging.com\/pl\/#website"},"datePublished":"2024-12-17T20:10:56+00:00","dateModified":"2025-12-05T16:30:27+00:00","description":"Niezale\u017cnie od tego, czy potrzebujesz plastikowych wiader, kt\u00f3re sprawdz\u0105 si\u0119 w najtrudniejszych warunkach, czy te\u017c b\u0119d\u0105 si\u0119 wyr\u00f3\u017cnia\u0107 na ko\u0144cu p\u00f3\u0142ki sklepowej, Mauser ma rozwi\u0105zanie.","breadcrumb":{"@id":"https:\/\/mauserpackaging.com\/pl\/produkty-i-innowacje\/kubly-i-wiadra\/kubly-plastikowe\/#breadcrumb"},"inLanguage":"pl-PL","potentialAction":[{"@type":"ReadAction","target":["https:\/\/mauserpackaging.com\/pl\/produkty-i-innowacje\/kubly-i-wiadra\/kubly-plastikowe\/"]}]},{"@type":"BreadcrumbList","@id":"https:\/\/mauserpackaging.com\/pl\/produkty-i-innowacje\/kubly-i-wiadra\/kubly-plastikowe\/#breadcrumb","itemListElement":[{"@type":"ListItem","position":1,"name":"Home","item":"https:\/\/mauserpackaging.com\/pl\/glowna\/"},{"@type":"ListItem","position":2,"name":"Produkty i innowacje","item":"https:\/\/mauserpackaging.com\/pl\/produkty-i-innowacje\/"},{"@type":"ListItem","position":3,"name":"Kub\u0142y i wiadra","item":"https:\/\/mauserpackaging.com\/pl\/produkty-i-innowacje\/kubly-i-wiadra\/"},{"@type":"ListItem","position":4,"name":"Kub\u0142y plastikowe"}]},{"@type":"WebSite","@id":"https:\/\/mauserpackaging.com\/pl\/#website","url":"https:\/\/mauserpackaging.com\/pl\/","name":"Mauser Packaging Solutions","description":"Your go-to packaging partner","publisher":{"@id":"https:\/\/mauserpackaging.com\/pl\/#organization"},"alternateName":"Mauser Packaging","potentialAction":[{"@type":"SearchAction","target":{"@type":"EntryPoint","urlTemplate":"https:\/\/mauserpackaging.com\/pl\/?s={search_term_string}"},"query-input":{"@type":"PropertyValueSpecification","valueRequired":true,"valueName":"search_term_string"}}],"inLanguage":"pl-PL"},{"@type":"Organization","@id":"https:\/\/mauserpackaging.com\/pl\/#organization","name":"Mauser Packaging Solutions","alternateName":"Mauser Packaging","url":"https:\/\/mauserpackaging.com\/pl\/","logo":{"@type":"ImageObject","inLanguage":"pl-PL","@id":"https:\/\/mauserpackaging.com\/pl\/#\/schema\/logo\/image\/","url":"https:\/\/mauserpackaging.com\/wp-content\/uploads\/2024\/11\/Mauser_h_RGB.png","contentUrl":"https:\/\/mauserpackaging.com\/wp-content\/uploads\/2024\/11\/Mauser_h_RGB.png","width":1951,"height":600,"caption":"Mauser Packaging Solutions"},"image":{"@id":"https:\/\/mauserpackaging.com\/pl\/#\/schema\/logo\/image\/"},"sameAs":["https:\/\/www.linkedin.com\/company\/mauser-packaging-solutions\/"]}]}},"_links":{"self":[{"href":"https:\/\/mauserpackaging.com\/pl\/wp-json\/wp\/v2\/pages\/20603","targetHints":{"allow":["GET"]}}],"collection":[{"href":"https:\/\/mauserpackaging.com\/pl\/wp-json\/wp\/v2\/pages"}],"about":[{"href":"https:\/\/mauserpackaging.com\/pl\/wp-json\/wp\/v2\/types\/page"}],"author":[{"embeddable":true,"href":"https:\/\/mauserpackaging.com\/pl\/wp-json\/wp\/v2\/users\/1"}],"replies":[{"embeddable":true,"href":"https:\/\/mauserpackaging.com\/pl\/wp-json\/wp\/v2\/comments?post=20603"}],"version-history":[{"count":0,"href":"https:\/\/mauserpackaging.com\/pl\/wp-json\/wp\/v2\/pages\/20603\/revisions"}],"up":[{"embeddable":true,"href":"https:\/\/mauserpackaging.com\/pl\/wp-json\/wp\/v2\/pages\/20602"}],"wp:attachment":[{"href":"https:\/\/mauserpackaging.com\/pl\/wp-json\/wp\/v2\/media?parent=20603"}],"curies":[{"name":"wp","href":"https:\/\/api.w.org\/{rel}","templated":true}]}}