{"id":20601,"date":"2024-12-19T16:43:26","date_gmt":"2024-12-19T16:43:26","guid":{"rendered":"https:\/\/mauserpackstg.wpenginepowered.com\/produkty-i-innowacje\/pojemniki-medyczne\/"},"modified":"2025-10-22T19:45:32","modified_gmt":"2025-10-22T19:45:32","slug":"pojemniki-medyczne","status":"publish","type":"page","link":"https:\/\/mauserpackaging.com\/pl\/produkty-i-innowacje\/pojemniki-medyczne\/","title":{"rendered":"Pojemniki medyczne"},"content":{"rendered":"<div id=\"cs-content\" class=\"cs-content\"><\/div>\n","protected":false},"excerpt":{"rendered":"<p>Pojemniki medyczne HomeOchrona pacjent\u00f3w i pracownik\u00f3w s\u0142u\u017cby zdrowia Firma Mauser Packaging Solutions produkuje pojemniki medyczne, kt\u00f3re przekraczaj\u0105 surowe standardy bezpiecze\u0144stwa dla personelu medycznego.Poprzez asortyment pojemnik\u00f3w na odpady medyczne specyficzne niebezpieczne, pojemnik\u00f3w do transportu pr\u00f3bek SHARPSGUARD\u00ae, pojemnik\u00f3w tekturowych na odpady kliniczne SANIBOX\u00ae i system pojemnik\u00f3w WIVA\u2122, pomagamy szpitalom, laboratoriom i plac\u00f3wkom s\u0142u\u017cby zdrowia na ca\u0142ym \u015bwiecie w zapewnieniu prawid\u0142owego przechowywania i&hellip;<\/p>\n","protected":false},"author":1,"featured_media":0,"parent":20599,"menu_order":0,"comment_status":"closed","ping_status":"closed","template":"template-blank-4.php","meta":{"footnotes":""},"class_list":["post-20601","page","type-page","status-publish","hentry","no-post-thumbnail"],"yoast_head":"<!-- This site is optimized with the Yoast SEO Premium plugin v27.3 (Yoast SEO v27.3) - https:\/\/yoast.com\/product\/yoast-seo-premium-wordpress\/ -->\n<title>Pojemniki medyczne - Mauser Packaging Solutions<\/title>\n<meta name=\"description\" content=\"Firma Mauser Packaging Solutions produkuje pojemniki medyczne, kt\u00f3re przekraczaj\u0105 surowe standardy bezpiecze\u0144stwa dla personelu medycznego.\" \/>\n<meta name=\"robots\" content=\"index, follow, max-snippet:-1, max-image-preview:large, max-video-preview:-1\" \/>\n<link rel=\"canonical\" href=\"https:\/\/mauserpackaging.com\/pl\/produkty-i-innowacje\/pojemniki-medyczne\/\" \/>\n<meta property=\"og:locale\" content=\"pl_PL\" \/>\n<meta property=\"og:type\" content=\"article\" \/>\n<meta property=\"og:title\" content=\"Pojemniki medyczne\" \/>\n<meta property=\"og:description\" content=\"Firma Mauser Packaging Solutions produkuje pojemniki medyczne, kt\u00f3re przekraczaj\u0105 surowe standardy bezpiecze\u0144stwa dla personelu medycznego.\" \/>\n<meta property=\"og:url\" content=\"https:\/\/mauserpackaging.com\/pl\/produkty-i-innowacje\/pojemniki-medyczne\/\" \/>\n<meta property=\"og:site_name\" content=\"Mauser Packaging Solutions\" \/>\n<meta property=\"article:modified_time\" content=\"2025-10-22T19:45:32+00:00\" \/>\n<meta property=\"og:image\" content=\"https:\/\/mauserpackaging.com\/wp-content\/uploads\/2026\/03\/Mauser_Default_SiteImage.jpg\" \/>\n\t<meta property=\"og:image:width\" content=\"1200\" \/>\n\t<meta property=\"og:image:height\" content=\"675\" \/>\n\t<meta property=\"og:image:type\" content=\"image\/jpeg\" \/>\n<meta name=\"twitter:card\" content=\"summary_large_image\" \/>\n<meta name=\"twitter:label1\" content=\"Szacowany czas czytania\" \/>\n\t<meta name=\"twitter:data1\" content=\"6 minut\" \/>\n<script type=\"application\/ld+json\" class=\"yoast-schema-graph\">{\"@context\":\"https:\\\/\\\/schema.org\",\"@graph\":[{\"@type\":\"WebPage\",\"@id\":\"https:\\\/\\\/mauserpackaging.com\\\/pl\\\/produkty-i-innowacje\\\/pojemniki-medyczne\\\/\",\"url\":\"https:\\\/\\\/mauserpackaging.com\\\/pl\\\/produkty-i-innowacje\\\/pojemniki-medyczne\\\/\",\"name\":\"Pojemniki medyczne - Mauser Packaging Solutions\",\"isPartOf\":{\"@id\":\"https:\\\/\\\/mauserpackaging.com\\\/pl\\\/#website\"},\"datePublished\":\"2024-12-19T16:43:26+00:00\",\"dateModified\":\"2025-10-22T19:45:32+00:00\",\"description\":\"Firma Mauser Packaging Solutions produkuje pojemniki medyczne, kt\u00f3re przekraczaj\u0105 surowe standardy bezpiecze\u0144stwa dla personelu medycznego.\",\"breadcrumb\":{\"@id\":\"https:\\\/\\\/mauserpackaging.com\\\/pl\\\/produkty-i-innowacje\\\/pojemniki-medyczne\\\/#breadcrumb\"},\"inLanguage\":\"pl-PL\",\"potentialAction\":[{\"@type\":\"ReadAction\",\"target\":[\"https:\\\/\\\/mauserpackaging.com\\\/pl\\\/produkty-i-innowacje\\\/pojemniki-medyczne\\\/\"]}]},{\"@type\":\"BreadcrumbList\",\"@id\":\"https:\\\/\\\/mauserpackaging.com\\\/pl\\\/produkty-i-innowacje\\\/pojemniki-medyczne\\\/#breadcrumb\",\"itemListElement\":[{\"@type\":\"ListItem\",\"position\":1,\"name\":\"Home\",\"item\":\"https:\\\/\\\/mauserpackaging.com\\\/pl\\\/glowna\\\/\"},{\"@type\":\"ListItem\",\"position\":2,\"name\":\"Produkty i innowacje\",\"item\":\"https:\\\/\\\/mauserpackaging.com\\\/pl\\\/produkty-i-innowacje\\\/\"},{\"@type\":\"ListItem\",\"position\":3,\"name\":\"Pojemniki medyczne\"}]},{\"@type\":\"WebSite\",\"@id\":\"https:\\\/\\\/mauserpackaging.com\\\/pl\\\/#website\",\"url\":\"https:\\\/\\\/mauserpackaging.com\\\/pl\\\/\",\"name\":\"Mauser Packaging Solutions\",\"description\":\"Your go-to packaging partner\",\"publisher\":{\"@id\":\"https:\\\/\\\/mauserpackaging.com\\\/pl\\\/#organization\"},\"alternateName\":\"Mauser Packaging\",\"potentialAction\":[{\"@type\":\"SearchAction\",\"target\":{\"@type\":\"EntryPoint\",\"urlTemplate\":\"https:\\\/\\\/mauserpackaging.com\\\/pl\\\/?s={search_term_string}\"},\"query-input\":{\"@type\":\"PropertyValueSpecification\",\"valueRequired\":true,\"valueName\":\"search_term_string\"}}],\"inLanguage\":\"pl-PL\"},{\"@type\":\"Organization\",\"@id\":\"https:\\\/\\\/mauserpackaging.com\\\/pl\\\/#organization\",\"name\":\"Mauser Packaging Solutions\",\"alternateName\":\"Mauser Packaging\",\"url\":\"https:\\\/\\\/mauserpackaging.com\\\/pl\\\/\",\"logo\":{\"@type\":\"ImageObject\",\"inLanguage\":\"pl-PL\",\"@id\":\"https:\\\/\\\/mauserpackaging.com\\\/pl\\\/#\\\/schema\\\/logo\\\/image\\\/\",\"url\":\"https:\\\/\\\/mauserpackaging.com\\\/wp-content\\\/uploads\\\/2024\\\/11\\\/Mauser_h_RGB.png\",\"contentUrl\":\"https:\\\/\\\/mauserpackaging.com\\\/wp-content\\\/uploads\\\/2024\\\/11\\\/Mauser_h_RGB.png\",\"width\":1951,\"height\":600,\"caption\":\"Mauser Packaging Solutions\"},\"image\":{\"@id\":\"https:\\\/\\\/mauserpackaging.com\\\/pl\\\/#\\\/schema\\\/logo\\\/image\\\/\"},\"sameAs\":[\"https:\\\/\\\/www.linkedin.com\\\/company\\\/mauser-packaging-solutions\\\/\"]}]}<\/script>\n<!-- \/ Yoast SEO Premium plugin. -->","yoast_head_json":{"title":"Pojemniki medyczne - Mauser Packaging Solutions","description":"Firma Mauser Packaging Solutions produkuje pojemniki medyczne, kt\u00f3re przekraczaj\u0105 surowe standardy bezpiecze\u0144stwa dla personelu medycznego.","robots":{"index":"index","follow":"follow","max-snippet":"max-snippet:-1","max-image-preview":"max-image-preview:large","max-video-preview":"max-video-preview:-1"},"canonical":"https:\/\/mauserpackaging.com\/pl\/produkty-i-innowacje\/pojemniki-medyczne\/","og_locale":"pl_PL","og_type":"article","og_title":"Pojemniki medyczne","og_description":"Firma Mauser Packaging Solutions produkuje pojemniki medyczne, kt\u00f3re przekraczaj\u0105 surowe standardy bezpiecze\u0144stwa dla personelu medycznego.","og_url":"https:\/\/mauserpackaging.com\/pl\/produkty-i-innowacje\/pojemniki-medyczne\/","og_site_name":"Mauser Packaging Solutions","article_modified_time":"2025-10-22T19:45:32+00:00","og_image":[{"width":1200,"height":675,"url":"https:\/\/mauserpackaging.com\/wp-content\/uploads\/2026\/03\/Mauser_Default_SiteImage.jpg","type":"image\/jpeg"}],"twitter_card":"summary_large_image","twitter_misc":{"Szacowany czas czytania":"6 minut"},"schema":{"@context":"https:\/\/schema.org","@graph":[{"@type":"WebPage","@id":"https:\/\/mauserpackaging.com\/pl\/produkty-i-innowacje\/pojemniki-medyczne\/","url":"https:\/\/mauserpackaging.com\/pl\/produkty-i-innowacje\/pojemniki-medyczne\/","name":"Pojemniki medyczne - Mauser Packaging Solutions","isPartOf":{"@id":"https:\/\/mauserpackaging.com\/pl\/#website"},"datePublished":"2024-12-19T16:43:26+00:00","dateModified":"2025-10-22T19:45:32+00:00","description":"Firma Mauser Packaging Solutions produkuje pojemniki medyczne, kt\u00f3re przekraczaj\u0105 surowe standardy bezpiecze\u0144stwa dla personelu medycznego.","breadcrumb":{"@id":"https:\/\/mauserpackaging.com\/pl\/produkty-i-innowacje\/pojemniki-medyczne\/#breadcrumb"},"inLanguage":"pl-PL","potentialAction":[{"@type":"ReadAction","target":["https:\/\/mauserpackaging.com\/pl\/produkty-i-innowacje\/pojemniki-medyczne\/"]}]},{"@type":"BreadcrumbList","@id":"https:\/\/mauserpackaging.com\/pl\/produkty-i-innowacje\/pojemniki-medyczne\/#breadcrumb","itemListElement":[{"@type":"ListItem","position":1,"name":"Home","item":"https:\/\/mauserpackaging.com\/pl\/glowna\/"},{"@type":"ListItem","position":2,"name":"Produkty i innowacje","item":"https:\/\/mauserpackaging.com\/pl\/produkty-i-innowacje\/"},{"@type":"ListItem","position":3,"name":"Pojemniki medyczne"}]},{"@type":"WebSite","@id":"https:\/\/mauserpackaging.com\/pl\/#website","url":"https:\/\/mauserpackaging.com\/pl\/","name":"Mauser Packaging Solutions","description":"Your go-to packaging partner","publisher":{"@id":"https:\/\/mauserpackaging.com\/pl\/#organization"},"alternateName":"Mauser Packaging","potentialAction":[{"@type":"SearchAction","target":{"@type":"EntryPoint","urlTemplate":"https:\/\/mauserpackaging.com\/pl\/?s={search_term_string}"},"query-input":{"@type":"PropertyValueSpecification","valueRequired":true,"valueName":"search_term_string"}}],"inLanguage":"pl-PL"},{"@type":"Organization","@id":"https:\/\/mauserpackaging.com\/pl\/#organization","name":"Mauser Packaging Solutions","alternateName":"Mauser Packaging","url":"https:\/\/mauserpackaging.com\/pl\/","logo":{"@type":"ImageObject","inLanguage":"pl-PL","@id":"https:\/\/mauserpackaging.com\/pl\/#\/schema\/logo\/image\/","url":"https:\/\/mauserpackaging.com\/wp-content\/uploads\/2024\/11\/Mauser_h_RGB.png","contentUrl":"https:\/\/mauserpackaging.com\/wp-content\/uploads\/2024\/11\/Mauser_h_RGB.png","width":1951,"height":600,"caption":"Mauser Packaging Solutions"},"image":{"@id":"https:\/\/mauserpackaging.com\/pl\/#\/schema\/logo\/image\/"},"sameAs":["https:\/\/www.linkedin.com\/company\/mauser-packaging-solutions\/"]}]}},"_links":{"self":[{"href":"https:\/\/mauserpackaging.com\/pl\/wp-json\/wp\/v2\/pages\/20601","targetHints":{"allow":["GET"]}}],"collection":[{"href":"https:\/\/mauserpackaging.com\/pl\/wp-json\/wp\/v2\/pages"}],"about":[{"href":"https:\/\/mauserpackaging.com\/pl\/wp-json\/wp\/v2\/types\/page"}],"author":[{"embeddable":true,"href":"https:\/\/mauserpackaging.com\/pl\/wp-json\/wp\/v2\/users\/1"}],"replies":[{"embeddable":true,"href":"https:\/\/mauserpackaging.com\/pl\/wp-json\/wp\/v2\/comments?post=20601"}],"version-history":[{"count":0,"href":"https:\/\/mauserpackaging.com\/pl\/wp-json\/wp\/v2\/pages\/20601\/revisions"}],"up":[{"embeddable":true,"href":"https:\/\/mauserpackaging.com\/pl\/wp-json\/wp\/v2\/pages\/20599"}],"wp:attachment":[{"href":"https:\/\/mauserpackaging.com\/pl\/wp-json\/wp\/v2\/media?parent=20601"}],"curies":[{"name":"wp","href":"https:\/\/api.w.org\/{rel}","templated":true}]}}