{"id":20596,"date":"2024-12-16T19:51:05","date_gmt":"2024-12-16T19:51:05","guid":{"rendered":"https:\/\/mauserpackstg.wpenginepowered.com\/rynki\/leki-i-kosmetyki\/"},"modified":"2025-10-22T19:00:07","modified_gmt":"2025-10-22T19:00:07","slug":"leki-i-kosmetyki","status":"publish","type":"page","link":"https:\/\/mauserpackaging.com\/pl\/rynki\/leki-i-kosmetyki\/","title":{"rendered":"Leki i kosmetyki"},"content":{"rendered":"<div id=\"cs-content\" class=\"cs-content\"><\/div>\n","protected":false},"excerpt":{"rendered":"<p>Leki i kosmetykiHome Poprawa zdrowia, bezpiecze\u0144stwa i komfortu dla pacjent\u00f3w oraz konsument\u00f3w na ca\u0142ym \u015bwiecieJeste\u015bmy gotowi wspiera\u0107 w podniesieniu poziomu bezpiecze\u0144stwa, efektywno\u015bci oraz estetyki metod leczenia i zdrowia osobistego klient\u00f3w. Od wielu lat czo\u0142owi producenci farmaceutyk\u00f3w i kosmetyk\u00f3w korzystaj\u0105 z wiedzy oraz rozwi\u0105za\u0144 Mauser Packaging Solutions, aby zapewni\u0107 bezpieczny transport i magazynowanie r\u00f3\u017cnorodnych substancji stosowanych w produkcji ich wyrob\u00f3w \u2013&hellip;<\/p>\n","protected":false},"author":1,"featured_media":0,"parent":20586,"menu_order":0,"comment_status":"closed","ping_status":"closed","template":"template-blank-4.php","meta":{"footnotes":""},"class_list":["post-20596","page","type-page","status-publish","hentry","no-post-thumbnail"],"yoast_head":"<!-- This site is optimized with the Yoast SEO Premium plugin v27.3 (Yoast SEO v27.3) - https:\/\/yoast.com\/product\/yoast-seo-premium-wordpress\/ -->\n<title>Leki i kosmetyki - Mauser Packaging Solutions<\/title>\n<meta name=\"description\" content=\"Dzi\u0119ki Mauserowi Twoje programy piel\u0119gnacyjne i zdrowotne stan\u0105 si\u0119 bezpieczniejsze, skuteczniejsze i atrakcyjniejsze wizualnie.\" \/>\n<meta name=\"robots\" content=\"index, follow, max-snippet:-1, max-image-preview:large, max-video-preview:-1\" \/>\n<link rel=\"canonical\" href=\"https:\/\/mauserpackaging.com\/pl\/rynki\/leki-i-kosmetyki\/\" \/>\n<meta property=\"og:locale\" content=\"pl_PL\" \/>\n<meta property=\"og:type\" content=\"article\" \/>\n<meta property=\"og:title\" content=\"Leki i kosmetyki\" \/>\n<meta property=\"og:description\" content=\"Dzi\u0119ki Mauserowi Twoje programy piel\u0119gnacyjne i zdrowotne stan\u0105 si\u0119 bezpieczniejsze, skuteczniejsze i atrakcyjniejsze wizualnie.\" \/>\n<meta property=\"og:url\" content=\"https:\/\/mauserpackaging.com\/pl\/rynki\/leki-i-kosmetyki\/\" \/>\n<meta property=\"og:site_name\" content=\"Mauser Packaging Solutions\" \/>\n<meta property=\"article:modified_time\" content=\"2025-10-22T19:00:07+00:00\" \/>\n<meta property=\"og:image\" content=\"https:\/\/mauserpackaging.com\/wp-content\/uploads\/2026\/03\/Mauser_Default_SiteImage.jpg\" \/>\n\t<meta property=\"og:image:width\" content=\"1200\" \/>\n\t<meta property=\"og:image:height\" content=\"675\" \/>\n\t<meta property=\"og:image:type\" content=\"image\/jpeg\" \/>\n<meta name=\"twitter:card\" content=\"summary_large_image\" \/>\n<meta name=\"twitter:label1\" content=\"Szacowany czas czytania\" \/>\n\t<meta name=\"twitter:data1\" content=\"3 minuty\" \/>\n<script type=\"application\/ld+json\" class=\"yoast-schema-graph\">{\"@context\":\"https:\\\/\\\/schema.org\",\"@graph\":[{\"@type\":\"WebPage\",\"@id\":\"https:\\\/\\\/mauserpackaging.com\\\/pl\\\/rynki\\\/leki-i-kosmetyki\\\/\",\"url\":\"https:\\\/\\\/mauserpackaging.com\\\/pl\\\/rynki\\\/leki-i-kosmetyki\\\/\",\"name\":\"Leki i kosmetyki - Mauser Packaging Solutions\",\"isPartOf\":{\"@id\":\"https:\\\/\\\/mauserpackaging.com\\\/pl\\\/#website\"},\"datePublished\":\"2024-12-16T19:51:05+00:00\",\"dateModified\":\"2025-10-22T19:00:07+00:00\",\"description\":\"Dzi\u0119ki Mauserowi Twoje programy piel\u0119gnacyjne i zdrowotne stan\u0105 si\u0119 bezpieczniejsze, skuteczniejsze i atrakcyjniejsze wizualnie.\",\"breadcrumb\":{\"@id\":\"https:\\\/\\\/mauserpackaging.com\\\/pl\\\/rynki\\\/leki-i-kosmetyki\\\/#breadcrumb\"},\"inLanguage\":\"pl-PL\",\"potentialAction\":[{\"@type\":\"ReadAction\",\"target\":[\"https:\\\/\\\/mauserpackaging.com\\\/pl\\\/rynki\\\/leki-i-kosmetyki\\\/\"]}]},{\"@type\":\"BreadcrumbList\",\"@id\":\"https:\\\/\\\/mauserpackaging.com\\\/pl\\\/rynki\\\/leki-i-kosmetyki\\\/#breadcrumb\",\"itemListElement\":[{\"@type\":\"ListItem\",\"position\":1,\"name\":\"Home\",\"item\":\"https:\\\/\\\/mauserpackaging.com\\\/pl\\\/glowna\\\/\"},{\"@type\":\"ListItem\",\"position\":2,\"name\":\"Rynki\",\"item\":\"https:\\\/\\\/mauserpackaging.com\\\/pl\\\/rynki\\\/\"},{\"@type\":\"ListItem\",\"position\":3,\"name\":\"Leki i kosmetyki\"}]},{\"@type\":\"WebSite\",\"@id\":\"https:\\\/\\\/mauserpackaging.com\\\/pl\\\/#website\",\"url\":\"https:\\\/\\\/mauserpackaging.com\\\/pl\\\/\",\"name\":\"Mauser Packaging Solutions\",\"description\":\"Your go-to packaging partner\",\"publisher\":{\"@id\":\"https:\\\/\\\/mauserpackaging.com\\\/pl\\\/#organization\"},\"alternateName\":\"Mauser Packaging\",\"potentialAction\":[{\"@type\":\"SearchAction\",\"target\":{\"@type\":\"EntryPoint\",\"urlTemplate\":\"https:\\\/\\\/mauserpackaging.com\\\/pl\\\/?s={search_term_string}\"},\"query-input\":{\"@type\":\"PropertyValueSpecification\",\"valueRequired\":true,\"valueName\":\"search_term_string\"}}],\"inLanguage\":\"pl-PL\"},{\"@type\":\"Organization\",\"@id\":\"https:\\\/\\\/mauserpackaging.com\\\/pl\\\/#organization\",\"name\":\"Mauser Packaging Solutions\",\"alternateName\":\"Mauser Packaging\",\"url\":\"https:\\\/\\\/mauserpackaging.com\\\/pl\\\/\",\"logo\":{\"@type\":\"ImageObject\",\"inLanguage\":\"pl-PL\",\"@id\":\"https:\\\/\\\/mauserpackaging.com\\\/pl\\\/#\\\/schema\\\/logo\\\/image\\\/\",\"url\":\"https:\\\/\\\/mauserpackaging.com\\\/wp-content\\\/uploads\\\/2024\\\/11\\\/Mauser_h_RGB.png\",\"contentUrl\":\"https:\\\/\\\/mauserpackaging.com\\\/wp-content\\\/uploads\\\/2024\\\/11\\\/Mauser_h_RGB.png\",\"width\":1951,\"height\":600,\"caption\":\"Mauser Packaging Solutions\"},\"image\":{\"@id\":\"https:\\\/\\\/mauserpackaging.com\\\/pl\\\/#\\\/schema\\\/logo\\\/image\\\/\"},\"sameAs\":[\"https:\\\/\\\/www.linkedin.com\\\/company\\\/mauser-packaging-solutions\\\/\"]}]}<\/script>\n<!-- \/ Yoast SEO Premium plugin. -->","yoast_head_json":{"title":"Leki i kosmetyki - Mauser Packaging Solutions","description":"Dzi\u0119ki Mauserowi Twoje programy piel\u0119gnacyjne i zdrowotne stan\u0105 si\u0119 bezpieczniejsze, skuteczniejsze i atrakcyjniejsze wizualnie.","robots":{"index":"index","follow":"follow","max-snippet":"max-snippet:-1","max-image-preview":"max-image-preview:large","max-video-preview":"max-video-preview:-1"},"canonical":"https:\/\/mauserpackaging.com\/pl\/rynki\/leki-i-kosmetyki\/","og_locale":"pl_PL","og_type":"article","og_title":"Leki i kosmetyki","og_description":"Dzi\u0119ki Mauserowi Twoje programy piel\u0119gnacyjne i zdrowotne stan\u0105 si\u0119 bezpieczniejsze, skuteczniejsze i atrakcyjniejsze wizualnie.","og_url":"https:\/\/mauserpackaging.com\/pl\/rynki\/leki-i-kosmetyki\/","og_site_name":"Mauser Packaging Solutions","article_modified_time":"2025-10-22T19:00:07+00:00","og_image":[{"width":1200,"height":675,"url":"https:\/\/mauserpackaging.com\/wp-content\/uploads\/2026\/03\/Mauser_Default_SiteImage.jpg","type":"image\/jpeg"}],"twitter_card":"summary_large_image","twitter_misc":{"Szacowany czas czytania":"3 minuty"},"schema":{"@context":"https:\/\/schema.org","@graph":[{"@type":"WebPage","@id":"https:\/\/mauserpackaging.com\/pl\/rynki\/leki-i-kosmetyki\/","url":"https:\/\/mauserpackaging.com\/pl\/rynki\/leki-i-kosmetyki\/","name":"Leki i kosmetyki - Mauser Packaging Solutions","isPartOf":{"@id":"https:\/\/mauserpackaging.com\/pl\/#website"},"datePublished":"2024-12-16T19:51:05+00:00","dateModified":"2025-10-22T19:00:07+00:00","description":"Dzi\u0119ki Mauserowi Twoje programy piel\u0119gnacyjne i zdrowotne stan\u0105 si\u0119 bezpieczniejsze, skuteczniejsze i atrakcyjniejsze wizualnie.","breadcrumb":{"@id":"https:\/\/mauserpackaging.com\/pl\/rynki\/leki-i-kosmetyki\/#breadcrumb"},"inLanguage":"pl-PL","potentialAction":[{"@type":"ReadAction","target":["https:\/\/mauserpackaging.com\/pl\/rynki\/leki-i-kosmetyki\/"]}]},{"@type":"BreadcrumbList","@id":"https:\/\/mauserpackaging.com\/pl\/rynki\/leki-i-kosmetyki\/#breadcrumb","itemListElement":[{"@type":"ListItem","position":1,"name":"Home","item":"https:\/\/mauserpackaging.com\/pl\/glowna\/"},{"@type":"ListItem","position":2,"name":"Rynki","item":"https:\/\/mauserpackaging.com\/pl\/rynki\/"},{"@type":"ListItem","position":3,"name":"Leki i kosmetyki"}]},{"@type":"WebSite","@id":"https:\/\/mauserpackaging.com\/pl\/#website","url":"https:\/\/mauserpackaging.com\/pl\/","name":"Mauser Packaging Solutions","description":"Your go-to packaging partner","publisher":{"@id":"https:\/\/mauserpackaging.com\/pl\/#organization"},"alternateName":"Mauser Packaging","potentialAction":[{"@type":"SearchAction","target":{"@type":"EntryPoint","urlTemplate":"https:\/\/mauserpackaging.com\/pl\/?s={search_term_string}"},"query-input":{"@type":"PropertyValueSpecification","valueRequired":true,"valueName":"search_term_string"}}],"inLanguage":"pl-PL"},{"@type":"Organization","@id":"https:\/\/mauserpackaging.com\/pl\/#organization","name":"Mauser Packaging Solutions","alternateName":"Mauser Packaging","url":"https:\/\/mauserpackaging.com\/pl\/","logo":{"@type":"ImageObject","inLanguage":"pl-PL","@id":"https:\/\/mauserpackaging.com\/pl\/#\/schema\/logo\/image\/","url":"https:\/\/mauserpackaging.com\/wp-content\/uploads\/2024\/11\/Mauser_h_RGB.png","contentUrl":"https:\/\/mauserpackaging.com\/wp-content\/uploads\/2024\/11\/Mauser_h_RGB.png","width":1951,"height":600,"caption":"Mauser Packaging Solutions"},"image":{"@id":"https:\/\/mauserpackaging.com\/pl\/#\/schema\/logo\/image\/"},"sameAs":["https:\/\/www.linkedin.com\/company\/mauser-packaging-solutions\/"]}]}},"_links":{"self":[{"href":"https:\/\/mauserpackaging.com\/pl\/wp-json\/wp\/v2\/pages\/20596","targetHints":{"allow":["GET"]}}],"collection":[{"href":"https:\/\/mauserpackaging.com\/pl\/wp-json\/wp\/v2\/pages"}],"about":[{"href":"https:\/\/mauserpackaging.com\/pl\/wp-json\/wp\/v2\/types\/page"}],"author":[{"embeddable":true,"href":"https:\/\/mauserpackaging.com\/pl\/wp-json\/wp\/v2\/users\/1"}],"replies":[{"embeddable":true,"href":"https:\/\/mauserpackaging.com\/pl\/wp-json\/wp\/v2\/comments?post=20596"}],"version-history":[{"count":0,"href":"https:\/\/mauserpackaging.com\/pl\/wp-json\/wp\/v2\/pages\/20596\/revisions"}],"up":[{"embeddable":true,"href":"https:\/\/mauserpackaging.com\/pl\/wp-json\/wp\/v2\/pages\/20586"}],"wp:attachment":[{"href":"https:\/\/mauserpackaging.com\/pl\/wp-json\/wp\/v2\/media?parent=20596"}],"curies":[{"name":"wp","href":"https:\/\/api.w.org\/{rel}","templated":true}]}}