{"id":20593,"date":"2024-12-16T19:33:49","date_gmt":"2024-12-16T19:33:49","guid":{"rendered":"https:\/\/mauserpackstg.wpenginepowered.com\/rynki\/chemikalia-przemyslowe\/"},"modified":"2025-10-22T18:54:21","modified_gmt":"2025-10-22T18:54:21","slug":"chemikalia-przemyslowe","status":"publish","type":"page","link":"https:\/\/mauserpackaging.com\/pl\/rynki\/chemikalia-przemyslowe\/","title":{"rendered":"Chemikalia przemys\u0142owe"},"content":{"rendered":"<div id=\"cs-content\" class=\"cs-content\"><\/div>\n","protected":false},"excerpt":{"rendered":"<p>Chemikalia przemys\u0142oweHome Ochrona, bezpiecze\u0144stwo i niezawodno\u015b\u0107 opakowania Mauser Packaging Solutions zdaje sobie spraw\u0119 z wysokiego ryzyka zwi\u0105zanego z przemys\u0142ow\u0105 chemi\u0105, tak\u0105 jak materia\u0142y wybuchowe, substancje palne i \u0142atwopalne, kt\u00f3re mog\u0105 stanowi\u0107 powa\u017cne zagro\u017cenie podczas pakowania, transportu, przechowywania i roz\u0142adunku. W zwi\u0105zku z tym zapewniamy niezawodne, trwa\u0142e i bezpieczne opakowania, kt\u00f3re chroni\u0105 ludzi i produkty na ka\u017cdym etapie ich przemieszczania i&hellip;<\/p>\n","protected":false},"author":1,"featured_media":0,"parent":20586,"menu_order":0,"comment_status":"closed","ping_status":"closed","template":"template-blank-4.php","meta":{"footnotes":""},"class_list":["post-20593","page","type-page","status-publish","hentry","no-post-thumbnail"],"yoast_head":"<!-- This site is optimized with the Yoast SEO Premium plugin v27.4 (Yoast SEO v27.4) - https:\/\/yoast.com\/product\/yoast-seo-premium-wordpress\/ -->\n<title>Chemikalia przemys\u0142owe - Mauser Packaging Solutions<\/title>\n<meta name=\"description\" content=\"Trwa\u0142e pojemniki na chemikalia Mauser Packaging Solutions zapewniaj\u0105 bezpiecze\u0144stwo ludzi i produkt\u00f3w podczas transportu, u\u017cytkowania i przechowywania.\" \/>\n<meta name=\"robots\" content=\"index, follow, max-snippet:-1, max-image-preview:large, max-video-preview:-1\" \/>\n<link rel=\"canonical\" href=\"https:\/\/mauserpackaging.com\/pl\/rynki\/chemikalia-przemyslowe\/\" \/>\n<meta property=\"og:locale\" content=\"pl_PL\" \/>\n<meta property=\"og:type\" content=\"article\" \/>\n<meta property=\"og:title\" content=\"Chemikalia przemys\u0142owe\" \/>\n<meta property=\"og:description\" content=\"Trwa\u0142e pojemniki na chemikalia Mauser Packaging Solutions zapewniaj\u0105 bezpiecze\u0144stwo ludzi i produkt\u00f3w podczas transportu, u\u017cytkowania i przechowywania.\" \/>\n<meta property=\"og:url\" content=\"https:\/\/mauserpackaging.com\/pl\/rynki\/chemikalia-przemyslowe\/\" \/>\n<meta property=\"og:site_name\" content=\"Mauser Packaging Solutions\" \/>\n<meta property=\"article:modified_time\" content=\"2025-10-22T18:54:21+00:00\" \/>\n<meta property=\"og:image\" content=\"https:\/\/mauserpackaging.com\/wp-content\/uploads\/2026\/03\/Mauser_Default_SiteImage.jpg\" \/>\n\t<meta property=\"og:image:width\" content=\"1200\" \/>\n\t<meta property=\"og:image:height\" content=\"675\" \/>\n\t<meta property=\"og:image:type\" content=\"image\/jpeg\" \/>\n<meta name=\"twitter:card\" content=\"summary_large_image\" \/>\n<meta name=\"twitter:label1\" content=\"Szacowany czas czytania\" \/>\n\t<meta name=\"twitter:data1\" content=\"3 minuty\" \/>\n<script type=\"application\/ld+json\" class=\"yoast-schema-graph\">{\"@context\":\"https:\\\/\\\/schema.org\",\"@graph\":[{\"@type\":\"WebPage\",\"@id\":\"https:\\\/\\\/mauserpackaging.com\\\/pl\\\/rynki\\\/chemikalia-przemyslowe\\\/\",\"url\":\"https:\\\/\\\/mauserpackaging.com\\\/pl\\\/rynki\\\/chemikalia-przemyslowe\\\/\",\"name\":\"Chemikalia przemys\u0142owe - Mauser Packaging Solutions\",\"isPartOf\":{\"@id\":\"https:\\\/\\\/mauserpackaging.com\\\/pl\\\/#website\"},\"datePublished\":\"2024-12-16T19:33:49+00:00\",\"dateModified\":\"2025-10-22T18:54:21+00:00\",\"description\":\"Trwa\u0142e pojemniki na chemikalia Mauser Packaging Solutions zapewniaj\u0105 bezpiecze\u0144stwo ludzi i produkt\u00f3w podczas transportu, u\u017cytkowania i przechowywania.\",\"breadcrumb\":{\"@id\":\"https:\\\/\\\/mauserpackaging.com\\\/pl\\\/rynki\\\/chemikalia-przemyslowe\\\/#breadcrumb\"},\"inLanguage\":\"pl-PL\",\"potentialAction\":[{\"@type\":\"ReadAction\",\"target\":[\"https:\\\/\\\/mauserpackaging.com\\\/pl\\\/rynki\\\/chemikalia-przemyslowe\\\/\"]}]},{\"@type\":\"BreadcrumbList\",\"@id\":\"https:\\\/\\\/mauserpackaging.com\\\/pl\\\/rynki\\\/chemikalia-przemyslowe\\\/#breadcrumb\",\"itemListElement\":[{\"@type\":\"ListItem\",\"position\":1,\"name\":\"Home\",\"item\":\"https:\\\/\\\/mauserpackaging.com\\\/pl\\\/glowna\\\/\"},{\"@type\":\"ListItem\",\"position\":2,\"name\":\"Rynki\",\"item\":\"https:\\\/\\\/mauserpackaging.com\\\/pl\\\/rynki\\\/\"},{\"@type\":\"ListItem\",\"position\":3,\"name\":\"Chemikalia przemys\u0142owe\"}]},{\"@type\":\"WebSite\",\"@id\":\"https:\\\/\\\/mauserpackaging.com\\\/pl\\\/#website\",\"url\":\"https:\\\/\\\/mauserpackaging.com\\\/pl\\\/\",\"name\":\"Mauser Packaging Solutions\",\"description\":\"Your go-to packaging partner\",\"publisher\":{\"@id\":\"https:\\\/\\\/mauserpackaging.com\\\/pl\\\/#organization\"},\"alternateName\":\"Mauser Packaging\",\"potentialAction\":[{\"@type\":\"SearchAction\",\"target\":{\"@type\":\"EntryPoint\",\"urlTemplate\":\"https:\\\/\\\/mauserpackaging.com\\\/pl\\\/?s={search_term_string}\"},\"query-input\":{\"@type\":\"PropertyValueSpecification\",\"valueRequired\":true,\"valueName\":\"search_term_string\"}}],\"inLanguage\":\"pl-PL\"},{\"@type\":\"Organization\",\"@id\":\"https:\\\/\\\/mauserpackaging.com\\\/pl\\\/#organization\",\"name\":\"Mauser Packaging Solutions\",\"alternateName\":\"Mauser Packaging\",\"url\":\"https:\\\/\\\/mauserpackaging.com\\\/pl\\\/\",\"logo\":{\"@type\":\"ImageObject\",\"inLanguage\":\"pl-PL\",\"@id\":\"https:\\\/\\\/mauserpackaging.com\\\/pl\\\/#\\\/schema\\\/logo\\\/image\\\/\",\"url\":\"https:\\\/\\\/mauserpackaging.com\\\/wp-content\\\/uploads\\\/2024\\\/11\\\/Mauser_h_RGB.png\",\"contentUrl\":\"https:\\\/\\\/mauserpackaging.com\\\/wp-content\\\/uploads\\\/2024\\\/11\\\/Mauser_h_RGB.png\",\"width\":1951,\"height\":600,\"caption\":\"Mauser Packaging Solutions\"},\"image\":{\"@id\":\"https:\\\/\\\/mauserpackaging.com\\\/pl\\\/#\\\/schema\\\/logo\\\/image\\\/\"},\"sameAs\":[\"https:\\\/\\\/www.linkedin.com\\\/company\\\/mauser-packaging-solutions\\\/\"]}]}<\/script>\n<!-- \/ Yoast SEO Premium plugin. -->","yoast_head_json":{"title":"Chemikalia przemys\u0142owe - Mauser Packaging Solutions","description":"Trwa\u0142e pojemniki na chemikalia Mauser Packaging Solutions zapewniaj\u0105 bezpiecze\u0144stwo ludzi i produkt\u00f3w podczas transportu, u\u017cytkowania i przechowywania.","robots":{"index":"index","follow":"follow","max-snippet":"max-snippet:-1","max-image-preview":"max-image-preview:large","max-video-preview":"max-video-preview:-1"},"canonical":"https:\/\/mauserpackaging.com\/pl\/rynki\/chemikalia-przemyslowe\/","og_locale":"pl_PL","og_type":"article","og_title":"Chemikalia przemys\u0142owe","og_description":"Trwa\u0142e pojemniki na chemikalia Mauser Packaging Solutions zapewniaj\u0105 bezpiecze\u0144stwo ludzi i produkt\u00f3w podczas transportu, u\u017cytkowania i przechowywania.","og_url":"https:\/\/mauserpackaging.com\/pl\/rynki\/chemikalia-przemyslowe\/","og_site_name":"Mauser Packaging Solutions","article_modified_time":"2025-10-22T18:54:21+00:00","og_image":[{"width":1200,"height":675,"url":"https:\/\/mauserpackaging.com\/wp-content\/uploads\/2026\/03\/Mauser_Default_SiteImage.jpg","type":"image\/jpeg"}],"twitter_card":"summary_large_image","twitter_misc":{"Szacowany czas czytania":"3 minuty"},"schema":{"@context":"https:\/\/schema.org","@graph":[{"@type":"WebPage","@id":"https:\/\/mauserpackaging.com\/pl\/rynki\/chemikalia-przemyslowe\/","url":"https:\/\/mauserpackaging.com\/pl\/rynki\/chemikalia-przemyslowe\/","name":"Chemikalia przemys\u0142owe - Mauser Packaging Solutions","isPartOf":{"@id":"https:\/\/mauserpackaging.com\/pl\/#website"},"datePublished":"2024-12-16T19:33:49+00:00","dateModified":"2025-10-22T18:54:21+00:00","description":"Trwa\u0142e pojemniki na chemikalia Mauser Packaging Solutions zapewniaj\u0105 bezpiecze\u0144stwo ludzi i produkt\u00f3w podczas transportu, u\u017cytkowania i przechowywania.","breadcrumb":{"@id":"https:\/\/mauserpackaging.com\/pl\/rynki\/chemikalia-przemyslowe\/#breadcrumb"},"inLanguage":"pl-PL","potentialAction":[{"@type":"ReadAction","target":["https:\/\/mauserpackaging.com\/pl\/rynki\/chemikalia-przemyslowe\/"]}]},{"@type":"BreadcrumbList","@id":"https:\/\/mauserpackaging.com\/pl\/rynki\/chemikalia-przemyslowe\/#breadcrumb","itemListElement":[{"@type":"ListItem","position":1,"name":"Home","item":"https:\/\/mauserpackaging.com\/pl\/glowna\/"},{"@type":"ListItem","position":2,"name":"Rynki","item":"https:\/\/mauserpackaging.com\/pl\/rynki\/"},{"@type":"ListItem","position":3,"name":"Chemikalia przemys\u0142owe"}]},{"@type":"WebSite","@id":"https:\/\/mauserpackaging.com\/pl\/#website","url":"https:\/\/mauserpackaging.com\/pl\/","name":"Mauser Packaging Solutions","description":"Your go-to packaging partner","publisher":{"@id":"https:\/\/mauserpackaging.com\/pl\/#organization"},"alternateName":"Mauser Packaging","potentialAction":[{"@type":"SearchAction","target":{"@type":"EntryPoint","urlTemplate":"https:\/\/mauserpackaging.com\/pl\/?s={search_term_string}"},"query-input":{"@type":"PropertyValueSpecification","valueRequired":true,"valueName":"search_term_string"}}],"inLanguage":"pl-PL"},{"@type":"Organization","@id":"https:\/\/mauserpackaging.com\/pl\/#organization","name":"Mauser Packaging Solutions","alternateName":"Mauser Packaging","url":"https:\/\/mauserpackaging.com\/pl\/","logo":{"@type":"ImageObject","inLanguage":"pl-PL","@id":"https:\/\/mauserpackaging.com\/pl\/#\/schema\/logo\/image\/","url":"https:\/\/mauserpackaging.com\/wp-content\/uploads\/2024\/11\/Mauser_h_RGB.png","contentUrl":"https:\/\/mauserpackaging.com\/wp-content\/uploads\/2024\/11\/Mauser_h_RGB.png","width":1951,"height":600,"caption":"Mauser Packaging Solutions"},"image":{"@id":"https:\/\/mauserpackaging.com\/pl\/#\/schema\/logo\/image\/"},"sameAs":["https:\/\/www.linkedin.com\/company\/mauser-packaging-solutions\/"]}]}},"_links":{"self":[{"href":"https:\/\/mauserpackaging.com\/pl\/wp-json\/wp\/v2\/pages\/20593","targetHints":{"allow":["GET"]}}],"collection":[{"href":"https:\/\/mauserpackaging.com\/pl\/wp-json\/wp\/v2\/pages"}],"about":[{"href":"https:\/\/mauserpackaging.com\/pl\/wp-json\/wp\/v2\/types\/page"}],"author":[{"embeddable":true,"href":"https:\/\/mauserpackaging.com\/pl\/wp-json\/wp\/v2\/users\/1"}],"replies":[{"embeddable":true,"href":"https:\/\/mauserpackaging.com\/pl\/wp-json\/wp\/v2\/comments?post=20593"}],"version-history":[{"count":0,"href":"https:\/\/mauserpackaging.com\/pl\/wp-json\/wp\/v2\/pages\/20593\/revisions"}],"up":[{"embeddable":true,"href":"https:\/\/mauserpackaging.com\/pl\/wp-json\/wp\/v2\/pages\/20586"}],"wp:attachment":[{"href":"https:\/\/mauserpackaging.com\/pl\/wp-json\/wp\/v2\/media?parent=20593"}],"curies":[{"name":"wp","href":"https:\/\/api.w.org\/{rel}","templated":true}]}}