{"id":20578,"date":"2024-11-13T22:17:11","date_gmt":"2024-11-13T22:17:11","guid":{"rendered":"https:\/\/mauserpackstg.wpenginepowered.com\/glowna\/"},"modified":"2026-04-01T18:31:41","modified_gmt":"2026-04-01T18:31:41","slug":"glowna","status":"publish","type":"page","link":"https:\/\/mauserpackaging.com\/pl\/","title":{"rendered":"G\u0142\u00f3wna"},"content":{"rendered":"<div id=\"cs-content\" class=\"cs-content\"><\/div>\n","protected":false},"excerpt":{"rendered":"<p>Innowacyjne rozwi\u0105zania opakowaniowe dla globalnej zielonej gospodarkiWykorzystaj nasze do\u015bwiadczenie z opakowaniami Globalna sie\u0107 odbioru, zapewniaj\u0105ca dost\u0119pno\u015b\u0107 us\u0142ug na ka\u017cdym etapie Twojej dzia\u0142alno\u015bciDowiedz si\u0119 wi\u0119cej Tw\u00f3j niezawodny partner od opakowa\u0144Jeste\u015bmy Mauser Packaging Solutions\u2014 jeste\u015bmy wsz\u0119dzie tam, gdzie ty. Nasze opakowania s\u0105 cz\u0119\u015bci\u0105 Twojego codziennego \u017cycia: w gara\u017cu, w kuchni, w produktach, kt\u00f3re dbaj\u0105 o Tw\u00f3j samoch\u00f3d, chroni\u0105 \u017cywno\u015b\u0107 i wspieraj\u0105 prac\u0119&hellip;<\/p>\n","protected":false},"author":1,"featured_media":0,"parent":0,"menu_order":0,"comment_status":"closed","ping_status":"closed","template":"template-blank-4.php","meta":{"footnotes":""},"class_list":["post-20578","page","type-page","status-publish","hentry","no-post-thumbnail"],"yoast_head":"<!-- This site is optimized with the Yoast SEO Premium plugin v27.4 (Yoast SEO v27.4) - https:\/\/yoast.com\/product\/yoast-seo-premium-wordpress\/ -->\n<title>Rozwi\u0105zania w zakresie opakowa\u0144 przemys\u0142owych | Mauser Packaging<\/title>\n<meta name=\"description\" content=\"Mauser Packaging Solutions jest liderem w dziedzinie przemys\u0142owych produkt\u00f3w i us\u0142ug opakowaniowych, dysponuj\u0105cym globaln\u0105 sieci\u0105, kt\u00f3rej priorytetami s\u0105 niezawodno\u015b\u0107 i zr\u00f3wnowa\u017cony rozw\u00f3j.\" \/>\n<meta name=\"robots\" content=\"index, follow, max-snippet:-1, max-image-preview:large, max-video-preview:-1\" \/>\n<link rel=\"canonical\" href=\"https:\/\/mauserpackaging.com\/pl\/\" \/>\n<meta property=\"og:locale\" content=\"pl_PL\" \/>\n<meta property=\"og:type\" content=\"article\" \/>\n<meta property=\"og:title\" content=\"G\u0142\u00f3wna\" \/>\n<meta property=\"og:description\" content=\"Mauser Packaging Solutions jest liderem w dziedzinie przemys\u0142owych produkt\u00f3w i us\u0142ug opakowaniowych, dysponuj\u0105cym globaln\u0105 sieci\u0105, kt\u00f3rej priorytetami s\u0105 niezawodno\u015b\u0107 i zr\u00f3wnowa\u017cony rozw\u00f3j.\" \/>\n<meta property=\"og:url\" content=\"https:\/\/mauserpackaging.com\/pl\/\" \/>\n<meta property=\"og:site_name\" content=\"Mauser Packaging Solutions\" \/>\n<meta property=\"article:modified_time\" content=\"2026-04-01T18:31:41+00:00\" \/>\n<meta property=\"og:image\" content=\"https:\/\/mauserpackaging.com\/wp-content\/uploads\/2026\/03\/Mauser_Default_SiteImage.jpg\" \/>\n\t<meta property=\"og:image:width\" content=\"1200\" \/>\n\t<meta property=\"og:image:height\" content=\"675\" \/>\n\t<meta property=\"og:image:type\" content=\"image\/jpeg\" \/>\n<meta name=\"twitter:card\" content=\"summary_large_image\" \/>\n<meta name=\"twitter:label1\" content=\"Szacowany czas czytania\" \/>\n\t<meta name=\"twitter:data1\" content=\"7 minut\" \/>\n<script type=\"application\/ld+json\" class=\"yoast-schema-graph\">{\"@context\":\"https:\\\/\\\/schema.org\",\"@graph\":[{\"@type\":\"WebPage\",\"@id\":\"https:\\\/\\\/mauserpackaging.com\\\/pl\\\/\",\"url\":\"https:\\\/\\\/mauserpackaging.com\\\/pl\\\/\",\"name\":\"Rozwi\u0105zania w zakresie opakowa\u0144 przemys\u0142owych | Mauser Packaging\",\"isPartOf\":{\"@id\":\"https:\\\/\\\/mauserpackaging.com\\\/pl\\\/#website\"},\"datePublished\":\"2024-11-13T22:17:11+00:00\",\"dateModified\":\"2026-04-01T18:31:41+00:00\",\"description\":\"Mauser Packaging Solutions jest liderem w dziedzinie przemys\u0142owych produkt\u00f3w i us\u0142ug opakowaniowych, dysponuj\u0105cym globaln\u0105 sieci\u0105, kt\u00f3rej priorytetami s\u0105 niezawodno\u015b\u0107 i zr\u00f3wnowa\u017cony rozw\u00f3j.\",\"breadcrumb\":{\"@id\":\"https:\\\/\\\/mauserpackaging.com\\\/pl\\\/#breadcrumb\"},\"inLanguage\":\"pl-PL\",\"potentialAction\":[{\"@type\":\"ReadAction\",\"target\":[\"https:\\\/\\\/mauserpackaging.com\\\/pl\\\/\"]}]},{\"@type\":\"BreadcrumbList\",\"@id\":\"https:\\\/\\\/mauserpackaging.com\\\/pl\\\/#breadcrumb\",\"itemListElement\":[{\"@type\":\"ListItem\",\"position\":1,\"name\":\"Home\",\"item\":\"https:\\\/\\\/mauserpackaging.com\\\/pl\\\/glowna\\\/\"},{\"@type\":\"ListItem\",\"position\":2,\"name\":\"G\u0142\u00f3wna\"}]},{\"@type\":\"WebSite\",\"@id\":\"https:\\\/\\\/mauserpackaging.com\\\/pl\\\/#website\",\"url\":\"https:\\\/\\\/mauserpackaging.com\\\/pl\\\/\",\"name\":\"Mauser Packaging Solutions\",\"description\":\"Your go-to packaging partner\",\"publisher\":{\"@id\":\"https:\\\/\\\/mauserpackaging.com\\\/pl\\\/#organization\"},\"alternateName\":\"Mauser Packaging\",\"potentialAction\":[{\"@type\":\"SearchAction\",\"target\":{\"@type\":\"EntryPoint\",\"urlTemplate\":\"https:\\\/\\\/mauserpackaging.com\\\/pl\\\/?s={search_term_string}\"},\"query-input\":{\"@type\":\"PropertyValueSpecification\",\"valueRequired\":true,\"valueName\":\"search_term_string\"}}],\"inLanguage\":\"pl-PL\"},{\"@type\":\"Organization\",\"@id\":\"https:\\\/\\\/mauserpackaging.com\\\/pl\\\/#organization\",\"name\":\"Mauser Packaging Solutions\",\"alternateName\":\"Mauser Packaging\",\"url\":\"https:\\\/\\\/mauserpackaging.com\\\/pl\\\/\",\"logo\":{\"@type\":\"ImageObject\",\"inLanguage\":\"pl-PL\",\"@id\":\"https:\\\/\\\/mauserpackaging.com\\\/pl\\\/#\\\/schema\\\/logo\\\/image\\\/\",\"url\":\"https:\\\/\\\/mauserpackaging.com\\\/wp-content\\\/uploads\\\/2024\\\/11\\\/Mauser_h_RGB.png\",\"contentUrl\":\"https:\\\/\\\/mauserpackaging.com\\\/wp-content\\\/uploads\\\/2024\\\/11\\\/Mauser_h_RGB.png\",\"width\":1951,\"height\":600,\"caption\":\"Mauser Packaging Solutions\"},\"image\":{\"@id\":\"https:\\\/\\\/mauserpackaging.com\\\/pl\\\/#\\\/schema\\\/logo\\\/image\\\/\"},\"sameAs\":[\"https:\\\/\\\/www.linkedin.com\\\/company\\\/mauser-packaging-solutions\\\/\"]}]}<\/script>\n<!-- \/ Yoast SEO Premium plugin. -->","yoast_head_json":{"title":"Rozwi\u0105zania w zakresie opakowa\u0144 przemys\u0142owych | Mauser Packaging","description":"Mauser Packaging Solutions jest liderem w dziedzinie przemys\u0142owych produkt\u00f3w i us\u0142ug opakowaniowych, dysponuj\u0105cym globaln\u0105 sieci\u0105, kt\u00f3rej priorytetami s\u0105 niezawodno\u015b\u0107 i zr\u00f3wnowa\u017cony rozw\u00f3j.","robots":{"index":"index","follow":"follow","max-snippet":"max-snippet:-1","max-image-preview":"max-image-preview:large","max-video-preview":"max-video-preview:-1"},"canonical":"https:\/\/mauserpackaging.com\/pl\/","og_locale":"pl_PL","og_type":"article","og_title":"G\u0142\u00f3wna","og_description":"Mauser Packaging Solutions jest liderem w dziedzinie przemys\u0142owych produkt\u00f3w i us\u0142ug opakowaniowych, dysponuj\u0105cym globaln\u0105 sieci\u0105, kt\u00f3rej priorytetami s\u0105 niezawodno\u015b\u0107 i zr\u00f3wnowa\u017cony rozw\u00f3j.","og_url":"https:\/\/mauserpackaging.com\/pl\/","og_site_name":"Mauser Packaging Solutions","article_modified_time":"2026-04-01T18:31:41+00:00","og_image":[{"width":1200,"height":675,"url":"https:\/\/mauserpackaging.com\/wp-content\/uploads\/2026\/03\/Mauser_Default_SiteImage.jpg","type":"image\/jpeg"}],"twitter_card":"summary_large_image","twitter_misc":{"Szacowany czas czytania":"7 minut"},"schema":{"@context":"https:\/\/schema.org","@graph":[{"@type":"WebPage","@id":"https:\/\/mauserpackaging.com\/pl\/","url":"https:\/\/mauserpackaging.com\/pl\/","name":"Rozwi\u0105zania w zakresie opakowa\u0144 przemys\u0142owych | Mauser Packaging","isPartOf":{"@id":"https:\/\/mauserpackaging.com\/pl\/#website"},"datePublished":"2024-11-13T22:17:11+00:00","dateModified":"2026-04-01T18:31:41+00:00","description":"Mauser Packaging Solutions jest liderem w dziedzinie przemys\u0142owych produkt\u00f3w i us\u0142ug opakowaniowych, dysponuj\u0105cym globaln\u0105 sieci\u0105, kt\u00f3rej priorytetami s\u0105 niezawodno\u015b\u0107 i zr\u00f3wnowa\u017cony rozw\u00f3j.","breadcrumb":{"@id":"https:\/\/mauserpackaging.com\/pl\/#breadcrumb"},"inLanguage":"pl-PL","potentialAction":[{"@type":"ReadAction","target":["https:\/\/mauserpackaging.com\/pl\/"]}]},{"@type":"BreadcrumbList","@id":"https:\/\/mauserpackaging.com\/pl\/#breadcrumb","itemListElement":[{"@type":"ListItem","position":1,"name":"Home","item":"https:\/\/mauserpackaging.com\/pl\/glowna\/"},{"@type":"ListItem","position":2,"name":"G\u0142\u00f3wna"}]},{"@type":"WebSite","@id":"https:\/\/mauserpackaging.com\/pl\/#website","url":"https:\/\/mauserpackaging.com\/pl\/","name":"Mauser Packaging Solutions","description":"Your go-to packaging partner","publisher":{"@id":"https:\/\/mauserpackaging.com\/pl\/#organization"},"alternateName":"Mauser Packaging","potentialAction":[{"@type":"SearchAction","target":{"@type":"EntryPoint","urlTemplate":"https:\/\/mauserpackaging.com\/pl\/?s={search_term_string}"},"query-input":{"@type":"PropertyValueSpecification","valueRequired":true,"valueName":"search_term_string"}}],"inLanguage":"pl-PL"},{"@type":"Organization","@id":"https:\/\/mauserpackaging.com\/pl\/#organization","name":"Mauser Packaging Solutions","alternateName":"Mauser Packaging","url":"https:\/\/mauserpackaging.com\/pl\/","logo":{"@type":"ImageObject","inLanguage":"pl-PL","@id":"https:\/\/mauserpackaging.com\/pl\/#\/schema\/logo\/image\/","url":"https:\/\/mauserpackaging.com\/wp-content\/uploads\/2024\/11\/Mauser_h_RGB.png","contentUrl":"https:\/\/mauserpackaging.com\/wp-content\/uploads\/2024\/11\/Mauser_h_RGB.png","width":1951,"height":600,"caption":"Mauser Packaging Solutions"},"image":{"@id":"https:\/\/mauserpackaging.com\/pl\/#\/schema\/logo\/image\/"},"sameAs":["https:\/\/www.linkedin.com\/company\/mauser-packaging-solutions\/"]}]}},"_links":{"self":[{"href":"https:\/\/mauserpackaging.com\/pl\/wp-json\/wp\/v2\/pages\/20578","targetHints":{"allow":["GET"]}}],"collection":[{"href":"https:\/\/mauserpackaging.com\/pl\/wp-json\/wp\/v2\/pages"}],"about":[{"href":"https:\/\/mauserpackaging.com\/pl\/wp-json\/wp\/v2\/types\/page"}],"author":[{"embeddable":true,"href":"https:\/\/mauserpackaging.com\/pl\/wp-json\/wp\/v2\/users\/1"}],"replies":[{"embeddable":true,"href":"https:\/\/mauserpackaging.com\/pl\/wp-json\/wp\/v2\/comments?post=20578"}],"version-history":[{"count":0,"href":"https:\/\/mauserpackaging.com\/pl\/wp-json\/wp\/v2\/pages\/20578\/revisions"}],"wp:attachment":[{"href":"https:\/\/mauserpackaging.com\/pl\/wp-json\/wp\/v2\/media?parent=20578"}],"curies":[{"name":"wp","href":"https:\/\/api.w.org\/{rel}","templated":true}]}}