{"id":20576,"date":"2025-01-21T15:11:54","date_gmt":"2025-01-21T15:11:54","guid":{"rendered":"https:\/\/mauserpackstg.wpenginepowered.com\/spersonalizowane-uslugi\/"},"modified":"2025-10-22T18:21:48","modified_gmt":"2025-10-22T18:21:48","slug":"spersonalizowane-uslugi","status":"publish","type":"page","link":"https:\/\/mauserpackaging.com\/pl\/spersonalizowane-uslugi\/","title":{"rendered":"Spersonalizowane us\u0142ugi"},"content":{"rendered":"<div id=\"cs-content\" class=\"cs-content\"><\/div>\n","protected":false},"excerpt":{"rendered":"<p>Spersonalizowane us\u0142ugi HomeUpro\u015b\u0107 swoje operacje dzi\u0119ki indywidualnie dostosowanym us\u0142ugom regeneracji W przypadku prowadzenia dzia\u0142alno\u015bci z du\u017cymi opakowaniami, im bardziej wydajne b\u0119d\u0105 procesy, tym lepiej. Dlatego oferujemy po\u0142\u0105czenie us\u0142ug wsparcia, jakich wielu innych dostawc\u00f3w opakowa\u0144 nie zapewnia. Firma Mauser Packaging Solutions oferuje regeneracj\u0119 zbiornik\u00f3w wykonanych ze stali nierdzewnej, stali w\u0119glowej oraz plastikowych pojemnik\u00f3w formowanych obrotowo w lokalizacjach na ca\u0142ym \u015bwiecie. Dodatkowo,&hellip;<\/p>\n","protected":false},"author":1,"featured_media":0,"parent":0,"menu_order":0,"comment_status":"closed","ping_status":"closed","template":"template-blank-4.php","meta":{"footnotes":""},"class_list":["post-20576","page","type-page","status-publish","hentry","no-post-thumbnail"],"yoast_head":"<!-- This site is optimized with the Yoast SEO Premium plugin v27.5 (Yoast SEO v27.5) - https:\/\/yoast.com\/product\/yoast-seo-premium-wordpress\/ -->\n<title>Spersonalizowane us\u0142ugi - Mauser Packaging Solutions<\/title>\n<meta name=\"description\" content=\"Nasz zesp\u00f3\u0142 ekspert\u00f3w b\u0119dzie z Tob\u0105 wsp\u00f3\u0142pracowa\u0107, aby opracowa\u0107 spersonalizowan\u0105 us\u0142ug\u0119 i procedury czyszczenia, kt\u00f3re najlepiej sprawdz\u0105 si\u0119 w przypadku Twojej firmy.\" \/>\n<meta name=\"robots\" content=\"index, follow, max-snippet:-1, max-image-preview:large, max-video-preview:-1\" \/>\n<link rel=\"canonical\" href=\"https:\/\/mauserpackaging.com\/pl\/spersonalizowane-uslugi\/\" \/>\n<meta property=\"og:locale\" content=\"pl_PL\" \/>\n<meta property=\"og:type\" content=\"article\" \/>\n<meta property=\"og:title\" content=\"Spersonalizowane us\u0142ugi\" \/>\n<meta property=\"og:description\" content=\"Nasz zesp\u00f3\u0142 ekspert\u00f3w b\u0119dzie z Tob\u0105 wsp\u00f3\u0142pracowa\u0107, aby opracowa\u0107 spersonalizowan\u0105 us\u0142ug\u0119 i procedury czyszczenia, kt\u00f3re najlepiej sprawdz\u0105 si\u0119 w przypadku Twojej firmy.\" \/>\n<meta property=\"og:url\" content=\"https:\/\/mauserpackaging.com\/pl\/spersonalizowane-uslugi\/\" \/>\n<meta property=\"og:site_name\" content=\"Mauser Packaging Solutions\" \/>\n<meta property=\"article:modified_time\" content=\"2025-10-22T18:21:48+00:00\" \/>\n<meta property=\"og:image\" content=\"https:\/\/mauserpackaging.com\/wp-content\/uploads\/2026\/03\/Mauser_Default_SiteImage.jpg\" \/>\n\t<meta property=\"og:image:width\" content=\"1200\" \/>\n\t<meta property=\"og:image:height\" content=\"675\" \/>\n\t<meta property=\"og:image:type\" content=\"image\/jpeg\" \/>\n<meta name=\"twitter:card\" content=\"summary_large_image\" \/>\n<meta name=\"twitter:label1\" content=\"Szacowany czas czytania\" \/>\n\t<meta name=\"twitter:data1\" content=\"7 minut\" \/>\n<script type=\"application\/ld+json\" class=\"yoast-schema-graph\">{\"@context\":\"https:\\\/\\\/schema.org\",\"@graph\":[{\"@type\":\"WebPage\",\"@id\":\"https:\\\/\\\/mauserpackaging.com\\\/pl\\\/spersonalizowane-uslugi\\\/\",\"url\":\"https:\\\/\\\/mauserpackaging.com\\\/pl\\\/spersonalizowane-uslugi\\\/\",\"name\":\"Spersonalizowane us\u0142ugi - Mauser Packaging Solutions\",\"isPartOf\":{\"@id\":\"https:\\\/\\\/mauserpackaging.com\\\/pl\\\/#website\"},\"datePublished\":\"2025-01-21T15:11:54+00:00\",\"dateModified\":\"2025-10-22T18:21:48+00:00\",\"description\":\"Nasz zesp\u00f3\u0142 ekspert\u00f3w b\u0119dzie z Tob\u0105 wsp\u00f3\u0142pracowa\u0107, aby opracowa\u0107 spersonalizowan\u0105 us\u0142ug\u0119 i procedury czyszczenia, kt\u00f3re najlepiej sprawdz\u0105 si\u0119 w przypadku Twojej firmy.\",\"breadcrumb\":{\"@id\":\"https:\\\/\\\/mauserpackaging.com\\\/pl\\\/spersonalizowane-uslugi\\\/#breadcrumb\"},\"inLanguage\":\"pl-PL\",\"potentialAction\":[{\"@type\":\"ReadAction\",\"target\":[\"https:\\\/\\\/mauserpackaging.com\\\/pl\\\/spersonalizowane-uslugi\\\/\"]}]},{\"@type\":\"BreadcrumbList\",\"@id\":\"https:\\\/\\\/mauserpackaging.com\\\/pl\\\/spersonalizowane-uslugi\\\/#breadcrumb\",\"itemListElement\":[{\"@type\":\"ListItem\",\"position\":1,\"name\":\"Home\",\"item\":\"https:\\\/\\\/mauserpackaging.com\\\/pl\\\/glowna\\\/\"},{\"@type\":\"ListItem\",\"position\":2,\"name\":\"Spersonalizowane us\u0142ugi\"}]},{\"@type\":\"WebSite\",\"@id\":\"https:\\\/\\\/mauserpackaging.com\\\/pl\\\/#website\",\"url\":\"https:\\\/\\\/mauserpackaging.com\\\/pl\\\/\",\"name\":\"Mauser Packaging Solutions\",\"description\":\"Your go-to packaging partner\",\"publisher\":{\"@id\":\"https:\\\/\\\/mauserpackaging.com\\\/pl\\\/#organization\"},\"alternateName\":\"Mauser Packaging\",\"potentialAction\":[{\"@type\":\"SearchAction\",\"target\":{\"@type\":\"EntryPoint\",\"urlTemplate\":\"https:\\\/\\\/mauserpackaging.com\\\/pl\\\/?s={search_term_string}\"},\"query-input\":{\"@type\":\"PropertyValueSpecification\",\"valueRequired\":true,\"valueName\":\"search_term_string\"}}],\"inLanguage\":\"pl-PL\"},{\"@type\":\"Organization\",\"@id\":\"https:\\\/\\\/mauserpackaging.com\\\/pl\\\/#organization\",\"name\":\"Mauser Packaging Solutions\",\"alternateName\":\"Mauser Packaging\",\"url\":\"https:\\\/\\\/mauserpackaging.com\\\/pl\\\/\",\"logo\":{\"@type\":\"ImageObject\",\"inLanguage\":\"pl-PL\",\"@id\":\"https:\\\/\\\/mauserpackaging.com\\\/pl\\\/#\\\/schema\\\/logo\\\/image\\\/\",\"url\":\"https:\\\/\\\/mauserpackaging.com\\\/wp-content\\\/uploads\\\/2024\\\/11\\\/Mauser_h_RGB.png\",\"contentUrl\":\"https:\\\/\\\/mauserpackaging.com\\\/wp-content\\\/uploads\\\/2024\\\/11\\\/Mauser_h_RGB.png\",\"width\":1951,\"height\":600,\"caption\":\"Mauser Packaging Solutions\"},\"image\":{\"@id\":\"https:\\\/\\\/mauserpackaging.com\\\/pl\\\/#\\\/schema\\\/logo\\\/image\\\/\"},\"sameAs\":[\"https:\\\/\\\/www.linkedin.com\\\/company\\\/mauser-packaging-solutions\\\/\"]}]}<\/script>\n<!-- \/ Yoast SEO Premium plugin. -->","yoast_head_json":{"title":"Spersonalizowane us\u0142ugi - Mauser Packaging Solutions","description":"Nasz zesp\u00f3\u0142 ekspert\u00f3w b\u0119dzie z Tob\u0105 wsp\u00f3\u0142pracowa\u0107, aby opracowa\u0107 spersonalizowan\u0105 us\u0142ug\u0119 i procedury czyszczenia, kt\u00f3re najlepiej sprawdz\u0105 si\u0119 w przypadku Twojej firmy.","robots":{"index":"index","follow":"follow","max-snippet":"max-snippet:-1","max-image-preview":"max-image-preview:large","max-video-preview":"max-video-preview:-1"},"canonical":"https:\/\/mauserpackaging.com\/pl\/spersonalizowane-uslugi\/","og_locale":"pl_PL","og_type":"article","og_title":"Spersonalizowane us\u0142ugi","og_description":"Nasz zesp\u00f3\u0142 ekspert\u00f3w b\u0119dzie z Tob\u0105 wsp\u00f3\u0142pracowa\u0107, aby opracowa\u0107 spersonalizowan\u0105 us\u0142ug\u0119 i procedury czyszczenia, kt\u00f3re najlepiej sprawdz\u0105 si\u0119 w przypadku Twojej firmy.","og_url":"https:\/\/mauserpackaging.com\/pl\/spersonalizowane-uslugi\/","og_site_name":"Mauser Packaging Solutions","article_modified_time":"2025-10-22T18:21:48+00:00","og_image":[{"width":1200,"height":675,"url":"https:\/\/mauserpackaging.com\/wp-content\/uploads\/2026\/03\/Mauser_Default_SiteImage.jpg","type":"image\/jpeg"}],"twitter_card":"summary_large_image","twitter_misc":{"Szacowany czas czytania":"7 minut"},"schema":{"@context":"https:\/\/schema.org","@graph":[{"@type":"WebPage","@id":"https:\/\/mauserpackaging.com\/pl\/spersonalizowane-uslugi\/","url":"https:\/\/mauserpackaging.com\/pl\/spersonalizowane-uslugi\/","name":"Spersonalizowane us\u0142ugi - Mauser Packaging Solutions","isPartOf":{"@id":"https:\/\/mauserpackaging.com\/pl\/#website"},"datePublished":"2025-01-21T15:11:54+00:00","dateModified":"2025-10-22T18:21:48+00:00","description":"Nasz zesp\u00f3\u0142 ekspert\u00f3w b\u0119dzie z Tob\u0105 wsp\u00f3\u0142pracowa\u0107, aby opracowa\u0107 spersonalizowan\u0105 us\u0142ug\u0119 i procedury czyszczenia, kt\u00f3re najlepiej sprawdz\u0105 si\u0119 w przypadku Twojej firmy.","breadcrumb":{"@id":"https:\/\/mauserpackaging.com\/pl\/spersonalizowane-uslugi\/#breadcrumb"},"inLanguage":"pl-PL","potentialAction":[{"@type":"ReadAction","target":["https:\/\/mauserpackaging.com\/pl\/spersonalizowane-uslugi\/"]}]},{"@type":"BreadcrumbList","@id":"https:\/\/mauserpackaging.com\/pl\/spersonalizowane-uslugi\/#breadcrumb","itemListElement":[{"@type":"ListItem","position":1,"name":"Home","item":"https:\/\/mauserpackaging.com\/pl\/glowna\/"},{"@type":"ListItem","position":2,"name":"Spersonalizowane us\u0142ugi"}]},{"@type":"WebSite","@id":"https:\/\/mauserpackaging.com\/pl\/#website","url":"https:\/\/mauserpackaging.com\/pl\/","name":"Mauser Packaging Solutions","description":"Your go-to packaging partner","publisher":{"@id":"https:\/\/mauserpackaging.com\/pl\/#organization"},"alternateName":"Mauser Packaging","potentialAction":[{"@type":"SearchAction","target":{"@type":"EntryPoint","urlTemplate":"https:\/\/mauserpackaging.com\/pl\/?s={search_term_string}"},"query-input":{"@type":"PropertyValueSpecification","valueRequired":true,"valueName":"search_term_string"}}],"inLanguage":"pl-PL"},{"@type":"Organization","@id":"https:\/\/mauserpackaging.com\/pl\/#organization","name":"Mauser Packaging Solutions","alternateName":"Mauser Packaging","url":"https:\/\/mauserpackaging.com\/pl\/","logo":{"@type":"ImageObject","inLanguage":"pl-PL","@id":"https:\/\/mauserpackaging.com\/pl\/#\/schema\/logo\/image\/","url":"https:\/\/mauserpackaging.com\/wp-content\/uploads\/2024\/11\/Mauser_h_RGB.png","contentUrl":"https:\/\/mauserpackaging.com\/wp-content\/uploads\/2024\/11\/Mauser_h_RGB.png","width":1951,"height":600,"caption":"Mauser Packaging Solutions"},"image":{"@id":"https:\/\/mauserpackaging.com\/pl\/#\/schema\/logo\/image\/"},"sameAs":["https:\/\/www.linkedin.com\/company\/mauser-packaging-solutions\/"]}]}},"_links":{"self":[{"href":"https:\/\/mauserpackaging.com\/pl\/wp-json\/wp\/v2\/pages\/20576","targetHints":{"allow":["GET"]}}],"collection":[{"href":"https:\/\/mauserpackaging.com\/pl\/wp-json\/wp\/v2\/pages"}],"about":[{"href":"https:\/\/mauserpackaging.com\/pl\/wp-json\/wp\/v2\/types\/page"}],"author":[{"embeddable":true,"href":"https:\/\/mauserpackaging.com\/pl\/wp-json\/wp\/v2\/users\/1"}],"replies":[{"embeddable":true,"href":"https:\/\/mauserpackaging.com\/pl\/wp-json\/wp\/v2\/comments?post=20576"}],"version-history":[{"count":0,"href":"https:\/\/mauserpackaging.com\/pl\/wp-json\/wp\/v2\/pages\/20576\/revisions"}],"wp:attachment":[{"href":"https:\/\/mauserpackaging.com\/pl\/wp-json\/wp\/v2\/media?parent=20576"}],"curies":[{"name":"wp","href":"https:\/\/api.w.org\/{rel}","templated":true}]}}