{"id":20571,"date":"2025-02-10T17:22:15","date_gmt":"2025-02-10T17:22:15","guid":{"rendered":"https:\/\/mauserpackstg.wpenginepowered.com\/careers\/mozliwosci-kariery-w-europie-ameryce-poludniowej-i-azji\/praktyki-zawodowe\/"},"modified":"2025-10-13T18:33:42","modified_gmt":"2025-10-13T18:33:42","slug":"praktyki-zawodowe","status":"publish","type":"page","link":"https:\/\/mauserpackaging.com\/pl\/careers\/mozliwosci-kariery-w-europie-ameryce-poludniowej-i-azji\/praktyki-zawodowe\/","title":{"rendered":"Praktyki zawodowe"},"content":{"rendered":"<div id=\"cs-content\" class=\"cs-content\"><\/div>\n","protected":false},"excerpt":{"rendered":"<p>Praktyki zawodoweHome Do\u0142\u0105czenie do Mauser Packaging Solutions oznacza rozw\u00f3j Twojej karieryZe statystycznego punktu widzenia, Mauser Packaging Solutions szkoli rocznie oko\u0142o 40 praktykant\u00f3w w 8 r\u00f3\u017cnych zawodach w 4 lokalizacjach w Niemczech. To s\u0105 fakty, ale co to oznacza? Wybieramy Ci\u0119 w drodze wymagaj\u0105cej procedury, bior\u0105c pod uwag\u0119 Twoje optymalne kwalifikacje, cz\u0119\u015bciowo tak\u017ce za pomoc\u0105 test\u00f3w online, centrum oceny i sta\u017cu&hellip;<\/p>\n","protected":false},"author":1,"featured_media":0,"parent":20570,"menu_order":0,"comment_status":"closed","ping_status":"closed","template":"template-blank-4.php","meta":{"footnotes":""},"class_list":["post-20571","page","type-page","status-publish","hentry","no-post-thumbnail"],"yoast_head":"<!-- This site is optimized with the Yoast SEO Premium plugin v27.5 (Yoast SEO v27.5) - https:\/\/yoast.com\/product\/yoast-seo-premium-wordpress\/ -->\n<title>Praktyki zawodowe - Mauser Packaging Solutions<\/title>\n<meta name=\"description\" content=\"Mauser Packaging Solutions szkoli ka\u017cdego roku oko\u0142o 40 praktykant\u00f3w w 8 r\u00f3\u017cnych zawodach w 4 lokalizacjach w Niemczech.\" \/>\n<meta name=\"robots\" content=\"index, follow, max-snippet:-1, max-image-preview:large, max-video-preview:-1\" \/>\n<link rel=\"canonical\" href=\"https:\/\/mauserpackaging.com\/pl\/careers\/mozliwosci-kariery-w-europie-ameryce-poludniowej-i-azji\/praktyki-zawodowe\/\" \/>\n<meta property=\"og:locale\" content=\"pl_PL\" \/>\n<meta property=\"og:type\" content=\"article\" \/>\n<meta property=\"og:title\" content=\"Praktyki zawodowe\" \/>\n<meta property=\"og:description\" content=\"Mauser Packaging Solutions szkoli ka\u017cdego roku oko\u0142o 40 praktykant\u00f3w w 8 r\u00f3\u017cnych zawodach w 4 lokalizacjach w Niemczech.\" \/>\n<meta property=\"og:url\" content=\"https:\/\/mauserpackaging.com\/pl\/careers\/mozliwosci-kariery-w-europie-ameryce-poludniowej-i-azji\/praktyki-zawodowe\/\" \/>\n<meta property=\"og:site_name\" content=\"Mauser Packaging Solutions\" \/>\n<meta property=\"article:modified_time\" content=\"2025-10-13T18:33:42+00:00\" \/>\n<meta property=\"og:image\" content=\"https:\/\/mauserpackaging.com\/wp-content\/uploads\/2026\/03\/Mauser_Default_SiteImage.jpg\" \/>\n\t<meta property=\"og:image:width\" content=\"1200\" \/>\n\t<meta property=\"og:image:height\" content=\"675\" \/>\n\t<meta property=\"og:image:type\" content=\"image\/jpeg\" \/>\n<meta name=\"twitter:card\" content=\"summary_large_image\" \/>\n<meta name=\"twitter:label1\" content=\"Szacowany czas czytania\" \/>\n\t<meta name=\"twitter:data1\" content=\"3 minuty\" \/>\n<script type=\"application\/ld+json\" class=\"yoast-schema-graph\">{\"@context\":\"https:\\\/\\\/schema.org\",\"@graph\":[{\"@type\":\"WebPage\",\"@id\":\"https:\\\/\\\/mauserpackaging.com\\\/pl\\\/careers\\\/mozliwosci-kariery-w-europie-ameryce-poludniowej-i-azji\\\/praktyki-zawodowe\\\/\",\"url\":\"https:\\\/\\\/mauserpackaging.com\\\/pl\\\/careers\\\/mozliwosci-kariery-w-europie-ameryce-poludniowej-i-azji\\\/praktyki-zawodowe\\\/\",\"name\":\"Praktyki zawodowe - Mauser Packaging Solutions\",\"isPartOf\":{\"@id\":\"https:\\\/\\\/mauserpackaging.com\\\/pl\\\/#website\"},\"datePublished\":\"2025-02-10T17:22:15+00:00\",\"dateModified\":\"2025-10-13T18:33:42+00:00\",\"description\":\"Mauser Packaging Solutions szkoli ka\u017cdego roku oko\u0142o 40 praktykant\u00f3w w 8 r\u00f3\u017cnych zawodach w 4 lokalizacjach w Niemczech.\",\"breadcrumb\":{\"@id\":\"https:\\\/\\\/mauserpackaging.com\\\/pl\\\/careers\\\/mozliwosci-kariery-w-europie-ameryce-poludniowej-i-azji\\\/praktyki-zawodowe\\\/#breadcrumb\"},\"inLanguage\":\"pl-PL\",\"potentialAction\":[{\"@type\":\"ReadAction\",\"target\":[\"https:\\\/\\\/mauserpackaging.com\\\/pl\\\/careers\\\/mozliwosci-kariery-w-europie-ameryce-poludniowej-i-azji\\\/praktyki-zawodowe\\\/\"]}]},{\"@type\":\"BreadcrumbList\",\"@id\":\"https:\\\/\\\/mauserpackaging.com\\\/pl\\\/careers\\\/mozliwosci-kariery-w-europie-ameryce-poludniowej-i-azji\\\/praktyki-zawodowe\\\/#breadcrumb\",\"itemListElement\":[{\"@type\":\"ListItem\",\"position\":1,\"name\":\"Home\",\"item\":\"https:\\\/\\\/mauserpackaging.com\\\/pl\\\/glowna\\\/\"},{\"@type\":\"ListItem\",\"position\":2,\"name\":\"Kariery\",\"item\":\"https:\\\/\\\/mauserpackaging.com\\\/pl\\\/careers\\\/\"},{\"@type\":\"ListItem\",\"position\":3,\"name\":\"Mo\u017cliwo\u015bci kariery w Europie, Ameryce Po\u0142udniowej i Azji\",\"item\":\"https:\\\/\\\/mauserpackaging.com\\\/pl\\\/careers\\\/mozliwosci-kariery-w-europie-ameryce-poludniowej-i-azji\\\/\"},{\"@type\":\"ListItem\",\"position\":4,\"name\":\"Praktyki zawodowe\"}]},{\"@type\":\"WebSite\",\"@id\":\"https:\\\/\\\/mauserpackaging.com\\\/pl\\\/#website\",\"url\":\"https:\\\/\\\/mauserpackaging.com\\\/pl\\\/\",\"name\":\"Mauser Packaging Solutions\",\"description\":\"Your go-to packaging partner\",\"publisher\":{\"@id\":\"https:\\\/\\\/mauserpackaging.com\\\/pl\\\/#organization\"},\"alternateName\":\"Mauser Packaging\",\"potentialAction\":[{\"@type\":\"SearchAction\",\"target\":{\"@type\":\"EntryPoint\",\"urlTemplate\":\"https:\\\/\\\/mauserpackaging.com\\\/pl\\\/?s={search_term_string}\"},\"query-input\":{\"@type\":\"PropertyValueSpecification\",\"valueRequired\":true,\"valueName\":\"search_term_string\"}}],\"inLanguage\":\"pl-PL\"},{\"@type\":\"Organization\",\"@id\":\"https:\\\/\\\/mauserpackaging.com\\\/pl\\\/#organization\",\"name\":\"Mauser Packaging Solutions\",\"alternateName\":\"Mauser Packaging\",\"url\":\"https:\\\/\\\/mauserpackaging.com\\\/pl\\\/\",\"logo\":{\"@type\":\"ImageObject\",\"inLanguage\":\"pl-PL\",\"@id\":\"https:\\\/\\\/mauserpackaging.com\\\/pl\\\/#\\\/schema\\\/logo\\\/image\\\/\",\"url\":\"https:\\\/\\\/mauserpackaging.com\\\/wp-content\\\/uploads\\\/2024\\\/11\\\/Mauser_h_RGB.png\",\"contentUrl\":\"https:\\\/\\\/mauserpackaging.com\\\/wp-content\\\/uploads\\\/2024\\\/11\\\/Mauser_h_RGB.png\",\"width\":1951,\"height\":600,\"caption\":\"Mauser Packaging Solutions\"},\"image\":{\"@id\":\"https:\\\/\\\/mauserpackaging.com\\\/pl\\\/#\\\/schema\\\/logo\\\/image\\\/\"},\"sameAs\":[\"https:\\\/\\\/www.linkedin.com\\\/company\\\/mauser-packaging-solutions\\\/\"]}]}<\/script>\n<!-- \/ Yoast SEO Premium plugin. -->","yoast_head_json":{"title":"Praktyki zawodowe - Mauser Packaging Solutions","description":"Mauser Packaging Solutions szkoli ka\u017cdego roku oko\u0142o 40 praktykant\u00f3w w 8 r\u00f3\u017cnych zawodach w 4 lokalizacjach w Niemczech.","robots":{"index":"index","follow":"follow","max-snippet":"max-snippet:-1","max-image-preview":"max-image-preview:large","max-video-preview":"max-video-preview:-1"},"canonical":"https:\/\/mauserpackaging.com\/pl\/careers\/mozliwosci-kariery-w-europie-ameryce-poludniowej-i-azji\/praktyki-zawodowe\/","og_locale":"pl_PL","og_type":"article","og_title":"Praktyki zawodowe","og_description":"Mauser Packaging Solutions szkoli ka\u017cdego roku oko\u0142o 40 praktykant\u00f3w w 8 r\u00f3\u017cnych zawodach w 4 lokalizacjach w Niemczech.","og_url":"https:\/\/mauserpackaging.com\/pl\/careers\/mozliwosci-kariery-w-europie-ameryce-poludniowej-i-azji\/praktyki-zawodowe\/","og_site_name":"Mauser Packaging Solutions","article_modified_time":"2025-10-13T18:33:42+00:00","og_image":[{"width":1200,"height":675,"url":"https:\/\/mauserpackaging.com\/wp-content\/uploads\/2026\/03\/Mauser_Default_SiteImage.jpg","type":"image\/jpeg"}],"twitter_card":"summary_large_image","twitter_misc":{"Szacowany czas czytania":"3 minuty"},"schema":{"@context":"https:\/\/schema.org","@graph":[{"@type":"WebPage","@id":"https:\/\/mauserpackaging.com\/pl\/careers\/mozliwosci-kariery-w-europie-ameryce-poludniowej-i-azji\/praktyki-zawodowe\/","url":"https:\/\/mauserpackaging.com\/pl\/careers\/mozliwosci-kariery-w-europie-ameryce-poludniowej-i-azji\/praktyki-zawodowe\/","name":"Praktyki zawodowe - Mauser Packaging Solutions","isPartOf":{"@id":"https:\/\/mauserpackaging.com\/pl\/#website"},"datePublished":"2025-02-10T17:22:15+00:00","dateModified":"2025-10-13T18:33:42+00:00","description":"Mauser Packaging Solutions szkoli ka\u017cdego roku oko\u0142o 40 praktykant\u00f3w w 8 r\u00f3\u017cnych zawodach w 4 lokalizacjach w Niemczech.","breadcrumb":{"@id":"https:\/\/mauserpackaging.com\/pl\/careers\/mozliwosci-kariery-w-europie-ameryce-poludniowej-i-azji\/praktyki-zawodowe\/#breadcrumb"},"inLanguage":"pl-PL","potentialAction":[{"@type":"ReadAction","target":["https:\/\/mauserpackaging.com\/pl\/careers\/mozliwosci-kariery-w-europie-ameryce-poludniowej-i-azji\/praktyki-zawodowe\/"]}]},{"@type":"BreadcrumbList","@id":"https:\/\/mauserpackaging.com\/pl\/careers\/mozliwosci-kariery-w-europie-ameryce-poludniowej-i-azji\/praktyki-zawodowe\/#breadcrumb","itemListElement":[{"@type":"ListItem","position":1,"name":"Home","item":"https:\/\/mauserpackaging.com\/pl\/glowna\/"},{"@type":"ListItem","position":2,"name":"Kariery","item":"https:\/\/mauserpackaging.com\/pl\/careers\/"},{"@type":"ListItem","position":3,"name":"Mo\u017cliwo\u015bci kariery w Europie, Ameryce Po\u0142udniowej i Azji","item":"https:\/\/mauserpackaging.com\/pl\/careers\/mozliwosci-kariery-w-europie-ameryce-poludniowej-i-azji\/"},{"@type":"ListItem","position":4,"name":"Praktyki zawodowe"}]},{"@type":"WebSite","@id":"https:\/\/mauserpackaging.com\/pl\/#website","url":"https:\/\/mauserpackaging.com\/pl\/","name":"Mauser Packaging Solutions","description":"Your go-to packaging partner","publisher":{"@id":"https:\/\/mauserpackaging.com\/pl\/#organization"},"alternateName":"Mauser Packaging","potentialAction":[{"@type":"SearchAction","target":{"@type":"EntryPoint","urlTemplate":"https:\/\/mauserpackaging.com\/pl\/?s={search_term_string}"},"query-input":{"@type":"PropertyValueSpecification","valueRequired":true,"valueName":"search_term_string"}}],"inLanguage":"pl-PL"},{"@type":"Organization","@id":"https:\/\/mauserpackaging.com\/pl\/#organization","name":"Mauser Packaging Solutions","alternateName":"Mauser Packaging","url":"https:\/\/mauserpackaging.com\/pl\/","logo":{"@type":"ImageObject","inLanguage":"pl-PL","@id":"https:\/\/mauserpackaging.com\/pl\/#\/schema\/logo\/image\/","url":"https:\/\/mauserpackaging.com\/wp-content\/uploads\/2024\/11\/Mauser_h_RGB.png","contentUrl":"https:\/\/mauserpackaging.com\/wp-content\/uploads\/2024\/11\/Mauser_h_RGB.png","width":1951,"height":600,"caption":"Mauser Packaging Solutions"},"image":{"@id":"https:\/\/mauserpackaging.com\/pl\/#\/schema\/logo\/image\/"},"sameAs":["https:\/\/www.linkedin.com\/company\/mauser-packaging-solutions\/"]}]}},"_links":{"self":[{"href":"https:\/\/mauserpackaging.com\/pl\/wp-json\/wp\/v2\/pages\/20571","targetHints":{"allow":["GET"]}}],"collection":[{"href":"https:\/\/mauserpackaging.com\/pl\/wp-json\/wp\/v2\/pages"}],"about":[{"href":"https:\/\/mauserpackaging.com\/pl\/wp-json\/wp\/v2\/types\/page"}],"author":[{"embeddable":true,"href":"https:\/\/mauserpackaging.com\/pl\/wp-json\/wp\/v2\/users\/1"}],"replies":[{"embeddable":true,"href":"https:\/\/mauserpackaging.com\/pl\/wp-json\/wp\/v2\/comments?post=20571"}],"version-history":[{"count":0,"href":"https:\/\/mauserpackaging.com\/pl\/wp-json\/wp\/v2\/pages\/20571\/revisions"}],"up":[{"embeddable":true,"href":"https:\/\/mauserpackaging.com\/pl\/wp-json\/wp\/v2\/pages\/20570"}],"wp:attachment":[{"href":"https:\/\/mauserpackaging.com\/pl\/wp-json\/wp\/v2\/media?parent=20571"}],"curies":[{"name":"wp","href":"https:\/\/api.w.org\/{rel}","templated":true}]}}