{"id":20570,"date":"2025-02-10T15:13:16","date_gmt":"2025-02-10T15:13:16","guid":{"rendered":"https:\/\/mauserpackstg.wpenginepowered.com\/careers\/mozliwosci-kariery-w-europie-ameryce-poludniowej-i-azji\/"},"modified":"2025-10-22T18:20:33","modified_gmt":"2025-10-22T18:20:33","slug":"mozliwosci-kariery-w-europie-ameryce-poludniowej-i-azji","status":"publish","type":"page","link":"https:\/\/mauserpackaging.com\/pl\/careers\/mozliwosci-kariery-w-europie-ameryce-poludniowej-i-azji\/","title":{"rendered":"Mo\u017cliwo\u015bci kariery w Europie, Ameryce Po\u0142udniowej i Azji"},"content":{"rendered":"<div id=\"cs-content\" class=\"cs-content\"><\/div>\n","protected":false},"excerpt":{"rendered":"<p>Mo\u017cliwo\u015bci kariery w Europie, Ameryce Po\u0142udniowej i AzjiHome Mo\u017cliwo\u015bci kariery mi\u0119dzynarodowejOddzia\u0142y w Europie, Ameryce Po\u0142udniowej i Azji stwarzaj\u0105 doskona\u0142\u0105 okazj\u0119, aby firma Mauser Packaging Solutions by\u0142a bli\u017cej ni\u017c si\u0119 spodziewasz. Stale poszukujemy os\u00f3b o r\u00f3\u017cnorodnych umiej\u0119tno\u015bciach, do\u015bwiadczeniu i kwalifikacjach. Do\u0142\u0105cz do nas i rozwijaj swoj\u0105 \u015bcie\u017ck\u0119 zawodow\u0105 \u2014 niezale\u017cnie, czy planujesz zosta\u0107 z nami na d\u0142u\u017cej, czy zbudowa\u0107 ca\u0142\u0105 karier\u0119&hellip;<\/p>\n","protected":false},"author":1,"featured_media":0,"parent":20569,"menu_order":0,"comment_status":"closed","ping_status":"closed","template":"template-blank-4.php","meta":{"footnotes":""},"class_list":["post-20570","page","type-page","status-publish","hentry","no-post-thumbnail"],"yoast_head":"<!-- This site is optimized with the Yoast SEO Premium plugin v27.4 (Yoast SEO v27.4) - https:\/\/yoast.com\/product\/yoast-seo-premium-wordpress\/ -->\n<title>Mo\u017cliwo\u015bci kariery w Europie, Ameryce Po\u0142udniowej i Azji - Mauser Packaging Solutions<\/title>\n<meta name=\"description\" content=\"Mauser Packaging Solutions posiada zak\u0142ady w Europie, Ameryce Po\u0142udniowej i Azji, dlatego ciekawa oferta pracy mo\u017ce by\u0107 bli\u017cej, ni\u017c my\u015blisz.\" \/>\n<meta name=\"robots\" content=\"index, follow, max-snippet:-1, max-image-preview:large, max-video-preview:-1\" \/>\n<link rel=\"canonical\" href=\"https:\/\/mauserpackaging.com\/pl\/careers\/mozliwosci-kariery-w-europie-ameryce-poludniowej-i-azji\/\" \/>\n<meta property=\"og:locale\" content=\"pl_PL\" \/>\n<meta property=\"og:type\" content=\"article\" \/>\n<meta property=\"og:title\" content=\"Mo\u017cliwo\u015bci kariery w Europie, Ameryce Po\u0142udniowej i Azji\" \/>\n<meta property=\"og:description\" content=\"Mauser Packaging Solutions posiada zak\u0142ady w Europie, Ameryce Po\u0142udniowej i Azji, dlatego ciekawa oferta pracy mo\u017ce by\u0107 bli\u017cej, ni\u017c my\u015blisz.\" \/>\n<meta property=\"og:url\" content=\"https:\/\/mauserpackaging.com\/pl\/careers\/mozliwosci-kariery-w-europie-ameryce-poludniowej-i-azji\/\" \/>\n<meta property=\"og:site_name\" content=\"Mauser Packaging Solutions\" \/>\n<meta property=\"article:modified_time\" content=\"2025-10-22T18:20:33+00:00\" \/>\n<meta property=\"og:image\" content=\"https:\/\/mauserpackaging.com\/wp-content\/uploads\/2026\/03\/Mauser_Default_SiteImage.jpg\" \/>\n\t<meta property=\"og:image:width\" content=\"1200\" \/>\n\t<meta property=\"og:image:height\" content=\"675\" \/>\n\t<meta property=\"og:image:type\" content=\"image\/jpeg\" \/>\n<meta name=\"twitter:card\" content=\"summary_large_image\" \/>\n<meta name=\"twitter:label1\" content=\"Szacowany czas czytania\" \/>\n\t<meta name=\"twitter:data1\" content=\"5 minut\" \/>\n<script type=\"application\/ld+json\" class=\"yoast-schema-graph\">{\"@context\":\"https:\\\/\\\/schema.org\",\"@graph\":[{\"@type\":\"WebPage\",\"@id\":\"https:\\\/\\\/mauserpackaging.com\\\/pl\\\/careers\\\/mozliwosci-kariery-w-europie-ameryce-poludniowej-i-azji\\\/\",\"url\":\"https:\\\/\\\/mauserpackaging.com\\\/pl\\\/careers\\\/mozliwosci-kariery-w-europie-ameryce-poludniowej-i-azji\\\/\",\"name\":\"Mo\u017cliwo\u015bci kariery w Europie, Ameryce Po\u0142udniowej i Azji - Mauser Packaging Solutions\",\"isPartOf\":{\"@id\":\"https:\\\/\\\/mauserpackaging.com\\\/pl\\\/#website\"},\"datePublished\":\"2025-02-10T15:13:16+00:00\",\"dateModified\":\"2025-10-22T18:20:33+00:00\",\"description\":\"Mauser Packaging Solutions posiada zak\u0142ady w Europie, Ameryce Po\u0142udniowej i Azji, dlatego ciekawa oferta pracy mo\u017ce by\u0107 bli\u017cej, ni\u017c my\u015blisz.\",\"breadcrumb\":{\"@id\":\"https:\\\/\\\/mauserpackaging.com\\\/pl\\\/careers\\\/mozliwosci-kariery-w-europie-ameryce-poludniowej-i-azji\\\/#breadcrumb\"},\"inLanguage\":\"pl-PL\",\"potentialAction\":[{\"@type\":\"ReadAction\",\"target\":[\"https:\\\/\\\/mauserpackaging.com\\\/pl\\\/careers\\\/mozliwosci-kariery-w-europie-ameryce-poludniowej-i-azji\\\/\"]}]},{\"@type\":\"BreadcrumbList\",\"@id\":\"https:\\\/\\\/mauserpackaging.com\\\/pl\\\/careers\\\/mozliwosci-kariery-w-europie-ameryce-poludniowej-i-azji\\\/#breadcrumb\",\"itemListElement\":[{\"@type\":\"ListItem\",\"position\":1,\"name\":\"Home\",\"item\":\"https:\\\/\\\/mauserpackaging.com\\\/pl\\\/glowna\\\/\"},{\"@type\":\"ListItem\",\"position\":2,\"name\":\"Kariery\",\"item\":\"https:\\\/\\\/mauserpackaging.com\\\/pl\\\/careers\\\/\"},{\"@type\":\"ListItem\",\"position\":3,\"name\":\"Mo\u017cliwo\u015bci kariery w Europie, Ameryce Po\u0142udniowej i Azji\"}]},{\"@type\":\"WebSite\",\"@id\":\"https:\\\/\\\/mauserpackaging.com\\\/pl\\\/#website\",\"url\":\"https:\\\/\\\/mauserpackaging.com\\\/pl\\\/\",\"name\":\"Mauser Packaging Solutions\",\"description\":\"Your go-to packaging partner\",\"publisher\":{\"@id\":\"https:\\\/\\\/mauserpackaging.com\\\/pl\\\/#organization\"},\"alternateName\":\"Mauser Packaging\",\"potentialAction\":[{\"@type\":\"SearchAction\",\"target\":{\"@type\":\"EntryPoint\",\"urlTemplate\":\"https:\\\/\\\/mauserpackaging.com\\\/pl\\\/?s={search_term_string}\"},\"query-input\":{\"@type\":\"PropertyValueSpecification\",\"valueRequired\":true,\"valueName\":\"search_term_string\"}}],\"inLanguage\":\"pl-PL\"},{\"@type\":\"Organization\",\"@id\":\"https:\\\/\\\/mauserpackaging.com\\\/pl\\\/#organization\",\"name\":\"Mauser Packaging Solutions\",\"alternateName\":\"Mauser Packaging\",\"url\":\"https:\\\/\\\/mauserpackaging.com\\\/pl\\\/\",\"logo\":{\"@type\":\"ImageObject\",\"inLanguage\":\"pl-PL\",\"@id\":\"https:\\\/\\\/mauserpackaging.com\\\/pl\\\/#\\\/schema\\\/logo\\\/image\\\/\",\"url\":\"https:\\\/\\\/mauserpackaging.com\\\/wp-content\\\/uploads\\\/2024\\\/11\\\/Mauser_h_RGB.png\",\"contentUrl\":\"https:\\\/\\\/mauserpackaging.com\\\/wp-content\\\/uploads\\\/2024\\\/11\\\/Mauser_h_RGB.png\",\"width\":1951,\"height\":600,\"caption\":\"Mauser Packaging Solutions\"},\"image\":{\"@id\":\"https:\\\/\\\/mauserpackaging.com\\\/pl\\\/#\\\/schema\\\/logo\\\/image\\\/\"},\"sameAs\":[\"https:\\\/\\\/www.linkedin.com\\\/company\\\/mauser-packaging-solutions\\\/\"]}]}<\/script>\n<!-- \/ Yoast SEO Premium plugin. -->","yoast_head_json":{"title":"Mo\u017cliwo\u015bci kariery w Europie, Ameryce Po\u0142udniowej i Azji - Mauser Packaging Solutions","description":"Mauser Packaging Solutions posiada zak\u0142ady w Europie, Ameryce Po\u0142udniowej i Azji, dlatego ciekawa oferta pracy mo\u017ce by\u0107 bli\u017cej, ni\u017c my\u015blisz.","robots":{"index":"index","follow":"follow","max-snippet":"max-snippet:-1","max-image-preview":"max-image-preview:large","max-video-preview":"max-video-preview:-1"},"canonical":"https:\/\/mauserpackaging.com\/pl\/careers\/mozliwosci-kariery-w-europie-ameryce-poludniowej-i-azji\/","og_locale":"pl_PL","og_type":"article","og_title":"Mo\u017cliwo\u015bci kariery w Europie, Ameryce Po\u0142udniowej i Azji","og_description":"Mauser Packaging Solutions posiada zak\u0142ady w Europie, Ameryce Po\u0142udniowej i Azji, dlatego ciekawa oferta pracy mo\u017ce by\u0107 bli\u017cej, ni\u017c my\u015blisz.","og_url":"https:\/\/mauserpackaging.com\/pl\/careers\/mozliwosci-kariery-w-europie-ameryce-poludniowej-i-azji\/","og_site_name":"Mauser Packaging Solutions","article_modified_time":"2025-10-22T18:20:33+00:00","og_image":[{"width":1200,"height":675,"url":"https:\/\/mauserpackaging.com\/wp-content\/uploads\/2026\/03\/Mauser_Default_SiteImage.jpg","type":"image\/jpeg"}],"twitter_card":"summary_large_image","twitter_misc":{"Szacowany czas czytania":"5 minut"},"schema":{"@context":"https:\/\/schema.org","@graph":[{"@type":"WebPage","@id":"https:\/\/mauserpackaging.com\/pl\/careers\/mozliwosci-kariery-w-europie-ameryce-poludniowej-i-azji\/","url":"https:\/\/mauserpackaging.com\/pl\/careers\/mozliwosci-kariery-w-europie-ameryce-poludniowej-i-azji\/","name":"Mo\u017cliwo\u015bci kariery w Europie, Ameryce Po\u0142udniowej i Azji - Mauser Packaging Solutions","isPartOf":{"@id":"https:\/\/mauserpackaging.com\/pl\/#website"},"datePublished":"2025-02-10T15:13:16+00:00","dateModified":"2025-10-22T18:20:33+00:00","description":"Mauser Packaging Solutions posiada zak\u0142ady w Europie, Ameryce Po\u0142udniowej i Azji, dlatego ciekawa oferta pracy mo\u017ce by\u0107 bli\u017cej, ni\u017c my\u015blisz.","breadcrumb":{"@id":"https:\/\/mauserpackaging.com\/pl\/careers\/mozliwosci-kariery-w-europie-ameryce-poludniowej-i-azji\/#breadcrumb"},"inLanguage":"pl-PL","potentialAction":[{"@type":"ReadAction","target":["https:\/\/mauserpackaging.com\/pl\/careers\/mozliwosci-kariery-w-europie-ameryce-poludniowej-i-azji\/"]}]},{"@type":"BreadcrumbList","@id":"https:\/\/mauserpackaging.com\/pl\/careers\/mozliwosci-kariery-w-europie-ameryce-poludniowej-i-azji\/#breadcrumb","itemListElement":[{"@type":"ListItem","position":1,"name":"Home","item":"https:\/\/mauserpackaging.com\/pl\/glowna\/"},{"@type":"ListItem","position":2,"name":"Kariery","item":"https:\/\/mauserpackaging.com\/pl\/careers\/"},{"@type":"ListItem","position":3,"name":"Mo\u017cliwo\u015bci kariery w Europie, Ameryce Po\u0142udniowej i Azji"}]},{"@type":"WebSite","@id":"https:\/\/mauserpackaging.com\/pl\/#website","url":"https:\/\/mauserpackaging.com\/pl\/","name":"Mauser Packaging Solutions","description":"Your go-to packaging partner","publisher":{"@id":"https:\/\/mauserpackaging.com\/pl\/#organization"},"alternateName":"Mauser Packaging","potentialAction":[{"@type":"SearchAction","target":{"@type":"EntryPoint","urlTemplate":"https:\/\/mauserpackaging.com\/pl\/?s={search_term_string}"},"query-input":{"@type":"PropertyValueSpecification","valueRequired":true,"valueName":"search_term_string"}}],"inLanguage":"pl-PL"},{"@type":"Organization","@id":"https:\/\/mauserpackaging.com\/pl\/#organization","name":"Mauser Packaging Solutions","alternateName":"Mauser Packaging","url":"https:\/\/mauserpackaging.com\/pl\/","logo":{"@type":"ImageObject","inLanguage":"pl-PL","@id":"https:\/\/mauserpackaging.com\/pl\/#\/schema\/logo\/image\/","url":"https:\/\/mauserpackaging.com\/wp-content\/uploads\/2024\/11\/Mauser_h_RGB.png","contentUrl":"https:\/\/mauserpackaging.com\/wp-content\/uploads\/2024\/11\/Mauser_h_RGB.png","width":1951,"height":600,"caption":"Mauser Packaging Solutions"},"image":{"@id":"https:\/\/mauserpackaging.com\/pl\/#\/schema\/logo\/image\/"},"sameAs":["https:\/\/www.linkedin.com\/company\/mauser-packaging-solutions\/"]}]}},"_links":{"self":[{"href":"https:\/\/mauserpackaging.com\/pl\/wp-json\/wp\/v2\/pages\/20570","targetHints":{"allow":["GET"]}}],"collection":[{"href":"https:\/\/mauserpackaging.com\/pl\/wp-json\/wp\/v2\/pages"}],"about":[{"href":"https:\/\/mauserpackaging.com\/pl\/wp-json\/wp\/v2\/types\/page"}],"author":[{"embeddable":true,"href":"https:\/\/mauserpackaging.com\/pl\/wp-json\/wp\/v2\/users\/1"}],"replies":[{"embeddable":true,"href":"https:\/\/mauserpackaging.com\/pl\/wp-json\/wp\/v2\/comments?post=20570"}],"version-history":[{"count":0,"href":"https:\/\/mauserpackaging.com\/pl\/wp-json\/wp\/v2\/pages\/20570\/revisions"}],"up":[{"embeddable":true,"href":"https:\/\/mauserpackaging.com\/pl\/wp-json\/wp\/v2\/pages\/20569"}],"wp:attachment":[{"href":"https:\/\/mauserpackaging.com\/pl\/wp-json\/wp\/v2\/media?parent=20570"}],"curies":[{"name":"wp","href":"https:\/\/api.w.org\/{rel}","templated":true}]}}