{"id":20567,"date":"2025-01-10T20:12:01","date_gmt":"2025-01-10T20:12:01","guid":{"rendered":"https:\/\/mauserpackstg.wpenginepowered.com\/informacje-o-firmie-mauser\/aktualnosci-i-wydarzenia\/"},"modified":"2025-10-07T14:46:12","modified_gmt":"2025-10-07T14:46:12","slug":"aktualnosci-i-wydarzenia","status":"publish","type":"page","link":"https:\/\/mauserpackaging.com\/pl\/informacje-o-firmie-mauser\/aktualnosci-i-wydarzenia\/","title":{"rendered":"Aktualno\u015bci i wydarzenia"},"content":{"rendered":"<div id=\"cs-content\" class=\"cs-content\"><\/div>\n","protected":false},"excerpt":{"rendered":"<p>Aktualno\u015bci i wydarzeniaHomeFeaturedMauser News2026-04-21Building a Sustainable Future \u2013 A Look at our RoadmapCZYTAJ WI\u0118CEJFeaturedMauser News2026-04-07The Subtle Differences in Plastic Drums: Why Different Profiles Matter More Than You ThinkCZYTAJ WI\u0118CEJMauser News2026-04-21Building a Sustainable Future \u2013 A Look at our RoadmapCZYTAJ WI\u0118CEJMauser Event2026-04-17Mauser Packaging Solutions at the Specialty &#038; Agro Chemicals America ShowCZYTAJ WI\u0118CEJMauser News2026-04-07The Subtle Differences in Plastic Drums: Why Different&hellip;<\/p>\n","protected":false},"author":1,"featured_media":0,"parent":20556,"menu_order":0,"comment_status":"closed","ping_status":"closed","template":"template-blank-4.php","meta":{"footnotes":""},"class_list":["post-20567","page","type-page","status-publish","hentry","no-post-thumbnail"],"yoast_head":"<!-- This site is optimized with the Yoast SEO Premium plugin v27.4 (Yoast SEO v27.4) - https:\/\/yoast.com\/product\/yoast-seo-premium-wordpress\/ -->\n<title>Aktualno\u015bci i wydarzenia - Mauser Packaging Solutions<\/title>\n<meta name=\"description\" content=\"Bie\u017c\u0105ce wiadomo\u015bci i wydarzenia Mauser Packaging Solutions.\" \/>\n<meta name=\"robots\" content=\"index, follow, max-snippet:-1, max-image-preview:large, max-video-preview:-1\" \/>\n<link rel=\"canonical\" href=\"https:\/\/mauserpackaging.com\/pl\/informacje-o-firmie-mauser\/aktualnosci-i-wydarzenia\/\" \/>\n<meta property=\"og:locale\" content=\"pl_PL\" \/>\n<meta property=\"og:type\" content=\"article\" \/>\n<meta property=\"og:title\" content=\"Aktualno\u015bci i wydarzenia\" \/>\n<meta property=\"og:description\" content=\"Bie\u017c\u0105ce wiadomo\u015bci i wydarzenia Mauser Packaging Solutions.\" \/>\n<meta property=\"og:url\" content=\"https:\/\/mauserpackaging.com\/pl\/informacje-o-firmie-mauser\/aktualnosci-i-wydarzenia\/\" \/>\n<meta property=\"og:site_name\" content=\"Mauser Packaging Solutions\" \/>\n<meta property=\"article:modified_time\" content=\"2025-10-07T14:46:12+00:00\" \/>\n<meta property=\"og:image\" content=\"https:\/\/mauserpackaging.com\/wp-content\/uploads\/2026\/03\/Mauser_Default_SiteImage.jpg\" \/>\n\t<meta property=\"og:image:width\" content=\"1200\" \/>\n\t<meta property=\"og:image:height\" content=\"675\" \/>\n\t<meta property=\"og:image:type\" content=\"image\/jpeg\" \/>\n<meta name=\"twitter:card\" content=\"summary_large_image\" \/>\n<meta name=\"twitter:label1\" content=\"Szacowany czas czytania\" \/>\n\t<meta name=\"twitter:data1\" content=\"2 minuty\" \/>\n<script type=\"application\/ld+json\" class=\"yoast-schema-graph\">{\"@context\":\"https:\\\/\\\/schema.org\",\"@graph\":[{\"@type\":\"WebPage\",\"@id\":\"https:\\\/\\\/mauserpackaging.com\\\/pl\\\/informacje-o-firmie-mauser\\\/aktualnosci-i-wydarzenia\\\/\",\"url\":\"https:\\\/\\\/mauserpackaging.com\\\/pl\\\/informacje-o-firmie-mauser\\\/aktualnosci-i-wydarzenia\\\/\",\"name\":\"Aktualno\u015bci i wydarzenia - Mauser Packaging Solutions\",\"isPartOf\":{\"@id\":\"https:\\\/\\\/mauserpackaging.com\\\/pl\\\/#website\"},\"datePublished\":\"2025-01-10T20:12:01+00:00\",\"dateModified\":\"2025-10-07T14:46:12+00:00\",\"description\":\"Bie\u017c\u0105ce wiadomo\u015bci i wydarzenia Mauser Packaging Solutions.\",\"breadcrumb\":{\"@id\":\"https:\\\/\\\/mauserpackaging.com\\\/pl\\\/informacje-o-firmie-mauser\\\/aktualnosci-i-wydarzenia\\\/#breadcrumb\"},\"inLanguage\":\"pl-PL\",\"potentialAction\":[{\"@type\":\"ReadAction\",\"target\":[\"https:\\\/\\\/mauserpackaging.com\\\/pl\\\/informacje-o-firmie-mauser\\\/aktualnosci-i-wydarzenia\\\/\"]}]},{\"@type\":\"BreadcrumbList\",\"@id\":\"https:\\\/\\\/mauserpackaging.com\\\/pl\\\/informacje-o-firmie-mauser\\\/aktualnosci-i-wydarzenia\\\/#breadcrumb\",\"itemListElement\":[{\"@type\":\"ListItem\",\"position\":1,\"name\":\"Home\",\"item\":\"https:\\\/\\\/mauserpackaging.com\\\/pl\\\/glowna\\\/\"},{\"@type\":\"ListItem\",\"position\":2,\"name\":\"Informacje o firmie Mauser\",\"item\":\"https:\\\/\\\/mauserpackaging.com\\\/pl\\\/informacje-o-firmie-mauser\\\/\"},{\"@type\":\"ListItem\",\"position\":3,\"name\":\"Aktualno\u015bci i wydarzenia\"}]},{\"@type\":\"WebSite\",\"@id\":\"https:\\\/\\\/mauserpackaging.com\\\/pl\\\/#website\",\"url\":\"https:\\\/\\\/mauserpackaging.com\\\/pl\\\/\",\"name\":\"Mauser Packaging Solutions\",\"description\":\"Your go-to packaging partner\",\"publisher\":{\"@id\":\"https:\\\/\\\/mauserpackaging.com\\\/pl\\\/#organization\"},\"alternateName\":\"Mauser Packaging\",\"potentialAction\":[{\"@type\":\"SearchAction\",\"target\":{\"@type\":\"EntryPoint\",\"urlTemplate\":\"https:\\\/\\\/mauserpackaging.com\\\/pl\\\/?s={search_term_string}\"},\"query-input\":{\"@type\":\"PropertyValueSpecification\",\"valueRequired\":true,\"valueName\":\"search_term_string\"}}],\"inLanguage\":\"pl-PL\"},{\"@type\":\"Organization\",\"@id\":\"https:\\\/\\\/mauserpackaging.com\\\/pl\\\/#organization\",\"name\":\"Mauser Packaging Solutions\",\"alternateName\":\"Mauser Packaging\",\"url\":\"https:\\\/\\\/mauserpackaging.com\\\/pl\\\/\",\"logo\":{\"@type\":\"ImageObject\",\"inLanguage\":\"pl-PL\",\"@id\":\"https:\\\/\\\/mauserpackaging.com\\\/pl\\\/#\\\/schema\\\/logo\\\/image\\\/\",\"url\":\"https:\\\/\\\/mauserpackaging.com\\\/wp-content\\\/uploads\\\/2024\\\/11\\\/Mauser_h_RGB.png\",\"contentUrl\":\"https:\\\/\\\/mauserpackaging.com\\\/wp-content\\\/uploads\\\/2024\\\/11\\\/Mauser_h_RGB.png\",\"width\":1951,\"height\":600,\"caption\":\"Mauser Packaging Solutions\"},\"image\":{\"@id\":\"https:\\\/\\\/mauserpackaging.com\\\/pl\\\/#\\\/schema\\\/logo\\\/image\\\/\"},\"sameAs\":[\"https:\\\/\\\/www.linkedin.com\\\/company\\\/mauser-packaging-solutions\\\/\"]}]}<\/script>\n<!-- \/ Yoast SEO Premium plugin. -->","yoast_head_json":{"title":"Aktualno\u015bci i wydarzenia - Mauser Packaging Solutions","description":"Bie\u017c\u0105ce wiadomo\u015bci i wydarzenia Mauser Packaging Solutions.","robots":{"index":"index","follow":"follow","max-snippet":"max-snippet:-1","max-image-preview":"max-image-preview:large","max-video-preview":"max-video-preview:-1"},"canonical":"https:\/\/mauserpackaging.com\/pl\/informacje-o-firmie-mauser\/aktualnosci-i-wydarzenia\/","og_locale":"pl_PL","og_type":"article","og_title":"Aktualno\u015bci i wydarzenia","og_description":"Bie\u017c\u0105ce wiadomo\u015bci i wydarzenia Mauser Packaging Solutions.","og_url":"https:\/\/mauserpackaging.com\/pl\/informacje-o-firmie-mauser\/aktualnosci-i-wydarzenia\/","og_site_name":"Mauser Packaging Solutions","article_modified_time":"2025-10-07T14:46:12+00:00","og_image":[{"width":1200,"height":675,"url":"https:\/\/mauserpackaging.com\/wp-content\/uploads\/2026\/03\/Mauser_Default_SiteImage.jpg","type":"image\/jpeg"}],"twitter_card":"summary_large_image","twitter_misc":{"Szacowany czas czytania":"2 minuty"},"schema":{"@context":"https:\/\/schema.org","@graph":[{"@type":"WebPage","@id":"https:\/\/mauserpackaging.com\/pl\/informacje-o-firmie-mauser\/aktualnosci-i-wydarzenia\/","url":"https:\/\/mauserpackaging.com\/pl\/informacje-o-firmie-mauser\/aktualnosci-i-wydarzenia\/","name":"Aktualno\u015bci i wydarzenia - Mauser Packaging Solutions","isPartOf":{"@id":"https:\/\/mauserpackaging.com\/pl\/#website"},"datePublished":"2025-01-10T20:12:01+00:00","dateModified":"2025-10-07T14:46:12+00:00","description":"Bie\u017c\u0105ce wiadomo\u015bci i wydarzenia Mauser Packaging Solutions.","breadcrumb":{"@id":"https:\/\/mauserpackaging.com\/pl\/informacje-o-firmie-mauser\/aktualnosci-i-wydarzenia\/#breadcrumb"},"inLanguage":"pl-PL","potentialAction":[{"@type":"ReadAction","target":["https:\/\/mauserpackaging.com\/pl\/informacje-o-firmie-mauser\/aktualnosci-i-wydarzenia\/"]}]},{"@type":"BreadcrumbList","@id":"https:\/\/mauserpackaging.com\/pl\/informacje-o-firmie-mauser\/aktualnosci-i-wydarzenia\/#breadcrumb","itemListElement":[{"@type":"ListItem","position":1,"name":"Home","item":"https:\/\/mauserpackaging.com\/pl\/glowna\/"},{"@type":"ListItem","position":2,"name":"Informacje o firmie Mauser","item":"https:\/\/mauserpackaging.com\/pl\/informacje-o-firmie-mauser\/"},{"@type":"ListItem","position":3,"name":"Aktualno\u015bci i wydarzenia"}]},{"@type":"WebSite","@id":"https:\/\/mauserpackaging.com\/pl\/#website","url":"https:\/\/mauserpackaging.com\/pl\/","name":"Mauser Packaging Solutions","description":"Your go-to packaging partner","publisher":{"@id":"https:\/\/mauserpackaging.com\/pl\/#organization"},"alternateName":"Mauser Packaging","potentialAction":[{"@type":"SearchAction","target":{"@type":"EntryPoint","urlTemplate":"https:\/\/mauserpackaging.com\/pl\/?s={search_term_string}"},"query-input":{"@type":"PropertyValueSpecification","valueRequired":true,"valueName":"search_term_string"}}],"inLanguage":"pl-PL"},{"@type":"Organization","@id":"https:\/\/mauserpackaging.com\/pl\/#organization","name":"Mauser Packaging Solutions","alternateName":"Mauser Packaging","url":"https:\/\/mauserpackaging.com\/pl\/","logo":{"@type":"ImageObject","inLanguage":"pl-PL","@id":"https:\/\/mauserpackaging.com\/pl\/#\/schema\/logo\/image\/","url":"https:\/\/mauserpackaging.com\/wp-content\/uploads\/2024\/11\/Mauser_h_RGB.png","contentUrl":"https:\/\/mauserpackaging.com\/wp-content\/uploads\/2024\/11\/Mauser_h_RGB.png","width":1951,"height":600,"caption":"Mauser Packaging Solutions"},"image":{"@id":"https:\/\/mauserpackaging.com\/pl\/#\/schema\/logo\/image\/"},"sameAs":["https:\/\/www.linkedin.com\/company\/mauser-packaging-solutions\/"]}]}},"_links":{"self":[{"href":"https:\/\/mauserpackaging.com\/pl\/wp-json\/wp\/v2\/pages\/20567","targetHints":{"allow":["GET"]}}],"collection":[{"href":"https:\/\/mauserpackaging.com\/pl\/wp-json\/wp\/v2\/pages"}],"about":[{"href":"https:\/\/mauserpackaging.com\/pl\/wp-json\/wp\/v2\/types\/page"}],"author":[{"embeddable":true,"href":"https:\/\/mauserpackaging.com\/pl\/wp-json\/wp\/v2\/users\/1"}],"replies":[{"embeddable":true,"href":"https:\/\/mauserpackaging.com\/pl\/wp-json\/wp\/v2\/comments?post=20567"}],"version-history":[{"count":0,"href":"https:\/\/mauserpackaging.com\/pl\/wp-json\/wp\/v2\/pages\/20567\/revisions"}],"up":[{"embeddable":true,"href":"https:\/\/mauserpackaging.com\/pl\/wp-json\/wp\/v2\/pages\/20556"}],"wp:attachment":[{"href":"https:\/\/mauserpackaging.com\/pl\/wp-json\/wp\/v2\/media?parent=20567"}],"curies":[{"name":"wp","href":"https:\/\/api.w.org\/{rel}","templated":true}]}}