{"id":20557,"date":"2025-01-10T20:05:01","date_gmt":"2025-01-10T20:05:01","guid":{"rendered":"https:\/\/mauserpackstg.wpenginepowered.com\/informacje-o-firmie-mauser\/kontakt-z-nami\/"},"modified":"2025-10-23T14:52:39","modified_gmt":"2025-10-23T14:52:39","slug":"kontakt-z-nami","status":"publish","type":"page","link":"https:\/\/mauserpackaging.com\/pl\/informacje-o-firmie-mauser\/kontakt-z-nami\/","title":{"rendered":"Kontakt z nami"},"content":{"rendered":"<div id=\"cs-content\" class=\"cs-content\"><\/div>\n","protected":false},"excerpt":{"rendered":"<p>Kontakt z namiHome Skontaktujmy si\u0119 Na pocz\u0105tek potrzebujemy kilku danych. Prosimy o wype\u0142nienie kr\u00f3tkiego formularza poni\u017cej, a my skontaktujemy Ci\u0119 z odpowiedni\u0105 osob\u0105, kt\u00f3ra pomo\u017ce w kwestiach zwi\u0105zanych z opakowaniami. W czym mo\u017cemy Ci pom\u00f3c?Jestem zainteresowanyProsz\u0119 wybra\u0107 opcj\u0119Zapytanie o produktMo\u017cliwo\u015bci zatrudnieniaZapytanie medialneMo\u017cliwo\u015bci dostawc\u00f3wRelacje inwestorskieInnyOpowiedz nam o swoich potrzebach produktowychRegion(wymagane)Wybiera\u0107&#8230;Azja i PacyfikEuropa, Bliski Wsch\u00f3d i AfrykaAmeryka P\u00f3\u0142nocnaAmeryka Po\u0142udniowaKategoria produktu(wymagane)Wybiera\u0107&#8230;ButelkiPuszkiBeczkiPojemniki na \u0142adunki&hellip;<\/p>\n","protected":false},"author":1,"featured_media":0,"parent":20556,"menu_order":0,"comment_status":"closed","ping_status":"closed","template":"template-blank-4.php","meta":{"footnotes":""},"class_list":["post-20557","page","type-page","status-publish","hentry","no-post-thumbnail"],"yoast_head":"<!-- This site is optimized with the Yoast SEO Premium plugin v27.3 (Yoast SEO v27.3) - https:\/\/yoast.com\/product\/yoast-seo-premium-wordpress\/ -->\n<title>Kontakt z nami - Mauser Packaging Solutions<\/title>\n<meta name=\"description\" content=\"Pozw\u00f3l nam wykorzysta\u0107 nasze do\u015bwiadczenie w zakresie opakowa\u0144. Nasz Zesp\u00f3\u0142 Obs\u0142ugi Klienta dysponuje specjalistyczn\u0105 wiedz\u0105 i innowacyjnym podej\u015bciem, aby pom\u00f3c Ci szybko zidentyfikowa\u0107 rozwi\u0105zania opakowaniowe o poszukiwanych przez Ciebie cechach. Pozw\u00f3l nam pom\u00f3c Ci osi\u0105gn\u0105\u0107 Twoje cele biznesowe i cele w zakresie zr\u00f3wnowa\u017conego rozwoju.\" \/>\n<meta name=\"robots\" content=\"index, follow, max-snippet:-1, max-image-preview:large, max-video-preview:-1\" \/>\n<link rel=\"canonical\" href=\"https:\/\/mauserpackaging.com\/pl\/informacje-o-firmie-mauser\/kontakt-z-nami\/\" \/>\n<meta property=\"og:locale\" content=\"pl_PL\" \/>\n<meta property=\"og:type\" content=\"article\" \/>\n<meta property=\"og:title\" content=\"Kontakt z nami\" \/>\n<meta property=\"og:description\" content=\"Pozw\u00f3l nam wykorzysta\u0107 nasze do\u015bwiadczenie w zakresie opakowa\u0144. Nasz Zesp\u00f3\u0142 Obs\u0142ugi Klienta dysponuje specjalistyczn\u0105 wiedz\u0105 i innowacyjnym podej\u015bciem, aby pom\u00f3c Ci szybko zidentyfikowa\u0107 rozwi\u0105zania opakowaniowe o poszukiwanych przez Ciebie cechach. Pozw\u00f3l nam pom\u00f3c Ci osi\u0105gn\u0105\u0107 Twoje cele biznesowe i cele w zakresie zr\u00f3wnowa\u017conego rozwoju.\" \/>\n<meta property=\"og:url\" content=\"https:\/\/mauserpackaging.com\/pl\/informacje-o-firmie-mauser\/kontakt-z-nami\/\" \/>\n<meta property=\"og:site_name\" content=\"Mauser Packaging Solutions\" \/>\n<meta property=\"article:modified_time\" content=\"2025-10-23T14:52:39+00:00\" \/>\n<meta property=\"og:image\" content=\"https:\/\/mauserpackaging.com\/wp-content\/uploads\/2026\/03\/Mauser_Default_SiteImage.jpg\" \/>\n\t<meta property=\"og:image:width\" content=\"1200\" \/>\n\t<meta property=\"og:image:height\" content=\"675\" \/>\n\t<meta property=\"og:image:type\" content=\"image\/jpeg\" \/>\n<meta name=\"twitter:card\" content=\"summary_large_image\" \/>\n<meta name=\"twitter:label1\" content=\"Szacowany czas czytania\" \/>\n\t<meta name=\"twitter:data1\" content=\"3 minuty\" \/>\n<script type=\"application\/ld+json\" class=\"yoast-schema-graph\">{\"@context\":\"https:\\\/\\\/schema.org\",\"@graph\":[{\"@type\":\"WebPage\",\"@id\":\"https:\\\/\\\/mauserpackaging.com\\\/pl\\\/informacje-o-firmie-mauser\\\/kontakt-z-nami\\\/\",\"url\":\"https:\\\/\\\/mauserpackaging.com\\\/pl\\\/informacje-o-firmie-mauser\\\/kontakt-z-nami\\\/\",\"name\":\"Kontakt z nami - Mauser Packaging Solutions\",\"isPartOf\":{\"@id\":\"https:\\\/\\\/mauserpackaging.com\\\/pl\\\/#website\"},\"datePublished\":\"2025-01-10T20:05:01+00:00\",\"dateModified\":\"2025-10-23T14:52:39+00:00\",\"description\":\"Pozw\u00f3l nam wykorzysta\u0107 nasze do\u015bwiadczenie w zakresie opakowa\u0144. Nasz Zesp\u00f3\u0142 Obs\u0142ugi Klienta dysponuje specjalistyczn\u0105 wiedz\u0105 i innowacyjnym podej\u015bciem, aby pom\u00f3c Ci szybko zidentyfikowa\u0107 rozwi\u0105zania opakowaniowe o poszukiwanych przez Ciebie cechach. Pozw\u00f3l nam pom\u00f3c Ci osi\u0105gn\u0105\u0107 Twoje cele biznesowe i cele w zakresie zr\u00f3wnowa\u017conego rozwoju.\",\"breadcrumb\":{\"@id\":\"https:\\\/\\\/mauserpackaging.com\\\/pl\\\/informacje-o-firmie-mauser\\\/kontakt-z-nami\\\/#breadcrumb\"},\"inLanguage\":\"pl-PL\",\"potentialAction\":[{\"@type\":\"ReadAction\",\"target\":[\"https:\\\/\\\/mauserpackaging.com\\\/pl\\\/informacje-o-firmie-mauser\\\/kontakt-z-nami\\\/\"]}]},{\"@type\":\"BreadcrumbList\",\"@id\":\"https:\\\/\\\/mauserpackaging.com\\\/pl\\\/informacje-o-firmie-mauser\\\/kontakt-z-nami\\\/#breadcrumb\",\"itemListElement\":[{\"@type\":\"ListItem\",\"position\":1,\"name\":\"Home\",\"item\":\"https:\\\/\\\/mauserpackaging.com\\\/pl\\\/glowna\\\/\"},{\"@type\":\"ListItem\",\"position\":2,\"name\":\"Informacje o firmie Mauser\",\"item\":\"https:\\\/\\\/mauserpackaging.com\\\/pl\\\/informacje-o-firmie-mauser\\\/\"},{\"@type\":\"ListItem\",\"position\":3,\"name\":\"Kontakt z nami\"}]},{\"@type\":\"WebSite\",\"@id\":\"https:\\\/\\\/mauserpackaging.com\\\/pl\\\/#website\",\"url\":\"https:\\\/\\\/mauserpackaging.com\\\/pl\\\/\",\"name\":\"Mauser Packaging Solutions\",\"description\":\"Your go-to packaging partner\",\"publisher\":{\"@id\":\"https:\\\/\\\/mauserpackaging.com\\\/pl\\\/#organization\"},\"alternateName\":\"Mauser Packaging\",\"potentialAction\":[{\"@type\":\"SearchAction\",\"target\":{\"@type\":\"EntryPoint\",\"urlTemplate\":\"https:\\\/\\\/mauserpackaging.com\\\/pl\\\/?s={search_term_string}\"},\"query-input\":{\"@type\":\"PropertyValueSpecification\",\"valueRequired\":true,\"valueName\":\"search_term_string\"}}],\"inLanguage\":\"pl-PL\"},{\"@type\":\"Organization\",\"@id\":\"https:\\\/\\\/mauserpackaging.com\\\/pl\\\/#organization\",\"name\":\"Mauser Packaging Solutions\",\"alternateName\":\"Mauser Packaging\",\"url\":\"https:\\\/\\\/mauserpackaging.com\\\/pl\\\/\",\"logo\":{\"@type\":\"ImageObject\",\"inLanguage\":\"pl-PL\",\"@id\":\"https:\\\/\\\/mauserpackaging.com\\\/pl\\\/#\\\/schema\\\/logo\\\/image\\\/\",\"url\":\"https:\\\/\\\/mauserpackaging.com\\\/wp-content\\\/uploads\\\/2024\\\/11\\\/Mauser_h_RGB.png\",\"contentUrl\":\"https:\\\/\\\/mauserpackaging.com\\\/wp-content\\\/uploads\\\/2024\\\/11\\\/Mauser_h_RGB.png\",\"width\":1951,\"height\":600,\"caption\":\"Mauser Packaging Solutions\"},\"image\":{\"@id\":\"https:\\\/\\\/mauserpackaging.com\\\/pl\\\/#\\\/schema\\\/logo\\\/image\\\/\"},\"sameAs\":[\"https:\\\/\\\/www.linkedin.com\\\/company\\\/mauser-packaging-solutions\\\/\"]}]}<\/script>\n<!-- \/ Yoast SEO Premium plugin. -->","yoast_head_json":{"title":"Kontakt z nami - Mauser Packaging Solutions","description":"Pozw\u00f3l nam wykorzysta\u0107 nasze do\u015bwiadczenie w zakresie opakowa\u0144. Nasz Zesp\u00f3\u0142 Obs\u0142ugi Klienta dysponuje specjalistyczn\u0105 wiedz\u0105 i innowacyjnym podej\u015bciem, aby pom\u00f3c Ci szybko zidentyfikowa\u0107 rozwi\u0105zania opakowaniowe o poszukiwanych przez Ciebie cechach. Pozw\u00f3l nam pom\u00f3c Ci osi\u0105gn\u0105\u0107 Twoje cele biznesowe i cele w zakresie zr\u00f3wnowa\u017conego rozwoju.","robots":{"index":"index","follow":"follow","max-snippet":"max-snippet:-1","max-image-preview":"max-image-preview:large","max-video-preview":"max-video-preview:-1"},"canonical":"https:\/\/mauserpackaging.com\/pl\/informacje-o-firmie-mauser\/kontakt-z-nami\/","og_locale":"pl_PL","og_type":"article","og_title":"Kontakt z nami","og_description":"Pozw\u00f3l nam wykorzysta\u0107 nasze do\u015bwiadczenie w zakresie opakowa\u0144. Nasz Zesp\u00f3\u0142 Obs\u0142ugi Klienta dysponuje specjalistyczn\u0105 wiedz\u0105 i innowacyjnym podej\u015bciem, aby pom\u00f3c Ci szybko zidentyfikowa\u0107 rozwi\u0105zania opakowaniowe o poszukiwanych przez Ciebie cechach. Pozw\u00f3l nam pom\u00f3c Ci osi\u0105gn\u0105\u0107 Twoje cele biznesowe i cele w zakresie zr\u00f3wnowa\u017conego rozwoju.","og_url":"https:\/\/mauserpackaging.com\/pl\/informacje-o-firmie-mauser\/kontakt-z-nami\/","og_site_name":"Mauser Packaging Solutions","article_modified_time":"2025-10-23T14:52:39+00:00","og_image":[{"width":1200,"height":675,"url":"https:\/\/mauserpackaging.com\/wp-content\/uploads\/2026\/03\/Mauser_Default_SiteImage.jpg","type":"image\/jpeg"}],"twitter_card":"summary_large_image","twitter_misc":{"Szacowany czas czytania":"3 minuty"},"schema":{"@context":"https:\/\/schema.org","@graph":[{"@type":"WebPage","@id":"https:\/\/mauserpackaging.com\/pl\/informacje-o-firmie-mauser\/kontakt-z-nami\/","url":"https:\/\/mauserpackaging.com\/pl\/informacje-o-firmie-mauser\/kontakt-z-nami\/","name":"Kontakt z nami - Mauser Packaging Solutions","isPartOf":{"@id":"https:\/\/mauserpackaging.com\/pl\/#website"},"datePublished":"2025-01-10T20:05:01+00:00","dateModified":"2025-10-23T14:52:39+00:00","description":"Pozw\u00f3l nam wykorzysta\u0107 nasze do\u015bwiadczenie w zakresie opakowa\u0144. Nasz Zesp\u00f3\u0142 Obs\u0142ugi Klienta dysponuje specjalistyczn\u0105 wiedz\u0105 i innowacyjnym podej\u015bciem, aby pom\u00f3c Ci szybko zidentyfikowa\u0107 rozwi\u0105zania opakowaniowe o poszukiwanych przez Ciebie cechach. Pozw\u00f3l nam pom\u00f3c Ci osi\u0105gn\u0105\u0107 Twoje cele biznesowe i cele w zakresie zr\u00f3wnowa\u017conego rozwoju.","breadcrumb":{"@id":"https:\/\/mauserpackaging.com\/pl\/informacje-o-firmie-mauser\/kontakt-z-nami\/#breadcrumb"},"inLanguage":"pl-PL","potentialAction":[{"@type":"ReadAction","target":["https:\/\/mauserpackaging.com\/pl\/informacje-o-firmie-mauser\/kontakt-z-nami\/"]}]},{"@type":"BreadcrumbList","@id":"https:\/\/mauserpackaging.com\/pl\/informacje-o-firmie-mauser\/kontakt-z-nami\/#breadcrumb","itemListElement":[{"@type":"ListItem","position":1,"name":"Home","item":"https:\/\/mauserpackaging.com\/pl\/glowna\/"},{"@type":"ListItem","position":2,"name":"Informacje o firmie Mauser","item":"https:\/\/mauserpackaging.com\/pl\/informacje-o-firmie-mauser\/"},{"@type":"ListItem","position":3,"name":"Kontakt z nami"}]},{"@type":"WebSite","@id":"https:\/\/mauserpackaging.com\/pl\/#website","url":"https:\/\/mauserpackaging.com\/pl\/","name":"Mauser Packaging Solutions","description":"Your go-to packaging partner","publisher":{"@id":"https:\/\/mauserpackaging.com\/pl\/#organization"},"alternateName":"Mauser Packaging","potentialAction":[{"@type":"SearchAction","target":{"@type":"EntryPoint","urlTemplate":"https:\/\/mauserpackaging.com\/pl\/?s={search_term_string}"},"query-input":{"@type":"PropertyValueSpecification","valueRequired":true,"valueName":"search_term_string"}}],"inLanguage":"pl-PL"},{"@type":"Organization","@id":"https:\/\/mauserpackaging.com\/pl\/#organization","name":"Mauser Packaging Solutions","alternateName":"Mauser Packaging","url":"https:\/\/mauserpackaging.com\/pl\/","logo":{"@type":"ImageObject","inLanguage":"pl-PL","@id":"https:\/\/mauserpackaging.com\/pl\/#\/schema\/logo\/image\/","url":"https:\/\/mauserpackaging.com\/wp-content\/uploads\/2024\/11\/Mauser_h_RGB.png","contentUrl":"https:\/\/mauserpackaging.com\/wp-content\/uploads\/2024\/11\/Mauser_h_RGB.png","width":1951,"height":600,"caption":"Mauser Packaging Solutions"},"image":{"@id":"https:\/\/mauserpackaging.com\/pl\/#\/schema\/logo\/image\/"},"sameAs":["https:\/\/www.linkedin.com\/company\/mauser-packaging-solutions\/"]}]}},"_links":{"self":[{"href":"https:\/\/mauserpackaging.com\/pl\/wp-json\/wp\/v2\/pages\/20557","targetHints":{"allow":["GET"]}}],"collection":[{"href":"https:\/\/mauserpackaging.com\/pl\/wp-json\/wp\/v2\/pages"}],"about":[{"href":"https:\/\/mauserpackaging.com\/pl\/wp-json\/wp\/v2\/types\/page"}],"author":[{"embeddable":true,"href":"https:\/\/mauserpackaging.com\/pl\/wp-json\/wp\/v2\/users\/1"}],"replies":[{"embeddable":true,"href":"https:\/\/mauserpackaging.com\/pl\/wp-json\/wp\/v2\/comments?post=20557"}],"version-history":[{"count":0,"href":"https:\/\/mauserpackaging.com\/pl\/wp-json\/wp\/v2\/pages\/20557\/revisions"}],"up":[{"embeddable":true,"href":"https:\/\/mauserpackaging.com\/pl\/wp-json\/wp\/v2\/pages\/20556"}],"wp:attachment":[{"href":"https:\/\/mauserpackaging.com\/pl\/wp-json\/wp\/v2\/media?parent=20557"}],"curies":[{"name":"wp","href":"https:\/\/api.w.org\/{rel}","templated":true}]}}