{"id":20425,"date":"2024-12-17T20:02:38","date_gmt":"2024-12-17T20:02:38","guid":{"rendered":"https:\/\/mauserpackstg.wpenginepowered.com\/puszki-stozkowe-i-pour-top\/"},"modified":"2026-04-01T16:10:19","modified_gmt":"2026-04-01T16:10:19","slug":"puszki-stozkowe-i-pour-top","status":"publish","type":"page","link":"https:\/\/mauserpackaging.com\/pl\/produkty-i-innowacje\/puszki\/puszki-stozkowe-i-pour-top\/","title":{"rendered":"Puszki sto\u017ckowe i Pour-Top"},"content":{"rendered":"<div id=\"cs-content\" class=\"cs-content\"><\/div>\n","protected":false},"excerpt":{"rendered":"<p>Home Puszki sto\u017ckowe i Pour-TopP\u0142ynne i kontrolowane nalewanie Nasze puszki sto\u017ckowe oraz modele Pour Top znajduj\u0105 szerokie zastosowanie w sektorze motoryzacyjnym, paliwowym, lakierniczym, a tak\u017ce w segmencie produkt\u00f3w specjalistycznych. Spotykane s\u0105 zar\u00f3wno w punktach sprzeda\u017cy detalicznej, jak i w warsztatach na ca\u0142ym \u015bwiecie. Dost\u0119pne w r\u00f3\u017cnych pojemno\u015bciach i wariantach szyjek, umo\u017cliwiaj\u0105 precyzyjne dozowanie oraz kontrolowany, p\u0142ynny wyp\u0142yw produktu, zapewniaj\u0105c wygod\u0119&hellip;<\/p>\n","protected":false},"author":1,"featured_media":0,"parent":20426,"menu_order":0,"comment_status":"closed","ping_status":"closed","template":"template-blank-4.php","meta":{"footnotes":""},"class_list":["post-20425","page","type-page","status-publish","hentry","no-post-thumbnail"],"yoast_head":"<!-- This site is optimized with the Yoast SEO Premium plugin v27.4 (Yoast SEO v27.4) - https:\/\/yoast.com\/product\/yoast-seo-premium-wordpress\/ -->\n<title>Puszki sto\u017ckowe i Pour-Top | Mauser Packaging<\/title>\n<meta name=\"description\" content=\"Puszki z metalowym sto\u017ckiem i nakr\u0119tk\u0105 do kontrolowanego nalewania produkt\u00f3w motoryzacyjnych, paliwowych i specjalistycznych, dost\u0119pne na p\u00f3\u0142kach sklepowych i w warsztatach\" \/>\n<meta name=\"robots\" content=\"index, follow, max-snippet:-1, max-image-preview:large, max-video-preview:-1\" \/>\n<link rel=\"canonical\" href=\"https:\/\/mauserpackaging.com\/pl\/produkty-i-innowacje\/puszki\/puszki-stozkowe-i-pour-top\/\" \/>\n<meta property=\"og:locale\" content=\"pl_PL\" \/>\n<meta property=\"og:type\" content=\"article\" \/>\n<meta property=\"og:title\" content=\"Puszki sto\u017ckowe i Pour-Top\" \/>\n<meta property=\"og:description\" content=\"Puszki z metalowym sto\u017ckiem i nakr\u0119tk\u0105 do kontrolowanego nalewania produkt\u00f3w motoryzacyjnych, paliwowych i specjalistycznych, dost\u0119pne na p\u00f3\u0142kach sklepowych i w warsztatach\" \/>\n<meta property=\"og:url\" content=\"https:\/\/mauserpackaging.com\/pl\/produkty-i-innowacje\/puszki\/puszki-stozkowe-i-pour-top\/\" \/>\n<meta property=\"og:site_name\" content=\"Mauser Packaging Solutions\" \/>\n<meta property=\"article:modified_time\" content=\"2026-04-01T16:10:19+00:00\" \/>\n<meta property=\"og:image\" content=\"https:\/\/mauserpackaging.com\/wp-content\/uploads\/2026\/03\/Mauser_Default_SiteImage.jpg\" \/>\n\t<meta property=\"og:image:width\" content=\"1200\" \/>\n\t<meta property=\"og:image:height\" content=\"675\" \/>\n\t<meta property=\"og:image:type\" content=\"image\/jpeg\" \/>\n<meta name=\"twitter:card\" content=\"summary_large_image\" \/>\n<meta name=\"twitter:label1\" content=\"Szacowany czas czytania\" \/>\n\t<meta name=\"twitter:data1\" content=\"7 minut\" \/>\n<script type=\"application\/ld+json\" class=\"yoast-schema-graph\">{\"@context\":\"https:\\\/\\\/schema.org\",\"@graph\":[{\"@type\":\"WebPage\",\"@id\":\"https:\\\/\\\/mauserpackaging.com\\\/pl\\\/produkty-i-innowacje\\\/puszki\\\/puszki-stozkowe-i-pour-top\\\/\",\"url\":\"https:\\\/\\\/mauserpackaging.com\\\/pl\\\/produkty-i-innowacje\\\/puszki\\\/puszki-stozkowe-i-pour-top\\\/\",\"name\":\"Puszki sto\u017ckowe i Pour-Top | Mauser Packaging\",\"isPartOf\":{\"@id\":\"https:\\\/\\\/mauserpackaging.com\\\/pl\\\/#website\"},\"datePublished\":\"2024-12-17T20:02:38+00:00\",\"dateModified\":\"2026-04-01T16:10:19+00:00\",\"description\":\"Puszki z metalowym sto\u017ckiem i nakr\u0119tk\u0105 do kontrolowanego nalewania produkt\u00f3w motoryzacyjnych, paliwowych i specjalistycznych, dost\u0119pne na p\u00f3\u0142kach sklepowych i w warsztatach\",\"breadcrumb\":{\"@id\":\"https:\\\/\\\/mauserpackaging.com\\\/pl\\\/produkty-i-innowacje\\\/puszki\\\/puszki-stozkowe-i-pour-top\\\/#breadcrumb\"},\"inLanguage\":\"pl-PL\",\"potentialAction\":[{\"@type\":\"ReadAction\",\"target\":[\"https:\\\/\\\/mauserpackaging.com\\\/pl\\\/produkty-i-innowacje\\\/puszki\\\/puszki-stozkowe-i-pour-top\\\/\"]}]},{\"@type\":\"BreadcrumbList\",\"@id\":\"https:\\\/\\\/mauserpackaging.com\\\/pl\\\/produkty-i-innowacje\\\/puszki\\\/puszki-stozkowe-i-pour-top\\\/#breadcrumb\",\"itemListElement\":[{\"@type\":\"ListItem\",\"position\":1,\"name\":\"Home\",\"item\":\"https:\\\/\\\/mauserpackaging.com\\\/pl\\\/glowna\\\/\"},{\"@type\":\"ListItem\",\"position\":2,\"name\":\"Produkty i innowacje\",\"item\":\"https:\\\/\\\/mauserpackaging.com\\\/pl\\\/produkty-i-innowacje\\\/\"},{\"@type\":\"ListItem\",\"position\":3,\"name\":\"Puszki\",\"item\":\"https:\\\/\\\/mauserpackaging.com\\\/pl\\\/produkty-i-innowacje\\\/puszki\\\/\"},{\"@type\":\"ListItem\",\"position\":4,\"name\":\"Puszki sto\u017ckowe i Pour-Top\"}]},{\"@type\":\"WebSite\",\"@id\":\"https:\\\/\\\/mauserpackaging.com\\\/pl\\\/#website\",\"url\":\"https:\\\/\\\/mauserpackaging.com\\\/pl\\\/\",\"name\":\"Mauser Packaging Solutions\",\"description\":\"Your go-to packaging partner\",\"publisher\":{\"@id\":\"https:\\\/\\\/mauserpackaging.com\\\/pl\\\/#organization\"},\"alternateName\":\"Mauser Packaging\",\"potentialAction\":[{\"@type\":\"SearchAction\",\"target\":{\"@type\":\"EntryPoint\",\"urlTemplate\":\"https:\\\/\\\/mauserpackaging.com\\\/pl\\\/?s={search_term_string}\"},\"query-input\":{\"@type\":\"PropertyValueSpecification\",\"valueRequired\":true,\"valueName\":\"search_term_string\"}}],\"inLanguage\":\"pl-PL\"},{\"@type\":\"Organization\",\"@id\":\"https:\\\/\\\/mauserpackaging.com\\\/pl\\\/#organization\",\"name\":\"Mauser Packaging Solutions\",\"alternateName\":\"Mauser Packaging\",\"url\":\"https:\\\/\\\/mauserpackaging.com\\\/pl\\\/\",\"logo\":{\"@type\":\"ImageObject\",\"inLanguage\":\"pl-PL\",\"@id\":\"https:\\\/\\\/mauserpackaging.com\\\/pl\\\/#\\\/schema\\\/logo\\\/image\\\/\",\"url\":\"https:\\\/\\\/mauserpackaging.com\\\/wp-content\\\/uploads\\\/2024\\\/11\\\/Mauser_h_RGB.png\",\"contentUrl\":\"https:\\\/\\\/mauserpackaging.com\\\/wp-content\\\/uploads\\\/2024\\\/11\\\/Mauser_h_RGB.png\",\"width\":1951,\"height\":600,\"caption\":\"Mauser Packaging Solutions\"},\"image\":{\"@id\":\"https:\\\/\\\/mauserpackaging.com\\\/pl\\\/#\\\/schema\\\/logo\\\/image\\\/\"},\"sameAs\":[\"https:\\\/\\\/www.linkedin.com\\\/company\\\/mauser-packaging-solutions\\\/\"]}]}<\/script>\n<!-- \/ Yoast SEO Premium plugin. -->","yoast_head_json":{"title":"Puszki sto\u017ckowe i Pour-Top | Mauser Packaging","description":"Puszki z metalowym sto\u017ckiem i nakr\u0119tk\u0105 do kontrolowanego nalewania produkt\u00f3w motoryzacyjnych, paliwowych i specjalistycznych, dost\u0119pne na p\u00f3\u0142kach sklepowych i w warsztatach","robots":{"index":"index","follow":"follow","max-snippet":"max-snippet:-1","max-image-preview":"max-image-preview:large","max-video-preview":"max-video-preview:-1"},"canonical":"https:\/\/mauserpackaging.com\/pl\/produkty-i-innowacje\/puszki\/puszki-stozkowe-i-pour-top\/","og_locale":"pl_PL","og_type":"article","og_title":"Puszki sto\u017ckowe i Pour-Top","og_description":"Puszki z metalowym sto\u017ckiem i nakr\u0119tk\u0105 do kontrolowanego nalewania produkt\u00f3w motoryzacyjnych, paliwowych i specjalistycznych, dost\u0119pne na p\u00f3\u0142kach sklepowych i w warsztatach","og_url":"https:\/\/mauserpackaging.com\/pl\/produkty-i-innowacje\/puszki\/puszki-stozkowe-i-pour-top\/","og_site_name":"Mauser Packaging Solutions","article_modified_time":"2026-04-01T16:10:19+00:00","og_image":[{"width":1200,"height":675,"url":"https:\/\/mauserpackaging.com\/wp-content\/uploads\/2026\/03\/Mauser_Default_SiteImage.jpg","type":"image\/jpeg"}],"twitter_card":"summary_large_image","twitter_misc":{"Szacowany czas czytania":"7 minut"},"schema":{"@context":"https:\/\/schema.org","@graph":[{"@type":"WebPage","@id":"https:\/\/mauserpackaging.com\/pl\/produkty-i-innowacje\/puszki\/puszki-stozkowe-i-pour-top\/","url":"https:\/\/mauserpackaging.com\/pl\/produkty-i-innowacje\/puszki\/puszki-stozkowe-i-pour-top\/","name":"Puszki sto\u017ckowe i Pour-Top | Mauser Packaging","isPartOf":{"@id":"https:\/\/mauserpackaging.com\/pl\/#website"},"datePublished":"2024-12-17T20:02:38+00:00","dateModified":"2026-04-01T16:10:19+00:00","description":"Puszki z metalowym sto\u017ckiem i nakr\u0119tk\u0105 do kontrolowanego nalewania produkt\u00f3w motoryzacyjnych, paliwowych i specjalistycznych, dost\u0119pne na p\u00f3\u0142kach sklepowych i w warsztatach","breadcrumb":{"@id":"https:\/\/mauserpackaging.com\/pl\/produkty-i-innowacje\/puszki\/puszki-stozkowe-i-pour-top\/#breadcrumb"},"inLanguage":"pl-PL","potentialAction":[{"@type":"ReadAction","target":["https:\/\/mauserpackaging.com\/pl\/produkty-i-innowacje\/puszki\/puszki-stozkowe-i-pour-top\/"]}]},{"@type":"BreadcrumbList","@id":"https:\/\/mauserpackaging.com\/pl\/produkty-i-innowacje\/puszki\/puszki-stozkowe-i-pour-top\/#breadcrumb","itemListElement":[{"@type":"ListItem","position":1,"name":"Home","item":"https:\/\/mauserpackaging.com\/pl\/glowna\/"},{"@type":"ListItem","position":2,"name":"Produkty i innowacje","item":"https:\/\/mauserpackaging.com\/pl\/produkty-i-innowacje\/"},{"@type":"ListItem","position":3,"name":"Puszki","item":"https:\/\/mauserpackaging.com\/pl\/produkty-i-innowacje\/puszki\/"},{"@type":"ListItem","position":4,"name":"Puszki sto\u017ckowe i Pour-Top"}]},{"@type":"WebSite","@id":"https:\/\/mauserpackaging.com\/pl\/#website","url":"https:\/\/mauserpackaging.com\/pl\/","name":"Mauser Packaging Solutions","description":"Your go-to packaging partner","publisher":{"@id":"https:\/\/mauserpackaging.com\/pl\/#organization"},"alternateName":"Mauser Packaging","potentialAction":[{"@type":"SearchAction","target":{"@type":"EntryPoint","urlTemplate":"https:\/\/mauserpackaging.com\/pl\/?s={search_term_string}"},"query-input":{"@type":"PropertyValueSpecification","valueRequired":true,"valueName":"search_term_string"}}],"inLanguage":"pl-PL"},{"@type":"Organization","@id":"https:\/\/mauserpackaging.com\/pl\/#organization","name":"Mauser Packaging Solutions","alternateName":"Mauser Packaging","url":"https:\/\/mauserpackaging.com\/pl\/","logo":{"@type":"ImageObject","inLanguage":"pl-PL","@id":"https:\/\/mauserpackaging.com\/pl\/#\/schema\/logo\/image\/","url":"https:\/\/mauserpackaging.com\/wp-content\/uploads\/2024\/11\/Mauser_h_RGB.png","contentUrl":"https:\/\/mauserpackaging.com\/wp-content\/uploads\/2024\/11\/Mauser_h_RGB.png","width":1951,"height":600,"caption":"Mauser Packaging Solutions"},"image":{"@id":"https:\/\/mauserpackaging.com\/pl\/#\/schema\/logo\/image\/"},"sameAs":["https:\/\/www.linkedin.com\/company\/mauser-packaging-solutions\/"]}]}},"_links":{"self":[{"href":"https:\/\/mauserpackaging.com\/pl\/wp-json\/wp\/v2\/pages\/20425","targetHints":{"allow":["GET"]}}],"collection":[{"href":"https:\/\/mauserpackaging.com\/pl\/wp-json\/wp\/v2\/pages"}],"about":[{"href":"https:\/\/mauserpackaging.com\/pl\/wp-json\/wp\/v2\/types\/page"}],"author":[{"embeddable":true,"href":"https:\/\/mauserpackaging.com\/pl\/wp-json\/wp\/v2\/users\/1"}],"replies":[{"embeddable":true,"href":"https:\/\/mauserpackaging.com\/pl\/wp-json\/wp\/v2\/comments?post=20425"}],"version-history":[{"count":0,"href":"https:\/\/mauserpackaging.com\/pl\/wp-json\/wp\/v2\/pages\/20425\/revisions"}],"up":[{"embeddable":true,"href":"https:\/\/mauserpackaging.com\/pl\/wp-json\/wp\/v2\/pages\/20426"}],"wp:attachment":[{"href":"https:\/\/mauserpackaging.com\/pl\/wp-json\/wp\/v2\/media?parent=20425"}],"curies":[{"name":"wp","href":"https:\/\/api.w.org\/{rel}","templated":true}]}}