{"id":20424,"date":"2024-12-17T20:01:54","date_gmt":"2024-12-17T20:01:54","guid":{"rendered":"https:\/\/mauserpackstg.wpenginepowered.com\/puszki-f-style\/"},"modified":"2026-04-01T16:18:49","modified_gmt":"2026-04-01T16:18:49","slug":"puszki-f-style","status":"publish","type":"page","link":"https:\/\/mauserpackaging.com\/pl\/produkty-i-innowacje\/puszki\/puszki-f-style\/","title":{"rendered":"Puszki F-Style"},"content":{"rendered":"<div id=\"cs-content\" class=\"cs-content\"><\/div>\n","protected":false},"excerpt":{"rendered":"<p>Home Puszki F-StyleNiezawodno\u015b\u0107 i r\u00f3\u017cnorodno\u015b\u0107 \u0141atwo\u015b\u0107 transportu i optymalne wykorzystanie przestrzeni to tylko niekt\u00f3re z zalet, dla kt\u00f3rych klienci wybieraj\u0105 nasze puszki pod\u0142u\u017cne typu F-Style. Oferujemy je w szerokim zakresie pojemno\u015bci \u2013 od pinty do jednego galonu \u2013 i jako jedyny dostawca zapewniamy tak kompletn\u0105 gam\u0119 tego typu opakowa\u0144. Puszki F-Style Mauser Packaging Solutions s\u0105 przeznaczone do pakowania rozcie\u0144czalnik\u00f3w, rozpuszczalnik\u00f3w,&hellip;<\/p>\n","protected":false},"author":1,"featured_media":0,"parent":20426,"menu_order":0,"comment_status":"closed","ping_status":"closed","template":"template-blank-4.php","meta":{"footnotes":""},"class_list":["post-20424","page","type-page","status-publish","hentry","no-post-thumbnail"],"yoast_head":"<!-- This site is optimized with the Yoast SEO Premium plugin v27.3 (Yoast SEO v27.3) - https:\/\/yoast.com\/product\/yoast-seo-premium-wordpress\/ -->\n<title>Puszki typu F i pod\u0142u\u017cne | Mauser Packaging<\/title>\n<meta name=\"description\" content=\"Puszki typu F do rozcie\u0144czalnik\u00f3w do farb, rozpuszczalnik\u00f3w i zastosowa\u0144 chemicznych, dost\u0119pne w szerokiej gamie rozmiar\u00f3w \u2013 od p\u00f3\u0142 litra do galona. Szczeg\u00f3\u0142owe dane techniczne i ceny mo\u017cna uzyska\u0107 w firmie Mauser Packaging.\" \/>\n<meta name=\"robots\" content=\"index, follow, max-snippet:-1, max-image-preview:large, max-video-preview:-1\" \/>\n<link rel=\"canonical\" href=\"https:\/\/mauserpackaging.com\/pl\/produkty-i-innowacje\/puszki\/puszki-f-style\/\" \/>\n<meta property=\"og:locale\" content=\"pl_PL\" \/>\n<meta property=\"og:type\" content=\"article\" \/>\n<meta property=\"og:title\" content=\"Puszki F-Style\" \/>\n<meta property=\"og:description\" content=\"Puszki typu F do rozcie\u0144czalnik\u00f3w do farb, rozpuszczalnik\u00f3w i zastosowa\u0144 chemicznych, dost\u0119pne w szerokiej gamie rozmiar\u00f3w \u2013 od p\u00f3\u0142 litra do galona. Szczeg\u00f3\u0142owe dane techniczne i ceny mo\u017cna uzyska\u0107 w firmie Mauser Packaging.\" \/>\n<meta property=\"og:url\" content=\"https:\/\/mauserpackaging.com\/pl\/produkty-i-innowacje\/puszki\/puszki-f-style\/\" \/>\n<meta property=\"og:site_name\" content=\"Mauser Packaging Solutions\" \/>\n<meta property=\"article:modified_time\" content=\"2026-04-01T16:18:49+00:00\" \/>\n<meta property=\"og:image\" content=\"https:\/\/mauserpackaging.com\/wp-content\/uploads\/2026\/03\/Mauser_Default_SiteImage.jpg\" \/>\n\t<meta property=\"og:image:width\" content=\"1200\" \/>\n\t<meta property=\"og:image:height\" content=\"675\" \/>\n\t<meta property=\"og:image:type\" content=\"image\/jpeg\" \/>\n<meta name=\"twitter:card\" content=\"summary_large_image\" \/>\n<meta name=\"twitter:label1\" content=\"Szacowany czas czytania\" \/>\n\t<meta name=\"twitter:data1\" content=\"7 minut\" \/>\n<script type=\"application\/ld+json\" class=\"yoast-schema-graph\">{\"@context\":\"https:\\\/\\\/schema.org\",\"@graph\":[{\"@type\":\"WebPage\",\"@id\":\"https:\\\/\\\/mauserpackaging.com\\\/pl\\\/produkty-i-innowacje\\\/puszki\\\/puszki-f-style\\\/\",\"url\":\"https:\\\/\\\/mauserpackaging.com\\\/pl\\\/produkty-i-innowacje\\\/puszki\\\/puszki-f-style\\\/\",\"name\":\"Puszki typu F i pod\u0142u\u017cne | Mauser Packaging\",\"isPartOf\":{\"@id\":\"https:\\\/\\\/mauserpackaging.com\\\/pl\\\/#website\"},\"datePublished\":\"2024-12-17T20:01:54+00:00\",\"dateModified\":\"2026-04-01T16:18:49+00:00\",\"description\":\"Puszki typu F do rozcie\u0144czalnik\u00f3w do farb, rozpuszczalnik\u00f3w i zastosowa\u0144 chemicznych, dost\u0119pne w szerokiej gamie rozmiar\u00f3w \u2013 od p\u00f3\u0142 litra do galona. Szczeg\u00f3\u0142owe dane techniczne i ceny mo\u017cna uzyska\u0107 w firmie Mauser Packaging.\",\"breadcrumb\":{\"@id\":\"https:\\\/\\\/mauserpackaging.com\\\/pl\\\/produkty-i-innowacje\\\/puszki\\\/puszki-f-style\\\/#breadcrumb\"},\"inLanguage\":\"pl-PL\",\"potentialAction\":[{\"@type\":\"ReadAction\",\"target\":[\"https:\\\/\\\/mauserpackaging.com\\\/pl\\\/produkty-i-innowacje\\\/puszki\\\/puszki-f-style\\\/\"]}]},{\"@type\":\"BreadcrumbList\",\"@id\":\"https:\\\/\\\/mauserpackaging.com\\\/pl\\\/produkty-i-innowacje\\\/puszki\\\/puszki-f-style\\\/#breadcrumb\",\"itemListElement\":[{\"@type\":\"ListItem\",\"position\":1,\"name\":\"Home\",\"item\":\"https:\\\/\\\/mauserpackaging.com\\\/pl\\\/glowna\\\/\"},{\"@type\":\"ListItem\",\"position\":2,\"name\":\"Produkty i innowacje\",\"item\":\"https:\\\/\\\/mauserpackaging.com\\\/pl\\\/produkty-i-innowacje\\\/\"},{\"@type\":\"ListItem\",\"position\":3,\"name\":\"Puszki\",\"item\":\"https:\\\/\\\/mauserpackaging.com\\\/pl\\\/produkty-i-innowacje\\\/puszki\\\/\"},{\"@type\":\"ListItem\",\"position\":4,\"name\":\"Puszki F-Style\"}]},{\"@type\":\"WebSite\",\"@id\":\"https:\\\/\\\/mauserpackaging.com\\\/pl\\\/#website\",\"url\":\"https:\\\/\\\/mauserpackaging.com\\\/pl\\\/\",\"name\":\"Mauser Packaging Solutions\",\"description\":\"Your go-to packaging partner\",\"publisher\":{\"@id\":\"https:\\\/\\\/mauserpackaging.com\\\/pl\\\/#organization\"},\"alternateName\":\"Mauser Packaging\",\"potentialAction\":[{\"@type\":\"SearchAction\",\"target\":{\"@type\":\"EntryPoint\",\"urlTemplate\":\"https:\\\/\\\/mauserpackaging.com\\\/pl\\\/?s={search_term_string}\"},\"query-input\":{\"@type\":\"PropertyValueSpecification\",\"valueRequired\":true,\"valueName\":\"search_term_string\"}}],\"inLanguage\":\"pl-PL\"},{\"@type\":\"Organization\",\"@id\":\"https:\\\/\\\/mauserpackaging.com\\\/pl\\\/#organization\",\"name\":\"Mauser Packaging Solutions\",\"alternateName\":\"Mauser Packaging\",\"url\":\"https:\\\/\\\/mauserpackaging.com\\\/pl\\\/\",\"logo\":{\"@type\":\"ImageObject\",\"inLanguage\":\"pl-PL\",\"@id\":\"https:\\\/\\\/mauserpackaging.com\\\/pl\\\/#\\\/schema\\\/logo\\\/image\\\/\",\"url\":\"https:\\\/\\\/mauserpackaging.com\\\/wp-content\\\/uploads\\\/2024\\\/11\\\/Mauser_h_RGB.png\",\"contentUrl\":\"https:\\\/\\\/mauserpackaging.com\\\/wp-content\\\/uploads\\\/2024\\\/11\\\/Mauser_h_RGB.png\",\"width\":1951,\"height\":600,\"caption\":\"Mauser Packaging Solutions\"},\"image\":{\"@id\":\"https:\\\/\\\/mauserpackaging.com\\\/pl\\\/#\\\/schema\\\/logo\\\/image\\\/\"},\"sameAs\":[\"https:\\\/\\\/www.linkedin.com\\\/company\\\/mauser-packaging-solutions\\\/\"]}]}<\/script>\n<!-- \/ Yoast SEO Premium plugin. -->","yoast_head_json":{"title":"Puszki typu F i pod\u0142u\u017cne | Mauser Packaging","description":"Puszki typu F do rozcie\u0144czalnik\u00f3w do farb, rozpuszczalnik\u00f3w i zastosowa\u0144 chemicznych, dost\u0119pne w szerokiej gamie rozmiar\u00f3w \u2013 od p\u00f3\u0142 litra do galona. Szczeg\u00f3\u0142owe dane techniczne i ceny mo\u017cna uzyska\u0107 w firmie Mauser Packaging.","robots":{"index":"index","follow":"follow","max-snippet":"max-snippet:-1","max-image-preview":"max-image-preview:large","max-video-preview":"max-video-preview:-1"},"canonical":"https:\/\/mauserpackaging.com\/pl\/produkty-i-innowacje\/puszki\/puszki-f-style\/","og_locale":"pl_PL","og_type":"article","og_title":"Puszki F-Style","og_description":"Puszki typu F do rozcie\u0144czalnik\u00f3w do farb, rozpuszczalnik\u00f3w i zastosowa\u0144 chemicznych, dost\u0119pne w szerokiej gamie rozmiar\u00f3w \u2013 od p\u00f3\u0142 litra do galona. Szczeg\u00f3\u0142owe dane techniczne i ceny mo\u017cna uzyska\u0107 w firmie Mauser Packaging.","og_url":"https:\/\/mauserpackaging.com\/pl\/produkty-i-innowacje\/puszki\/puszki-f-style\/","og_site_name":"Mauser Packaging Solutions","article_modified_time":"2026-04-01T16:18:49+00:00","og_image":[{"width":1200,"height":675,"url":"https:\/\/mauserpackaging.com\/wp-content\/uploads\/2026\/03\/Mauser_Default_SiteImage.jpg","type":"image\/jpeg"}],"twitter_card":"summary_large_image","twitter_misc":{"Szacowany czas czytania":"7 minut"},"schema":{"@context":"https:\/\/schema.org","@graph":[{"@type":"WebPage","@id":"https:\/\/mauserpackaging.com\/pl\/produkty-i-innowacje\/puszki\/puszki-f-style\/","url":"https:\/\/mauserpackaging.com\/pl\/produkty-i-innowacje\/puszki\/puszki-f-style\/","name":"Puszki typu F i pod\u0142u\u017cne | Mauser Packaging","isPartOf":{"@id":"https:\/\/mauserpackaging.com\/pl\/#website"},"datePublished":"2024-12-17T20:01:54+00:00","dateModified":"2026-04-01T16:18:49+00:00","description":"Puszki typu F do rozcie\u0144czalnik\u00f3w do farb, rozpuszczalnik\u00f3w i zastosowa\u0144 chemicznych, dost\u0119pne w szerokiej gamie rozmiar\u00f3w \u2013 od p\u00f3\u0142 litra do galona. Szczeg\u00f3\u0142owe dane techniczne i ceny mo\u017cna uzyska\u0107 w firmie Mauser Packaging.","breadcrumb":{"@id":"https:\/\/mauserpackaging.com\/pl\/produkty-i-innowacje\/puszki\/puszki-f-style\/#breadcrumb"},"inLanguage":"pl-PL","potentialAction":[{"@type":"ReadAction","target":["https:\/\/mauserpackaging.com\/pl\/produkty-i-innowacje\/puszki\/puszki-f-style\/"]}]},{"@type":"BreadcrumbList","@id":"https:\/\/mauserpackaging.com\/pl\/produkty-i-innowacje\/puszki\/puszki-f-style\/#breadcrumb","itemListElement":[{"@type":"ListItem","position":1,"name":"Home","item":"https:\/\/mauserpackaging.com\/pl\/glowna\/"},{"@type":"ListItem","position":2,"name":"Produkty i innowacje","item":"https:\/\/mauserpackaging.com\/pl\/produkty-i-innowacje\/"},{"@type":"ListItem","position":3,"name":"Puszki","item":"https:\/\/mauserpackaging.com\/pl\/produkty-i-innowacje\/puszki\/"},{"@type":"ListItem","position":4,"name":"Puszki F-Style"}]},{"@type":"WebSite","@id":"https:\/\/mauserpackaging.com\/pl\/#website","url":"https:\/\/mauserpackaging.com\/pl\/","name":"Mauser Packaging Solutions","description":"Your go-to packaging partner","publisher":{"@id":"https:\/\/mauserpackaging.com\/pl\/#organization"},"alternateName":"Mauser Packaging","potentialAction":[{"@type":"SearchAction","target":{"@type":"EntryPoint","urlTemplate":"https:\/\/mauserpackaging.com\/pl\/?s={search_term_string}"},"query-input":{"@type":"PropertyValueSpecification","valueRequired":true,"valueName":"search_term_string"}}],"inLanguage":"pl-PL"},{"@type":"Organization","@id":"https:\/\/mauserpackaging.com\/pl\/#organization","name":"Mauser Packaging Solutions","alternateName":"Mauser Packaging","url":"https:\/\/mauserpackaging.com\/pl\/","logo":{"@type":"ImageObject","inLanguage":"pl-PL","@id":"https:\/\/mauserpackaging.com\/pl\/#\/schema\/logo\/image\/","url":"https:\/\/mauserpackaging.com\/wp-content\/uploads\/2024\/11\/Mauser_h_RGB.png","contentUrl":"https:\/\/mauserpackaging.com\/wp-content\/uploads\/2024\/11\/Mauser_h_RGB.png","width":1951,"height":600,"caption":"Mauser Packaging Solutions"},"image":{"@id":"https:\/\/mauserpackaging.com\/pl\/#\/schema\/logo\/image\/"},"sameAs":["https:\/\/www.linkedin.com\/company\/mauser-packaging-solutions\/"]}]}},"_links":{"self":[{"href":"https:\/\/mauserpackaging.com\/pl\/wp-json\/wp\/v2\/pages\/20424","targetHints":{"allow":["GET"]}}],"collection":[{"href":"https:\/\/mauserpackaging.com\/pl\/wp-json\/wp\/v2\/pages"}],"about":[{"href":"https:\/\/mauserpackaging.com\/pl\/wp-json\/wp\/v2\/types\/page"}],"author":[{"embeddable":true,"href":"https:\/\/mauserpackaging.com\/pl\/wp-json\/wp\/v2\/users\/1"}],"replies":[{"embeddable":true,"href":"https:\/\/mauserpackaging.com\/pl\/wp-json\/wp\/v2\/comments?post=20424"}],"version-history":[{"count":0,"href":"https:\/\/mauserpackaging.com\/pl\/wp-json\/wp\/v2\/pages\/20424\/revisions"}],"up":[{"embeddable":true,"href":"https:\/\/mauserpackaging.com\/pl\/wp-json\/wp\/v2\/pages\/20426"}],"wp:attachment":[{"href":"https:\/\/mauserpackaging.com\/pl\/wp-json\/wp\/v2\/media?parent=20424"}],"curies":[{"name":"wp","href":"https:\/\/api.w.org\/{rel}","templated":true}]}}