{"id":20423,"date":"2024-12-17T20:00:45","date_gmt":"2024-12-17T20:00:45","guid":{"rendered":"https:\/\/mauserpackstg.wpenginepowered.com\/puszki-oleju\/"},"modified":"2025-12-05T18:36:48","modified_gmt":"2025-12-05T18:36:48","slug":"puszki-oleju","status":"publish","type":"page","link":"https:\/\/mauserpackaging.com\/pl\/produkty-i-innowacje\/puszki\/puszki-oleju\/","title":{"rendered":"Puszki oleju"},"content":{"rendered":"<div id=\"cs-content\" class=\"cs-content\"><\/div>\n","protected":false},"excerpt":{"rendered":"<p>Home Puszki olejuMo\u017cliwo\u015bci najlepsze w swojej klasie Olej nap\u0119dza rozw\u00f3j gospodarki. Wspieramy transport produkt\u00f3w olejowych, takich jak oleje silnikowe, smary lotnicze czy p\u0142yny hydrauliczne, oferuj\u0105c wytrzyma\u0142e, w pe\u0142ni metalowe puszki, kt\u00f3re u\u0142atwiaj\u0105 logistyk\u0119 i magazynowanie. Dzi\u0119ki mo\u017cliwo\u015bci pe\u0142nego znakowania nasze opakowania pomagaj\u0105 wyr\u00f3\u017cni\u0107 mark\u0119 na rynku. Dodatkowo, elastyczne zako\u0144czenia puszek stanowi\u0105 kompleksowe rozwi\u0105zanie dla r\u00f3\u017cnych potrzeb pakowania. Puszki olejowe wykonane&hellip;<\/p>\n","protected":false},"author":1,"featured_media":0,"parent":20426,"menu_order":0,"comment_status":"closed","ping_status":"closed","template":"template-blank-4.php","meta":{"footnotes":""},"class_list":["post-20423","page","type-page","status-publish","hentry","no-post-thumbnail"],"yoast_head":"<!-- This site is optimized with the Yoast SEO Premium plugin v27.3 (Yoast SEO v27.3) - https:\/\/yoast.com\/product\/yoast-seo-premium-wordpress\/ -->\n<title>Puszki oleju - Mauser Packaging Solutions<\/title>\n<meta name=\"description\" content=\"Wspieramy transport produkt\u00f3w olejowych, takich jak oleje silnikowe, smary lotnicze czy p\u0142yny hydrauliczne, oferuj\u0105c wytrzyma\u0142e, w pe\u0142ni metalowe puszki, kt\u00f3re u\u0142atwiaj\u0105 logistyk\u0119 i magazynowanie.\" \/>\n<meta name=\"robots\" content=\"index, follow, max-snippet:-1, max-image-preview:large, max-video-preview:-1\" \/>\n<link rel=\"canonical\" href=\"https:\/\/mauserpackaging.com\/pl\/produkty-i-innowacje\/puszki\/puszki-oleju\/\" \/>\n<meta property=\"og:locale\" content=\"pl_PL\" \/>\n<meta property=\"og:type\" content=\"article\" \/>\n<meta property=\"og:title\" content=\"Puszki oleju\" \/>\n<meta property=\"og:description\" content=\"Wspieramy transport produkt\u00f3w olejowych, takich jak oleje silnikowe, smary lotnicze czy p\u0142yny hydrauliczne, oferuj\u0105c wytrzyma\u0142e, w pe\u0142ni metalowe puszki, kt\u00f3re u\u0142atwiaj\u0105 logistyk\u0119 i magazynowanie.\" \/>\n<meta property=\"og:url\" content=\"https:\/\/mauserpackaging.com\/pl\/produkty-i-innowacje\/puszki\/puszki-oleju\/\" \/>\n<meta property=\"og:site_name\" content=\"Mauser Packaging Solutions\" \/>\n<meta property=\"article:modified_time\" content=\"2025-12-05T18:36:48+00:00\" \/>\n<meta property=\"og:image\" content=\"https:\/\/mauserpackaging.com\/wp-content\/uploads\/2026\/03\/Mauser_Default_SiteImage.jpg\" \/>\n\t<meta property=\"og:image:width\" content=\"1200\" \/>\n\t<meta property=\"og:image:height\" content=\"675\" \/>\n\t<meta property=\"og:image:type\" content=\"image\/jpeg\" \/>\n<meta name=\"twitter:card\" content=\"summary_large_image\" \/>\n<meta name=\"twitter:label1\" content=\"Szacowany czas czytania\" \/>\n\t<meta name=\"twitter:data1\" content=\"6 minut\" \/>\n<script type=\"application\/ld+json\" class=\"yoast-schema-graph\">{\"@context\":\"https:\\\/\\\/schema.org\",\"@graph\":[{\"@type\":\"WebPage\",\"@id\":\"https:\\\/\\\/mauserpackaging.com\\\/pl\\\/produkty-i-innowacje\\\/puszki\\\/puszki-oleju\\\/\",\"url\":\"https:\\\/\\\/mauserpackaging.com\\\/pl\\\/produkty-i-innowacje\\\/puszki\\\/puszki-oleju\\\/\",\"name\":\"Puszki oleju - Mauser Packaging Solutions\",\"isPartOf\":{\"@id\":\"https:\\\/\\\/mauserpackaging.com\\\/pl\\\/#website\"},\"datePublished\":\"2024-12-17T20:00:45+00:00\",\"dateModified\":\"2025-12-05T18:36:48+00:00\",\"description\":\"Wspieramy transport produkt\u00f3w olejowych, takich jak oleje silnikowe, smary lotnicze czy p\u0142yny hydrauliczne, oferuj\u0105c wytrzyma\u0142e, w pe\u0142ni metalowe puszki, kt\u00f3re u\u0142atwiaj\u0105 logistyk\u0119 i magazynowanie.\",\"breadcrumb\":{\"@id\":\"https:\\\/\\\/mauserpackaging.com\\\/pl\\\/produkty-i-innowacje\\\/puszki\\\/puszki-oleju\\\/#breadcrumb\"},\"inLanguage\":\"pl-PL\",\"potentialAction\":[{\"@type\":\"ReadAction\",\"target\":[\"https:\\\/\\\/mauserpackaging.com\\\/pl\\\/produkty-i-innowacje\\\/puszki\\\/puszki-oleju\\\/\"]}]},{\"@type\":\"BreadcrumbList\",\"@id\":\"https:\\\/\\\/mauserpackaging.com\\\/pl\\\/produkty-i-innowacje\\\/puszki\\\/puszki-oleju\\\/#breadcrumb\",\"itemListElement\":[{\"@type\":\"ListItem\",\"position\":1,\"name\":\"Home\",\"item\":\"https:\\\/\\\/mauserpackaging.com\\\/pl\\\/glowna\\\/\"},{\"@type\":\"ListItem\",\"position\":2,\"name\":\"Produkty i innowacje\",\"item\":\"https:\\\/\\\/mauserpackaging.com\\\/pl\\\/produkty-i-innowacje\\\/\"},{\"@type\":\"ListItem\",\"position\":3,\"name\":\"Puszki\",\"item\":\"https:\\\/\\\/mauserpackaging.com\\\/pl\\\/produkty-i-innowacje\\\/puszki\\\/\"},{\"@type\":\"ListItem\",\"position\":4,\"name\":\"Puszki oleju\"}]},{\"@type\":\"WebSite\",\"@id\":\"https:\\\/\\\/mauserpackaging.com\\\/pl\\\/#website\",\"url\":\"https:\\\/\\\/mauserpackaging.com\\\/pl\\\/\",\"name\":\"Mauser Packaging Solutions\",\"description\":\"Your go-to packaging partner\",\"publisher\":{\"@id\":\"https:\\\/\\\/mauserpackaging.com\\\/pl\\\/#organization\"},\"alternateName\":\"Mauser Packaging\",\"potentialAction\":[{\"@type\":\"SearchAction\",\"target\":{\"@type\":\"EntryPoint\",\"urlTemplate\":\"https:\\\/\\\/mauserpackaging.com\\\/pl\\\/?s={search_term_string}\"},\"query-input\":{\"@type\":\"PropertyValueSpecification\",\"valueRequired\":true,\"valueName\":\"search_term_string\"}}],\"inLanguage\":\"pl-PL\"},{\"@type\":\"Organization\",\"@id\":\"https:\\\/\\\/mauserpackaging.com\\\/pl\\\/#organization\",\"name\":\"Mauser Packaging Solutions\",\"alternateName\":\"Mauser Packaging\",\"url\":\"https:\\\/\\\/mauserpackaging.com\\\/pl\\\/\",\"logo\":{\"@type\":\"ImageObject\",\"inLanguage\":\"pl-PL\",\"@id\":\"https:\\\/\\\/mauserpackaging.com\\\/pl\\\/#\\\/schema\\\/logo\\\/image\\\/\",\"url\":\"https:\\\/\\\/mauserpackaging.com\\\/wp-content\\\/uploads\\\/2024\\\/11\\\/Mauser_h_RGB.png\",\"contentUrl\":\"https:\\\/\\\/mauserpackaging.com\\\/wp-content\\\/uploads\\\/2024\\\/11\\\/Mauser_h_RGB.png\",\"width\":1951,\"height\":600,\"caption\":\"Mauser Packaging Solutions\"},\"image\":{\"@id\":\"https:\\\/\\\/mauserpackaging.com\\\/pl\\\/#\\\/schema\\\/logo\\\/image\\\/\"},\"sameAs\":[\"https:\\\/\\\/www.linkedin.com\\\/company\\\/mauser-packaging-solutions\\\/\"]}]}<\/script>\n<!-- \/ Yoast SEO Premium plugin. -->","yoast_head_json":{"title":"Puszki oleju - Mauser Packaging Solutions","description":"Wspieramy transport produkt\u00f3w olejowych, takich jak oleje silnikowe, smary lotnicze czy p\u0142yny hydrauliczne, oferuj\u0105c wytrzyma\u0142e, w pe\u0142ni metalowe puszki, kt\u00f3re u\u0142atwiaj\u0105 logistyk\u0119 i magazynowanie.","robots":{"index":"index","follow":"follow","max-snippet":"max-snippet:-1","max-image-preview":"max-image-preview:large","max-video-preview":"max-video-preview:-1"},"canonical":"https:\/\/mauserpackaging.com\/pl\/produkty-i-innowacje\/puszki\/puszki-oleju\/","og_locale":"pl_PL","og_type":"article","og_title":"Puszki oleju","og_description":"Wspieramy transport produkt\u00f3w olejowych, takich jak oleje silnikowe, smary lotnicze czy p\u0142yny hydrauliczne, oferuj\u0105c wytrzyma\u0142e, w pe\u0142ni metalowe puszki, kt\u00f3re u\u0142atwiaj\u0105 logistyk\u0119 i magazynowanie.","og_url":"https:\/\/mauserpackaging.com\/pl\/produkty-i-innowacje\/puszki\/puszki-oleju\/","og_site_name":"Mauser Packaging Solutions","article_modified_time":"2025-12-05T18:36:48+00:00","og_image":[{"width":1200,"height":675,"url":"https:\/\/mauserpackaging.com\/wp-content\/uploads\/2026\/03\/Mauser_Default_SiteImage.jpg","type":"image\/jpeg"}],"twitter_card":"summary_large_image","twitter_misc":{"Szacowany czas czytania":"6 minut"},"schema":{"@context":"https:\/\/schema.org","@graph":[{"@type":"WebPage","@id":"https:\/\/mauserpackaging.com\/pl\/produkty-i-innowacje\/puszki\/puszki-oleju\/","url":"https:\/\/mauserpackaging.com\/pl\/produkty-i-innowacje\/puszki\/puszki-oleju\/","name":"Puszki oleju - Mauser Packaging Solutions","isPartOf":{"@id":"https:\/\/mauserpackaging.com\/pl\/#website"},"datePublished":"2024-12-17T20:00:45+00:00","dateModified":"2025-12-05T18:36:48+00:00","description":"Wspieramy transport produkt\u00f3w olejowych, takich jak oleje silnikowe, smary lotnicze czy p\u0142yny hydrauliczne, oferuj\u0105c wytrzyma\u0142e, w pe\u0142ni metalowe puszki, kt\u00f3re u\u0142atwiaj\u0105 logistyk\u0119 i magazynowanie.","breadcrumb":{"@id":"https:\/\/mauserpackaging.com\/pl\/produkty-i-innowacje\/puszki\/puszki-oleju\/#breadcrumb"},"inLanguage":"pl-PL","potentialAction":[{"@type":"ReadAction","target":["https:\/\/mauserpackaging.com\/pl\/produkty-i-innowacje\/puszki\/puszki-oleju\/"]}]},{"@type":"BreadcrumbList","@id":"https:\/\/mauserpackaging.com\/pl\/produkty-i-innowacje\/puszki\/puszki-oleju\/#breadcrumb","itemListElement":[{"@type":"ListItem","position":1,"name":"Home","item":"https:\/\/mauserpackaging.com\/pl\/glowna\/"},{"@type":"ListItem","position":2,"name":"Produkty i innowacje","item":"https:\/\/mauserpackaging.com\/pl\/produkty-i-innowacje\/"},{"@type":"ListItem","position":3,"name":"Puszki","item":"https:\/\/mauserpackaging.com\/pl\/produkty-i-innowacje\/puszki\/"},{"@type":"ListItem","position":4,"name":"Puszki oleju"}]},{"@type":"WebSite","@id":"https:\/\/mauserpackaging.com\/pl\/#website","url":"https:\/\/mauserpackaging.com\/pl\/","name":"Mauser Packaging Solutions","description":"Your go-to packaging partner","publisher":{"@id":"https:\/\/mauserpackaging.com\/pl\/#organization"},"alternateName":"Mauser Packaging","potentialAction":[{"@type":"SearchAction","target":{"@type":"EntryPoint","urlTemplate":"https:\/\/mauserpackaging.com\/pl\/?s={search_term_string}"},"query-input":{"@type":"PropertyValueSpecification","valueRequired":true,"valueName":"search_term_string"}}],"inLanguage":"pl-PL"},{"@type":"Organization","@id":"https:\/\/mauserpackaging.com\/pl\/#organization","name":"Mauser Packaging Solutions","alternateName":"Mauser Packaging","url":"https:\/\/mauserpackaging.com\/pl\/","logo":{"@type":"ImageObject","inLanguage":"pl-PL","@id":"https:\/\/mauserpackaging.com\/pl\/#\/schema\/logo\/image\/","url":"https:\/\/mauserpackaging.com\/wp-content\/uploads\/2024\/11\/Mauser_h_RGB.png","contentUrl":"https:\/\/mauserpackaging.com\/wp-content\/uploads\/2024\/11\/Mauser_h_RGB.png","width":1951,"height":600,"caption":"Mauser Packaging Solutions"},"image":{"@id":"https:\/\/mauserpackaging.com\/pl\/#\/schema\/logo\/image\/"},"sameAs":["https:\/\/www.linkedin.com\/company\/mauser-packaging-solutions\/"]}]}},"_links":{"self":[{"href":"https:\/\/mauserpackaging.com\/pl\/wp-json\/wp\/v2\/pages\/20423","targetHints":{"allow":["GET"]}}],"collection":[{"href":"https:\/\/mauserpackaging.com\/pl\/wp-json\/wp\/v2\/pages"}],"about":[{"href":"https:\/\/mauserpackaging.com\/pl\/wp-json\/wp\/v2\/types\/page"}],"author":[{"embeddable":true,"href":"https:\/\/mauserpackaging.com\/pl\/wp-json\/wp\/v2\/users\/1"}],"replies":[{"embeddable":true,"href":"https:\/\/mauserpackaging.com\/pl\/wp-json\/wp\/v2\/comments?post=20423"}],"version-history":[{"count":0,"href":"https:\/\/mauserpackaging.com\/pl\/wp-json\/wp\/v2\/pages\/20423\/revisions"}],"up":[{"embeddable":true,"href":"https:\/\/mauserpackaging.com\/pl\/wp-json\/wp\/v2\/pages\/20426"}],"wp:attachment":[{"href":"https:\/\/mauserpackaging.com\/pl\/wp-json\/wp\/v2\/media?parent=20423"}],"curies":[{"name":"wp","href":"https:\/\/api.w.org\/{rel}","templated":true}]}}