{"id":20411,"date":"2024-12-17T18:48:19","date_gmt":"2024-12-17T18:48:19","guid":{"rendered":"https:\/\/mauserpackstg.wpenginepowered.com\/calkowicie-plastikowe-ukladane-ibc\/"},"modified":"2025-10-22T19:39:29","modified_gmt":"2025-10-22T19:39:29","slug":"calkowicie-plastikowe-ukladane-ibc","status":"publish","type":"page","link":"https:\/\/mauserpackaging.com\/pl\/produkty-i-innowacje\/pojemniki-na-ladunki-masowe-o-sredniej-pojemnosci\/calkowicie-plastikowe-ukladane-ibc\/","title":{"rendered":"Ca\u0142kowicie plastikowe uk\u0142adane IBC"},"content":{"rendered":"<div id=\"cs-content\" class=\"cs-content\"><\/div>\n","protected":false},"excerpt":{"rendered":"<p>Home Ca\u0142kowicie plastikowe uk\u0142adane IBCBezpieczne, zabezpieczone, zr\u00f3wnowa\u017cone Idealne do przechowywania i transportu chemikali\u00f3w, smar\u00f3w, kwas\u00f3w, pow\u0142ok i innych substancji, w pe\u0142ni plastikowe IBC Mauser Packaging Solutions zapewniaj\u0105 u\u017cytkownikom wy\u017csz\u0105 trwa\u0142o\u015b\u0107 i efektywno\u015b\u0107. Dost\u0119pne w rozmiarach 275 galon\u00f3w, 330 galon\u00f3w oraz w wersjach niestandardowych, nasze ca\u0142kowicie plastikowe, formowane obrotowo IBC z certyfikatem UN s\u0105 przeznaczone do przewozu i dystrybucji materia\u0142\u00f3w niebezpiecznych.&hellip;<\/p>\n","protected":false},"author":1,"featured_media":0,"parent":20414,"menu_order":0,"comment_status":"closed","ping_status":"closed","template":"template-blank-4.php","meta":{"footnotes":""},"class_list":["post-20411","page","type-page","status-publish","hentry","no-post-thumbnail"],"yoast_head":"<!-- This site is optimized with the Yoast SEO Premium plugin v27.3 (Yoast SEO v27.3) - https:\/\/yoast.com\/product\/yoast-seo-premium-wordpress\/ -->\n<title>Ca\u0142kowicie plastikowe uk\u0142adane IBC - Mauser Packaging Solutions<\/title>\n<meta name=\"description\" content=\"Idealne do przechowywania i transportu chemikali\u00f3w, smar\u00f3w, kwas\u00f3w, pow\u0142ok i innych substancji, w pe\u0142ni plastikowe IBC Mauser Packaging Solutions zapewniaj\u0105 u\u017cytkownikom wy\u017csz\u0105 trwa\u0142o\u015b\u0107 i efektywno\u015b\u0107.\" \/>\n<meta name=\"robots\" content=\"index, follow, max-snippet:-1, max-image-preview:large, max-video-preview:-1\" \/>\n<link rel=\"canonical\" href=\"https:\/\/mauserpackaging.com\/pl\/produkty-i-innowacje\/pojemniki-na-ladunki-masowe-o-sredniej-pojemnosci\/calkowicie-plastikowe-ukladane-ibc\/\" \/>\n<meta property=\"og:locale\" content=\"pl_PL\" \/>\n<meta property=\"og:type\" content=\"article\" \/>\n<meta property=\"og:title\" content=\"Ca\u0142kowicie plastikowe uk\u0142adane IBC\" \/>\n<meta property=\"og:description\" content=\"Idealne do przechowywania i transportu chemikali\u00f3w, smar\u00f3w, kwas\u00f3w, pow\u0142ok i innych substancji, w pe\u0142ni plastikowe IBC Mauser Packaging Solutions zapewniaj\u0105 u\u017cytkownikom wy\u017csz\u0105 trwa\u0142o\u015b\u0107 i efektywno\u015b\u0107.\" \/>\n<meta property=\"og:url\" content=\"https:\/\/mauserpackaging.com\/pl\/produkty-i-innowacje\/pojemniki-na-ladunki-masowe-o-sredniej-pojemnosci\/calkowicie-plastikowe-ukladane-ibc\/\" \/>\n<meta property=\"og:site_name\" content=\"Mauser Packaging Solutions\" \/>\n<meta property=\"article:modified_time\" content=\"2025-10-22T19:39:29+00:00\" \/>\n<meta property=\"og:image\" content=\"https:\/\/mauserpackaging.com\/wp-content\/uploads\/2026\/03\/Mauser_Default_SiteImage.jpg\" \/>\n\t<meta property=\"og:image:width\" content=\"1200\" \/>\n\t<meta property=\"og:image:height\" content=\"675\" \/>\n\t<meta property=\"og:image:type\" content=\"image\/jpeg\" \/>\n<meta name=\"twitter:card\" content=\"summary_large_image\" \/>\n<meta name=\"twitter:label1\" content=\"Szacowany czas czytania\" \/>\n\t<meta name=\"twitter:data1\" content=\"7 minut\" \/>\n<script type=\"application\/ld+json\" class=\"yoast-schema-graph\">{\"@context\":\"https:\\\/\\\/schema.org\",\"@graph\":[{\"@type\":\"WebPage\",\"@id\":\"https:\\\/\\\/mauserpackaging.com\\\/pl\\\/produkty-i-innowacje\\\/pojemniki-na-ladunki-masowe-o-sredniej-pojemnosci\\\/calkowicie-plastikowe-ukladane-ibc\\\/\",\"url\":\"https:\\\/\\\/mauserpackaging.com\\\/pl\\\/produkty-i-innowacje\\\/pojemniki-na-ladunki-masowe-o-sredniej-pojemnosci\\\/calkowicie-plastikowe-ukladane-ibc\\\/\",\"name\":\"Ca\u0142kowicie plastikowe uk\u0142adane IBC - Mauser Packaging Solutions\",\"isPartOf\":{\"@id\":\"https:\\\/\\\/mauserpackaging.com\\\/pl\\\/#website\"},\"datePublished\":\"2024-12-17T18:48:19+00:00\",\"dateModified\":\"2025-10-22T19:39:29+00:00\",\"description\":\"Idealne do przechowywania i transportu chemikali\u00f3w, smar\u00f3w, kwas\u00f3w, pow\u0142ok i innych substancji, w pe\u0142ni plastikowe IBC Mauser Packaging Solutions zapewniaj\u0105 u\u017cytkownikom wy\u017csz\u0105 trwa\u0142o\u015b\u0107 i efektywno\u015b\u0107.\",\"breadcrumb\":{\"@id\":\"https:\\\/\\\/mauserpackaging.com\\\/pl\\\/produkty-i-innowacje\\\/pojemniki-na-ladunki-masowe-o-sredniej-pojemnosci\\\/calkowicie-plastikowe-ukladane-ibc\\\/#breadcrumb\"},\"inLanguage\":\"pl-PL\",\"potentialAction\":[{\"@type\":\"ReadAction\",\"target\":[\"https:\\\/\\\/mauserpackaging.com\\\/pl\\\/produkty-i-innowacje\\\/pojemniki-na-ladunki-masowe-o-sredniej-pojemnosci\\\/calkowicie-plastikowe-ukladane-ibc\\\/\"]}]},{\"@type\":\"BreadcrumbList\",\"@id\":\"https:\\\/\\\/mauserpackaging.com\\\/pl\\\/produkty-i-innowacje\\\/pojemniki-na-ladunki-masowe-o-sredniej-pojemnosci\\\/calkowicie-plastikowe-ukladane-ibc\\\/#breadcrumb\",\"itemListElement\":[{\"@type\":\"ListItem\",\"position\":1,\"name\":\"Home\",\"item\":\"https:\\\/\\\/mauserpackaging.com\\\/pl\\\/glowna\\\/\"},{\"@type\":\"ListItem\",\"position\":2,\"name\":\"Produkty i innowacje\",\"item\":\"https:\\\/\\\/mauserpackaging.com\\\/pl\\\/produkty-i-innowacje\\\/\"},{\"@type\":\"ListItem\",\"position\":3,\"name\":\"Pojemniki na \u0142adunki masowe o \u015bredniej pojemno\u015bci (IBC)\",\"item\":\"https:\\\/\\\/mauserpackaging.com\\\/pl\\\/produkty-i-innowacje\\\/pojemniki-na-ladunki-masowe-o-sredniej-pojemnosci\\\/\"},{\"@type\":\"ListItem\",\"position\":4,\"name\":\"Ca\u0142kowicie plastikowe uk\u0142adane IBC\"}]},{\"@type\":\"WebSite\",\"@id\":\"https:\\\/\\\/mauserpackaging.com\\\/pl\\\/#website\",\"url\":\"https:\\\/\\\/mauserpackaging.com\\\/pl\\\/\",\"name\":\"Mauser Packaging Solutions\",\"description\":\"Your go-to packaging partner\",\"publisher\":{\"@id\":\"https:\\\/\\\/mauserpackaging.com\\\/pl\\\/#organization\"},\"alternateName\":\"Mauser Packaging\",\"potentialAction\":[{\"@type\":\"SearchAction\",\"target\":{\"@type\":\"EntryPoint\",\"urlTemplate\":\"https:\\\/\\\/mauserpackaging.com\\\/pl\\\/?s={search_term_string}\"},\"query-input\":{\"@type\":\"PropertyValueSpecification\",\"valueRequired\":true,\"valueName\":\"search_term_string\"}}],\"inLanguage\":\"pl-PL\"},{\"@type\":\"Organization\",\"@id\":\"https:\\\/\\\/mauserpackaging.com\\\/pl\\\/#organization\",\"name\":\"Mauser Packaging Solutions\",\"alternateName\":\"Mauser Packaging\",\"url\":\"https:\\\/\\\/mauserpackaging.com\\\/pl\\\/\",\"logo\":{\"@type\":\"ImageObject\",\"inLanguage\":\"pl-PL\",\"@id\":\"https:\\\/\\\/mauserpackaging.com\\\/pl\\\/#\\\/schema\\\/logo\\\/image\\\/\",\"url\":\"https:\\\/\\\/mauserpackaging.com\\\/wp-content\\\/uploads\\\/2024\\\/11\\\/Mauser_h_RGB.png\",\"contentUrl\":\"https:\\\/\\\/mauserpackaging.com\\\/wp-content\\\/uploads\\\/2024\\\/11\\\/Mauser_h_RGB.png\",\"width\":1951,\"height\":600,\"caption\":\"Mauser Packaging Solutions\"},\"image\":{\"@id\":\"https:\\\/\\\/mauserpackaging.com\\\/pl\\\/#\\\/schema\\\/logo\\\/image\\\/\"},\"sameAs\":[\"https:\\\/\\\/www.linkedin.com\\\/company\\\/mauser-packaging-solutions\\\/\"]}]}<\/script>\n<!-- \/ Yoast SEO Premium plugin. -->","yoast_head_json":{"title":"Ca\u0142kowicie plastikowe uk\u0142adane IBC - Mauser Packaging Solutions","description":"Idealne do przechowywania i transportu chemikali\u00f3w, smar\u00f3w, kwas\u00f3w, pow\u0142ok i innych substancji, w pe\u0142ni plastikowe IBC Mauser Packaging Solutions zapewniaj\u0105 u\u017cytkownikom wy\u017csz\u0105 trwa\u0142o\u015b\u0107 i efektywno\u015b\u0107.","robots":{"index":"index","follow":"follow","max-snippet":"max-snippet:-1","max-image-preview":"max-image-preview:large","max-video-preview":"max-video-preview:-1"},"canonical":"https:\/\/mauserpackaging.com\/pl\/produkty-i-innowacje\/pojemniki-na-ladunki-masowe-o-sredniej-pojemnosci\/calkowicie-plastikowe-ukladane-ibc\/","og_locale":"pl_PL","og_type":"article","og_title":"Ca\u0142kowicie plastikowe uk\u0142adane IBC","og_description":"Idealne do przechowywania i transportu chemikali\u00f3w, smar\u00f3w, kwas\u00f3w, pow\u0142ok i innych substancji, w pe\u0142ni plastikowe IBC Mauser Packaging Solutions zapewniaj\u0105 u\u017cytkownikom wy\u017csz\u0105 trwa\u0142o\u015b\u0107 i efektywno\u015b\u0107.","og_url":"https:\/\/mauserpackaging.com\/pl\/produkty-i-innowacje\/pojemniki-na-ladunki-masowe-o-sredniej-pojemnosci\/calkowicie-plastikowe-ukladane-ibc\/","og_site_name":"Mauser Packaging Solutions","article_modified_time":"2025-10-22T19:39:29+00:00","og_image":[{"width":1200,"height":675,"url":"https:\/\/mauserpackaging.com\/wp-content\/uploads\/2026\/03\/Mauser_Default_SiteImage.jpg","type":"image\/jpeg"}],"twitter_card":"summary_large_image","twitter_misc":{"Szacowany czas czytania":"7 minut"},"schema":{"@context":"https:\/\/schema.org","@graph":[{"@type":"WebPage","@id":"https:\/\/mauserpackaging.com\/pl\/produkty-i-innowacje\/pojemniki-na-ladunki-masowe-o-sredniej-pojemnosci\/calkowicie-plastikowe-ukladane-ibc\/","url":"https:\/\/mauserpackaging.com\/pl\/produkty-i-innowacje\/pojemniki-na-ladunki-masowe-o-sredniej-pojemnosci\/calkowicie-plastikowe-ukladane-ibc\/","name":"Ca\u0142kowicie plastikowe uk\u0142adane IBC - Mauser Packaging Solutions","isPartOf":{"@id":"https:\/\/mauserpackaging.com\/pl\/#website"},"datePublished":"2024-12-17T18:48:19+00:00","dateModified":"2025-10-22T19:39:29+00:00","description":"Idealne do przechowywania i transportu chemikali\u00f3w, smar\u00f3w, kwas\u00f3w, pow\u0142ok i innych substancji, w pe\u0142ni plastikowe IBC Mauser Packaging Solutions zapewniaj\u0105 u\u017cytkownikom wy\u017csz\u0105 trwa\u0142o\u015b\u0107 i efektywno\u015b\u0107.","breadcrumb":{"@id":"https:\/\/mauserpackaging.com\/pl\/produkty-i-innowacje\/pojemniki-na-ladunki-masowe-o-sredniej-pojemnosci\/calkowicie-plastikowe-ukladane-ibc\/#breadcrumb"},"inLanguage":"pl-PL","potentialAction":[{"@type":"ReadAction","target":["https:\/\/mauserpackaging.com\/pl\/produkty-i-innowacje\/pojemniki-na-ladunki-masowe-o-sredniej-pojemnosci\/calkowicie-plastikowe-ukladane-ibc\/"]}]},{"@type":"BreadcrumbList","@id":"https:\/\/mauserpackaging.com\/pl\/produkty-i-innowacje\/pojemniki-na-ladunki-masowe-o-sredniej-pojemnosci\/calkowicie-plastikowe-ukladane-ibc\/#breadcrumb","itemListElement":[{"@type":"ListItem","position":1,"name":"Home","item":"https:\/\/mauserpackaging.com\/pl\/glowna\/"},{"@type":"ListItem","position":2,"name":"Produkty i innowacje","item":"https:\/\/mauserpackaging.com\/pl\/produkty-i-innowacje\/"},{"@type":"ListItem","position":3,"name":"Pojemniki na \u0142adunki masowe o \u015bredniej pojemno\u015bci (IBC)","item":"https:\/\/mauserpackaging.com\/pl\/produkty-i-innowacje\/pojemniki-na-ladunki-masowe-o-sredniej-pojemnosci\/"},{"@type":"ListItem","position":4,"name":"Ca\u0142kowicie plastikowe uk\u0142adane IBC"}]},{"@type":"WebSite","@id":"https:\/\/mauserpackaging.com\/pl\/#website","url":"https:\/\/mauserpackaging.com\/pl\/","name":"Mauser Packaging Solutions","description":"Your go-to packaging partner","publisher":{"@id":"https:\/\/mauserpackaging.com\/pl\/#organization"},"alternateName":"Mauser Packaging","potentialAction":[{"@type":"SearchAction","target":{"@type":"EntryPoint","urlTemplate":"https:\/\/mauserpackaging.com\/pl\/?s={search_term_string}"},"query-input":{"@type":"PropertyValueSpecification","valueRequired":true,"valueName":"search_term_string"}}],"inLanguage":"pl-PL"},{"@type":"Organization","@id":"https:\/\/mauserpackaging.com\/pl\/#organization","name":"Mauser Packaging Solutions","alternateName":"Mauser Packaging","url":"https:\/\/mauserpackaging.com\/pl\/","logo":{"@type":"ImageObject","inLanguage":"pl-PL","@id":"https:\/\/mauserpackaging.com\/pl\/#\/schema\/logo\/image\/","url":"https:\/\/mauserpackaging.com\/wp-content\/uploads\/2024\/11\/Mauser_h_RGB.png","contentUrl":"https:\/\/mauserpackaging.com\/wp-content\/uploads\/2024\/11\/Mauser_h_RGB.png","width":1951,"height":600,"caption":"Mauser Packaging Solutions"},"image":{"@id":"https:\/\/mauserpackaging.com\/pl\/#\/schema\/logo\/image\/"},"sameAs":["https:\/\/www.linkedin.com\/company\/mauser-packaging-solutions\/"]}]}},"_links":{"self":[{"href":"https:\/\/mauserpackaging.com\/pl\/wp-json\/wp\/v2\/pages\/20411","targetHints":{"allow":["GET"]}}],"collection":[{"href":"https:\/\/mauserpackaging.com\/pl\/wp-json\/wp\/v2\/pages"}],"about":[{"href":"https:\/\/mauserpackaging.com\/pl\/wp-json\/wp\/v2\/types\/page"}],"author":[{"embeddable":true,"href":"https:\/\/mauserpackaging.com\/pl\/wp-json\/wp\/v2\/users\/1"}],"replies":[{"embeddable":true,"href":"https:\/\/mauserpackaging.com\/pl\/wp-json\/wp\/v2\/comments?post=20411"}],"version-history":[{"count":0,"href":"https:\/\/mauserpackaging.com\/pl\/wp-json\/wp\/v2\/pages\/20411\/revisions"}],"up":[{"embeddable":true,"href":"https:\/\/mauserpackaging.com\/pl\/wp-json\/wp\/v2\/pages\/20414"}],"wp:attachment":[{"href":"https:\/\/mauserpackaging.com\/pl\/wp-json\/wp\/v2\/media?parent=20411"}],"curies":[{"name":"wp","href":"https:\/\/api.w.org\/{rel}","templated":true}]}}