{"id":20410,"date":"2024-12-17T16:20:02","date_gmt":"2024-12-17T16:20:02","guid":{"rendered":"https:\/\/mauserpackstg.wpenginepowered.com\/ibc-po-regeneracji\/"},"modified":"2026-04-01T18:13:19","modified_gmt":"2026-04-01T18:13:19","slug":"ibc-po-regeneracji","status":"publish","type":"page","link":"https:\/\/mauserpackaging.com\/pl\/produkty-i-innowacje\/pojemniki-na-ladunki-masowe-o-sredniej-pojemnosci\/ibc-po-regeneracji\/","title":{"rendered":"IBC po regeneracji"},"content":{"rendered":"<div id=\"cs-content\" class=\"cs-content\"><\/div>\n","protected":false},"excerpt":{"rendered":"<p>Home IBC po regeneracjiWi\u0119cej korzy\u015bci z ka\u017cdego IBC Nasze regenerowane pojemniki IBC, dost\u0119pne w r\u00f3\u017cnych wariantach i rozmiarach, oferuj\u0105 nawet do 80% ni\u017cszy \u015blad w\u0119glowy w por\u00f3wnaniu z nowymi opakowaniami. S\u0105 w pe\u0142ni kompatybilne z istniej\u0105cymi procesami, \u0142\u0105cz\u0105c efektywno\u015b\u0107 operacyjn\u0105 z korzy\u015bciami dla \u015brodowiska. Po zwrocie kompozytowy IBC trafia do systemu Recover Syst-M, gdzie przechodzi ocen\u0119 techniczn\u0105, a nast\u0119pnie proces&hellip;<\/p>\n","protected":false},"author":1,"featured_media":0,"parent":20414,"menu_order":0,"comment_status":"closed","ping_status":"closed","template":"template-blank-4.php","meta":{"footnotes":""},"class_list":["post-20410","page","type-page","status-publish","hentry","no-post-thumbnail"],"yoast_head":"<!-- This site is optimized with the Yoast SEO Premium plugin v27.3 (Yoast SEO v27.3) - https:\/\/yoast.com\/product\/yoast-seo-premium-wordpress\/ -->\n<title>IBC po regeneracji | Najwi\u0119ksza sie\u0107 Reco | Mauser Packaging<\/title>\n<meta name=\"description\" content=\"Odnowione pojemniki IBC z najwi\u0119kszej na \u015bwiecie sieci zajmuj\u0105cej si\u0119 ich regeneracj\u0105. Posiadaj\u0105 certyfikat UN, s\u0105 w pe\u0142ni przetestowane i dost\u0119pne na terenie ca\u0142ego kraju. Ekologiczna alternatywa dla nowych produkt\u00f3w.\" \/>\n<meta name=\"robots\" content=\"index, follow, max-snippet:-1, max-image-preview:large, max-video-preview:-1\" \/>\n<link rel=\"canonical\" href=\"https:\/\/mauserpackaging.com\/pl\/produkty-i-innowacje\/pojemniki-na-ladunki-masowe-o-sredniej-pojemnosci\/ibc-po-regeneracji\/\" \/>\n<meta property=\"og:locale\" content=\"pl_PL\" \/>\n<meta property=\"og:type\" content=\"article\" \/>\n<meta property=\"og:title\" content=\"IBC po regeneracji\" \/>\n<meta property=\"og:description\" content=\"Odnowione pojemniki IBC z najwi\u0119kszej na \u015bwiecie sieci zajmuj\u0105cej si\u0119 ich regeneracj\u0105. Posiadaj\u0105 certyfikat UN, s\u0105 w pe\u0142ni przetestowane i dost\u0119pne na terenie ca\u0142ego kraju. Ekologiczna alternatywa dla nowych produkt\u00f3w.\" \/>\n<meta property=\"og:url\" content=\"https:\/\/mauserpackaging.com\/pl\/produkty-i-innowacje\/pojemniki-na-ladunki-masowe-o-sredniej-pojemnosci\/ibc-po-regeneracji\/\" \/>\n<meta property=\"og:site_name\" content=\"Mauser Packaging Solutions\" \/>\n<meta property=\"article:modified_time\" content=\"2026-04-01T18:13:19+00:00\" \/>\n<meta property=\"og:image\" content=\"https:\/\/mauserpackaging.com\/wp-content\/uploads\/2026\/03\/Mauser_Default_SiteImage.jpg\" \/>\n\t<meta property=\"og:image:width\" content=\"1200\" \/>\n\t<meta property=\"og:image:height\" content=\"675\" \/>\n\t<meta property=\"og:image:type\" content=\"image\/jpeg\" \/>\n<meta name=\"twitter:card\" content=\"summary_large_image\" \/>\n<meta name=\"twitter:label1\" content=\"Szacowany czas czytania\" \/>\n\t<meta name=\"twitter:data1\" content=\"8 minut\" \/>\n<script type=\"application\/ld+json\" class=\"yoast-schema-graph\">{\"@context\":\"https:\\\/\\\/schema.org\",\"@graph\":[{\"@type\":\"WebPage\",\"@id\":\"https:\\\/\\\/mauserpackaging.com\\\/pl\\\/produkty-i-innowacje\\\/pojemniki-na-ladunki-masowe-o-sredniej-pojemnosci\\\/ibc-po-regeneracji\\\/\",\"url\":\"https:\\\/\\\/mauserpackaging.com\\\/pl\\\/produkty-i-innowacje\\\/pojemniki-na-ladunki-masowe-o-sredniej-pojemnosci\\\/ibc-po-regeneracji\\\/\",\"name\":\"IBC po regeneracji | Najwi\u0119ksza sie\u0107 Reco | Mauser Packaging\",\"isPartOf\":{\"@id\":\"https:\\\/\\\/mauserpackaging.com\\\/pl\\\/#website\"},\"datePublished\":\"2024-12-17T16:20:02+00:00\",\"dateModified\":\"2026-04-01T18:13:19+00:00\",\"description\":\"Odnowione pojemniki IBC z najwi\u0119kszej na \u015bwiecie sieci zajmuj\u0105cej si\u0119 ich regeneracj\u0105. Posiadaj\u0105 certyfikat UN, s\u0105 w pe\u0142ni przetestowane i dost\u0119pne na terenie ca\u0142ego kraju. Ekologiczna alternatywa dla nowych produkt\u00f3w.\",\"breadcrumb\":{\"@id\":\"https:\\\/\\\/mauserpackaging.com\\\/pl\\\/produkty-i-innowacje\\\/pojemniki-na-ladunki-masowe-o-sredniej-pojemnosci\\\/ibc-po-regeneracji\\\/#breadcrumb\"},\"inLanguage\":\"pl-PL\",\"potentialAction\":[{\"@type\":\"ReadAction\",\"target\":[\"https:\\\/\\\/mauserpackaging.com\\\/pl\\\/produkty-i-innowacje\\\/pojemniki-na-ladunki-masowe-o-sredniej-pojemnosci\\\/ibc-po-regeneracji\\\/\"]}]},{\"@type\":\"BreadcrumbList\",\"@id\":\"https:\\\/\\\/mauserpackaging.com\\\/pl\\\/produkty-i-innowacje\\\/pojemniki-na-ladunki-masowe-o-sredniej-pojemnosci\\\/ibc-po-regeneracji\\\/#breadcrumb\",\"itemListElement\":[{\"@type\":\"ListItem\",\"position\":1,\"name\":\"Home\",\"item\":\"https:\\\/\\\/mauserpackaging.com\\\/pl\\\/glowna\\\/\"},{\"@type\":\"ListItem\",\"position\":2,\"name\":\"Produkty i innowacje\",\"item\":\"https:\\\/\\\/mauserpackaging.com\\\/pl\\\/produkty-i-innowacje\\\/\"},{\"@type\":\"ListItem\",\"position\":3,\"name\":\"Pojemniki na \u0142adunki masowe o \u015bredniej pojemno\u015bci (IBC)\",\"item\":\"https:\\\/\\\/mauserpackaging.com\\\/pl\\\/produkty-i-innowacje\\\/pojemniki-na-ladunki-masowe-o-sredniej-pojemnosci\\\/\"},{\"@type\":\"ListItem\",\"position\":4,\"name\":\"IBC po regeneracji\"}]},{\"@type\":\"WebSite\",\"@id\":\"https:\\\/\\\/mauserpackaging.com\\\/pl\\\/#website\",\"url\":\"https:\\\/\\\/mauserpackaging.com\\\/pl\\\/\",\"name\":\"Mauser Packaging Solutions\",\"description\":\"Your go-to packaging partner\",\"publisher\":{\"@id\":\"https:\\\/\\\/mauserpackaging.com\\\/pl\\\/#organization\"},\"alternateName\":\"Mauser Packaging\",\"potentialAction\":[{\"@type\":\"SearchAction\",\"target\":{\"@type\":\"EntryPoint\",\"urlTemplate\":\"https:\\\/\\\/mauserpackaging.com\\\/pl\\\/?s={search_term_string}\"},\"query-input\":{\"@type\":\"PropertyValueSpecification\",\"valueRequired\":true,\"valueName\":\"search_term_string\"}}],\"inLanguage\":\"pl-PL\"},{\"@type\":\"Organization\",\"@id\":\"https:\\\/\\\/mauserpackaging.com\\\/pl\\\/#organization\",\"name\":\"Mauser Packaging Solutions\",\"alternateName\":\"Mauser Packaging\",\"url\":\"https:\\\/\\\/mauserpackaging.com\\\/pl\\\/\",\"logo\":{\"@type\":\"ImageObject\",\"inLanguage\":\"pl-PL\",\"@id\":\"https:\\\/\\\/mauserpackaging.com\\\/pl\\\/#\\\/schema\\\/logo\\\/image\\\/\",\"url\":\"https:\\\/\\\/mauserpackaging.com\\\/wp-content\\\/uploads\\\/2024\\\/11\\\/Mauser_h_RGB.png\",\"contentUrl\":\"https:\\\/\\\/mauserpackaging.com\\\/wp-content\\\/uploads\\\/2024\\\/11\\\/Mauser_h_RGB.png\",\"width\":1951,\"height\":600,\"caption\":\"Mauser Packaging Solutions\"},\"image\":{\"@id\":\"https:\\\/\\\/mauserpackaging.com\\\/pl\\\/#\\\/schema\\\/logo\\\/image\\\/\"},\"sameAs\":[\"https:\\\/\\\/www.linkedin.com\\\/company\\\/mauser-packaging-solutions\\\/\"]}]}<\/script>\n<!-- \/ Yoast SEO Premium plugin. -->","yoast_head_json":{"title":"IBC po regeneracji | Najwi\u0119ksza sie\u0107 Reco | Mauser Packaging","description":"Odnowione pojemniki IBC z najwi\u0119kszej na \u015bwiecie sieci zajmuj\u0105cej si\u0119 ich regeneracj\u0105. Posiadaj\u0105 certyfikat UN, s\u0105 w pe\u0142ni przetestowane i dost\u0119pne na terenie ca\u0142ego kraju. Ekologiczna alternatywa dla nowych produkt\u00f3w.","robots":{"index":"index","follow":"follow","max-snippet":"max-snippet:-1","max-image-preview":"max-image-preview:large","max-video-preview":"max-video-preview:-1"},"canonical":"https:\/\/mauserpackaging.com\/pl\/produkty-i-innowacje\/pojemniki-na-ladunki-masowe-o-sredniej-pojemnosci\/ibc-po-regeneracji\/","og_locale":"pl_PL","og_type":"article","og_title":"IBC po regeneracji","og_description":"Odnowione pojemniki IBC z najwi\u0119kszej na \u015bwiecie sieci zajmuj\u0105cej si\u0119 ich regeneracj\u0105. Posiadaj\u0105 certyfikat UN, s\u0105 w pe\u0142ni przetestowane i dost\u0119pne na terenie ca\u0142ego kraju. Ekologiczna alternatywa dla nowych produkt\u00f3w.","og_url":"https:\/\/mauserpackaging.com\/pl\/produkty-i-innowacje\/pojemniki-na-ladunki-masowe-o-sredniej-pojemnosci\/ibc-po-regeneracji\/","og_site_name":"Mauser Packaging Solutions","article_modified_time":"2026-04-01T18:13:19+00:00","og_image":[{"width":1200,"height":675,"url":"https:\/\/mauserpackaging.com\/wp-content\/uploads\/2026\/03\/Mauser_Default_SiteImage.jpg","type":"image\/jpeg"}],"twitter_card":"summary_large_image","twitter_misc":{"Szacowany czas czytania":"8 minut"},"schema":{"@context":"https:\/\/schema.org","@graph":[{"@type":"WebPage","@id":"https:\/\/mauserpackaging.com\/pl\/produkty-i-innowacje\/pojemniki-na-ladunki-masowe-o-sredniej-pojemnosci\/ibc-po-regeneracji\/","url":"https:\/\/mauserpackaging.com\/pl\/produkty-i-innowacje\/pojemniki-na-ladunki-masowe-o-sredniej-pojemnosci\/ibc-po-regeneracji\/","name":"IBC po regeneracji | Najwi\u0119ksza sie\u0107 Reco | Mauser Packaging","isPartOf":{"@id":"https:\/\/mauserpackaging.com\/pl\/#website"},"datePublished":"2024-12-17T16:20:02+00:00","dateModified":"2026-04-01T18:13:19+00:00","description":"Odnowione pojemniki IBC z najwi\u0119kszej na \u015bwiecie sieci zajmuj\u0105cej si\u0119 ich regeneracj\u0105. Posiadaj\u0105 certyfikat UN, s\u0105 w pe\u0142ni przetestowane i dost\u0119pne na terenie ca\u0142ego kraju. Ekologiczna alternatywa dla nowych produkt\u00f3w.","breadcrumb":{"@id":"https:\/\/mauserpackaging.com\/pl\/produkty-i-innowacje\/pojemniki-na-ladunki-masowe-o-sredniej-pojemnosci\/ibc-po-regeneracji\/#breadcrumb"},"inLanguage":"pl-PL","potentialAction":[{"@type":"ReadAction","target":["https:\/\/mauserpackaging.com\/pl\/produkty-i-innowacje\/pojemniki-na-ladunki-masowe-o-sredniej-pojemnosci\/ibc-po-regeneracji\/"]}]},{"@type":"BreadcrumbList","@id":"https:\/\/mauserpackaging.com\/pl\/produkty-i-innowacje\/pojemniki-na-ladunki-masowe-o-sredniej-pojemnosci\/ibc-po-regeneracji\/#breadcrumb","itemListElement":[{"@type":"ListItem","position":1,"name":"Home","item":"https:\/\/mauserpackaging.com\/pl\/glowna\/"},{"@type":"ListItem","position":2,"name":"Produkty i innowacje","item":"https:\/\/mauserpackaging.com\/pl\/produkty-i-innowacje\/"},{"@type":"ListItem","position":3,"name":"Pojemniki na \u0142adunki masowe o \u015bredniej pojemno\u015bci (IBC)","item":"https:\/\/mauserpackaging.com\/pl\/produkty-i-innowacje\/pojemniki-na-ladunki-masowe-o-sredniej-pojemnosci\/"},{"@type":"ListItem","position":4,"name":"IBC po regeneracji"}]},{"@type":"WebSite","@id":"https:\/\/mauserpackaging.com\/pl\/#website","url":"https:\/\/mauserpackaging.com\/pl\/","name":"Mauser Packaging Solutions","description":"Your go-to packaging partner","publisher":{"@id":"https:\/\/mauserpackaging.com\/pl\/#organization"},"alternateName":"Mauser Packaging","potentialAction":[{"@type":"SearchAction","target":{"@type":"EntryPoint","urlTemplate":"https:\/\/mauserpackaging.com\/pl\/?s={search_term_string}"},"query-input":{"@type":"PropertyValueSpecification","valueRequired":true,"valueName":"search_term_string"}}],"inLanguage":"pl-PL"},{"@type":"Organization","@id":"https:\/\/mauserpackaging.com\/pl\/#organization","name":"Mauser Packaging Solutions","alternateName":"Mauser Packaging","url":"https:\/\/mauserpackaging.com\/pl\/","logo":{"@type":"ImageObject","inLanguage":"pl-PL","@id":"https:\/\/mauserpackaging.com\/pl\/#\/schema\/logo\/image\/","url":"https:\/\/mauserpackaging.com\/wp-content\/uploads\/2024\/11\/Mauser_h_RGB.png","contentUrl":"https:\/\/mauserpackaging.com\/wp-content\/uploads\/2024\/11\/Mauser_h_RGB.png","width":1951,"height":600,"caption":"Mauser Packaging Solutions"},"image":{"@id":"https:\/\/mauserpackaging.com\/pl\/#\/schema\/logo\/image\/"},"sameAs":["https:\/\/www.linkedin.com\/company\/mauser-packaging-solutions\/"]}]}},"_links":{"self":[{"href":"https:\/\/mauserpackaging.com\/pl\/wp-json\/wp\/v2\/pages\/20410","targetHints":{"allow":["GET"]}}],"collection":[{"href":"https:\/\/mauserpackaging.com\/pl\/wp-json\/wp\/v2\/pages"}],"about":[{"href":"https:\/\/mauserpackaging.com\/pl\/wp-json\/wp\/v2\/types\/page"}],"author":[{"embeddable":true,"href":"https:\/\/mauserpackaging.com\/pl\/wp-json\/wp\/v2\/users\/1"}],"replies":[{"embeddable":true,"href":"https:\/\/mauserpackaging.com\/pl\/wp-json\/wp\/v2\/comments?post=20410"}],"version-history":[{"count":0,"href":"https:\/\/mauserpackaging.com\/pl\/wp-json\/wp\/v2\/pages\/20410\/revisions"}],"up":[{"embeddable":true,"href":"https:\/\/mauserpackaging.com\/pl\/wp-json\/wp\/v2\/pages\/20414"}],"wp:attachment":[{"href":"https:\/\/mauserpackaging.com\/pl\/wp-json\/wp\/v2\/media?parent=20410"}],"curies":[{"name":"wp","href":"https:\/\/api.w.org\/{rel}","templated":true}]}}