{"id":20717,"date":"2024-12-23T16:51:46","date_gmt":"2024-12-23T16:51:46","guid":{"rendered":"https:\/\/mauserpackstg.wpenginepowered.com\/solutions-durables\/services-de-reconditionnement\/"},"modified":"2025-10-16T21:17:27","modified_gmt":"2025-10-16T21:17:27","slug":"services-de-reconditionnement","status":"publish","type":"page","link":"https:\/\/mauserpackaging.com\/fr\/solutions-durables\/services-de-reconditionnement\/","title":{"rendered":"Services de reconditionnement"},"content":{"rendered":"<div id=\"cs-content\" class=\"cs-content\"><\/div>\n","protected":false},"excerpt":{"rendered":"<p>Services de reconditionnementHome Prolongez la dur\u00e9e de vie de vos emballages usag\u00e9sPlus les f\u00fbts et les IBC sont utilis\u00e9s, plus l\u2019impact sur vos activit\u00e9s &#8211; et sur l\u2019environnement &#8211; est faible. Pour vous aider \u00e0 tirer le meilleur parti de vos emballages, Mauser Packaging Solutions propose une vari\u00e9t\u00e9 de services de reconditionnement pour les f\u00fbts en plastique et en acier\u2026<\/p>\n","protected":false},"author":1,"featured_media":0,"parent":20712,"menu_order":0,"comment_status":"closed","ping_status":"closed","template":"","meta":{"footnotes":""},"class_list":["post-20717","page","type-page","status-publish","hentry","no-post-thumbnail"],"yoast_head":"<!-- This site is optimized with the Yoast SEO Premium plugin v27.4 (Yoast SEO v27.4) - https:\/\/yoast.com\/product\/yoast-seo-premium-wordpress\/ -->\n<title>Services de reconditionnement - Mauser Packaging Solutions<\/title>\n<meta name=\"description\" content=\"Pour vous aider \u00e0 tirer le meilleur parti de votre emballage, Mauser propose une vari\u00e9t\u00e9 de services de reconditionnement pour les f\u00fbts et les IBC en plastique et en acier.\" \/>\n<meta name=\"robots\" content=\"index, follow, max-snippet:-1, max-image-preview:large, max-video-preview:-1\" \/>\n<link rel=\"canonical\" href=\"https:\/\/mauserpackaging.com\/fr\/solutions-durables\/services-de-reconditionnement\/\" \/>\n<meta property=\"og:locale\" content=\"fr_FR\" \/>\n<meta property=\"og:type\" content=\"article\" \/>\n<meta property=\"og:title\" content=\"Services de reconditionnement\" \/>\n<meta property=\"og:description\" content=\"Pour vous aider \u00e0 tirer le meilleur parti de votre emballage, Mauser propose une vari\u00e9t\u00e9 de services de reconditionnement pour les f\u00fbts et les IBC en plastique et en acier.\" \/>\n<meta property=\"og:url\" content=\"https:\/\/mauserpackaging.com\/fr\/solutions-durables\/services-de-reconditionnement\/\" \/>\n<meta property=\"og:site_name\" content=\"Mauser Packaging Solutions\" \/>\n<meta property=\"article:modified_time\" content=\"2025-10-16T21:17:27+00:00\" \/>\n<meta property=\"og:image\" content=\"https:\/\/mauserpackaging.com\/wp-content\/uploads\/2026\/03\/Mauser_Default_SiteImage.jpg\" \/>\n\t<meta property=\"og:image:width\" content=\"1200\" \/>\n\t<meta property=\"og:image:height\" content=\"675\" \/>\n\t<meta property=\"og:image:type\" content=\"image\/jpeg\" \/>\n<meta name=\"twitter:card\" content=\"summary_large_image\" \/>\n<meta name=\"twitter:label1\" content=\"Dur\u00e9e de lecture estim\u00e9e\" \/>\n\t<meta name=\"twitter:data1\" content=\"6 minutes\" \/>\n<script type=\"application\/ld+json\" class=\"yoast-schema-graph\">{\"@context\":\"https:\\\/\\\/schema.org\",\"@graph\":[{\"@type\":\"WebPage\",\"@id\":\"https:\\\/\\\/mauserpackaging.com\\\/fr\\\/solutions-durables\\\/services-de-reconditionnement\\\/\",\"url\":\"https:\\\/\\\/mauserpackaging.com\\\/fr\\\/solutions-durables\\\/services-de-reconditionnement\\\/\",\"name\":\"Services de reconditionnement - Mauser Packaging Solutions\",\"isPartOf\":{\"@id\":\"https:\\\/\\\/mauserpackaging.com\\\/fr\\\/#website\"},\"datePublished\":\"2024-12-23T16:51:46+00:00\",\"dateModified\":\"2025-10-16T21:17:27+00:00\",\"description\":\"Pour vous aider \u00e0 tirer le meilleur parti de votre emballage, Mauser propose une vari\u00e9t\u00e9 de services de reconditionnement pour les f\u00fbts et les IBC en plastique et en acier.\",\"breadcrumb\":{\"@id\":\"https:\\\/\\\/mauserpackaging.com\\\/fr\\\/solutions-durables\\\/services-de-reconditionnement\\\/#breadcrumb\"},\"inLanguage\":\"fr-FR\",\"potentialAction\":[{\"@type\":\"ReadAction\",\"target\":[\"https:\\\/\\\/mauserpackaging.com\\\/fr\\\/solutions-durables\\\/services-de-reconditionnement\\\/\"]}]},{\"@type\":\"BreadcrumbList\",\"@id\":\"https:\\\/\\\/mauserpackaging.com\\\/fr\\\/solutions-durables\\\/services-de-reconditionnement\\\/#breadcrumb\",\"itemListElement\":[{\"@type\":\"ListItem\",\"position\":1,\"name\":\"Home\",\"item\":\"https:\\\/\\\/mauserpackaging.com\\\/fr\\\/page-daccueil\\\/\"},{\"@type\":\"ListItem\",\"position\":2,\"name\":\"Solutions durables\",\"item\":\"https:\\\/\\\/mauserpackaging.com\\\/fr\\\/solutions-durables\\\/\"},{\"@type\":\"ListItem\",\"position\":3,\"name\":\"Services de reconditionnement\"}]},{\"@type\":\"WebSite\",\"@id\":\"https:\\\/\\\/mauserpackaging.com\\\/fr\\\/#website\",\"url\":\"https:\\\/\\\/mauserpackaging.com\\\/fr\\\/\",\"name\":\"Mauser Packaging Solutions\",\"description\":\"Your go-to packaging partner\",\"publisher\":{\"@id\":\"https:\\\/\\\/mauserpackaging.com\\\/fr\\\/#organization\"},\"alternateName\":\"Mauser Packaging\",\"potentialAction\":[{\"@type\":\"SearchAction\",\"target\":{\"@type\":\"EntryPoint\",\"urlTemplate\":\"https:\\\/\\\/mauserpackaging.com\\\/fr\\\/?s={search_term_string}\"},\"query-input\":{\"@type\":\"PropertyValueSpecification\",\"valueRequired\":true,\"valueName\":\"search_term_string\"}}],\"inLanguage\":\"fr-FR\"},{\"@type\":\"Organization\",\"@id\":\"https:\\\/\\\/mauserpackaging.com\\\/fr\\\/#organization\",\"name\":\"Mauser Packaging Solutions\",\"alternateName\":\"Mauser Packaging\",\"url\":\"https:\\\/\\\/mauserpackaging.com\\\/fr\\\/\",\"logo\":{\"@type\":\"ImageObject\",\"inLanguage\":\"fr-FR\",\"@id\":\"https:\\\/\\\/mauserpackaging.com\\\/fr\\\/#\\\/schema\\\/logo\\\/image\\\/\",\"url\":\"https:\\\/\\\/mauserpackaging.com\\\/wp-content\\\/uploads\\\/2024\\\/11\\\/Mauser_h_RGB.png\",\"contentUrl\":\"https:\\\/\\\/mauserpackaging.com\\\/wp-content\\\/uploads\\\/2024\\\/11\\\/Mauser_h_RGB.png\",\"width\":1951,\"height\":600,\"caption\":\"Mauser Packaging Solutions\"},\"image\":{\"@id\":\"https:\\\/\\\/mauserpackaging.com\\\/fr\\\/#\\\/schema\\\/logo\\\/image\\\/\"},\"sameAs\":[\"https:\\\/\\\/www.linkedin.com\\\/company\\\/mauser-packaging-solutions\\\/\"]}]}<\/script>\n<!-- \/ Yoast SEO Premium plugin. -->","yoast_head_json":{"title":"Services de reconditionnement - Mauser Packaging Solutions","description":"Pour vous aider \u00e0 tirer le meilleur parti de votre emballage, Mauser propose une vari\u00e9t\u00e9 de services de reconditionnement pour les f\u00fbts et les IBC en plastique et en acier.","robots":{"index":"index","follow":"follow","max-snippet":"max-snippet:-1","max-image-preview":"max-image-preview:large","max-video-preview":"max-video-preview:-1"},"canonical":"https:\/\/mauserpackaging.com\/fr\/solutions-durables\/services-de-reconditionnement\/","og_locale":"fr_FR","og_type":"article","og_title":"Services de reconditionnement","og_description":"Pour vous aider \u00e0 tirer le meilleur parti de votre emballage, Mauser propose une vari\u00e9t\u00e9 de services de reconditionnement pour les f\u00fbts et les IBC en plastique et en acier.","og_url":"https:\/\/mauserpackaging.com\/fr\/solutions-durables\/services-de-reconditionnement\/","og_site_name":"Mauser Packaging Solutions","article_modified_time":"2025-10-16T21:17:27+00:00","og_image":[{"width":1200,"height":675,"url":"https:\/\/mauserpackaging.com\/wp-content\/uploads\/2026\/03\/Mauser_Default_SiteImage.jpg","type":"image\/jpeg"}],"twitter_card":"summary_large_image","twitter_misc":{"Dur\u00e9e de lecture estim\u00e9e":"6 minutes"},"schema":{"@context":"https:\/\/schema.org","@graph":[{"@type":"WebPage","@id":"https:\/\/mauserpackaging.com\/fr\/solutions-durables\/services-de-reconditionnement\/","url":"https:\/\/mauserpackaging.com\/fr\/solutions-durables\/services-de-reconditionnement\/","name":"Services de reconditionnement - Mauser Packaging Solutions","isPartOf":{"@id":"https:\/\/mauserpackaging.com\/fr\/#website"},"datePublished":"2024-12-23T16:51:46+00:00","dateModified":"2025-10-16T21:17:27+00:00","description":"Pour vous aider \u00e0 tirer le meilleur parti de votre emballage, Mauser propose une vari\u00e9t\u00e9 de services de reconditionnement pour les f\u00fbts et les IBC en plastique et en acier.","breadcrumb":{"@id":"https:\/\/mauserpackaging.com\/fr\/solutions-durables\/services-de-reconditionnement\/#breadcrumb"},"inLanguage":"fr-FR","potentialAction":[{"@type":"ReadAction","target":["https:\/\/mauserpackaging.com\/fr\/solutions-durables\/services-de-reconditionnement\/"]}]},{"@type":"BreadcrumbList","@id":"https:\/\/mauserpackaging.com\/fr\/solutions-durables\/services-de-reconditionnement\/#breadcrumb","itemListElement":[{"@type":"ListItem","position":1,"name":"Home","item":"https:\/\/mauserpackaging.com\/fr\/page-daccueil\/"},{"@type":"ListItem","position":2,"name":"Solutions durables","item":"https:\/\/mauserpackaging.com\/fr\/solutions-durables\/"},{"@type":"ListItem","position":3,"name":"Services de reconditionnement"}]},{"@type":"WebSite","@id":"https:\/\/mauserpackaging.com\/fr\/#website","url":"https:\/\/mauserpackaging.com\/fr\/","name":"Mauser Packaging Solutions","description":"Your go-to packaging partner","publisher":{"@id":"https:\/\/mauserpackaging.com\/fr\/#organization"},"alternateName":"Mauser Packaging","potentialAction":[{"@type":"SearchAction","target":{"@type":"EntryPoint","urlTemplate":"https:\/\/mauserpackaging.com\/fr\/?s={search_term_string}"},"query-input":{"@type":"PropertyValueSpecification","valueRequired":true,"valueName":"search_term_string"}}],"inLanguage":"fr-FR"},{"@type":"Organization","@id":"https:\/\/mauserpackaging.com\/fr\/#organization","name":"Mauser Packaging Solutions","alternateName":"Mauser Packaging","url":"https:\/\/mauserpackaging.com\/fr\/","logo":{"@type":"ImageObject","inLanguage":"fr-FR","@id":"https:\/\/mauserpackaging.com\/fr\/#\/schema\/logo\/image\/","url":"https:\/\/mauserpackaging.com\/wp-content\/uploads\/2024\/11\/Mauser_h_RGB.png","contentUrl":"https:\/\/mauserpackaging.com\/wp-content\/uploads\/2024\/11\/Mauser_h_RGB.png","width":1951,"height":600,"caption":"Mauser Packaging Solutions"},"image":{"@id":"https:\/\/mauserpackaging.com\/fr\/#\/schema\/logo\/image\/"},"sameAs":["https:\/\/www.linkedin.com\/company\/mauser-packaging-solutions\/"]}]}},"_links":{"self":[{"href":"https:\/\/mauserpackaging.com\/fr\/wp-json\/wp\/v2\/pages\/20717","targetHints":{"allow":["GET"]}}],"collection":[{"href":"https:\/\/mauserpackaging.com\/fr\/wp-json\/wp\/v2\/pages"}],"about":[{"href":"https:\/\/mauserpackaging.com\/fr\/wp-json\/wp\/v2\/types\/page"}],"author":[{"embeddable":true,"href":"https:\/\/mauserpackaging.com\/fr\/wp-json\/wp\/v2\/users\/1"}],"replies":[{"embeddable":true,"href":"https:\/\/mauserpackaging.com\/fr\/wp-json\/wp\/v2\/comments?post=20717"}],"version-history":[{"count":0,"href":"https:\/\/mauserpackaging.com\/fr\/wp-json\/wp\/v2\/pages\/20717\/revisions"}],"up":[{"embeddable":true,"href":"https:\/\/mauserpackaging.com\/fr\/wp-json\/wp\/v2\/pages\/20712"}],"wp:attachment":[{"href":"https:\/\/mauserpackaging.com\/fr\/wp-json\/wp\/v2\/media?parent=20717"}],"curies":[{"name":"wp","href":"https:\/\/api.w.org\/{rel}","templated":true}]}}