{"id":20715,"date":"2024-12-23T17:01:39","date_gmt":"2024-12-23T17:01:39","guid":{"rendered":"https:\/\/mauserpackstg.wpenginepowered.com\/solutions-durables\/serie-reco2\/"},"modified":"2026-02-19T16:34:56","modified_gmt":"2026-02-19T16:34:56","slug":"serie-reco2","status":"publish","type":"page","link":"https:\/\/mauserpackaging.com\/fr\/solutions-durables\/serie-reco2\/","title":{"rendered":"S\u00e9rie reCO2"},"content":{"rendered":"<div id=\"cs-content\" class=\"cs-content\"><\/div>\n","protected":false},"excerpt":{"rendered":"<p>S\u00e9rie reCO2Home \u00c9tablir la norme en mati\u00e8re d\u2019emballage industriel \u00e0 empreinte carbone r\u00e9duiteLa nouvelle s\u00e9rie Mauser Reco2 constitue une r\u00e9f\u00e9rence en mati\u00e8re d\u2019emballage industriel \u00e0 empreinte carbone r\u00e9duite. Gr\u00e2ce \u00e0 l\u2019utilisation de mati\u00e8res premi\u00e8res vierges et recycl\u00e9es \u00e0 faible teneur en carbone, la s\u00e9rie Reco2, qui comprend des IBC, des f\u00fbts en plastique et en acier et des conteneurs pour\u2026<\/p>\n","protected":false},"author":1,"featured_media":0,"parent":20712,"menu_order":0,"comment_status":"closed","ping_status":"closed","template":"template-blank-4.php","meta":{"footnotes":""},"class_list":["post-20715","page","type-page","status-publish","hentry","no-post-thumbnail"],"yoast_head":"<!-- This site is optimized with the Yoast SEO Premium plugin v27.5 (Yoast SEO v27.5) - https:\/\/yoast.com\/product\/yoast-seo-premium-wordpress\/ -->\n<title>S\u00e9rie reCO2 - Mauser Packaging Solutions<\/title>\n<meta name=\"description\" content=\"Gr\u00e2ce \u00e0 l&#039;utilisation de mati\u00e8res premi\u00e8res vierges et recycl\u00e9es \u00e0 faible teneur en carbone, la s\u00e9rie Reco2 affiche une empreinte carbone jusqu&#039;\u00e0 102 % inf\u00e9rieure.\" \/>\n<meta name=\"robots\" content=\"index, follow, max-snippet:-1, max-image-preview:large, max-video-preview:-1\" \/>\n<link rel=\"canonical\" href=\"https:\/\/mauserpackaging.com\/fr\/solutions-durables\/serie-reco2\/\" \/>\n<meta property=\"og:locale\" content=\"fr_FR\" \/>\n<meta property=\"og:type\" content=\"article\" \/>\n<meta property=\"og:title\" content=\"S\u00e9rie reCO2\" \/>\n<meta property=\"og:description\" content=\"Gr\u00e2ce \u00e0 l&#039;utilisation de mati\u00e8res premi\u00e8res vierges et recycl\u00e9es \u00e0 faible teneur en carbone, la s\u00e9rie Reco2 affiche une empreinte carbone jusqu&#039;\u00e0 102 % inf\u00e9rieure.\" \/>\n<meta property=\"og:url\" content=\"https:\/\/mauserpackaging.com\/fr\/solutions-durables\/serie-reco2\/\" \/>\n<meta property=\"og:site_name\" content=\"Mauser Packaging Solutions\" \/>\n<meta property=\"article:modified_time\" content=\"2026-02-19T16:34:56+00:00\" \/>\n<meta property=\"og:image\" content=\"https:\/\/mauserpackaging.com\/wp-content\/uploads\/2026\/03\/Mauser_Default_SiteImage.jpg\" \/>\n\t<meta property=\"og:image:width\" content=\"1200\" \/>\n\t<meta property=\"og:image:height\" content=\"675\" \/>\n\t<meta property=\"og:image:type\" content=\"image\/jpeg\" \/>\n<meta name=\"twitter:card\" content=\"summary_large_image\" \/>\n<meta name=\"twitter:label1\" content=\"Dur\u00e9e de lecture estim\u00e9e\" \/>\n\t<meta name=\"twitter:data1\" content=\"6 minutes\" \/>\n<script type=\"application\/ld+json\" class=\"yoast-schema-graph\">{\"@context\":\"https:\\\/\\\/schema.org\",\"@graph\":[{\"@type\":\"WebPage\",\"@id\":\"https:\\\/\\\/mauserpackaging.com\\\/fr\\\/solutions-durables\\\/serie-reco2\\\/\",\"url\":\"https:\\\/\\\/mauserpackaging.com\\\/fr\\\/solutions-durables\\\/serie-reco2\\\/\",\"name\":\"S\u00e9rie reCO2 - Mauser Packaging Solutions\",\"isPartOf\":{\"@id\":\"https:\\\/\\\/mauserpackaging.com\\\/fr\\\/#website\"},\"datePublished\":\"2024-12-23T17:01:39+00:00\",\"dateModified\":\"2026-02-19T16:34:56+00:00\",\"description\":\"Gr\u00e2ce \u00e0 l'utilisation de mati\u00e8res premi\u00e8res vierges et recycl\u00e9es \u00e0 faible teneur en carbone, la s\u00e9rie Reco2 affiche une empreinte carbone jusqu'\u00e0 102 % inf\u00e9rieure.\",\"breadcrumb\":{\"@id\":\"https:\\\/\\\/mauserpackaging.com\\\/fr\\\/solutions-durables\\\/serie-reco2\\\/#breadcrumb\"},\"inLanguage\":\"fr-FR\",\"potentialAction\":[{\"@type\":\"ReadAction\",\"target\":[\"https:\\\/\\\/mauserpackaging.com\\\/fr\\\/solutions-durables\\\/serie-reco2\\\/\"]}]},{\"@type\":\"BreadcrumbList\",\"@id\":\"https:\\\/\\\/mauserpackaging.com\\\/fr\\\/solutions-durables\\\/serie-reco2\\\/#breadcrumb\",\"itemListElement\":[{\"@type\":\"ListItem\",\"position\":1,\"name\":\"Home\",\"item\":\"https:\\\/\\\/mauserpackaging.com\\\/fr\\\/page-daccueil\\\/\"},{\"@type\":\"ListItem\",\"position\":2,\"name\":\"Solutions durables\",\"item\":\"https:\\\/\\\/mauserpackaging.com\\\/fr\\\/solutions-durables\\\/\"},{\"@type\":\"ListItem\",\"position\":3,\"name\":\"S\u00e9rie reCO2\"}]},{\"@type\":\"WebSite\",\"@id\":\"https:\\\/\\\/mauserpackaging.com\\\/fr\\\/#website\",\"url\":\"https:\\\/\\\/mauserpackaging.com\\\/fr\\\/\",\"name\":\"Mauser Packaging Solutions\",\"description\":\"Your go-to packaging partner\",\"publisher\":{\"@id\":\"https:\\\/\\\/mauserpackaging.com\\\/fr\\\/#organization\"},\"alternateName\":\"Mauser Packaging\",\"potentialAction\":[{\"@type\":\"SearchAction\",\"target\":{\"@type\":\"EntryPoint\",\"urlTemplate\":\"https:\\\/\\\/mauserpackaging.com\\\/fr\\\/?s={search_term_string}\"},\"query-input\":{\"@type\":\"PropertyValueSpecification\",\"valueRequired\":true,\"valueName\":\"search_term_string\"}}],\"inLanguage\":\"fr-FR\"},{\"@type\":\"Organization\",\"@id\":\"https:\\\/\\\/mauserpackaging.com\\\/fr\\\/#organization\",\"name\":\"Mauser Packaging Solutions\",\"alternateName\":\"Mauser Packaging\",\"url\":\"https:\\\/\\\/mauserpackaging.com\\\/fr\\\/\",\"logo\":{\"@type\":\"ImageObject\",\"inLanguage\":\"fr-FR\",\"@id\":\"https:\\\/\\\/mauserpackaging.com\\\/fr\\\/#\\\/schema\\\/logo\\\/image\\\/\",\"url\":\"https:\\\/\\\/mauserpackaging.com\\\/wp-content\\\/uploads\\\/2024\\\/11\\\/Mauser_h_RGB.png\",\"contentUrl\":\"https:\\\/\\\/mauserpackaging.com\\\/wp-content\\\/uploads\\\/2024\\\/11\\\/Mauser_h_RGB.png\",\"width\":1951,\"height\":600,\"caption\":\"Mauser Packaging Solutions\"},\"image\":{\"@id\":\"https:\\\/\\\/mauserpackaging.com\\\/fr\\\/#\\\/schema\\\/logo\\\/image\\\/\"},\"sameAs\":[\"https:\\\/\\\/www.linkedin.com\\\/company\\\/mauser-packaging-solutions\\\/\"]}]}<\/script>\n<!-- \/ Yoast SEO Premium plugin. -->","yoast_head_json":{"title":"S\u00e9rie reCO2 - Mauser Packaging Solutions","description":"Gr\u00e2ce \u00e0 l'utilisation de mati\u00e8res premi\u00e8res vierges et recycl\u00e9es \u00e0 faible teneur en carbone, la s\u00e9rie Reco2 affiche une empreinte carbone jusqu'\u00e0 102 % inf\u00e9rieure.","robots":{"index":"index","follow":"follow","max-snippet":"max-snippet:-1","max-image-preview":"max-image-preview:large","max-video-preview":"max-video-preview:-1"},"canonical":"https:\/\/mauserpackaging.com\/fr\/solutions-durables\/serie-reco2\/","og_locale":"fr_FR","og_type":"article","og_title":"S\u00e9rie reCO2","og_description":"Gr\u00e2ce \u00e0 l'utilisation de mati\u00e8res premi\u00e8res vierges et recycl\u00e9es \u00e0 faible teneur en carbone, la s\u00e9rie Reco2 affiche une empreinte carbone jusqu'\u00e0 102 % inf\u00e9rieure.","og_url":"https:\/\/mauserpackaging.com\/fr\/solutions-durables\/serie-reco2\/","og_site_name":"Mauser Packaging Solutions","article_modified_time":"2026-02-19T16:34:56+00:00","og_image":[{"width":1200,"height":675,"url":"https:\/\/mauserpackaging.com\/wp-content\/uploads\/2026\/03\/Mauser_Default_SiteImage.jpg","type":"image\/jpeg"}],"twitter_card":"summary_large_image","twitter_misc":{"Dur\u00e9e de lecture estim\u00e9e":"6 minutes"},"schema":{"@context":"https:\/\/schema.org","@graph":[{"@type":"WebPage","@id":"https:\/\/mauserpackaging.com\/fr\/solutions-durables\/serie-reco2\/","url":"https:\/\/mauserpackaging.com\/fr\/solutions-durables\/serie-reco2\/","name":"S\u00e9rie reCO2 - Mauser Packaging Solutions","isPartOf":{"@id":"https:\/\/mauserpackaging.com\/fr\/#website"},"datePublished":"2024-12-23T17:01:39+00:00","dateModified":"2026-02-19T16:34:56+00:00","description":"Gr\u00e2ce \u00e0 l'utilisation de mati\u00e8res premi\u00e8res vierges et recycl\u00e9es \u00e0 faible teneur en carbone, la s\u00e9rie Reco2 affiche une empreinte carbone jusqu'\u00e0 102 % inf\u00e9rieure.","breadcrumb":{"@id":"https:\/\/mauserpackaging.com\/fr\/solutions-durables\/serie-reco2\/#breadcrumb"},"inLanguage":"fr-FR","potentialAction":[{"@type":"ReadAction","target":["https:\/\/mauserpackaging.com\/fr\/solutions-durables\/serie-reco2\/"]}]},{"@type":"BreadcrumbList","@id":"https:\/\/mauserpackaging.com\/fr\/solutions-durables\/serie-reco2\/#breadcrumb","itemListElement":[{"@type":"ListItem","position":1,"name":"Home","item":"https:\/\/mauserpackaging.com\/fr\/page-daccueil\/"},{"@type":"ListItem","position":2,"name":"Solutions durables","item":"https:\/\/mauserpackaging.com\/fr\/solutions-durables\/"},{"@type":"ListItem","position":3,"name":"S\u00e9rie reCO2"}]},{"@type":"WebSite","@id":"https:\/\/mauserpackaging.com\/fr\/#website","url":"https:\/\/mauserpackaging.com\/fr\/","name":"Mauser Packaging Solutions","description":"Your go-to packaging partner","publisher":{"@id":"https:\/\/mauserpackaging.com\/fr\/#organization"},"alternateName":"Mauser Packaging","potentialAction":[{"@type":"SearchAction","target":{"@type":"EntryPoint","urlTemplate":"https:\/\/mauserpackaging.com\/fr\/?s={search_term_string}"},"query-input":{"@type":"PropertyValueSpecification","valueRequired":true,"valueName":"search_term_string"}}],"inLanguage":"fr-FR"},{"@type":"Organization","@id":"https:\/\/mauserpackaging.com\/fr\/#organization","name":"Mauser Packaging Solutions","alternateName":"Mauser Packaging","url":"https:\/\/mauserpackaging.com\/fr\/","logo":{"@type":"ImageObject","inLanguage":"fr-FR","@id":"https:\/\/mauserpackaging.com\/fr\/#\/schema\/logo\/image\/","url":"https:\/\/mauserpackaging.com\/wp-content\/uploads\/2024\/11\/Mauser_h_RGB.png","contentUrl":"https:\/\/mauserpackaging.com\/wp-content\/uploads\/2024\/11\/Mauser_h_RGB.png","width":1951,"height":600,"caption":"Mauser Packaging Solutions"},"image":{"@id":"https:\/\/mauserpackaging.com\/fr\/#\/schema\/logo\/image\/"},"sameAs":["https:\/\/www.linkedin.com\/company\/mauser-packaging-solutions\/"]}]}},"_links":{"self":[{"href":"https:\/\/mauserpackaging.com\/fr\/wp-json\/wp\/v2\/pages\/20715","targetHints":{"allow":["GET"]}}],"collection":[{"href":"https:\/\/mauserpackaging.com\/fr\/wp-json\/wp\/v2\/pages"}],"about":[{"href":"https:\/\/mauserpackaging.com\/fr\/wp-json\/wp\/v2\/types\/page"}],"author":[{"embeddable":true,"href":"https:\/\/mauserpackaging.com\/fr\/wp-json\/wp\/v2\/users\/1"}],"replies":[{"embeddable":true,"href":"https:\/\/mauserpackaging.com\/fr\/wp-json\/wp\/v2\/comments?post=20715"}],"version-history":[{"count":0,"href":"https:\/\/mauserpackaging.com\/fr\/wp-json\/wp\/v2\/pages\/20715\/revisions"}],"up":[{"embeddable":true,"href":"https:\/\/mauserpackaging.com\/fr\/wp-json\/wp\/v2\/pages\/20712"}],"wp:attachment":[{"href":"https:\/\/mauserpackaging.com\/fr\/wp-json\/wp\/v2\/media?parent=20715"}],"curies":[{"name":"wp","href":"https:\/\/api.w.org\/{rel}","templated":true}]}}