{"id":20710,"date":"2025-02-11T16:28:14","date_gmt":"2025-02-11T16:28:14","guid":{"rendered":"https:\/\/mauserpackstg.wpenginepowered.com\/services-de-ramassage-conditions-generales\/"},"modified":"2025-12-10T18:39:47","modified_gmt":"2025-12-10T18:39:47","slug":"services-de-ramassage-conditions-generales","status":"publish","type":"page","link":"https:\/\/mauserpackaging.com\/fr\/services-de-ramassage-conditions-generales\/","title":{"rendered":"Services de ramassage &#8211; Conditions g\u00e9n\u00e9rales"},"content":{"rendered":"<div id=\"cs-content\" class=\"cs-content\"><\/div>\n","protected":false},"excerpt":{"rendered":"<p>Services de ramassage &#8211; Conditions g\u00e9n\u00e9rales Le service de ramassage de Mauser Packaging Solutions viendra chercher vos IBC, f\u00fbts en acier et f\u00fbts en plastique vides et usag\u00e9s. Le transport et la manipulation des emballages vides usag\u00e9s \u00e9tant soumis \u00e0 des r\u00e9glementations locales et r\u00e9gionales, les conditions g\u00e9n\u00e9rales de notre service de ramassage diff\u00e8rent d\u2019un pays \u00e0 l\u2019autre. Veuillez vous\u2026<\/p>\n","protected":false},"author":1,"featured_media":0,"parent":0,"menu_order":0,"comment_status":"closed","ping_status":"closed","template":"template-blank-4.php","meta":{"footnotes":""},"class_list":["post-20710","page","type-page","status-publish","hentry","no-post-thumbnail"],"yoast_head":"<!-- This site is optimized with the Yoast SEO Premium plugin v27.5 (Yoast SEO v27.5) - https:\/\/yoast.com\/product\/yoast-seo-premium-wordpress\/ -->\n<title>Services de ramassage - Conditions g\u00e9n\u00e9rales - Mauser Packaging Solutions<\/title>\n<meta name=\"description\" content=\"Le transport et la manutention des emballages vides usag\u00e9s sont soumis \u00e0 des r\u00e9glementations locales et r\u00e9gionales qui diff\u00e8rent d&#039;un pays \u00e0 l&#039;autre.\" \/>\n<meta name=\"robots\" content=\"index, follow, max-snippet:-1, max-image-preview:large, max-video-preview:-1\" \/>\n<link rel=\"canonical\" href=\"https:\/\/mauserpackaging.com\/fr\/services-de-ramassage-conditions-generales\/\" \/>\n<meta property=\"og:locale\" content=\"fr_FR\" \/>\n<meta property=\"og:type\" content=\"article\" \/>\n<meta property=\"og:title\" content=\"Services de ramassage - Conditions g\u00e9n\u00e9rales\" \/>\n<meta property=\"og:description\" content=\"Le transport et la manutention des emballages vides usag\u00e9s sont soumis \u00e0 des r\u00e9glementations locales et r\u00e9gionales qui diff\u00e8rent d&#039;un pays \u00e0 l&#039;autre.\" \/>\n<meta property=\"og:url\" content=\"https:\/\/mauserpackaging.com\/fr\/services-de-ramassage-conditions-generales\/\" \/>\n<meta property=\"og:site_name\" content=\"Mauser Packaging Solutions\" \/>\n<meta property=\"article:modified_time\" content=\"2025-12-10T18:39:47+00:00\" \/>\n<meta property=\"og:image\" content=\"https:\/\/mauserpackaging.com\/wp-content\/uploads\/2026\/03\/Mauser_Default_SiteImage.jpg\" \/>\n\t<meta property=\"og:image:width\" content=\"1200\" \/>\n\t<meta property=\"og:image:height\" content=\"675\" \/>\n\t<meta property=\"og:image:type\" content=\"image\/jpeg\" \/>\n<meta name=\"twitter:card\" content=\"summary_large_image\" \/>\n<meta name=\"twitter:label1\" content=\"Dur\u00e9e de lecture estim\u00e9e\" \/>\n\t<meta name=\"twitter:data1\" content=\"2 minutes\" \/>\n<script type=\"application\/ld+json\" class=\"yoast-schema-graph\">{\"@context\":\"https:\\\/\\\/schema.org\",\"@graph\":[{\"@type\":\"WebPage\",\"@id\":\"https:\\\/\\\/mauserpackaging.com\\\/fr\\\/services-de-ramassage-conditions-generales\\\/\",\"url\":\"https:\\\/\\\/mauserpackaging.com\\\/fr\\\/services-de-ramassage-conditions-generales\\\/\",\"name\":\"Services de ramassage - Conditions g\u00e9n\u00e9rales - Mauser Packaging Solutions\",\"isPartOf\":{\"@id\":\"https:\\\/\\\/mauserpackaging.com\\\/fr\\\/#website\"},\"datePublished\":\"2025-02-11T16:28:14+00:00\",\"dateModified\":\"2025-12-10T18:39:47+00:00\",\"description\":\"Le transport et la manutention des emballages vides usag\u00e9s sont soumis \u00e0 des r\u00e9glementations locales et r\u00e9gionales qui diff\u00e8rent d'un pays \u00e0 l'autre.\",\"breadcrumb\":{\"@id\":\"https:\\\/\\\/mauserpackaging.com\\\/fr\\\/services-de-ramassage-conditions-generales\\\/#breadcrumb\"},\"inLanguage\":\"fr-FR\",\"potentialAction\":[{\"@type\":\"ReadAction\",\"target\":[\"https:\\\/\\\/mauserpackaging.com\\\/fr\\\/services-de-ramassage-conditions-generales\\\/\"]}]},{\"@type\":\"BreadcrumbList\",\"@id\":\"https:\\\/\\\/mauserpackaging.com\\\/fr\\\/services-de-ramassage-conditions-generales\\\/#breadcrumb\",\"itemListElement\":[{\"@type\":\"ListItem\",\"position\":1,\"name\":\"Home\",\"item\":\"https:\\\/\\\/mauserpackaging.com\\\/fr\\\/page-daccueil\\\/\"},{\"@type\":\"ListItem\",\"position\":2,\"name\":\"Services de ramassage &#8211; Conditions g\u00e9n\u00e9rales\"}]},{\"@type\":\"WebSite\",\"@id\":\"https:\\\/\\\/mauserpackaging.com\\\/fr\\\/#website\",\"url\":\"https:\\\/\\\/mauserpackaging.com\\\/fr\\\/\",\"name\":\"Mauser Packaging Solutions\",\"description\":\"Your go-to packaging partner\",\"publisher\":{\"@id\":\"https:\\\/\\\/mauserpackaging.com\\\/fr\\\/#organization\"},\"alternateName\":\"Mauser Packaging\",\"potentialAction\":[{\"@type\":\"SearchAction\",\"target\":{\"@type\":\"EntryPoint\",\"urlTemplate\":\"https:\\\/\\\/mauserpackaging.com\\\/fr\\\/?s={search_term_string}\"},\"query-input\":{\"@type\":\"PropertyValueSpecification\",\"valueRequired\":true,\"valueName\":\"search_term_string\"}}],\"inLanguage\":\"fr-FR\"},{\"@type\":\"Organization\",\"@id\":\"https:\\\/\\\/mauserpackaging.com\\\/fr\\\/#organization\",\"name\":\"Mauser Packaging Solutions\",\"alternateName\":\"Mauser Packaging\",\"url\":\"https:\\\/\\\/mauserpackaging.com\\\/fr\\\/\",\"logo\":{\"@type\":\"ImageObject\",\"inLanguage\":\"fr-FR\",\"@id\":\"https:\\\/\\\/mauserpackaging.com\\\/fr\\\/#\\\/schema\\\/logo\\\/image\\\/\",\"url\":\"https:\\\/\\\/mauserpackaging.com\\\/wp-content\\\/uploads\\\/2024\\\/11\\\/Mauser_h_RGB.png\",\"contentUrl\":\"https:\\\/\\\/mauserpackaging.com\\\/wp-content\\\/uploads\\\/2024\\\/11\\\/Mauser_h_RGB.png\",\"width\":1951,\"height\":600,\"caption\":\"Mauser Packaging Solutions\"},\"image\":{\"@id\":\"https:\\\/\\\/mauserpackaging.com\\\/fr\\\/#\\\/schema\\\/logo\\\/image\\\/\"},\"sameAs\":[\"https:\\\/\\\/www.linkedin.com\\\/company\\\/mauser-packaging-solutions\\\/\"]}]}<\/script>\n<!-- \/ Yoast SEO Premium plugin. -->","yoast_head_json":{"title":"Services de ramassage - Conditions g\u00e9n\u00e9rales - Mauser Packaging Solutions","description":"Le transport et la manutention des emballages vides usag\u00e9s sont soumis \u00e0 des r\u00e9glementations locales et r\u00e9gionales qui diff\u00e8rent d'un pays \u00e0 l'autre.","robots":{"index":"index","follow":"follow","max-snippet":"max-snippet:-1","max-image-preview":"max-image-preview:large","max-video-preview":"max-video-preview:-1"},"canonical":"https:\/\/mauserpackaging.com\/fr\/services-de-ramassage-conditions-generales\/","og_locale":"fr_FR","og_type":"article","og_title":"Services de ramassage - Conditions g\u00e9n\u00e9rales","og_description":"Le transport et la manutention des emballages vides usag\u00e9s sont soumis \u00e0 des r\u00e9glementations locales et r\u00e9gionales qui diff\u00e8rent d'un pays \u00e0 l'autre.","og_url":"https:\/\/mauserpackaging.com\/fr\/services-de-ramassage-conditions-generales\/","og_site_name":"Mauser Packaging Solutions","article_modified_time":"2025-12-10T18:39:47+00:00","og_image":[{"width":1200,"height":675,"url":"https:\/\/mauserpackaging.com\/wp-content\/uploads\/2026\/03\/Mauser_Default_SiteImage.jpg","type":"image\/jpeg"}],"twitter_card":"summary_large_image","twitter_misc":{"Dur\u00e9e de lecture estim\u00e9e":"2 minutes"},"schema":{"@context":"https:\/\/schema.org","@graph":[{"@type":"WebPage","@id":"https:\/\/mauserpackaging.com\/fr\/services-de-ramassage-conditions-generales\/","url":"https:\/\/mauserpackaging.com\/fr\/services-de-ramassage-conditions-generales\/","name":"Services de ramassage - Conditions g\u00e9n\u00e9rales - Mauser Packaging Solutions","isPartOf":{"@id":"https:\/\/mauserpackaging.com\/fr\/#website"},"datePublished":"2025-02-11T16:28:14+00:00","dateModified":"2025-12-10T18:39:47+00:00","description":"Le transport et la manutention des emballages vides usag\u00e9s sont soumis \u00e0 des r\u00e9glementations locales et r\u00e9gionales qui diff\u00e8rent d'un pays \u00e0 l'autre.","breadcrumb":{"@id":"https:\/\/mauserpackaging.com\/fr\/services-de-ramassage-conditions-generales\/#breadcrumb"},"inLanguage":"fr-FR","potentialAction":[{"@type":"ReadAction","target":["https:\/\/mauserpackaging.com\/fr\/services-de-ramassage-conditions-generales\/"]}]},{"@type":"BreadcrumbList","@id":"https:\/\/mauserpackaging.com\/fr\/services-de-ramassage-conditions-generales\/#breadcrumb","itemListElement":[{"@type":"ListItem","position":1,"name":"Home","item":"https:\/\/mauserpackaging.com\/fr\/page-daccueil\/"},{"@type":"ListItem","position":2,"name":"Services de ramassage &#8211; Conditions g\u00e9n\u00e9rales"}]},{"@type":"WebSite","@id":"https:\/\/mauserpackaging.com\/fr\/#website","url":"https:\/\/mauserpackaging.com\/fr\/","name":"Mauser Packaging Solutions","description":"Your go-to packaging partner","publisher":{"@id":"https:\/\/mauserpackaging.com\/fr\/#organization"},"alternateName":"Mauser Packaging","potentialAction":[{"@type":"SearchAction","target":{"@type":"EntryPoint","urlTemplate":"https:\/\/mauserpackaging.com\/fr\/?s={search_term_string}"},"query-input":{"@type":"PropertyValueSpecification","valueRequired":true,"valueName":"search_term_string"}}],"inLanguage":"fr-FR"},{"@type":"Organization","@id":"https:\/\/mauserpackaging.com\/fr\/#organization","name":"Mauser Packaging Solutions","alternateName":"Mauser Packaging","url":"https:\/\/mauserpackaging.com\/fr\/","logo":{"@type":"ImageObject","inLanguage":"fr-FR","@id":"https:\/\/mauserpackaging.com\/fr\/#\/schema\/logo\/image\/","url":"https:\/\/mauserpackaging.com\/wp-content\/uploads\/2024\/11\/Mauser_h_RGB.png","contentUrl":"https:\/\/mauserpackaging.com\/wp-content\/uploads\/2024\/11\/Mauser_h_RGB.png","width":1951,"height":600,"caption":"Mauser Packaging Solutions"},"image":{"@id":"https:\/\/mauserpackaging.com\/fr\/#\/schema\/logo\/image\/"},"sameAs":["https:\/\/www.linkedin.com\/company\/mauser-packaging-solutions\/"]}]}},"_links":{"self":[{"href":"https:\/\/mauserpackaging.com\/fr\/wp-json\/wp\/v2\/pages\/20710","targetHints":{"allow":["GET"]}}],"collection":[{"href":"https:\/\/mauserpackaging.com\/fr\/wp-json\/wp\/v2\/pages"}],"about":[{"href":"https:\/\/mauserpackaging.com\/fr\/wp-json\/wp\/v2\/types\/page"}],"author":[{"embeddable":true,"href":"https:\/\/mauserpackaging.com\/fr\/wp-json\/wp\/v2\/users\/1"}],"replies":[{"embeddable":true,"href":"https:\/\/mauserpackaging.com\/fr\/wp-json\/wp\/v2\/comments?post=20710"}],"version-history":[{"count":0,"href":"https:\/\/mauserpackaging.com\/fr\/wp-json\/wp\/v2\/pages\/20710\/revisions"}],"wp:attachment":[{"href":"https:\/\/mauserpackaging.com\/fr\/wp-json\/wp\/v2\/media?parent=20710"}],"curies":[{"name":"wp","href":"https:\/\/api.w.org\/{rel}","templated":true}]}}