{"id":20709,"date":"2024-12-18T17:09:09","date_gmt":"2024-12-18T17:09:09","guid":{"rendered":"https:\/\/mauserpackstg.wpenginepowered.com\/produits-et-innovations\/conteneurs-et-jerricans-a-tete-fermee\/"},"modified":"2026-04-01T16:28:34","modified_gmt":"2026-04-01T16:28:34","slug":"conteneurs-et-jerricans-a-tete-fermee","status":"publish","type":"page","link":"https:\/\/mauserpackaging.com\/fr\/produits-et-innovations\/conteneurs-et-jerricans-a-tete-fermee\/","title":{"rendered":"Conteneurs et jerricans \u00e0 t\u00eate ferm\u00e9e"},"content":{"rendered":"<div id=\"cs-content\" class=\"cs-content\"><\/div>\n","protected":false},"excerpt":{"rendered":"<p>Conteneurs et jerricans \u00e0 t\u00eate ferm\u00e9e HomeFiabilit\u00e9 et vari\u00e9t\u00e9 Nos conteneurs et jerricans \u00e0 t\u00eate ferm\u00e9e aident les entreprises du monde entier \u00e0 assurer la circulation de leurs produits. Nos conteneurs moul\u00e9s par soufflage sont disponibles dans une gamme de styles, de dimensions, de formes et de couleurs, avec une vari\u00e9t\u00e9 de fermetures et d\u2019options de distribution. Vous b\u00e9n\u00e9ficierez de\u2026<\/p>\n","protected":false},"author":1,"featured_media":0,"parent":20675,"menu_order":0,"comment_status":"closed","ping_status":"closed","template":"template-blank-4.php","meta":{"footnotes":""},"class_list":["post-20709","page","type-page","status-publish","hentry","no-post-thumbnail"],"yoast_head":"<!-- This site is optimized with the Yoast SEO Premium plugin v27.3 (Yoast SEO v27.3) - https:\/\/yoast.com\/product\/yoast-seo-premium-wordpress\/ -->\n<title>R\u00e9cipients et seaux \u00e0 couvercle herm\u00e9tique | Bidons | Mauser Packaging<\/title>\n<meta name=\"description\" content=\"R\u00e9cipients en plastique \u00e0 couvercle herm\u00e9tique et bidons destin\u00e9s \u00e0 faciliter le transport en toute s\u00e9curit\u00e9 des liquides. Disponibles avec jusqu&#039;\u00e0 98 % de mat\u00e9riaux recycl\u00e9s post-consommation (PCR). Mod\u00e8les homologu\u00e9s par l&#039;ONU pour les industries chimiques et agroalimentaires.\" \/>\n<meta name=\"robots\" content=\"index, follow, max-snippet:-1, max-image-preview:large, max-video-preview:-1\" \/>\n<link rel=\"canonical\" href=\"https:\/\/mauserpackaging.com\/fr\/produits-et-innovations\/conteneurs-et-jerricans-a-tete-fermee\/\" \/>\n<meta property=\"og:locale\" content=\"fr_FR\" \/>\n<meta property=\"og:type\" content=\"article\" \/>\n<meta property=\"og:title\" content=\"Conteneurs et jerricans \u00e0 t\u00eate ferm\u00e9e\" \/>\n<meta property=\"og:description\" content=\"R\u00e9cipients en plastique \u00e0 couvercle herm\u00e9tique et bidons destin\u00e9s \u00e0 faciliter le transport en toute s\u00e9curit\u00e9 des liquides. Disponibles avec jusqu&#039;\u00e0 98 % de mat\u00e9riaux recycl\u00e9s post-consommation (PCR). Mod\u00e8les homologu\u00e9s par l&#039;ONU pour les industries chimiques et agroalimentaires.\" \/>\n<meta property=\"og:url\" content=\"https:\/\/mauserpackaging.com\/fr\/produits-et-innovations\/conteneurs-et-jerricans-a-tete-fermee\/\" \/>\n<meta property=\"og:site_name\" content=\"Mauser Packaging Solutions\" \/>\n<meta property=\"article:modified_time\" content=\"2026-04-01T16:28:34+00:00\" \/>\n<meta property=\"og:image\" content=\"https:\/\/mauserpackaging.com\/wp-content\/uploads\/2026\/03\/Mauser_Default_SiteImage.jpg\" \/>\n\t<meta property=\"og:image:width\" content=\"1200\" \/>\n\t<meta property=\"og:image:height\" content=\"675\" \/>\n\t<meta property=\"og:image:type\" content=\"image\/jpeg\" \/>\n<meta name=\"twitter:card\" content=\"summary_large_image\" \/>\n<meta name=\"twitter:label1\" content=\"Dur\u00e9e de lecture estim\u00e9e\" \/>\n\t<meta name=\"twitter:data1\" content=\"8 minutes\" \/>\n<script type=\"application\/ld+json\" class=\"yoast-schema-graph\">{\"@context\":\"https:\\\/\\\/schema.org\",\"@graph\":[{\"@type\":\"WebPage\",\"@id\":\"https:\\\/\\\/mauserpackaging.com\\\/fr\\\/produits-et-innovations\\\/conteneurs-et-jerricans-a-tete-fermee\\\/\",\"url\":\"https:\\\/\\\/mauserpackaging.com\\\/fr\\\/produits-et-innovations\\\/conteneurs-et-jerricans-a-tete-fermee\\\/\",\"name\":\"R\u00e9cipients et seaux \u00e0 couvercle herm\u00e9tique | Bidons | Mauser Packaging\",\"isPartOf\":{\"@id\":\"https:\\\/\\\/mauserpackaging.com\\\/fr\\\/#website\"},\"datePublished\":\"2024-12-18T17:09:09+00:00\",\"dateModified\":\"2026-04-01T16:28:34+00:00\",\"description\":\"R\u00e9cipients en plastique \u00e0 couvercle herm\u00e9tique et bidons destin\u00e9s \u00e0 faciliter le transport en toute s\u00e9curit\u00e9 des liquides. Disponibles avec jusqu'\u00e0 98 % de mat\u00e9riaux recycl\u00e9s post-consommation (PCR). Mod\u00e8les homologu\u00e9s par l'ONU pour les industries chimiques et agroalimentaires.\",\"breadcrumb\":{\"@id\":\"https:\\\/\\\/mauserpackaging.com\\\/fr\\\/produits-et-innovations\\\/conteneurs-et-jerricans-a-tete-fermee\\\/#breadcrumb\"},\"inLanguage\":\"fr-FR\",\"potentialAction\":[{\"@type\":\"ReadAction\",\"target\":[\"https:\\\/\\\/mauserpackaging.com\\\/fr\\\/produits-et-innovations\\\/conteneurs-et-jerricans-a-tete-fermee\\\/\"]}]},{\"@type\":\"BreadcrumbList\",\"@id\":\"https:\\\/\\\/mauserpackaging.com\\\/fr\\\/produits-et-innovations\\\/conteneurs-et-jerricans-a-tete-fermee\\\/#breadcrumb\",\"itemListElement\":[{\"@type\":\"ListItem\",\"position\":1,\"name\":\"Home\",\"item\":\"https:\\\/\\\/mauserpackaging.com\\\/fr\\\/page-daccueil\\\/\"},{\"@type\":\"ListItem\",\"position\":2,\"name\":\"Produits et innovations\",\"item\":\"https:\\\/\\\/mauserpackaging.com\\\/fr\\\/produits-et-innovations\\\/\"},{\"@type\":\"ListItem\",\"position\":3,\"name\":\"Conteneurs et jerricans \u00e0 t\u00eate ferm\u00e9e\"}]},{\"@type\":\"WebSite\",\"@id\":\"https:\\\/\\\/mauserpackaging.com\\\/fr\\\/#website\",\"url\":\"https:\\\/\\\/mauserpackaging.com\\\/fr\\\/\",\"name\":\"Mauser Packaging Solutions\",\"description\":\"Your go-to packaging partner\",\"publisher\":{\"@id\":\"https:\\\/\\\/mauserpackaging.com\\\/fr\\\/#organization\"},\"alternateName\":\"Mauser Packaging\",\"potentialAction\":[{\"@type\":\"SearchAction\",\"target\":{\"@type\":\"EntryPoint\",\"urlTemplate\":\"https:\\\/\\\/mauserpackaging.com\\\/fr\\\/?s={search_term_string}\"},\"query-input\":{\"@type\":\"PropertyValueSpecification\",\"valueRequired\":true,\"valueName\":\"search_term_string\"}}],\"inLanguage\":\"fr-FR\"},{\"@type\":\"Organization\",\"@id\":\"https:\\\/\\\/mauserpackaging.com\\\/fr\\\/#organization\",\"name\":\"Mauser Packaging Solutions\",\"alternateName\":\"Mauser Packaging\",\"url\":\"https:\\\/\\\/mauserpackaging.com\\\/fr\\\/\",\"logo\":{\"@type\":\"ImageObject\",\"inLanguage\":\"fr-FR\",\"@id\":\"https:\\\/\\\/mauserpackaging.com\\\/fr\\\/#\\\/schema\\\/logo\\\/image\\\/\",\"url\":\"https:\\\/\\\/mauserpackaging.com\\\/wp-content\\\/uploads\\\/2024\\\/11\\\/Mauser_h_RGB.png\",\"contentUrl\":\"https:\\\/\\\/mauserpackaging.com\\\/wp-content\\\/uploads\\\/2024\\\/11\\\/Mauser_h_RGB.png\",\"width\":1951,\"height\":600,\"caption\":\"Mauser Packaging Solutions\"},\"image\":{\"@id\":\"https:\\\/\\\/mauserpackaging.com\\\/fr\\\/#\\\/schema\\\/logo\\\/image\\\/\"},\"sameAs\":[\"https:\\\/\\\/www.linkedin.com\\\/company\\\/mauser-packaging-solutions\\\/\"]}]}<\/script>\n<!-- \/ Yoast SEO Premium plugin. -->","yoast_head_json":{"title":"R\u00e9cipients et seaux \u00e0 couvercle herm\u00e9tique | Bidons | Mauser Packaging","description":"R\u00e9cipients en plastique \u00e0 couvercle herm\u00e9tique et bidons destin\u00e9s \u00e0 faciliter le transport en toute s\u00e9curit\u00e9 des liquides. Disponibles avec jusqu'\u00e0 98 % de mat\u00e9riaux recycl\u00e9s post-consommation (PCR). Mod\u00e8les homologu\u00e9s par l'ONU pour les industries chimiques et agroalimentaires.","robots":{"index":"index","follow":"follow","max-snippet":"max-snippet:-1","max-image-preview":"max-image-preview:large","max-video-preview":"max-video-preview:-1"},"canonical":"https:\/\/mauserpackaging.com\/fr\/produits-et-innovations\/conteneurs-et-jerricans-a-tete-fermee\/","og_locale":"fr_FR","og_type":"article","og_title":"Conteneurs et jerricans \u00e0 t\u00eate ferm\u00e9e","og_description":"R\u00e9cipients en plastique \u00e0 couvercle herm\u00e9tique et bidons destin\u00e9s \u00e0 faciliter le transport en toute s\u00e9curit\u00e9 des liquides. Disponibles avec jusqu'\u00e0 98 % de mat\u00e9riaux recycl\u00e9s post-consommation (PCR). Mod\u00e8les homologu\u00e9s par l'ONU pour les industries chimiques et agroalimentaires.","og_url":"https:\/\/mauserpackaging.com\/fr\/produits-et-innovations\/conteneurs-et-jerricans-a-tete-fermee\/","og_site_name":"Mauser Packaging Solutions","article_modified_time":"2026-04-01T16:28:34+00:00","og_image":[{"width":1200,"height":675,"url":"https:\/\/mauserpackaging.com\/wp-content\/uploads\/2026\/03\/Mauser_Default_SiteImage.jpg","type":"image\/jpeg"}],"twitter_card":"summary_large_image","twitter_misc":{"Dur\u00e9e de lecture estim\u00e9e":"8 minutes"},"schema":{"@context":"https:\/\/schema.org","@graph":[{"@type":"WebPage","@id":"https:\/\/mauserpackaging.com\/fr\/produits-et-innovations\/conteneurs-et-jerricans-a-tete-fermee\/","url":"https:\/\/mauserpackaging.com\/fr\/produits-et-innovations\/conteneurs-et-jerricans-a-tete-fermee\/","name":"R\u00e9cipients et seaux \u00e0 couvercle herm\u00e9tique | Bidons | Mauser Packaging","isPartOf":{"@id":"https:\/\/mauserpackaging.com\/fr\/#website"},"datePublished":"2024-12-18T17:09:09+00:00","dateModified":"2026-04-01T16:28:34+00:00","description":"R\u00e9cipients en plastique \u00e0 couvercle herm\u00e9tique et bidons destin\u00e9s \u00e0 faciliter le transport en toute s\u00e9curit\u00e9 des liquides. Disponibles avec jusqu'\u00e0 98 % de mat\u00e9riaux recycl\u00e9s post-consommation (PCR). Mod\u00e8les homologu\u00e9s par l'ONU pour les industries chimiques et agroalimentaires.","breadcrumb":{"@id":"https:\/\/mauserpackaging.com\/fr\/produits-et-innovations\/conteneurs-et-jerricans-a-tete-fermee\/#breadcrumb"},"inLanguage":"fr-FR","potentialAction":[{"@type":"ReadAction","target":["https:\/\/mauserpackaging.com\/fr\/produits-et-innovations\/conteneurs-et-jerricans-a-tete-fermee\/"]}]},{"@type":"BreadcrumbList","@id":"https:\/\/mauserpackaging.com\/fr\/produits-et-innovations\/conteneurs-et-jerricans-a-tete-fermee\/#breadcrumb","itemListElement":[{"@type":"ListItem","position":1,"name":"Home","item":"https:\/\/mauserpackaging.com\/fr\/page-daccueil\/"},{"@type":"ListItem","position":2,"name":"Produits et innovations","item":"https:\/\/mauserpackaging.com\/fr\/produits-et-innovations\/"},{"@type":"ListItem","position":3,"name":"Conteneurs et jerricans \u00e0 t\u00eate ferm\u00e9e"}]},{"@type":"WebSite","@id":"https:\/\/mauserpackaging.com\/fr\/#website","url":"https:\/\/mauserpackaging.com\/fr\/","name":"Mauser Packaging Solutions","description":"Your go-to packaging partner","publisher":{"@id":"https:\/\/mauserpackaging.com\/fr\/#organization"},"alternateName":"Mauser Packaging","potentialAction":[{"@type":"SearchAction","target":{"@type":"EntryPoint","urlTemplate":"https:\/\/mauserpackaging.com\/fr\/?s={search_term_string}"},"query-input":{"@type":"PropertyValueSpecification","valueRequired":true,"valueName":"search_term_string"}}],"inLanguage":"fr-FR"},{"@type":"Organization","@id":"https:\/\/mauserpackaging.com\/fr\/#organization","name":"Mauser Packaging Solutions","alternateName":"Mauser Packaging","url":"https:\/\/mauserpackaging.com\/fr\/","logo":{"@type":"ImageObject","inLanguage":"fr-FR","@id":"https:\/\/mauserpackaging.com\/fr\/#\/schema\/logo\/image\/","url":"https:\/\/mauserpackaging.com\/wp-content\/uploads\/2024\/11\/Mauser_h_RGB.png","contentUrl":"https:\/\/mauserpackaging.com\/wp-content\/uploads\/2024\/11\/Mauser_h_RGB.png","width":1951,"height":600,"caption":"Mauser Packaging Solutions"},"image":{"@id":"https:\/\/mauserpackaging.com\/fr\/#\/schema\/logo\/image\/"},"sameAs":["https:\/\/www.linkedin.com\/company\/mauser-packaging-solutions\/"]}]}},"_links":{"self":[{"href":"https:\/\/mauserpackaging.com\/fr\/wp-json\/wp\/v2\/pages\/20709","targetHints":{"allow":["GET"]}}],"collection":[{"href":"https:\/\/mauserpackaging.com\/fr\/wp-json\/wp\/v2\/pages"}],"about":[{"href":"https:\/\/mauserpackaging.com\/fr\/wp-json\/wp\/v2\/types\/page"}],"author":[{"embeddable":true,"href":"https:\/\/mauserpackaging.com\/fr\/wp-json\/wp\/v2\/users\/1"}],"replies":[{"embeddable":true,"href":"https:\/\/mauserpackaging.com\/fr\/wp-json\/wp\/v2\/comments?post=20709"}],"version-history":[{"count":0,"href":"https:\/\/mauserpackaging.com\/fr\/wp-json\/wp\/v2\/pages\/20709\/revisions"}],"up":[{"embeddable":true,"href":"https:\/\/mauserpackaging.com\/fr\/wp-json\/wp\/v2\/pages\/20675"}],"wp:attachment":[{"href":"https:\/\/mauserpackaging.com\/fr\/wp-json\/wp\/v2\/media?parent=20709"}],"curies":[{"name":"wp","href":"https:\/\/api.w.org\/{rel}","templated":true}]}}