{"id":20698,"date":"2024-12-17T20:10:56","date_gmt":"2024-12-17T20:10:56","guid":{"rendered":"https:\/\/mauserpackstg.wpenginepowered.com\/produits-et-innovations\/seaux\/seaux-en-plastique\/"},"modified":"2026-04-01T15:43:02","modified_gmt":"2026-04-01T15:43:02","slug":"seaux-en-plastique","status":"publish","type":"page","link":"https:\/\/mauserpackaging.com\/fr\/produits-et-innovations\/seaux\/seaux-en-plastique\/","title":{"rendered":"Seaux en plastique"},"content":{"rendered":"<div id=\"cs-content\" class=\"cs-content\"><\/div>\n","protected":false},"excerpt":{"rendered":"<p>Home Seaux en plastiqueDes options \u00e0 la pointe du march\u00e9 Chez Mauser Packaging Solutions, nous sommes de v\u00e9ritables pionniers dans la cat\u00e9gorie des seaux en plastique. Que vous ayez besoin de seaux en plastique qui r\u00e9sistent aux environnements les plus difficiles, qui se distinguent en bout d\u2019all\u00e9e, qui int\u00e8grent de la r\u00e9sine recycl\u00e9e ou qui r\u00e9pondent aux exigences du contact\u2026<\/p>\n","protected":false},"author":1,"featured_media":0,"parent":20697,"menu_order":0,"comment_status":"closed","ping_status":"closed","template":"template-blank-4.php","meta":{"footnotes":""},"class_list":["post-20698","page","type-page","status-publish","hentry","no-post-thumbnail"],"yoast_head":"<!-- This site is optimized with the Yoast SEO Premium plugin v27.5 (Yoast SEO v27.5) - https:\/\/yoast.com\/product\/yoast-seo-premium-wordpress\/ -->\n<title>Seaux en plastique | Usage alimentaire et industriel | Mauser Packaging<\/title>\n<meta name=\"description\" content=\"Seaux en plastique destin\u00e9s \u00e0 contenir des produits alimentaires, des produits chimiques, des peintures et des rev\u00eatements. Capacit\u00e9s allant de 1 litre \u00e0 13 gallons, y compris des mod\u00e8les de 5 gallons, avec diff\u00e9rentes options de teneur en mati\u00e8res recycl\u00e9es post-consommation (PCR).\" \/>\n<meta name=\"robots\" content=\"index, follow, max-snippet:-1, max-image-preview:large, max-video-preview:-1\" \/>\n<link rel=\"canonical\" href=\"https:\/\/mauserpackaging.com\/fr\/produits-et-innovations\/seaux\/seaux-en-plastique\/\" \/>\n<meta property=\"og:locale\" content=\"fr_FR\" \/>\n<meta property=\"og:type\" content=\"article\" \/>\n<meta property=\"og:title\" content=\"Seaux en plastique\" \/>\n<meta property=\"og:description\" content=\"Seaux en plastique destin\u00e9s \u00e0 contenir des produits alimentaires, des produits chimiques, des peintures et des rev\u00eatements. Capacit\u00e9s allant de 1 litre \u00e0 13 gallons, y compris des mod\u00e8les de 5 gallons, avec diff\u00e9rentes options de teneur en mati\u00e8res recycl\u00e9es post-consommation (PCR).\" \/>\n<meta property=\"og:url\" content=\"https:\/\/mauserpackaging.com\/fr\/produits-et-innovations\/seaux\/seaux-en-plastique\/\" \/>\n<meta property=\"og:site_name\" content=\"Mauser Packaging Solutions\" \/>\n<meta property=\"article:modified_time\" content=\"2026-04-01T15:43:02+00:00\" \/>\n<meta property=\"og:image\" content=\"https:\/\/mauserpackaging.com\/wp-content\/uploads\/2026\/03\/Mauser_Default_SiteImage.jpg\" \/>\n\t<meta property=\"og:image:width\" content=\"1200\" \/>\n\t<meta property=\"og:image:height\" content=\"675\" \/>\n\t<meta property=\"og:image:type\" content=\"image\/jpeg\" \/>\n<meta name=\"twitter:card\" content=\"summary_large_image\" \/>\n<meta name=\"twitter:label1\" content=\"Dur\u00e9e de lecture estim\u00e9e\" \/>\n\t<meta name=\"twitter:data1\" content=\"8 minutes\" \/>\n<script type=\"application\/ld+json\" class=\"yoast-schema-graph\">{\"@context\":\"https:\\\/\\\/schema.org\",\"@graph\":[{\"@type\":\"WebPage\",\"@id\":\"https:\\\/\\\/mauserpackaging.com\\\/fr\\\/produits-et-innovations\\\/seaux\\\/seaux-en-plastique\\\/\",\"url\":\"https:\\\/\\\/mauserpackaging.com\\\/fr\\\/produits-et-innovations\\\/seaux\\\/seaux-en-plastique\\\/\",\"name\":\"Seaux en plastique | Usage alimentaire et industriel | Mauser Packaging\",\"isPartOf\":{\"@id\":\"https:\\\/\\\/mauserpackaging.com\\\/fr\\\/#website\"},\"datePublished\":\"2024-12-17T20:10:56+00:00\",\"dateModified\":\"2026-04-01T15:43:02+00:00\",\"description\":\"Seaux en plastique destin\u00e9s \u00e0 contenir des produits alimentaires, des produits chimiques, des peintures et des rev\u00eatements. Capacit\u00e9s allant de 1 litre \u00e0 13 gallons, y compris des mod\u00e8les de 5 gallons, avec diff\u00e9rentes options de teneur en mati\u00e8res recycl\u00e9es post-consommation (PCR).\",\"breadcrumb\":{\"@id\":\"https:\\\/\\\/mauserpackaging.com\\\/fr\\\/produits-et-innovations\\\/seaux\\\/seaux-en-plastique\\\/#breadcrumb\"},\"inLanguage\":\"fr-FR\",\"potentialAction\":[{\"@type\":\"ReadAction\",\"target\":[\"https:\\\/\\\/mauserpackaging.com\\\/fr\\\/produits-et-innovations\\\/seaux\\\/seaux-en-plastique\\\/\"]}]},{\"@type\":\"BreadcrumbList\",\"@id\":\"https:\\\/\\\/mauserpackaging.com\\\/fr\\\/produits-et-innovations\\\/seaux\\\/seaux-en-plastique\\\/#breadcrumb\",\"itemListElement\":[{\"@type\":\"ListItem\",\"position\":1,\"name\":\"Home\",\"item\":\"https:\\\/\\\/mauserpackaging.com\\\/fr\\\/page-daccueil\\\/\"},{\"@type\":\"ListItem\",\"position\":2,\"name\":\"Produits et innovations\",\"item\":\"https:\\\/\\\/mauserpackaging.com\\\/fr\\\/produits-et-innovations\\\/\"},{\"@type\":\"ListItem\",\"position\":3,\"name\":\"Seaux\",\"item\":\"https:\\\/\\\/mauserpackaging.com\\\/fr\\\/produits-et-innovations\\\/seaux\\\/\"},{\"@type\":\"ListItem\",\"position\":4,\"name\":\"Seaux en plastique\"}]},{\"@type\":\"WebSite\",\"@id\":\"https:\\\/\\\/mauserpackaging.com\\\/fr\\\/#website\",\"url\":\"https:\\\/\\\/mauserpackaging.com\\\/fr\\\/\",\"name\":\"Mauser Packaging Solutions\",\"description\":\"Your go-to packaging partner\",\"publisher\":{\"@id\":\"https:\\\/\\\/mauserpackaging.com\\\/fr\\\/#organization\"},\"alternateName\":\"Mauser Packaging\",\"potentialAction\":[{\"@type\":\"SearchAction\",\"target\":{\"@type\":\"EntryPoint\",\"urlTemplate\":\"https:\\\/\\\/mauserpackaging.com\\\/fr\\\/?s={search_term_string}\"},\"query-input\":{\"@type\":\"PropertyValueSpecification\",\"valueRequired\":true,\"valueName\":\"search_term_string\"}}],\"inLanguage\":\"fr-FR\"},{\"@type\":\"Organization\",\"@id\":\"https:\\\/\\\/mauserpackaging.com\\\/fr\\\/#organization\",\"name\":\"Mauser Packaging Solutions\",\"alternateName\":\"Mauser Packaging\",\"url\":\"https:\\\/\\\/mauserpackaging.com\\\/fr\\\/\",\"logo\":{\"@type\":\"ImageObject\",\"inLanguage\":\"fr-FR\",\"@id\":\"https:\\\/\\\/mauserpackaging.com\\\/fr\\\/#\\\/schema\\\/logo\\\/image\\\/\",\"url\":\"https:\\\/\\\/mauserpackaging.com\\\/wp-content\\\/uploads\\\/2024\\\/11\\\/Mauser_h_RGB.png\",\"contentUrl\":\"https:\\\/\\\/mauserpackaging.com\\\/wp-content\\\/uploads\\\/2024\\\/11\\\/Mauser_h_RGB.png\",\"width\":1951,\"height\":600,\"caption\":\"Mauser Packaging Solutions\"},\"image\":{\"@id\":\"https:\\\/\\\/mauserpackaging.com\\\/fr\\\/#\\\/schema\\\/logo\\\/image\\\/\"},\"sameAs\":[\"https:\\\/\\\/www.linkedin.com\\\/company\\\/mauser-packaging-solutions\\\/\"]}]}<\/script>\n<!-- \/ Yoast SEO Premium plugin. -->","yoast_head_json":{"title":"Seaux en plastique | Usage alimentaire et industriel | Mauser Packaging","description":"Seaux en plastique destin\u00e9s \u00e0 contenir des produits alimentaires, des produits chimiques, des peintures et des rev\u00eatements. Capacit\u00e9s allant de 1 litre \u00e0 13 gallons, y compris des mod\u00e8les de 5 gallons, avec diff\u00e9rentes options de teneur en mati\u00e8res recycl\u00e9es post-consommation (PCR).","robots":{"index":"index","follow":"follow","max-snippet":"max-snippet:-1","max-image-preview":"max-image-preview:large","max-video-preview":"max-video-preview:-1"},"canonical":"https:\/\/mauserpackaging.com\/fr\/produits-et-innovations\/seaux\/seaux-en-plastique\/","og_locale":"fr_FR","og_type":"article","og_title":"Seaux en plastique","og_description":"Seaux en plastique destin\u00e9s \u00e0 contenir des produits alimentaires, des produits chimiques, des peintures et des rev\u00eatements. Capacit\u00e9s allant de 1 litre \u00e0 13 gallons, y compris des mod\u00e8les de 5 gallons, avec diff\u00e9rentes options de teneur en mati\u00e8res recycl\u00e9es post-consommation (PCR).","og_url":"https:\/\/mauserpackaging.com\/fr\/produits-et-innovations\/seaux\/seaux-en-plastique\/","og_site_name":"Mauser Packaging Solutions","article_modified_time":"2026-04-01T15:43:02+00:00","og_image":[{"width":1200,"height":675,"url":"https:\/\/mauserpackaging.com\/wp-content\/uploads\/2026\/03\/Mauser_Default_SiteImage.jpg","type":"image\/jpeg"}],"twitter_card":"summary_large_image","twitter_misc":{"Dur\u00e9e de lecture estim\u00e9e":"8 minutes"},"schema":{"@context":"https:\/\/schema.org","@graph":[{"@type":"WebPage","@id":"https:\/\/mauserpackaging.com\/fr\/produits-et-innovations\/seaux\/seaux-en-plastique\/","url":"https:\/\/mauserpackaging.com\/fr\/produits-et-innovations\/seaux\/seaux-en-plastique\/","name":"Seaux en plastique | Usage alimentaire et industriel | Mauser Packaging","isPartOf":{"@id":"https:\/\/mauserpackaging.com\/fr\/#website"},"datePublished":"2024-12-17T20:10:56+00:00","dateModified":"2026-04-01T15:43:02+00:00","description":"Seaux en plastique destin\u00e9s \u00e0 contenir des produits alimentaires, des produits chimiques, des peintures et des rev\u00eatements. Capacit\u00e9s allant de 1 litre \u00e0 13 gallons, y compris des mod\u00e8les de 5 gallons, avec diff\u00e9rentes options de teneur en mati\u00e8res recycl\u00e9es post-consommation (PCR).","breadcrumb":{"@id":"https:\/\/mauserpackaging.com\/fr\/produits-et-innovations\/seaux\/seaux-en-plastique\/#breadcrumb"},"inLanguage":"fr-FR","potentialAction":[{"@type":"ReadAction","target":["https:\/\/mauserpackaging.com\/fr\/produits-et-innovations\/seaux\/seaux-en-plastique\/"]}]},{"@type":"BreadcrumbList","@id":"https:\/\/mauserpackaging.com\/fr\/produits-et-innovations\/seaux\/seaux-en-plastique\/#breadcrumb","itemListElement":[{"@type":"ListItem","position":1,"name":"Home","item":"https:\/\/mauserpackaging.com\/fr\/page-daccueil\/"},{"@type":"ListItem","position":2,"name":"Produits et innovations","item":"https:\/\/mauserpackaging.com\/fr\/produits-et-innovations\/"},{"@type":"ListItem","position":3,"name":"Seaux","item":"https:\/\/mauserpackaging.com\/fr\/produits-et-innovations\/seaux\/"},{"@type":"ListItem","position":4,"name":"Seaux en plastique"}]},{"@type":"WebSite","@id":"https:\/\/mauserpackaging.com\/fr\/#website","url":"https:\/\/mauserpackaging.com\/fr\/","name":"Mauser Packaging Solutions","description":"Your go-to packaging partner","publisher":{"@id":"https:\/\/mauserpackaging.com\/fr\/#organization"},"alternateName":"Mauser Packaging","potentialAction":[{"@type":"SearchAction","target":{"@type":"EntryPoint","urlTemplate":"https:\/\/mauserpackaging.com\/fr\/?s={search_term_string}"},"query-input":{"@type":"PropertyValueSpecification","valueRequired":true,"valueName":"search_term_string"}}],"inLanguage":"fr-FR"},{"@type":"Organization","@id":"https:\/\/mauserpackaging.com\/fr\/#organization","name":"Mauser Packaging Solutions","alternateName":"Mauser Packaging","url":"https:\/\/mauserpackaging.com\/fr\/","logo":{"@type":"ImageObject","inLanguage":"fr-FR","@id":"https:\/\/mauserpackaging.com\/fr\/#\/schema\/logo\/image\/","url":"https:\/\/mauserpackaging.com\/wp-content\/uploads\/2024\/11\/Mauser_h_RGB.png","contentUrl":"https:\/\/mauserpackaging.com\/wp-content\/uploads\/2024\/11\/Mauser_h_RGB.png","width":1951,"height":600,"caption":"Mauser Packaging Solutions"},"image":{"@id":"https:\/\/mauserpackaging.com\/fr\/#\/schema\/logo\/image\/"},"sameAs":["https:\/\/www.linkedin.com\/company\/mauser-packaging-solutions\/"]}]}},"_links":{"self":[{"href":"https:\/\/mauserpackaging.com\/fr\/wp-json\/wp\/v2\/pages\/20698","targetHints":{"allow":["GET"]}}],"collection":[{"href":"https:\/\/mauserpackaging.com\/fr\/wp-json\/wp\/v2\/pages"}],"about":[{"href":"https:\/\/mauserpackaging.com\/fr\/wp-json\/wp\/v2\/types\/page"}],"author":[{"embeddable":true,"href":"https:\/\/mauserpackaging.com\/fr\/wp-json\/wp\/v2\/users\/1"}],"replies":[{"embeddable":true,"href":"https:\/\/mauserpackaging.com\/fr\/wp-json\/wp\/v2\/comments?post=20698"}],"version-history":[{"count":0,"href":"https:\/\/mauserpackaging.com\/fr\/wp-json\/wp\/v2\/pages\/20698\/revisions"}],"up":[{"embeddable":true,"href":"https:\/\/mauserpackaging.com\/fr\/wp-json\/wp\/v2\/pages\/20697"}],"wp:attachment":[{"href":"https:\/\/mauserpackaging.com\/fr\/wp-json\/wp\/v2\/media?parent=20698"}],"curies":[{"name":"wp","href":"https:\/\/api.w.org\/{rel}","templated":true}]}}