{"id":20696,"date":"2024-12-19T16:43:26","date_gmt":"2024-12-19T16:43:26","guid":{"rendered":"https:\/\/mauserpackstg.wpenginepowered.com\/produits-et-innovations\/conteneurs-medicaux\/"},"modified":"2025-10-22T14:33:19","modified_gmt":"2025-10-22T14:33:19","slug":"conteneurs-medicaux","status":"publish","type":"page","link":"https:\/\/mauserpackaging.com\/fr\/produits-et-innovations\/conteneurs-medicaux\/","title":{"rendered":"Conteneurs m\u00e9dicaux"},"content":{"rendered":"<div id=\"cs-content\" class=\"cs-content\"><\/div>\n","protected":false},"excerpt":{"rendered":"<p>Conteneurs m\u00e9dicaux HomeProt\u00e9ger les patients et les professionnels de la sant\u00e9 Mauser Packaging Solutions fabrique des conteneurs m\u00e9dicaux con\u00e7us pour d\u00e9passer les normes de s\u00e9curit\u00e9 rigoureuses des professionnels de la sant\u00e9.Gr\u00e2ce \u00e0 la gamme SHARPSGUARD\u00ae de conteneurs pour objets tranchants, de conteneurs de transport d\u2019\u00e9chantillons, de conteneurs de d\u00e9chets cliniques en carton SANIBOX\u00ae et du syst\u00e8me de conteneurs WIVA\u2122, nous\u2026<\/p>\n","protected":false},"author":1,"featured_media":0,"parent":20675,"menu_order":0,"comment_status":"closed","ping_status":"closed","template":"template-blank-4.php","meta":{"footnotes":""},"class_list":["post-20696","page","type-page","status-publish","hentry","no-post-thumbnail"],"yoast_head":"<!-- This site is optimized with the Yoast SEO Premium plugin v27.4 (Yoast SEO v27.4) - https:\/\/yoast.com\/product\/yoast-seo-premium-wordpress\/ -->\n<title>Conteneurs m\u00e9dicaux - Mauser Packaging Solutions<\/title>\n<meta name=\"description\" content=\"Mauser Packaging Solutions fabrique des conteneurs m\u00e9dicaux con\u00e7us pour d\u00e9passer les normes de s\u00e9curit\u00e9 rigoureuses des professionnels de la sant\u00e9.\" \/>\n<meta name=\"robots\" content=\"index, follow, max-snippet:-1, max-image-preview:large, max-video-preview:-1\" \/>\n<link rel=\"canonical\" href=\"https:\/\/mauserpackaging.com\/fr\/produits-et-innovations\/conteneurs-medicaux\/\" \/>\n<meta property=\"og:locale\" content=\"fr_FR\" \/>\n<meta property=\"og:type\" content=\"article\" \/>\n<meta property=\"og:title\" content=\"Conteneurs m\u00e9dicaux\" \/>\n<meta property=\"og:description\" content=\"Mauser Packaging Solutions fabrique des conteneurs m\u00e9dicaux con\u00e7us pour d\u00e9passer les normes de s\u00e9curit\u00e9 rigoureuses des professionnels de la sant\u00e9.\" \/>\n<meta property=\"og:url\" content=\"https:\/\/mauserpackaging.com\/fr\/produits-et-innovations\/conteneurs-medicaux\/\" \/>\n<meta property=\"og:site_name\" content=\"Mauser Packaging Solutions\" \/>\n<meta property=\"article:modified_time\" content=\"2025-10-22T14:33:19+00:00\" \/>\n<meta property=\"og:image\" content=\"https:\/\/mauserpackaging.com\/wp-content\/uploads\/2026\/03\/Mauser_Default_SiteImage.jpg\" \/>\n\t<meta property=\"og:image:width\" content=\"1200\" \/>\n\t<meta property=\"og:image:height\" content=\"675\" \/>\n\t<meta property=\"og:image:type\" content=\"image\/jpeg\" \/>\n<meta name=\"twitter:card\" content=\"summary_large_image\" \/>\n<meta name=\"twitter:label1\" content=\"Dur\u00e9e de lecture estim\u00e9e\" \/>\n\t<meta name=\"twitter:data1\" content=\"6 minutes\" \/>\n<script type=\"application\/ld+json\" class=\"yoast-schema-graph\">{\"@context\":\"https:\\\/\\\/schema.org\",\"@graph\":[{\"@type\":\"WebPage\",\"@id\":\"https:\\\/\\\/mauserpackaging.com\\\/fr\\\/produits-et-innovations\\\/conteneurs-medicaux\\\/\",\"url\":\"https:\\\/\\\/mauserpackaging.com\\\/fr\\\/produits-et-innovations\\\/conteneurs-medicaux\\\/\",\"name\":\"Conteneurs m\u00e9dicaux - Mauser Packaging Solutions\",\"isPartOf\":{\"@id\":\"https:\\\/\\\/mauserpackaging.com\\\/fr\\\/#website\"},\"datePublished\":\"2024-12-19T16:43:26+00:00\",\"dateModified\":\"2025-10-22T14:33:19+00:00\",\"description\":\"Mauser Packaging Solutions fabrique des conteneurs m\u00e9dicaux con\u00e7us pour d\u00e9passer les normes de s\u00e9curit\u00e9 rigoureuses des professionnels de la sant\u00e9.\",\"breadcrumb\":{\"@id\":\"https:\\\/\\\/mauserpackaging.com\\\/fr\\\/produits-et-innovations\\\/conteneurs-medicaux\\\/#breadcrumb\"},\"inLanguage\":\"fr-FR\",\"potentialAction\":[{\"@type\":\"ReadAction\",\"target\":[\"https:\\\/\\\/mauserpackaging.com\\\/fr\\\/produits-et-innovations\\\/conteneurs-medicaux\\\/\"]}]},{\"@type\":\"BreadcrumbList\",\"@id\":\"https:\\\/\\\/mauserpackaging.com\\\/fr\\\/produits-et-innovations\\\/conteneurs-medicaux\\\/#breadcrumb\",\"itemListElement\":[{\"@type\":\"ListItem\",\"position\":1,\"name\":\"Home\",\"item\":\"https:\\\/\\\/mauserpackaging.com\\\/fr\\\/page-daccueil\\\/\"},{\"@type\":\"ListItem\",\"position\":2,\"name\":\"Produits et innovations\",\"item\":\"https:\\\/\\\/mauserpackaging.com\\\/fr\\\/produits-et-innovations\\\/\"},{\"@type\":\"ListItem\",\"position\":3,\"name\":\"Conteneurs m\u00e9dicaux\"}]},{\"@type\":\"WebSite\",\"@id\":\"https:\\\/\\\/mauserpackaging.com\\\/fr\\\/#website\",\"url\":\"https:\\\/\\\/mauserpackaging.com\\\/fr\\\/\",\"name\":\"Mauser Packaging Solutions\",\"description\":\"Your go-to packaging partner\",\"publisher\":{\"@id\":\"https:\\\/\\\/mauserpackaging.com\\\/fr\\\/#organization\"},\"alternateName\":\"Mauser Packaging\",\"potentialAction\":[{\"@type\":\"SearchAction\",\"target\":{\"@type\":\"EntryPoint\",\"urlTemplate\":\"https:\\\/\\\/mauserpackaging.com\\\/fr\\\/?s={search_term_string}\"},\"query-input\":{\"@type\":\"PropertyValueSpecification\",\"valueRequired\":true,\"valueName\":\"search_term_string\"}}],\"inLanguage\":\"fr-FR\"},{\"@type\":\"Organization\",\"@id\":\"https:\\\/\\\/mauserpackaging.com\\\/fr\\\/#organization\",\"name\":\"Mauser Packaging Solutions\",\"alternateName\":\"Mauser Packaging\",\"url\":\"https:\\\/\\\/mauserpackaging.com\\\/fr\\\/\",\"logo\":{\"@type\":\"ImageObject\",\"inLanguage\":\"fr-FR\",\"@id\":\"https:\\\/\\\/mauserpackaging.com\\\/fr\\\/#\\\/schema\\\/logo\\\/image\\\/\",\"url\":\"https:\\\/\\\/mauserpackaging.com\\\/wp-content\\\/uploads\\\/2024\\\/11\\\/Mauser_h_RGB.png\",\"contentUrl\":\"https:\\\/\\\/mauserpackaging.com\\\/wp-content\\\/uploads\\\/2024\\\/11\\\/Mauser_h_RGB.png\",\"width\":1951,\"height\":600,\"caption\":\"Mauser Packaging Solutions\"},\"image\":{\"@id\":\"https:\\\/\\\/mauserpackaging.com\\\/fr\\\/#\\\/schema\\\/logo\\\/image\\\/\"},\"sameAs\":[\"https:\\\/\\\/www.linkedin.com\\\/company\\\/mauser-packaging-solutions\\\/\"]}]}<\/script>\n<!-- \/ Yoast SEO Premium plugin. -->","yoast_head_json":{"title":"Conteneurs m\u00e9dicaux - Mauser Packaging Solutions","description":"Mauser Packaging Solutions fabrique des conteneurs m\u00e9dicaux con\u00e7us pour d\u00e9passer les normes de s\u00e9curit\u00e9 rigoureuses des professionnels de la sant\u00e9.","robots":{"index":"index","follow":"follow","max-snippet":"max-snippet:-1","max-image-preview":"max-image-preview:large","max-video-preview":"max-video-preview:-1"},"canonical":"https:\/\/mauserpackaging.com\/fr\/produits-et-innovations\/conteneurs-medicaux\/","og_locale":"fr_FR","og_type":"article","og_title":"Conteneurs m\u00e9dicaux","og_description":"Mauser Packaging Solutions fabrique des conteneurs m\u00e9dicaux con\u00e7us pour d\u00e9passer les normes de s\u00e9curit\u00e9 rigoureuses des professionnels de la sant\u00e9.","og_url":"https:\/\/mauserpackaging.com\/fr\/produits-et-innovations\/conteneurs-medicaux\/","og_site_name":"Mauser Packaging Solutions","article_modified_time":"2025-10-22T14:33:19+00:00","og_image":[{"width":1200,"height":675,"url":"https:\/\/mauserpackaging.com\/wp-content\/uploads\/2026\/03\/Mauser_Default_SiteImage.jpg","type":"image\/jpeg"}],"twitter_card":"summary_large_image","twitter_misc":{"Dur\u00e9e de lecture estim\u00e9e":"6 minutes"},"schema":{"@context":"https:\/\/schema.org","@graph":[{"@type":"WebPage","@id":"https:\/\/mauserpackaging.com\/fr\/produits-et-innovations\/conteneurs-medicaux\/","url":"https:\/\/mauserpackaging.com\/fr\/produits-et-innovations\/conteneurs-medicaux\/","name":"Conteneurs m\u00e9dicaux - Mauser Packaging Solutions","isPartOf":{"@id":"https:\/\/mauserpackaging.com\/fr\/#website"},"datePublished":"2024-12-19T16:43:26+00:00","dateModified":"2025-10-22T14:33:19+00:00","description":"Mauser Packaging Solutions fabrique des conteneurs m\u00e9dicaux con\u00e7us pour d\u00e9passer les normes de s\u00e9curit\u00e9 rigoureuses des professionnels de la sant\u00e9.","breadcrumb":{"@id":"https:\/\/mauserpackaging.com\/fr\/produits-et-innovations\/conteneurs-medicaux\/#breadcrumb"},"inLanguage":"fr-FR","potentialAction":[{"@type":"ReadAction","target":["https:\/\/mauserpackaging.com\/fr\/produits-et-innovations\/conteneurs-medicaux\/"]}]},{"@type":"BreadcrumbList","@id":"https:\/\/mauserpackaging.com\/fr\/produits-et-innovations\/conteneurs-medicaux\/#breadcrumb","itemListElement":[{"@type":"ListItem","position":1,"name":"Home","item":"https:\/\/mauserpackaging.com\/fr\/page-daccueil\/"},{"@type":"ListItem","position":2,"name":"Produits et innovations","item":"https:\/\/mauserpackaging.com\/fr\/produits-et-innovations\/"},{"@type":"ListItem","position":3,"name":"Conteneurs m\u00e9dicaux"}]},{"@type":"WebSite","@id":"https:\/\/mauserpackaging.com\/fr\/#website","url":"https:\/\/mauserpackaging.com\/fr\/","name":"Mauser Packaging Solutions","description":"Your go-to packaging partner","publisher":{"@id":"https:\/\/mauserpackaging.com\/fr\/#organization"},"alternateName":"Mauser Packaging","potentialAction":[{"@type":"SearchAction","target":{"@type":"EntryPoint","urlTemplate":"https:\/\/mauserpackaging.com\/fr\/?s={search_term_string}"},"query-input":{"@type":"PropertyValueSpecification","valueRequired":true,"valueName":"search_term_string"}}],"inLanguage":"fr-FR"},{"@type":"Organization","@id":"https:\/\/mauserpackaging.com\/fr\/#organization","name":"Mauser Packaging Solutions","alternateName":"Mauser Packaging","url":"https:\/\/mauserpackaging.com\/fr\/","logo":{"@type":"ImageObject","inLanguage":"fr-FR","@id":"https:\/\/mauserpackaging.com\/fr\/#\/schema\/logo\/image\/","url":"https:\/\/mauserpackaging.com\/wp-content\/uploads\/2024\/11\/Mauser_h_RGB.png","contentUrl":"https:\/\/mauserpackaging.com\/wp-content\/uploads\/2024\/11\/Mauser_h_RGB.png","width":1951,"height":600,"caption":"Mauser Packaging Solutions"},"image":{"@id":"https:\/\/mauserpackaging.com\/fr\/#\/schema\/logo\/image\/"},"sameAs":["https:\/\/www.linkedin.com\/company\/mauser-packaging-solutions\/"]}]}},"_links":{"self":[{"href":"https:\/\/mauserpackaging.com\/fr\/wp-json\/wp\/v2\/pages\/20696","targetHints":{"allow":["GET"]}}],"collection":[{"href":"https:\/\/mauserpackaging.com\/fr\/wp-json\/wp\/v2\/pages"}],"about":[{"href":"https:\/\/mauserpackaging.com\/fr\/wp-json\/wp\/v2\/types\/page"}],"author":[{"embeddable":true,"href":"https:\/\/mauserpackaging.com\/fr\/wp-json\/wp\/v2\/users\/1"}],"replies":[{"embeddable":true,"href":"https:\/\/mauserpackaging.com\/fr\/wp-json\/wp\/v2\/comments?post=20696"}],"version-history":[{"count":0,"href":"https:\/\/mauserpackaging.com\/fr\/wp-json\/wp\/v2\/pages\/20696\/revisions"}],"up":[{"embeddable":true,"href":"https:\/\/mauserpackaging.com\/fr\/wp-json\/wp\/v2\/pages\/20675"}],"wp:attachment":[{"href":"https:\/\/mauserpackaging.com\/fr\/wp-json\/wp\/v2\/media?parent=20696"}],"curies":[{"name":"wp","href":"https:\/\/api.w.org\/{rel}","templated":true}]}}