{"id":20690,"date":"2024-12-17T18:48:19","date_gmt":"2024-12-17T18:48:19","guid":{"rendered":"https:\/\/mauserpackstg.wpenginepowered.com\/produits-et-innovations\/grands-recipients-pour-vrac-ibc\/ibc-empilables-tout-en-plastique\/"},"modified":"2025-10-17T18:35:43","modified_gmt":"2025-10-17T18:35:43","slug":"ibc-empilables-tout-en-plastique","status":"publish","type":"page","link":"https:\/\/mauserpackaging.com\/fr\/produits-et-innovations\/grands-recipients-pour-vrac-ibc\/ibc-empilables-tout-en-plastique\/","title":{"rendered":"IBC empilables tout en plastique"},"content":{"rendered":"<div id=\"cs-content\" class=\"cs-content\"><\/div>\n","protected":false},"excerpt":{"rendered":"<p>Home IBC empilables tout en plastiqueS\u00fbr, s\u00e9curis\u00e9, durable Id\u00e9aux pour les produits chimiques, les lubrifiants, les acides, les rev\u00eatements et autres, les IBC tout en plastique de Mauser Packaging Solutions offrent aux utilisateurs une durabilit\u00e9 et des performances accrues. Disponible en 275 gallons, 330 gallons et dans des dimensions personnalis\u00e9es, notre IBC roto-moul\u00e9 tout en plastique, class\u00e9 UN, est con\u00e7u\u2026<\/p>\n","protected":false},"author":1,"featured_media":0,"parent":20689,"menu_order":0,"comment_status":"closed","ping_status":"closed","template":"template-blank-4.php","meta":{"footnotes":""},"class_list":["post-20690","page","type-page","status-publish","hentry","no-post-thumbnail"],"yoast_head":"<!-- This site is optimized with the Yoast SEO Premium plugin v27.3 (Yoast SEO v27.3) - https:\/\/yoast.com\/product\/yoast-seo-premium-wordpress\/ -->\n<title>IBC empilables tout en plastique - Mauser Packaging Solutions<\/title>\n<meta name=\"description\" content=\"Id\u00e9als pour les produits chimiques, les lubrifiants, les acides, les rev\u00eatements et bien plus encore, les IBC enti\u00e8rement en plastique offrent aux utilisateurs une durabilit\u00e9 et des performances am\u00e9lior\u00e9es.\" \/>\n<meta name=\"robots\" content=\"index, follow, max-snippet:-1, max-image-preview:large, max-video-preview:-1\" \/>\n<link rel=\"canonical\" href=\"https:\/\/mauserpackaging.com\/fr\/produits-et-innovations\/grands-recipients-pour-vrac-ibc\/ibc-empilables-tout-en-plastique\/\" \/>\n<meta property=\"og:locale\" content=\"fr_FR\" \/>\n<meta property=\"og:type\" content=\"article\" \/>\n<meta property=\"og:title\" content=\"IBC empilables tout en plastique\" \/>\n<meta property=\"og:description\" content=\"Id\u00e9als pour les produits chimiques, les lubrifiants, les acides, les rev\u00eatements et bien plus encore, les IBC enti\u00e8rement en plastique offrent aux utilisateurs une durabilit\u00e9 et des performances am\u00e9lior\u00e9es.\" \/>\n<meta property=\"og:url\" content=\"https:\/\/mauserpackaging.com\/fr\/produits-et-innovations\/grands-recipients-pour-vrac-ibc\/ibc-empilables-tout-en-plastique\/\" \/>\n<meta property=\"og:site_name\" content=\"Mauser Packaging Solutions\" \/>\n<meta property=\"article:modified_time\" content=\"2025-10-17T18:35:43+00:00\" \/>\n<meta property=\"og:image\" content=\"https:\/\/mauserpackaging.com\/wp-content\/uploads\/2026\/03\/Mauser_Default_SiteImage.jpg\" \/>\n\t<meta property=\"og:image:width\" content=\"1200\" \/>\n\t<meta property=\"og:image:height\" content=\"675\" \/>\n\t<meta property=\"og:image:type\" content=\"image\/jpeg\" \/>\n<meta name=\"twitter:card\" content=\"summary_large_image\" \/>\n<meta name=\"twitter:label1\" content=\"Dur\u00e9e de lecture estim\u00e9e\" \/>\n\t<meta name=\"twitter:data1\" content=\"7 minutes\" \/>\n<script type=\"application\/ld+json\" class=\"yoast-schema-graph\">{\"@context\":\"https:\\\/\\\/schema.org\",\"@graph\":[{\"@type\":\"WebPage\",\"@id\":\"https:\\\/\\\/mauserpackaging.com\\\/fr\\\/produits-et-innovations\\\/grands-recipients-pour-vrac-ibc\\\/ibc-empilables-tout-en-plastique\\\/\",\"url\":\"https:\\\/\\\/mauserpackaging.com\\\/fr\\\/produits-et-innovations\\\/grands-recipients-pour-vrac-ibc\\\/ibc-empilables-tout-en-plastique\\\/\",\"name\":\"IBC empilables tout en plastique - Mauser Packaging Solutions\",\"isPartOf\":{\"@id\":\"https:\\\/\\\/mauserpackaging.com\\\/fr\\\/#website\"},\"datePublished\":\"2024-12-17T18:48:19+00:00\",\"dateModified\":\"2025-10-17T18:35:43+00:00\",\"description\":\"Id\u00e9als pour les produits chimiques, les lubrifiants, les acides, les rev\u00eatements et bien plus encore, les IBC enti\u00e8rement en plastique offrent aux utilisateurs une durabilit\u00e9 et des performances am\u00e9lior\u00e9es.\",\"breadcrumb\":{\"@id\":\"https:\\\/\\\/mauserpackaging.com\\\/fr\\\/produits-et-innovations\\\/grands-recipients-pour-vrac-ibc\\\/ibc-empilables-tout-en-plastique\\\/#breadcrumb\"},\"inLanguage\":\"fr-FR\",\"potentialAction\":[{\"@type\":\"ReadAction\",\"target\":[\"https:\\\/\\\/mauserpackaging.com\\\/fr\\\/produits-et-innovations\\\/grands-recipients-pour-vrac-ibc\\\/ibc-empilables-tout-en-plastique\\\/\"]}]},{\"@type\":\"BreadcrumbList\",\"@id\":\"https:\\\/\\\/mauserpackaging.com\\\/fr\\\/produits-et-innovations\\\/grands-recipients-pour-vrac-ibc\\\/ibc-empilables-tout-en-plastique\\\/#breadcrumb\",\"itemListElement\":[{\"@type\":\"ListItem\",\"position\":1,\"name\":\"Home\",\"item\":\"https:\\\/\\\/mauserpackaging.com\\\/fr\\\/page-daccueil\\\/\"},{\"@type\":\"ListItem\",\"position\":2,\"name\":\"Produits et innovations\",\"item\":\"https:\\\/\\\/mauserpackaging.com\\\/fr\\\/produits-et-innovations\\\/\"},{\"@type\":\"ListItem\",\"position\":3,\"name\":\"Grands r\u00e9cipients pour vrac (IBC)\",\"item\":\"https:\\\/\\\/mauserpackaging.com\\\/fr\\\/produits-et-innovations\\\/grands-recipients-pour-vrac-ibc\\\/\"},{\"@type\":\"ListItem\",\"position\":4,\"name\":\"IBC empilables tout en plastique\"}]},{\"@type\":\"WebSite\",\"@id\":\"https:\\\/\\\/mauserpackaging.com\\\/fr\\\/#website\",\"url\":\"https:\\\/\\\/mauserpackaging.com\\\/fr\\\/\",\"name\":\"Mauser Packaging Solutions\",\"description\":\"Your go-to packaging partner\",\"publisher\":{\"@id\":\"https:\\\/\\\/mauserpackaging.com\\\/fr\\\/#organization\"},\"alternateName\":\"Mauser Packaging\",\"potentialAction\":[{\"@type\":\"SearchAction\",\"target\":{\"@type\":\"EntryPoint\",\"urlTemplate\":\"https:\\\/\\\/mauserpackaging.com\\\/fr\\\/?s={search_term_string}\"},\"query-input\":{\"@type\":\"PropertyValueSpecification\",\"valueRequired\":true,\"valueName\":\"search_term_string\"}}],\"inLanguage\":\"fr-FR\"},{\"@type\":\"Organization\",\"@id\":\"https:\\\/\\\/mauserpackaging.com\\\/fr\\\/#organization\",\"name\":\"Mauser Packaging Solutions\",\"alternateName\":\"Mauser Packaging\",\"url\":\"https:\\\/\\\/mauserpackaging.com\\\/fr\\\/\",\"logo\":{\"@type\":\"ImageObject\",\"inLanguage\":\"fr-FR\",\"@id\":\"https:\\\/\\\/mauserpackaging.com\\\/fr\\\/#\\\/schema\\\/logo\\\/image\\\/\",\"url\":\"https:\\\/\\\/mauserpackaging.com\\\/wp-content\\\/uploads\\\/2024\\\/11\\\/Mauser_h_RGB.png\",\"contentUrl\":\"https:\\\/\\\/mauserpackaging.com\\\/wp-content\\\/uploads\\\/2024\\\/11\\\/Mauser_h_RGB.png\",\"width\":1951,\"height\":600,\"caption\":\"Mauser Packaging Solutions\"},\"image\":{\"@id\":\"https:\\\/\\\/mauserpackaging.com\\\/fr\\\/#\\\/schema\\\/logo\\\/image\\\/\"},\"sameAs\":[\"https:\\\/\\\/www.linkedin.com\\\/company\\\/mauser-packaging-solutions\\\/\"]}]}<\/script>\n<!-- \/ Yoast SEO Premium plugin. -->","yoast_head_json":{"title":"IBC empilables tout en plastique - Mauser Packaging Solutions","description":"Id\u00e9als pour les produits chimiques, les lubrifiants, les acides, les rev\u00eatements et bien plus encore, les IBC enti\u00e8rement en plastique offrent aux utilisateurs une durabilit\u00e9 et des performances am\u00e9lior\u00e9es.","robots":{"index":"index","follow":"follow","max-snippet":"max-snippet:-1","max-image-preview":"max-image-preview:large","max-video-preview":"max-video-preview:-1"},"canonical":"https:\/\/mauserpackaging.com\/fr\/produits-et-innovations\/grands-recipients-pour-vrac-ibc\/ibc-empilables-tout-en-plastique\/","og_locale":"fr_FR","og_type":"article","og_title":"IBC empilables tout en plastique","og_description":"Id\u00e9als pour les produits chimiques, les lubrifiants, les acides, les rev\u00eatements et bien plus encore, les IBC enti\u00e8rement en plastique offrent aux utilisateurs une durabilit\u00e9 et des performances am\u00e9lior\u00e9es.","og_url":"https:\/\/mauserpackaging.com\/fr\/produits-et-innovations\/grands-recipients-pour-vrac-ibc\/ibc-empilables-tout-en-plastique\/","og_site_name":"Mauser Packaging Solutions","article_modified_time":"2025-10-17T18:35:43+00:00","og_image":[{"width":1200,"height":675,"url":"https:\/\/mauserpackaging.com\/wp-content\/uploads\/2026\/03\/Mauser_Default_SiteImage.jpg","type":"image\/jpeg"}],"twitter_card":"summary_large_image","twitter_misc":{"Dur\u00e9e de lecture estim\u00e9e":"7 minutes"},"schema":{"@context":"https:\/\/schema.org","@graph":[{"@type":"WebPage","@id":"https:\/\/mauserpackaging.com\/fr\/produits-et-innovations\/grands-recipients-pour-vrac-ibc\/ibc-empilables-tout-en-plastique\/","url":"https:\/\/mauserpackaging.com\/fr\/produits-et-innovations\/grands-recipients-pour-vrac-ibc\/ibc-empilables-tout-en-plastique\/","name":"IBC empilables tout en plastique - Mauser Packaging Solutions","isPartOf":{"@id":"https:\/\/mauserpackaging.com\/fr\/#website"},"datePublished":"2024-12-17T18:48:19+00:00","dateModified":"2025-10-17T18:35:43+00:00","description":"Id\u00e9als pour les produits chimiques, les lubrifiants, les acides, les rev\u00eatements et bien plus encore, les IBC enti\u00e8rement en plastique offrent aux utilisateurs une durabilit\u00e9 et des performances am\u00e9lior\u00e9es.","breadcrumb":{"@id":"https:\/\/mauserpackaging.com\/fr\/produits-et-innovations\/grands-recipients-pour-vrac-ibc\/ibc-empilables-tout-en-plastique\/#breadcrumb"},"inLanguage":"fr-FR","potentialAction":[{"@type":"ReadAction","target":["https:\/\/mauserpackaging.com\/fr\/produits-et-innovations\/grands-recipients-pour-vrac-ibc\/ibc-empilables-tout-en-plastique\/"]}]},{"@type":"BreadcrumbList","@id":"https:\/\/mauserpackaging.com\/fr\/produits-et-innovations\/grands-recipients-pour-vrac-ibc\/ibc-empilables-tout-en-plastique\/#breadcrumb","itemListElement":[{"@type":"ListItem","position":1,"name":"Home","item":"https:\/\/mauserpackaging.com\/fr\/page-daccueil\/"},{"@type":"ListItem","position":2,"name":"Produits et innovations","item":"https:\/\/mauserpackaging.com\/fr\/produits-et-innovations\/"},{"@type":"ListItem","position":3,"name":"Grands r\u00e9cipients pour vrac (IBC)","item":"https:\/\/mauserpackaging.com\/fr\/produits-et-innovations\/grands-recipients-pour-vrac-ibc\/"},{"@type":"ListItem","position":4,"name":"IBC empilables tout en plastique"}]},{"@type":"WebSite","@id":"https:\/\/mauserpackaging.com\/fr\/#website","url":"https:\/\/mauserpackaging.com\/fr\/","name":"Mauser Packaging Solutions","description":"Your go-to packaging partner","publisher":{"@id":"https:\/\/mauserpackaging.com\/fr\/#organization"},"alternateName":"Mauser Packaging","potentialAction":[{"@type":"SearchAction","target":{"@type":"EntryPoint","urlTemplate":"https:\/\/mauserpackaging.com\/fr\/?s={search_term_string}"},"query-input":{"@type":"PropertyValueSpecification","valueRequired":true,"valueName":"search_term_string"}}],"inLanguage":"fr-FR"},{"@type":"Organization","@id":"https:\/\/mauserpackaging.com\/fr\/#organization","name":"Mauser Packaging Solutions","alternateName":"Mauser Packaging","url":"https:\/\/mauserpackaging.com\/fr\/","logo":{"@type":"ImageObject","inLanguage":"fr-FR","@id":"https:\/\/mauserpackaging.com\/fr\/#\/schema\/logo\/image\/","url":"https:\/\/mauserpackaging.com\/wp-content\/uploads\/2024\/11\/Mauser_h_RGB.png","contentUrl":"https:\/\/mauserpackaging.com\/wp-content\/uploads\/2024\/11\/Mauser_h_RGB.png","width":1951,"height":600,"caption":"Mauser Packaging Solutions"},"image":{"@id":"https:\/\/mauserpackaging.com\/fr\/#\/schema\/logo\/image\/"},"sameAs":["https:\/\/www.linkedin.com\/company\/mauser-packaging-solutions\/"]}]}},"_links":{"self":[{"href":"https:\/\/mauserpackaging.com\/fr\/wp-json\/wp\/v2\/pages\/20690","targetHints":{"allow":["GET"]}}],"collection":[{"href":"https:\/\/mauserpackaging.com\/fr\/wp-json\/wp\/v2\/pages"}],"about":[{"href":"https:\/\/mauserpackaging.com\/fr\/wp-json\/wp\/v2\/types\/page"}],"author":[{"embeddable":true,"href":"https:\/\/mauserpackaging.com\/fr\/wp-json\/wp\/v2\/users\/1"}],"replies":[{"embeddable":true,"href":"https:\/\/mauserpackaging.com\/fr\/wp-json\/wp\/v2\/comments?post=20690"}],"version-history":[{"count":0,"href":"https:\/\/mauserpackaging.com\/fr\/wp-json\/wp\/v2\/pages\/20690\/revisions"}],"up":[{"embeddable":true,"href":"https:\/\/mauserpackaging.com\/fr\/wp-json\/wp\/v2\/pages\/20689"}],"wp:attachment":[{"href":"https:\/\/mauserpackaging.com\/fr\/wp-json\/wp\/v2\/media?parent=20690"}],"curies":[{"name":"wp","href":"https:\/\/api.w.org\/{rel}","templated":true}]}}