{"id":20683,"date":"2024-12-17T19:37:06","date_gmt":"2024-12-17T19:37:06","guid":{"rendered":"https:\/\/mauserpackstg.wpenginepowered.com\/produits-et-innovations\/futs\/drumguard\/"},"modified":"2025-10-16T17:17:52","modified_gmt":"2025-10-16T17:17:52","slug":"drumguard","status":"publish","type":"page","link":"https:\/\/mauserpackaging.com\/fr\/produits-et-innovations\/futs\/drumguard\/","title":{"rendered":"DrumGuard\u00ae"},"content":{"rendered":"<div id=\"cs-content\" class=\"cs-content\"><\/div>\n","protected":false},"excerpt":{"rendered":"<p>Home DrumGuard\u00aeSimplifier la s\u00e9curisation des charges tout en r\u00e9duisant les d\u00e9chets Vos clients s\u2019attendent \u00e0 recevoir leurs produits en toute s\u00e9curit\u00e9, en bon \u00e9tat et sans dommages. Souvent, cela se fait en utilisant de grandes quantit\u00e9s de mat\u00e9riaux d\u2019arrimage des charges, tels que des films \u00e9tirables ou r\u00e9tractables et des cerclages. Premier produit de ce type, le syst\u00e8me d\u2019arrimage des\u2026<\/p>\n","protected":false},"author":1,"featured_media":0,"parent":20682,"menu_order":0,"comment_status":"closed","ping_status":"closed","template":"template-blank-4.php","meta":{"footnotes":""},"class_list":["post-20683","page","type-page","status-publish","hentry","no-post-thumbnail"],"yoast_head":"<!-- This site is optimized with the Yoast SEO Premium plugin v27.3 (Yoast SEO v27.3) - https:\/\/yoast.com\/product\/yoast-seo-premium-wordpress\/ -->\n<title>DrumGuard\u00ae - Mauser Packaging Solutions<\/title>\n<meta name=\"description\" content=\"Premier produit du genre, le syst\u00e8me de s\u00e9curisation de chargement DrumGuard\u00ae r\u00e9duit les d\u00e9chets plastiques \u00e0 usage unique tout en offrant une protection sup\u00e9rieure du chargement.\" \/>\n<meta name=\"robots\" content=\"index, follow, max-snippet:-1, max-image-preview:large, max-video-preview:-1\" \/>\n<link rel=\"canonical\" href=\"https:\/\/mauserpackaging.com\/fr\/produits-et-innovations\/futs\/drumguard\/\" \/>\n<meta property=\"og:locale\" content=\"fr_FR\" \/>\n<meta property=\"og:type\" content=\"article\" \/>\n<meta property=\"og:title\" content=\"DrumGuard\u00ae\" \/>\n<meta property=\"og:description\" content=\"Premier produit du genre, le syst\u00e8me de s\u00e9curisation de chargement DrumGuard\u00ae r\u00e9duit les d\u00e9chets plastiques \u00e0 usage unique tout en offrant une protection sup\u00e9rieure du chargement.\" \/>\n<meta property=\"og:url\" content=\"https:\/\/mauserpackaging.com\/fr\/produits-et-innovations\/futs\/drumguard\/\" \/>\n<meta property=\"og:site_name\" content=\"Mauser Packaging Solutions\" \/>\n<meta property=\"article:modified_time\" content=\"2025-10-16T17:17:52+00:00\" \/>\n<meta property=\"og:image\" content=\"https:\/\/mauserpackaging.com\/wp-content\/uploads\/2026\/03\/Mauser_Default_SiteImage.jpg\" \/>\n\t<meta property=\"og:image:width\" content=\"1200\" \/>\n\t<meta property=\"og:image:height\" content=\"675\" \/>\n\t<meta property=\"og:image:type\" content=\"image\/jpeg\" \/>\n<meta name=\"twitter:card\" content=\"summary_large_image\" \/>\n<meta name=\"twitter:label1\" content=\"Dur\u00e9e de lecture estim\u00e9e\" \/>\n\t<meta name=\"twitter:data1\" content=\"7 minutes\" \/>\n<script type=\"application\/ld+json\" class=\"yoast-schema-graph\">{\"@context\":\"https:\\\/\\\/schema.org\",\"@graph\":[{\"@type\":\"WebPage\",\"@id\":\"https:\\\/\\\/mauserpackaging.com\\\/fr\\\/produits-et-innovations\\\/futs\\\/drumguard\\\/\",\"url\":\"https:\\\/\\\/mauserpackaging.com\\\/fr\\\/produits-et-innovations\\\/futs\\\/drumguard\\\/\",\"name\":\"DrumGuard\u00ae - Mauser Packaging Solutions\",\"isPartOf\":{\"@id\":\"https:\\\/\\\/mauserpackaging.com\\\/fr\\\/#website\"},\"datePublished\":\"2024-12-17T19:37:06+00:00\",\"dateModified\":\"2025-10-16T17:17:52+00:00\",\"description\":\"Premier produit du genre, le syst\u00e8me de s\u00e9curisation de chargement DrumGuard\u00ae r\u00e9duit les d\u00e9chets plastiques \u00e0 usage unique tout en offrant une protection sup\u00e9rieure du chargement.\",\"breadcrumb\":{\"@id\":\"https:\\\/\\\/mauserpackaging.com\\\/fr\\\/produits-et-innovations\\\/futs\\\/drumguard\\\/#breadcrumb\"},\"inLanguage\":\"fr-FR\",\"potentialAction\":[{\"@type\":\"ReadAction\",\"target\":[\"https:\\\/\\\/mauserpackaging.com\\\/fr\\\/produits-et-innovations\\\/futs\\\/drumguard\\\/\"]}]},{\"@type\":\"BreadcrumbList\",\"@id\":\"https:\\\/\\\/mauserpackaging.com\\\/fr\\\/produits-et-innovations\\\/futs\\\/drumguard\\\/#breadcrumb\",\"itemListElement\":[{\"@type\":\"ListItem\",\"position\":1,\"name\":\"Home\",\"item\":\"https:\\\/\\\/mauserpackaging.com\\\/fr\\\/page-daccueil\\\/\"},{\"@type\":\"ListItem\",\"position\":2,\"name\":\"Produits et innovations\",\"item\":\"https:\\\/\\\/mauserpackaging.com\\\/fr\\\/produits-et-innovations\\\/\"},{\"@type\":\"ListItem\",\"position\":3,\"name\":\"F\u00fbts\",\"item\":\"https:\\\/\\\/mauserpackaging.com\\\/fr\\\/produits-et-innovations\\\/futs\\\/\"},{\"@type\":\"ListItem\",\"position\":4,\"name\":\"DrumGuard\u00ae\"}]},{\"@type\":\"WebSite\",\"@id\":\"https:\\\/\\\/mauserpackaging.com\\\/fr\\\/#website\",\"url\":\"https:\\\/\\\/mauserpackaging.com\\\/fr\\\/\",\"name\":\"Mauser Packaging Solutions\",\"description\":\"Your go-to packaging partner\",\"publisher\":{\"@id\":\"https:\\\/\\\/mauserpackaging.com\\\/fr\\\/#organization\"},\"alternateName\":\"Mauser Packaging\",\"potentialAction\":[{\"@type\":\"SearchAction\",\"target\":{\"@type\":\"EntryPoint\",\"urlTemplate\":\"https:\\\/\\\/mauserpackaging.com\\\/fr\\\/?s={search_term_string}\"},\"query-input\":{\"@type\":\"PropertyValueSpecification\",\"valueRequired\":true,\"valueName\":\"search_term_string\"}}],\"inLanguage\":\"fr-FR\"},{\"@type\":\"Organization\",\"@id\":\"https:\\\/\\\/mauserpackaging.com\\\/fr\\\/#organization\",\"name\":\"Mauser Packaging Solutions\",\"alternateName\":\"Mauser Packaging\",\"url\":\"https:\\\/\\\/mauserpackaging.com\\\/fr\\\/\",\"logo\":{\"@type\":\"ImageObject\",\"inLanguage\":\"fr-FR\",\"@id\":\"https:\\\/\\\/mauserpackaging.com\\\/fr\\\/#\\\/schema\\\/logo\\\/image\\\/\",\"url\":\"https:\\\/\\\/mauserpackaging.com\\\/wp-content\\\/uploads\\\/2024\\\/11\\\/Mauser_h_RGB.png\",\"contentUrl\":\"https:\\\/\\\/mauserpackaging.com\\\/wp-content\\\/uploads\\\/2024\\\/11\\\/Mauser_h_RGB.png\",\"width\":1951,\"height\":600,\"caption\":\"Mauser Packaging Solutions\"},\"image\":{\"@id\":\"https:\\\/\\\/mauserpackaging.com\\\/fr\\\/#\\\/schema\\\/logo\\\/image\\\/\"},\"sameAs\":[\"https:\\\/\\\/www.linkedin.com\\\/company\\\/mauser-packaging-solutions\\\/\"]}]}<\/script>\n<!-- \/ Yoast SEO Premium plugin. -->","yoast_head_json":{"title":"DrumGuard\u00ae - Mauser Packaging Solutions","description":"Premier produit du genre, le syst\u00e8me de s\u00e9curisation de chargement DrumGuard\u00ae r\u00e9duit les d\u00e9chets plastiques \u00e0 usage unique tout en offrant une protection sup\u00e9rieure du chargement.","robots":{"index":"index","follow":"follow","max-snippet":"max-snippet:-1","max-image-preview":"max-image-preview:large","max-video-preview":"max-video-preview:-1"},"canonical":"https:\/\/mauserpackaging.com\/fr\/produits-et-innovations\/futs\/drumguard\/","og_locale":"fr_FR","og_type":"article","og_title":"DrumGuard\u00ae","og_description":"Premier produit du genre, le syst\u00e8me de s\u00e9curisation de chargement DrumGuard\u00ae r\u00e9duit les d\u00e9chets plastiques \u00e0 usage unique tout en offrant une protection sup\u00e9rieure du chargement.","og_url":"https:\/\/mauserpackaging.com\/fr\/produits-et-innovations\/futs\/drumguard\/","og_site_name":"Mauser Packaging Solutions","article_modified_time":"2025-10-16T17:17:52+00:00","og_image":[{"width":1200,"height":675,"url":"https:\/\/mauserpackaging.com\/wp-content\/uploads\/2026\/03\/Mauser_Default_SiteImage.jpg","type":"image\/jpeg"}],"twitter_card":"summary_large_image","twitter_misc":{"Dur\u00e9e de lecture estim\u00e9e":"7 minutes"},"schema":{"@context":"https:\/\/schema.org","@graph":[{"@type":"WebPage","@id":"https:\/\/mauserpackaging.com\/fr\/produits-et-innovations\/futs\/drumguard\/","url":"https:\/\/mauserpackaging.com\/fr\/produits-et-innovations\/futs\/drumguard\/","name":"DrumGuard\u00ae - Mauser Packaging Solutions","isPartOf":{"@id":"https:\/\/mauserpackaging.com\/fr\/#website"},"datePublished":"2024-12-17T19:37:06+00:00","dateModified":"2025-10-16T17:17:52+00:00","description":"Premier produit du genre, le syst\u00e8me de s\u00e9curisation de chargement DrumGuard\u00ae r\u00e9duit les d\u00e9chets plastiques \u00e0 usage unique tout en offrant une protection sup\u00e9rieure du chargement.","breadcrumb":{"@id":"https:\/\/mauserpackaging.com\/fr\/produits-et-innovations\/futs\/drumguard\/#breadcrumb"},"inLanguage":"fr-FR","potentialAction":[{"@type":"ReadAction","target":["https:\/\/mauserpackaging.com\/fr\/produits-et-innovations\/futs\/drumguard\/"]}]},{"@type":"BreadcrumbList","@id":"https:\/\/mauserpackaging.com\/fr\/produits-et-innovations\/futs\/drumguard\/#breadcrumb","itemListElement":[{"@type":"ListItem","position":1,"name":"Home","item":"https:\/\/mauserpackaging.com\/fr\/page-daccueil\/"},{"@type":"ListItem","position":2,"name":"Produits et innovations","item":"https:\/\/mauserpackaging.com\/fr\/produits-et-innovations\/"},{"@type":"ListItem","position":3,"name":"F\u00fbts","item":"https:\/\/mauserpackaging.com\/fr\/produits-et-innovations\/futs\/"},{"@type":"ListItem","position":4,"name":"DrumGuard\u00ae"}]},{"@type":"WebSite","@id":"https:\/\/mauserpackaging.com\/fr\/#website","url":"https:\/\/mauserpackaging.com\/fr\/","name":"Mauser Packaging Solutions","description":"Your go-to packaging partner","publisher":{"@id":"https:\/\/mauserpackaging.com\/fr\/#organization"},"alternateName":"Mauser Packaging","potentialAction":[{"@type":"SearchAction","target":{"@type":"EntryPoint","urlTemplate":"https:\/\/mauserpackaging.com\/fr\/?s={search_term_string}"},"query-input":{"@type":"PropertyValueSpecification","valueRequired":true,"valueName":"search_term_string"}}],"inLanguage":"fr-FR"},{"@type":"Organization","@id":"https:\/\/mauserpackaging.com\/fr\/#organization","name":"Mauser Packaging Solutions","alternateName":"Mauser Packaging","url":"https:\/\/mauserpackaging.com\/fr\/","logo":{"@type":"ImageObject","inLanguage":"fr-FR","@id":"https:\/\/mauserpackaging.com\/fr\/#\/schema\/logo\/image\/","url":"https:\/\/mauserpackaging.com\/wp-content\/uploads\/2024\/11\/Mauser_h_RGB.png","contentUrl":"https:\/\/mauserpackaging.com\/wp-content\/uploads\/2024\/11\/Mauser_h_RGB.png","width":1951,"height":600,"caption":"Mauser Packaging Solutions"},"image":{"@id":"https:\/\/mauserpackaging.com\/fr\/#\/schema\/logo\/image\/"},"sameAs":["https:\/\/www.linkedin.com\/company\/mauser-packaging-solutions\/"]}]}},"_links":{"self":[{"href":"https:\/\/mauserpackaging.com\/fr\/wp-json\/wp\/v2\/pages\/20683","targetHints":{"allow":["GET"]}}],"collection":[{"href":"https:\/\/mauserpackaging.com\/fr\/wp-json\/wp\/v2\/pages"}],"about":[{"href":"https:\/\/mauserpackaging.com\/fr\/wp-json\/wp\/v2\/types\/page"}],"author":[{"embeddable":true,"href":"https:\/\/mauserpackaging.com\/fr\/wp-json\/wp\/v2\/users\/1"}],"replies":[{"embeddable":true,"href":"https:\/\/mauserpackaging.com\/fr\/wp-json\/wp\/v2\/comments?post=20683"}],"version-history":[{"count":0,"href":"https:\/\/mauserpackaging.com\/fr\/wp-json\/wp\/v2\/pages\/20683\/revisions"}],"up":[{"embeddable":true,"href":"https:\/\/mauserpackaging.com\/fr\/wp-json\/wp\/v2\/pages\/20682"}],"wp:attachment":[{"href":"https:\/\/mauserpackaging.com\/fr\/wp-json\/wp\/v2\/media?parent=20683"}],"curies":[{"name":"wp","href":"https:\/\/api.w.org\/{rel}","templated":true}]}}