{"id":20679,"date":"2024-12-17T19:59:04","date_gmt":"2024-12-17T19:59:04","guid":{"rendered":"https:\/\/mauserpackstg.wpenginepowered.com\/produits-et-innovations\/bidons\/pots-a-bouchon-unique\/"},"modified":"2025-12-05T18:31:19","modified_gmt":"2025-12-05T18:31:19","slug":"pots-a-bouchon-unique","status":"publish","type":"page","link":"https:\/\/mauserpackaging.com\/fr\/produits-et-innovations\/bidons\/pots-a-bouchon-unique\/","title":{"rendered":"Pots \u00e0 bouchon unique"},"content":{"rendered":"<div id=\"cs-content\" class=\"cs-content\"><\/div>\n","protected":false},"excerpt":{"rendered":"<p>Home Pots \u00e0 bouchon uniqueLa vari\u00e9t\u00e9 dont vous avez besoin Id\u00e9aux pour les solvants, les adh\u00e9sifs, les colles \u00e0 caoutchouc, les diluants pour peinture et autres applications, les bidons \u00e0 bouchon unique ou utilitaires de Mauser Packaging Solutions prot\u00e8gent les produits uniques que les marques nous confient. Les bidons \u00e0 bouchon unique sont disponibles dans une vari\u00e9t\u00e9 de dimensions et\u2026<\/p>\n","protected":false},"author":1,"featured_media":0,"parent":20676,"menu_order":0,"comment_status":"closed","ping_status":"closed","template":"template-blank-4.php","meta":{"footnotes":""},"class_list":["post-20679","page","type-page","status-publish","hentry","no-post-thumbnail"],"yoast_head":"<!-- This site is optimized with the Yoast SEO Premium plugin v27.4 (Yoast SEO v27.4) - https:\/\/yoast.com\/product\/yoast-seo-premium-wordpress\/ -->\n<title>Pots \u00e0 bouchon unique - Mauser Packaging Solutions<\/title>\n<meta name=\"description\" content=\"Les bo\u00eetes monotop, ou utilitaires, de Mauser Packaging Solutions prot\u00e8gent les produits uniques que les marques nous confient.\" \/>\n<meta name=\"robots\" content=\"index, follow, max-snippet:-1, max-image-preview:large, max-video-preview:-1\" \/>\n<link rel=\"canonical\" href=\"https:\/\/mauserpackaging.com\/fr\/produits-et-innovations\/bidons\/pots-a-bouchon-unique\/\" \/>\n<meta property=\"og:locale\" content=\"fr_FR\" \/>\n<meta property=\"og:type\" content=\"article\" \/>\n<meta property=\"og:title\" content=\"Pots \u00e0 bouchon unique\" \/>\n<meta property=\"og:description\" content=\"Les bo\u00eetes monotop, ou utilitaires, de Mauser Packaging Solutions prot\u00e8gent les produits uniques que les marques nous confient.\" \/>\n<meta property=\"og:url\" content=\"https:\/\/mauserpackaging.com\/fr\/produits-et-innovations\/bidons\/pots-a-bouchon-unique\/\" \/>\n<meta property=\"og:site_name\" content=\"Mauser Packaging Solutions\" \/>\n<meta property=\"article:modified_time\" content=\"2025-12-05T18:31:19+00:00\" \/>\n<meta property=\"og:image\" content=\"https:\/\/mauserpackaging.com\/wp-content\/uploads\/2026\/03\/Mauser_Default_SiteImage.jpg\" \/>\n\t<meta property=\"og:image:width\" content=\"1200\" \/>\n\t<meta property=\"og:image:height\" content=\"675\" \/>\n\t<meta property=\"og:image:type\" content=\"image\/jpeg\" \/>\n<meta name=\"twitter:card\" content=\"summary_large_image\" \/>\n<meta name=\"twitter:label1\" content=\"Dur\u00e9e de lecture estim\u00e9e\" \/>\n\t<meta name=\"twitter:data1\" content=\"7 minutes\" \/>\n<script type=\"application\/ld+json\" class=\"yoast-schema-graph\">{\"@context\":\"https:\\\/\\\/schema.org\",\"@graph\":[{\"@type\":\"WebPage\",\"@id\":\"https:\\\/\\\/mauserpackaging.com\\\/fr\\\/produits-et-innovations\\\/bidons\\\/pots-a-bouchon-unique\\\/\",\"url\":\"https:\\\/\\\/mauserpackaging.com\\\/fr\\\/produits-et-innovations\\\/bidons\\\/pots-a-bouchon-unique\\\/\",\"name\":\"Pots \u00e0 bouchon unique - Mauser Packaging Solutions\",\"isPartOf\":{\"@id\":\"https:\\\/\\\/mauserpackaging.com\\\/fr\\\/#website\"},\"datePublished\":\"2024-12-17T19:59:04+00:00\",\"dateModified\":\"2025-12-05T18:31:19+00:00\",\"description\":\"Les bo\u00eetes monotop, ou utilitaires, de Mauser Packaging Solutions prot\u00e8gent les produits uniques que les marques nous confient.\",\"breadcrumb\":{\"@id\":\"https:\\\/\\\/mauserpackaging.com\\\/fr\\\/produits-et-innovations\\\/bidons\\\/pots-a-bouchon-unique\\\/#breadcrumb\"},\"inLanguage\":\"fr-FR\",\"potentialAction\":[{\"@type\":\"ReadAction\",\"target\":[\"https:\\\/\\\/mauserpackaging.com\\\/fr\\\/produits-et-innovations\\\/bidons\\\/pots-a-bouchon-unique\\\/\"]}]},{\"@type\":\"BreadcrumbList\",\"@id\":\"https:\\\/\\\/mauserpackaging.com\\\/fr\\\/produits-et-innovations\\\/bidons\\\/pots-a-bouchon-unique\\\/#breadcrumb\",\"itemListElement\":[{\"@type\":\"ListItem\",\"position\":1,\"name\":\"Home\",\"item\":\"https:\\\/\\\/mauserpackaging.com\\\/fr\\\/page-daccueil\\\/\"},{\"@type\":\"ListItem\",\"position\":2,\"name\":\"Produits et innovations\",\"item\":\"https:\\\/\\\/mauserpackaging.com\\\/fr\\\/produits-et-innovations\\\/\"},{\"@type\":\"ListItem\",\"position\":3,\"name\":\"Bidons\",\"item\":\"https:\\\/\\\/mauserpackaging.com\\\/fr\\\/produits-et-innovations\\\/bidons\\\/\"},{\"@type\":\"ListItem\",\"position\":4,\"name\":\"Pots \u00e0 bouchon unique\"}]},{\"@type\":\"WebSite\",\"@id\":\"https:\\\/\\\/mauserpackaging.com\\\/fr\\\/#website\",\"url\":\"https:\\\/\\\/mauserpackaging.com\\\/fr\\\/\",\"name\":\"Mauser Packaging Solutions\",\"description\":\"Your go-to packaging partner\",\"publisher\":{\"@id\":\"https:\\\/\\\/mauserpackaging.com\\\/fr\\\/#organization\"},\"alternateName\":\"Mauser Packaging\",\"potentialAction\":[{\"@type\":\"SearchAction\",\"target\":{\"@type\":\"EntryPoint\",\"urlTemplate\":\"https:\\\/\\\/mauserpackaging.com\\\/fr\\\/?s={search_term_string}\"},\"query-input\":{\"@type\":\"PropertyValueSpecification\",\"valueRequired\":true,\"valueName\":\"search_term_string\"}}],\"inLanguage\":\"fr-FR\"},{\"@type\":\"Organization\",\"@id\":\"https:\\\/\\\/mauserpackaging.com\\\/fr\\\/#organization\",\"name\":\"Mauser Packaging Solutions\",\"alternateName\":\"Mauser Packaging\",\"url\":\"https:\\\/\\\/mauserpackaging.com\\\/fr\\\/\",\"logo\":{\"@type\":\"ImageObject\",\"inLanguage\":\"fr-FR\",\"@id\":\"https:\\\/\\\/mauserpackaging.com\\\/fr\\\/#\\\/schema\\\/logo\\\/image\\\/\",\"url\":\"https:\\\/\\\/mauserpackaging.com\\\/wp-content\\\/uploads\\\/2024\\\/11\\\/Mauser_h_RGB.png\",\"contentUrl\":\"https:\\\/\\\/mauserpackaging.com\\\/wp-content\\\/uploads\\\/2024\\\/11\\\/Mauser_h_RGB.png\",\"width\":1951,\"height\":600,\"caption\":\"Mauser Packaging Solutions\"},\"image\":{\"@id\":\"https:\\\/\\\/mauserpackaging.com\\\/fr\\\/#\\\/schema\\\/logo\\\/image\\\/\"},\"sameAs\":[\"https:\\\/\\\/www.linkedin.com\\\/company\\\/mauser-packaging-solutions\\\/\"]}]}<\/script>\n<!-- \/ Yoast SEO Premium plugin. -->","yoast_head_json":{"title":"Pots \u00e0 bouchon unique - Mauser Packaging Solutions","description":"Les bo\u00eetes monotop, ou utilitaires, de Mauser Packaging Solutions prot\u00e8gent les produits uniques que les marques nous confient.","robots":{"index":"index","follow":"follow","max-snippet":"max-snippet:-1","max-image-preview":"max-image-preview:large","max-video-preview":"max-video-preview:-1"},"canonical":"https:\/\/mauserpackaging.com\/fr\/produits-et-innovations\/bidons\/pots-a-bouchon-unique\/","og_locale":"fr_FR","og_type":"article","og_title":"Pots \u00e0 bouchon unique","og_description":"Les bo\u00eetes monotop, ou utilitaires, de Mauser Packaging Solutions prot\u00e8gent les produits uniques que les marques nous confient.","og_url":"https:\/\/mauserpackaging.com\/fr\/produits-et-innovations\/bidons\/pots-a-bouchon-unique\/","og_site_name":"Mauser Packaging Solutions","article_modified_time":"2025-12-05T18:31:19+00:00","og_image":[{"width":1200,"height":675,"url":"https:\/\/mauserpackaging.com\/wp-content\/uploads\/2026\/03\/Mauser_Default_SiteImage.jpg","type":"image\/jpeg"}],"twitter_card":"summary_large_image","twitter_misc":{"Dur\u00e9e de lecture estim\u00e9e":"7 minutes"},"schema":{"@context":"https:\/\/schema.org","@graph":[{"@type":"WebPage","@id":"https:\/\/mauserpackaging.com\/fr\/produits-et-innovations\/bidons\/pots-a-bouchon-unique\/","url":"https:\/\/mauserpackaging.com\/fr\/produits-et-innovations\/bidons\/pots-a-bouchon-unique\/","name":"Pots \u00e0 bouchon unique - Mauser Packaging Solutions","isPartOf":{"@id":"https:\/\/mauserpackaging.com\/fr\/#website"},"datePublished":"2024-12-17T19:59:04+00:00","dateModified":"2025-12-05T18:31:19+00:00","description":"Les bo\u00eetes monotop, ou utilitaires, de Mauser Packaging Solutions prot\u00e8gent les produits uniques que les marques nous confient.","breadcrumb":{"@id":"https:\/\/mauserpackaging.com\/fr\/produits-et-innovations\/bidons\/pots-a-bouchon-unique\/#breadcrumb"},"inLanguage":"fr-FR","potentialAction":[{"@type":"ReadAction","target":["https:\/\/mauserpackaging.com\/fr\/produits-et-innovations\/bidons\/pots-a-bouchon-unique\/"]}]},{"@type":"BreadcrumbList","@id":"https:\/\/mauserpackaging.com\/fr\/produits-et-innovations\/bidons\/pots-a-bouchon-unique\/#breadcrumb","itemListElement":[{"@type":"ListItem","position":1,"name":"Home","item":"https:\/\/mauserpackaging.com\/fr\/page-daccueil\/"},{"@type":"ListItem","position":2,"name":"Produits et innovations","item":"https:\/\/mauserpackaging.com\/fr\/produits-et-innovations\/"},{"@type":"ListItem","position":3,"name":"Bidons","item":"https:\/\/mauserpackaging.com\/fr\/produits-et-innovations\/bidons\/"},{"@type":"ListItem","position":4,"name":"Pots \u00e0 bouchon unique"}]},{"@type":"WebSite","@id":"https:\/\/mauserpackaging.com\/fr\/#website","url":"https:\/\/mauserpackaging.com\/fr\/","name":"Mauser Packaging Solutions","description":"Your go-to packaging partner","publisher":{"@id":"https:\/\/mauserpackaging.com\/fr\/#organization"},"alternateName":"Mauser Packaging","potentialAction":[{"@type":"SearchAction","target":{"@type":"EntryPoint","urlTemplate":"https:\/\/mauserpackaging.com\/fr\/?s={search_term_string}"},"query-input":{"@type":"PropertyValueSpecification","valueRequired":true,"valueName":"search_term_string"}}],"inLanguage":"fr-FR"},{"@type":"Organization","@id":"https:\/\/mauserpackaging.com\/fr\/#organization","name":"Mauser Packaging Solutions","alternateName":"Mauser Packaging","url":"https:\/\/mauserpackaging.com\/fr\/","logo":{"@type":"ImageObject","inLanguage":"fr-FR","@id":"https:\/\/mauserpackaging.com\/fr\/#\/schema\/logo\/image\/","url":"https:\/\/mauserpackaging.com\/wp-content\/uploads\/2024\/11\/Mauser_h_RGB.png","contentUrl":"https:\/\/mauserpackaging.com\/wp-content\/uploads\/2024\/11\/Mauser_h_RGB.png","width":1951,"height":600,"caption":"Mauser Packaging Solutions"},"image":{"@id":"https:\/\/mauserpackaging.com\/fr\/#\/schema\/logo\/image\/"},"sameAs":["https:\/\/www.linkedin.com\/company\/mauser-packaging-solutions\/"]}]}},"_links":{"self":[{"href":"https:\/\/mauserpackaging.com\/fr\/wp-json\/wp\/v2\/pages\/20679","targetHints":{"allow":["GET"]}}],"collection":[{"href":"https:\/\/mauserpackaging.com\/fr\/wp-json\/wp\/v2\/pages"}],"about":[{"href":"https:\/\/mauserpackaging.com\/fr\/wp-json\/wp\/v2\/types\/page"}],"author":[{"embeddable":true,"href":"https:\/\/mauserpackaging.com\/fr\/wp-json\/wp\/v2\/users\/1"}],"replies":[{"embeddable":true,"href":"https:\/\/mauserpackaging.com\/fr\/wp-json\/wp\/v2\/comments?post=20679"}],"version-history":[{"count":0,"href":"https:\/\/mauserpackaging.com\/fr\/wp-json\/wp\/v2\/pages\/20679\/revisions"}],"up":[{"embeddable":true,"href":"https:\/\/mauserpackaging.com\/fr\/wp-json\/wp\/v2\/pages\/20676"}],"wp:attachment":[{"href":"https:\/\/mauserpackaging.com\/fr\/wp-json\/wp\/v2\/media?parent=20679"}],"curies":[{"name":"wp","href":"https:\/\/api.w.org\/{rel}","templated":true}]}}