{"id":20678,"date":"2024-12-17T20:01:54","date_gmt":"2024-12-17T20:01:54","guid":{"rendered":"https:\/\/mauserpackstg.wpenginepowered.com\/produits-et-innovations\/bidons\/bidons-f-style\/"},"modified":"2026-04-01T16:17:42","modified_gmt":"2026-04-01T16:17:42","slug":"bidons-f-style","status":"publish","type":"page","link":"https:\/\/mauserpackaging.com\/fr\/produits-et-innovations\/bidons\/bidons-f-style\/","title":{"rendered":"Bidons F-style"},"content":{"rendered":"<div id=\"cs-content\" class=\"cs-content\"><\/div>\n","protected":false},"excerpt":{"rendered":"<p>Home Bidons F-styleFiabilit\u00e9 et vari\u00e9t\u00e9 La portabilit\u00e9 et l\u2019efficacit\u00e9 de l\u2019espace ne sont que quelques-unes des raisons pour lesquelles les clients utilisent nos bidons oblongues F-Style. Nous produisons des bidons F-Style d\u2019une taille allant d\u2019une pinte \u00e0 un gallon, et nous sommes le seul fournisseur \u00e0 proposer une gamme aussi large Id\u00e9aux pour conditionner les diluants de peinture, les solvants,\u2026<\/p>\n","protected":false},"author":1,"featured_media":0,"parent":20676,"menu_order":0,"comment_status":"closed","ping_status":"closed","template":"template-blank-4.php","meta":{"footnotes":""},"class_list":["post-20678","page","type-page","status-publish","hentry","no-post-thumbnail"],"yoast_head":"<!-- This site is optimized with the Yoast SEO Premium plugin v27.5 (Yoast SEO v27.5) - https:\/\/yoast.com\/product\/yoast-seo-premium-wordpress\/ -->\n<title>Bo\u00eetes de type F et oblongues | Mauser Packaging<\/title>\n<meta name=\"description\" content=\"Bidons de type F destin\u00e9s aux diluants pour peinture, aux solvants et aux applications chimiques, disponibles dans une large gamme de formats, de la pinte au gallon. Consultez les caract\u00e9ristiques techniques et les tarifs aupr\u00e8s de Mauser Packaging.\" \/>\n<meta name=\"robots\" content=\"index, follow, max-snippet:-1, max-image-preview:large, max-video-preview:-1\" \/>\n<link rel=\"canonical\" href=\"https:\/\/mauserpackaging.com\/fr\/produits-et-innovations\/bidons\/bidons-f-style\/\" \/>\n<meta property=\"og:locale\" content=\"fr_FR\" \/>\n<meta property=\"og:type\" content=\"article\" \/>\n<meta property=\"og:title\" content=\"Bidons F-style\" \/>\n<meta property=\"og:description\" content=\"Bidons de type F destin\u00e9s aux diluants pour peinture, aux solvants et aux applications chimiques, disponibles dans une large gamme de formats, de la pinte au gallon. Consultez les caract\u00e9ristiques techniques et les tarifs aupr\u00e8s de Mauser Packaging.\" \/>\n<meta property=\"og:url\" content=\"https:\/\/mauserpackaging.com\/fr\/produits-et-innovations\/bidons\/bidons-f-style\/\" \/>\n<meta property=\"og:site_name\" content=\"Mauser Packaging Solutions\" \/>\n<meta property=\"article:modified_time\" content=\"2026-04-01T16:17:42+00:00\" \/>\n<meta property=\"og:image\" content=\"https:\/\/mauserpackaging.com\/wp-content\/uploads\/2026\/03\/Mauser_Default_SiteImage.jpg\" \/>\n\t<meta property=\"og:image:width\" content=\"1200\" \/>\n\t<meta property=\"og:image:height\" content=\"675\" \/>\n\t<meta property=\"og:image:type\" content=\"image\/jpeg\" \/>\n<meta name=\"twitter:card\" content=\"summary_large_image\" \/>\n<meta name=\"twitter:label1\" content=\"Dur\u00e9e de lecture estim\u00e9e\" \/>\n\t<meta name=\"twitter:data1\" content=\"7 minutes\" \/>\n<script type=\"application\/ld+json\" class=\"yoast-schema-graph\">{\"@context\":\"https:\\\/\\\/schema.org\",\"@graph\":[{\"@type\":\"WebPage\",\"@id\":\"https:\\\/\\\/mauserpackaging.com\\\/fr\\\/produits-et-innovations\\\/bidons\\\/bidons-f-style\\\/\",\"url\":\"https:\\\/\\\/mauserpackaging.com\\\/fr\\\/produits-et-innovations\\\/bidons\\\/bidons-f-style\\\/\",\"name\":\"Bo\u00eetes de type F et oblongues | Mauser Packaging\",\"isPartOf\":{\"@id\":\"https:\\\/\\\/mauserpackaging.com\\\/fr\\\/#website\"},\"datePublished\":\"2024-12-17T20:01:54+00:00\",\"dateModified\":\"2026-04-01T16:17:42+00:00\",\"description\":\"Bidons de type F destin\u00e9s aux diluants pour peinture, aux solvants et aux applications chimiques, disponibles dans une large gamme de formats, de la pinte au gallon. Consultez les caract\u00e9ristiques techniques et les tarifs aupr\u00e8s de Mauser Packaging.\",\"breadcrumb\":{\"@id\":\"https:\\\/\\\/mauserpackaging.com\\\/fr\\\/produits-et-innovations\\\/bidons\\\/bidons-f-style\\\/#breadcrumb\"},\"inLanguage\":\"fr-FR\",\"potentialAction\":[{\"@type\":\"ReadAction\",\"target\":[\"https:\\\/\\\/mauserpackaging.com\\\/fr\\\/produits-et-innovations\\\/bidons\\\/bidons-f-style\\\/\"]}]},{\"@type\":\"BreadcrumbList\",\"@id\":\"https:\\\/\\\/mauserpackaging.com\\\/fr\\\/produits-et-innovations\\\/bidons\\\/bidons-f-style\\\/#breadcrumb\",\"itemListElement\":[{\"@type\":\"ListItem\",\"position\":1,\"name\":\"Home\",\"item\":\"https:\\\/\\\/mauserpackaging.com\\\/fr\\\/page-daccueil\\\/\"},{\"@type\":\"ListItem\",\"position\":2,\"name\":\"Produits et innovations\",\"item\":\"https:\\\/\\\/mauserpackaging.com\\\/fr\\\/produits-et-innovations\\\/\"},{\"@type\":\"ListItem\",\"position\":3,\"name\":\"Bidons\",\"item\":\"https:\\\/\\\/mauserpackaging.com\\\/fr\\\/produits-et-innovations\\\/bidons\\\/\"},{\"@type\":\"ListItem\",\"position\":4,\"name\":\"Bidons F-style\"}]},{\"@type\":\"WebSite\",\"@id\":\"https:\\\/\\\/mauserpackaging.com\\\/fr\\\/#website\",\"url\":\"https:\\\/\\\/mauserpackaging.com\\\/fr\\\/\",\"name\":\"Mauser Packaging Solutions\",\"description\":\"Your go-to packaging partner\",\"publisher\":{\"@id\":\"https:\\\/\\\/mauserpackaging.com\\\/fr\\\/#organization\"},\"alternateName\":\"Mauser Packaging\",\"potentialAction\":[{\"@type\":\"SearchAction\",\"target\":{\"@type\":\"EntryPoint\",\"urlTemplate\":\"https:\\\/\\\/mauserpackaging.com\\\/fr\\\/?s={search_term_string}\"},\"query-input\":{\"@type\":\"PropertyValueSpecification\",\"valueRequired\":true,\"valueName\":\"search_term_string\"}}],\"inLanguage\":\"fr-FR\"},{\"@type\":\"Organization\",\"@id\":\"https:\\\/\\\/mauserpackaging.com\\\/fr\\\/#organization\",\"name\":\"Mauser Packaging Solutions\",\"alternateName\":\"Mauser Packaging\",\"url\":\"https:\\\/\\\/mauserpackaging.com\\\/fr\\\/\",\"logo\":{\"@type\":\"ImageObject\",\"inLanguage\":\"fr-FR\",\"@id\":\"https:\\\/\\\/mauserpackaging.com\\\/fr\\\/#\\\/schema\\\/logo\\\/image\\\/\",\"url\":\"https:\\\/\\\/mauserpackaging.com\\\/wp-content\\\/uploads\\\/2024\\\/11\\\/Mauser_h_RGB.png\",\"contentUrl\":\"https:\\\/\\\/mauserpackaging.com\\\/wp-content\\\/uploads\\\/2024\\\/11\\\/Mauser_h_RGB.png\",\"width\":1951,\"height\":600,\"caption\":\"Mauser Packaging Solutions\"},\"image\":{\"@id\":\"https:\\\/\\\/mauserpackaging.com\\\/fr\\\/#\\\/schema\\\/logo\\\/image\\\/\"},\"sameAs\":[\"https:\\\/\\\/www.linkedin.com\\\/company\\\/mauser-packaging-solutions\\\/\"]}]}<\/script>\n<!-- \/ Yoast SEO Premium plugin. -->","yoast_head_json":{"title":"Bo\u00eetes de type F et oblongues | Mauser Packaging","description":"Bidons de type F destin\u00e9s aux diluants pour peinture, aux solvants et aux applications chimiques, disponibles dans une large gamme de formats, de la pinte au gallon. Consultez les caract\u00e9ristiques techniques et les tarifs aupr\u00e8s de Mauser Packaging.","robots":{"index":"index","follow":"follow","max-snippet":"max-snippet:-1","max-image-preview":"max-image-preview:large","max-video-preview":"max-video-preview:-1"},"canonical":"https:\/\/mauserpackaging.com\/fr\/produits-et-innovations\/bidons\/bidons-f-style\/","og_locale":"fr_FR","og_type":"article","og_title":"Bidons F-style","og_description":"Bidons de type F destin\u00e9s aux diluants pour peinture, aux solvants et aux applications chimiques, disponibles dans une large gamme de formats, de la pinte au gallon. Consultez les caract\u00e9ristiques techniques et les tarifs aupr\u00e8s de Mauser Packaging.","og_url":"https:\/\/mauserpackaging.com\/fr\/produits-et-innovations\/bidons\/bidons-f-style\/","og_site_name":"Mauser Packaging Solutions","article_modified_time":"2026-04-01T16:17:42+00:00","og_image":[{"width":1200,"height":675,"url":"https:\/\/mauserpackaging.com\/wp-content\/uploads\/2026\/03\/Mauser_Default_SiteImage.jpg","type":"image\/jpeg"}],"twitter_card":"summary_large_image","twitter_misc":{"Dur\u00e9e de lecture estim\u00e9e":"7 minutes"},"schema":{"@context":"https:\/\/schema.org","@graph":[{"@type":"WebPage","@id":"https:\/\/mauserpackaging.com\/fr\/produits-et-innovations\/bidons\/bidons-f-style\/","url":"https:\/\/mauserpackaging.com\/fr\/produits-et-innovations\/bidons\/bidons-f-style\/","name":"Bo\u00eetes de type F et oblongues | Mauser Packaging","isPartOf":{"@id":"https:\/\/mauserpackaging.com\/fr\/#website"},"datePublished":"2024-12-17T20:01:54+00:00","dateModified":"2026-04-01T16:17:42+00:00","description":"Bidons de type F destin\u00e9s aux diluants pour peinture, aux solvants et aux applications chimiques, disponibles dans une large gamme de formats, de la pinte au gallon. Consultez les caract\u00e9ristiques techniques et les tarifs aupr\u00e8s de Mauser Packaging.","breadcrumb":{"@id":"https:\/\/mauserpackaging.com\/fr\/produits-et-innovations\/bidons\/bidons-f-style\/#breadcrumb"},"inLanguage":"fr-FR","potentialAction":[{"@type":"ReadAction","target":["https:\/\/mauserpackaging.com\/fr\/produits-et-innovations\/bidons\/bidons-f-style\/"]}]},{"@type":"BreadcrumbList","@id":"https:\/\/mauserpackaging.com\/fr\/produits-et-innovations\/bidons\/bidons-f-style\/#breadcrumb","itemListElement":[{"@type":"ListItem","position":1,"name":"Home","item":"https:\/\/mauserpackaging.com\/fr\/page-daccueil\/"},{"@type":"ListItem","position":2,"name":"Produits et innovations","item":"https:\/\/mauserpackaging.com\/fr\/produits-et-innovations\/"},{"@type":"ListItem","position":3,"name":"Bidons","item":"https:\/\/mauserpackaging.com\/fr\/produits-et-innovations\/bidons\/"},{"@type":"ListItem","position":4,"name":"Bidons F-style"}]},{"@type":"WebSite","@id":"https:\/\/mauserpackaging.com\/fr\/#website","url":"https:\/\/mauserpackaging.com\/fr\/","name":"Mauser Packaging Solutions","description":"Your go-to packaging partner","publisher":{"@id":"https:\/\/mauserpackaging.com\/fr\/#organization"},"alternateName":"Mauser Packaging","potentialAction":[{"@type":"SearchAction","target":{"@type":"EntryPoint","urlTemplate":"https:\/\/mauserpackaging.com\/fr\/?s={search_term_string}"},"query-input":{"@type":"PropertyValueSpecification","valueRequired":true,"valueName":"search_term_string"}}],"inLanguage":"fr-FR"},{"@type":"Organization","@id":"https:\/\/mauserpackaging.com\/fr\/#organization","name":"Mauser Packaging Solutions","alternateName":"Mauser Packaging","url":"https:\/\/mauserpackaging.com\/fr\/","logo":{"@type":"ImageObject","inLanguage":"fr-FR","@id":"https:\/\/mauserpackaging.com\/fr\/#\/schema\/logo\/image\/","url":"https:\/\/mauserpackaging.com\/wp-content\/uploads\/2024\/11\/Mauser_h_RGB.png","contentUrl":"https:\/\/mauserpackaging.com\/wp-content\/uploads\/2024\/11\/Mauser_h_RGB.png","width":1951,"height":600,"caption":"Mauser Packaging Solutions"},"image":{"@id":"https:\/\/mauserpackaging.com\/fr\/#\/schema\/logo\/image\/"},"sameAs":["https:\/\/www.linkedin.com\/company\/mauser-packaging-solutions\/"]}]}},"_links":{"self":[{"href":"https:\/\/mauserpackaging.com\/fr\/wp-json\/wp\/v2\/pages\/20678","targetHints":{"allow":["GET"]}}],"collection":[{"href":"https:\/\/mauserpackaging.com\/fr\/wp-json\/wp\/v2\/pages"}],"about":[{"href":"https:\/\/mauserpackaging.com\/fr\/wp-json\/wp\/v2\/types\/page"}],"author":[{"embeddable":true,"href":"https:\/\/mauserpackaging.com\/fr\/wp-json\/wp\/v2\/users\/1"}],"replies":[{"embeddable":true,"href":"https:\/\/mauserpackaging.com\/fr\/wp-json\/wp\/v2\/comments?post=20678"}],"version-history":[{"count":0,"href":"https:\/\/mauserpackaging.com\/fr\/wp-json\/wp\/v2\/pages\/20678\/revisions"}],"up":[{"embeddable":true,"href":"https:\/\/mauserpackaging.com\/fr\/wp-json\/wp\/v2\/pages\/20676"}],"wp:attachment":[{"href":"https:\/\/mauserpackaging.com\/fr\/wp-json\/wp\/v2\/media?parent=20678"}],"curies":[{"name":"wp","href":"https:\/\/api.w.org\/{rel}","templated":true}]}}