{"id":20677,"date":"2024-12-17T20:02:38","date_gmt":"2024-12-17T20:02:38","guid":{"rendered":"https:\/\/mauserpackstg.wpenginepowered.com\/produits-et-innovations\/bidons\/cone-pour-top-cans\/"},"modified":"2026-04-01T16:09:22","modified_gmt":"2026-04-01T16:09:22","slug":"bidons-a-couvercle-conique-ou-verseur","status":"publish","type":"page","link":"https:\/\/mauserpackaging.com\/fr\/produits-et-innovations\/bidons\/bidons-a-couvercle-conique-ou-verseur\/","title":{"rendered":"Bidons \u00e0 couvercle conique ou verseur"},"content":{"rendered":"<div id=\"cs-content\" class=\"cs-content\"><\/div>\n","protected":false},"excerpt":{"rendered":"<p>Home Bidons \u00e0 couvercle conique ou verseurUne coul\u00e9e douce et contr\u00f4l\u00e9e Nos bidons \u00e0 couvercle conique ou verseur sont largement utilis\u00e9s dans les secteurs de l\u2019automobile, du carburant, de la peinture et des produits sp\u00e9cialis\u00e9s, et sont pr\u00e9sents dans les magasins et les ateliers du monde entier. Ils sont disponibles dans une vari\u00e9t\u00e9 de dimensions et de finitions de cols\u2026<\/p>\n","protected":false},"author":1,"featured_media":0,"parent":20676,"menu_order":0,"comment_status":"closed","ping_status":"closed","template":"template-blank-4.php","meta":{"footnotes":""},"class_list":["post-20677","page","type-page","status-publish","hentry","no-post-thumbnail"],"yoast_head":"<!-- This site is optimized with the Yoast SEO Premium plugin v27.4 (Yoast SEO v27.4) - https:\/\/yoast.com\/product\/yoast-seo-premium-wordpress\/ -->\n<title>Bidons \u00e0 couvercle conique ou verseur | Mauser Packaging<\/title>\n<meta name=\"description\" content=\"Bidons \u00e0 bec verseur et \u00e0 c\u00f4ne m\u00e9tallique permettant un versement contr\u00f4l\u00e9, destin\u00e9s aux produits automobiles, aux carburants et aux produits sp\u00e9cialis\u00e9s vendus en magasin et dans les ateliers\" \/>\n<meta name=\"robots\" content=\"index, follow, max-snippet:-1, max-image-preview:large, max-video-preview:-1\" \/>\n<link rel=\"canonical\" href=\"https:\/\/mauserpackaging.com\/fr\/produits-et-innovations\/bidons\/bidons-a-couvercle-conique-ou-verseur\/\" \/>\n<meta property=\"og:locale\" content=\"fr_FR\" \/>\n<meta property=\"og:type\" content=\"article\" \/>\n<meta property=\"og:title\" content=\"Bidons \u00e0 couvercle conique ou verseur\" \/>\n<meta property=\"og:description\" content=\"Bidons \u00e0 bec verseur et \u00e0 c\u00f4ne m\u00e9tallique permettant un versement contr\u00f4l\u00e9, destin\u00e9s aux produits automobiles, aux carburants et aux produits sp\u00e9cialis\u00e9s vendus en magasin et dans les ateliers\" \/>\n<meta property=\"og:url\" content=\"https:\/\/mauserpackaging.com\/fr\/produits-et-innovations\/bidons\/bidons-a-couvercle-conique-ou-verseur\/\" \/>\n<meta property=\"og:site_name\" content=\"Mauser Packaging Solutions\" \/>\n<meta property=\"article:modified_time\" content=\"2026-04-01T16:09:22+00:00\" \/>\n<meta property=\"og:image\" content=\"https:\/\/mauserpackaging.com\/wp-content\/uploads\/2026\/03\/Mauser_Default_SiteImage.jpg\" \/>\n\t<meta property=\"og:image:width\" content=\"1200\" \/>\n\t<meta property=\"og:image:height\" content=\"675\" \/>\n\t<meta property=\"og:image:type\" content=\"image\/jpeg\" \/>\n<meta name=\"twitter:card\" content=\"summary_large_image\" \/>\n<meta name=\"twitter:label1\" content=\"Dur\u00e9e de lecture estim\u00e9e\" \/>\n\t<meta name=\"twitter:data1\" content=\"7 minutes\" \/>\n<script type=\"application\/ld+json\" class=\"yoast-schema-graph\">{\"@context\":\"https:\\\/\\\/schema.org\",\"@graph\":[{\"@type\":\"WebPage\",\"@id\":\"https:\\\/\\\/mauserpackaging.com\\\/fr\\\/produits-et-innovations\\\/bidons\\\/bidons-a-couvercle-conique-ou-verseur\\\/\",\"url\":\"https:\\\/\\\/mauserpackaging.com\\\/fr\\\/produits-et-innovations\\\/bidons\\\/bidons-a-couvercle-conique-ou-verseur\\\/\",\"name\":\"Bidons \u00e0 couvercle conique ou verseur | Mauser Packaging\",\"isPartOf\":{\"@id\":\"https:\\\/\\\/mauserpackaging.com\\\/fr\\\/#website\"},\"datePublished\":\"2024-12-17T20:02:38+00:00\",\"dateModified\":\"2026-04-01T16:09:22+00:00\",\"description\":\"Bidons \u00e0 bec verseur et \u00e0 c\u00f4ne m\u00e9tallique permettant un versement contr\u00f4l\u00e9, destin\u00e9s aux produits automobiles, aux carburants et aux produits sp\u00e9cialis\u00e9s vendus en magasin et dans les ateliers\",\"breadcrumb\":{\"@id\":\"https:\\\/\\\/mauserpackaging.com\\\/fr\\\/produits-et-innovations\\\/bidons\\\/bidons-a-couvercle-conique-ou-verseur\\\/#breadcrumb\"},\"inLanguage\":\"fr-FR\",\"potentialAction\":[{\"@type\":\"ReadAction\",\"target\":[\"https:\\\/\\\/mauserpackaging.com\\\/fr\\\/produits-et-innovations\\\/bidons\\\/bidons-a-couvercle-conique-ou-verseur\\\/\"]}]},{\"@type\":\"BreadcrumbList\",\"@id\":\"https:\\\/\\\/mauserpackaging.com\\\/fr\\\/produits-et-innovations\\\/bidons\\\/bidons-a-couvercle-conique-ou-verseur\\\/#breadcrumb\",\"itemListElement\":[{\"@type\":\"ListItem\",\"position\":1,\"name\":\"Home\",\"item\":\"https:\\\/\\\/mauserpackaging.com\\\/fr\\\/page-daccueil\\\/\"},{\"@type\":\"ListItem\",\"position\":2,\"name\":\"Produits et innovations\",\"item\":\"https:\\\/\\\/mauserpackaging.com\\\/fr\\\/produits-et-innovations\\\/\"},{\"@type\":\"ListItem\",\"position\":3,\"name\":\"Bidons\",\"item\":\"https:\\\/\\\/mauserpackaging.com\\\/fr\\\/produits-et-innovations\\\/bidons\\\/\"},{\"@type\":\"ListItem\",\"position\":4,\"name\":\"Bidons \u00e0 couvercle conique ou verseur\"}]},{\"@type\":\"WebSite\",\"@id\":\"https:\\\/\\\/mauserpackaging.com\\\/fr\\\/#website\",\"url\":\"https:\\\/\\\/mauserpackaging.com\\\/fr\\\/\",\"name\":\"Mauser Packaging Solutions\",\"description\":\"Your go-to packaging partner\",\"publisher\":{\"@id\":\"https:\\\/\\\/mauserpackaging.com\\\/fr\\\/#organization\"},\"alternateName\":\"Mauser Packaging\",\"potentialAction\":[{\"@type\":\"SearchAction\",\"target\":{\"@type\":\"EntryPoint\",\"urlTemplate\":\"https:\\\/\\\/mauserpackaging.com\\\/fr\\\/?s={search_term_string}\"},\"query-input\":{\"@type\":\"PropertyValueSpecification\",\"valueRequired\":true,\"valueName\":\"search_term_string\"}}],\"inLanguage\":\"fr-FR\"},{\"@type\":\"Organization\",\"@id\":\"https:\\\/\\\/mauserpackaging.com\\\/fr\\\/#organization\",\"name\":\"Mauser Packaging Solutions\",\"alternateName\":\"Mauser Packaging\",\"url\":\"https:\\\/\\\/mauserpackaging.com\\\/fr\\\/\",\"logo\":{\"@type\":\"ImageObject\",\"inLanguage\":\"fr-FR\",\"@id\":\"https:\\\/\\\/mauserpackaging.com\\\/fr\\\/#\\\/schema\\\/logo\\\/image\\\/\",\"url\":\"https:\\\/\\\/mauserpackaging.com\\\/wp-content\\\/uploads\\\/2024\\\/11\\\/Mauser_h_RGB.png\",\"contentUrl\":\"https:\\\/\\\/mauserpackaging.com\\\/wp-content\\\/uploads\\\/2024\\\/11\\\/Mauser_h_RGB.png\",\"width\":1951,\"height\":600,\"caption\":\"Mauser Packaging Solutions\"},\"image\":{\"@id\":\"https:\\\/\\\/mauserpackaging.com\\\/fr\\\/#\\\/schema\\\/logo\\\/image\\\/\"},\"sameAs\":[\"https:\\\/\\\/www.linkedin.com\\\/company\\\/mauser-packaging-solutions\\\/\"]}]}<\/script>\n<!-- \/ Yoast SEO Premium plugin. -->","yoast_head_json":{"title":"Bidons \u00e0 couvercle conique ou verseur | Mauser Packaging","description":"Bidons \u00e0 bec verseur et \u00e0 c\u00f4ne m\u00e9tallique permettant un versement contr\u00f4l\u00e9, destin\u00e9s aux produits automobiles, aux carburants et aux produits sp\u00e9cialis\u00e9s vendus en magasin et dans les ateliers","robots":{"index":"index","follow":"follow","max-snippet":"max-snippet:-1","max-image-preview":"max-image-preview:large","max-video-preview":"max-video-preview:-1"},"canonical":"https:\/\/mauserpackaging.com\/fr\/produits-et-innovations\/bidons\/bidons-a-couvercle-conique-ou-verseur\/","og_locale":"fr_FR","og_type":"article","og_title":"Bidons \u00e0 couvercle conique ou verseur","og_description":"Bidons \u00e0 bec verseur et \u00e0 c\u00f4ne m\u00e9tallique permettant un versement contr\u00f4l\u00e9, destin\u00e9s aux produits automobiles, aux carburants et aux produits sp\u00e9cialis\u00e9s vendus en magasin et dans les ateliers","og_url":"https:\/\/mauserpackaging.com\/fr\/produits-et-innovations\/bidons\/bidons-a-couvercle-conique-ou-verseur\/","og_site_name":"Mauser Packaging Solutions","article_modified_time":"2026-04-01T16:09:22+00:00","og_image":[{"width":1200,"height":675,"url":"https:\/\/mauserpackaging.com\/wp-content\/uploads\/2026\/03\/Mauser_Default_SiteImage.jpg","type":"image\/jpeg"}],"twitter_card":"summary_large_image","twitter_misc":{"Dur\u00e9e de lecture estim\u00e9e":"7 minutes"},"schema":{"@context":"https:\/\/schema.org","@graph":[{"@type":"WebPage","@id":"https:\/\/mauserpackaging.com\/fr\/produits-et-innovations\/bidons\/bidons-a-couvercle-conique-ou-verseur\/","url":"https:\/\/mauserpackaging.com\/fr\/produits-et-innovations\/bidons\/bidons-a-couvercle-conique-ou-verseur\/","name":"Bidons \u00e0 couvercle conique ou verseur | Mauser Packaging","isPartOf":{"@id":"https:\/\/mauserpackaging.com\/fr\/#website"},"datePublished":"2024-12-17T20:02:38+00:00","dateModified":"2026-04-01T16:09:22+00:00","description":"Bidons \u00e0 bec verseur et \u00e0 c\u00f4ne m\u00e9tallique permettant un versement contr\u00f4l\u00e9, destin\u00e9s aux produits automobiles, aux carburants et aux produits sp\u00e9cialis\u00e9s vendus en magasin et dans les ateliers","breadcrumb":{"@id":"https:\/\/mauserpackaging.com\/fr\/produits-et-innovations\/bidons\/bidons-a-couvercle-conique-ou-verseur\/#breadcrumb"},"inLanguage":"fr-FR","potentialAction":[{"@type":"ReadAction","target":["https:\/\/mauserpackaging.com\/fr\/produits-et-innovations\/bidons\/bidons-a-couvercle-conique-ou-verseur\/"]}]},{"@type":"BreadcrumbList","@id":"https:\/\/mauserpackaging.com\/fr\/produits-et-innovations\/bidons\/bidons-a-couvercle-conique-ou-verseur\/#breadcrumb","itemListElement":[{"@type":"ListItem","position":1,"name":"Home","item":"https:\/\/mauserpackaging.com\/fr\/page-daccueil\/"},{"@type":"ListItem","position":2,"name":"Produits et innovations","item":"https:\/\/mauserpackaging.com\/fr\/produits-et-innovations\/"},{"@type":"ListItem","position":3,"name":"Bidons","item":"https:\/\/mauserpackaging.com\/fr\/produits-et-innovations\/bidons\/"},{"@type":"ListItem","position":4,"name":"Bidons \u00e0 couvercle conique ou verseur"}]},{"@type":"WebSite","@id":"https:\/\/mauserpackaging.com\/fr\/#website","url":"https:\/\/mauserpackaging.com\/fr\/","name":"Mauser Packaging Solutions","description":"Your go-to packaging partner","publisher":{"@id":"https:\/\/mauserpackaging.com\/fr\/#organization"},"alternateName":"Mauser Packaging","potentialAction":[{"@type":"SearchAction","target":{"@type":"EntryPoint","urlTemplate":"https:\/\/mauserpackaging.com\/fr\/?s={search_term_string}"},"query-input":{"@type":"PropertyValueSpecification","valueRequired":true,"valueName":"search_term_string"}}],"inLanguage":"fr-FR"},{"@type":"Organization","@id":"https:\/\/mauserpackaging.com\/fr\/#organization","name":"Mauser Packaging Solutions","alternateName":"Mauser Packaging","url":"https:\/\/mauserpackaging.com\/fr\/","logo":{"@type":"ImageObject","inLanguage":"fr-FR","@id":"https:\/\/mauserpackaging.com\/fr\/#\/schema\/logo\/image\/","url":"https:\/\/mauserpackaging.com\/wp-content\/uploads\/2024\/11\/Mauser_h_RGB.png","contentUrl":"https:\/\/mauserpackaging.com\/wp-content\/uploads\/2024\/11\/Mauser_h_RGB.png","width":1951,"height":600,"caption":"Mauser Packaging Solutions"},"image":{"@id":"https:\/\/mauserpackaging.com\/fr\/#\/schema\/logo\/image\/"},"sameAs":["https:\/\/www.linkedin.com\/company\/mauser-packaging-solutions\/"]}]}},"_links":{"self":[{"href":"https:\/\/mauserpackaging.com\/fr\/wp-json\/wp\/v2\/pages\/20677","targetHints":{"allow":["GET"]}}],"collection":[{"href":"https:\/\/mauserpackaging.com\/fr\/wp-json\/wp\/v2\/pages"}],"about":[{"href":"https:\/\/mauserpackaging.com\/fr\/wp-json\/wp\/v2\/types\/page"}],"author":[{"embeddable":true,"href":"https:\/\/mauserpackaging.com\/fr\/wp-json\/wp\/v2\/users\/1"}],"replies":[{"embeddable":true,"href":"https:\/\/mauserpackaging.com\/fr\/wp-json\/wp\/v2\/comments?post=20677"}],"version-history":[{"count":0,"href":"https:\/\/mauserpackaging.com\/fr\/wp-json\/wp\/v2\/pages\/20677\/revisions"}],"up":[{"embeddable":true,"href":"https:\/\/mauserpackaging.com\/fr\/wp-json\/wp\/v2\/pages\/20676"}],"wp:attachment":[{"href":"https:\/\/mauserpackaging.com\/fr\/wp-json\/wp\/v2\/media?parent=20677"}],"curies":[{"name":"wp","href":"https:\/\/api.w.org\/{rel}","templated":true}]}}