{"id":20664,"date":"2024-12-16T19:21:28","date_gmt":"2024-12-16T19:21:28","guid":{"rendered":"https:\/\/mauserpackstg.wpenginepowered.com\/marches\/aliments-et-boissons\/"},"modified":"2025-10-16T15:37:45","modified_gmt":"2025-10-16T15:37:45","slug":"aliments-et-boissons","status":"publish","type":"page","link":"https:\/\/mauserpackaging.com\/fr\/marches\/aliments-et-boissons\/","title":{"rendered":"Aliments et boissons"},"content":{"rendered":"<div id=\"cs-content\" class=\"cs-content\"><\/div>\n","protected":false},"excerpt":{"rendered":"<p>Aliments et boissonsHome Pour vous aider \u00e0 nourrir le mondeLes fournisseurs de produits alimentaires et de boissons comptent sur leurs partenaires en mati\u00e8re d\u2019emballage pour les aider \u00e0 maintenir des normes \u00e9lev\u00e9es de qualit\u00e9, de s\u00e9curit\u00e9 et, bien s\u00fbr, de go\u00fbt. La gamme de produits Mauser Packaging Solutions r\u00e9pond efficacement aux probl\u00e8mes de conditionnement en vrac auxquels sont confront\u00e9s les\u2026<\/p>\n","protected":false},"author":1,"featured_media":0,"parent":20659,"menu_order":0,"comment_status":"closed","ping_status":"closed","template":"template-blank-4.php","meta":{"footnotes":""},"class_list":["post-20664","page","type-page","status-publish","hentry","no-post-thumbnail"],"yoast_head":"<!-- This site is optimized with the Yoast SEO Premium plugin v27.5 (Yoast SEO v27.5) - https:\/\/yoast.com\/product\/yoast-seo-premium-wordpress\/ -->\n<title>Aliments et boissons - Mauser Packaging Solutions<\/title>\n<meta name=\"description\" content=\"Les produits Mauser r\u00e9pondent efficacement aux probl\u00e8mes d&#039;emballage en vrac, de la manutention et de l&#039;exp\u00e9dition en vrac au stockage en entrep\u00f4t des liquides et des solides.\" \/>\n<meta name=\"robots\" content=\"index, follow, max-snippet:-1, max-image-preview:large, max-video-preview:-1\" \/>\n<link rel=\"canonical\" href=\"https:\/\/mauserpackaging.com\/fr\/marches\/aliments-et-boissons\/\" \/>\n<meta property=\"og:locale\" content=\"fr_FR\" \/>\n<meta property=\"og:type\" content=\"article\" \/>\n<meta property=\"og:title\" content=\"Aliments et boissons\" \/>\n<meta property=\"og:description\" content=\"Les produits Mauser r\u00e9pondent efficacement aux probl\u00e8mes d&#039;emballage en vrac, de la manutention et de l&#039;exp\u00e9dition en vrac au stockage en entrep\u00f4t des liquides et des solides.\" \/>\n<meta property=\"og:url\" content=\"https:\/\/mauserpackaging.com\/fr\/marches\/aliments-et-boissons\/\" \/>\n<meta property=\"og:site_name\" content=\"Mauser Packaging Solutions\" \/>\n<meta property=\"article:modified_time\" content=\"2025-10-16T15:37:45+00:00\" \/>\n<meta property=\"og:image\" content=\"https:\/\/mauserpackaging.com\/wp-content\/uploads\/2026\/03\/Mauser_Default_SiteImage.jpg\" \/>\n\t<meta property=\"og:image:width\" content=\"1200\" \/>\n\t<meta property=\"og:image:height\" content=\"675\" \/>\n\t<meta property=\"og:image:type\" content=\"image\/jpeg\" \/>\n<meta name=\"twitter:card\" content=\"summary_large_image\" \/>\n<meta name=\"twitter:label1\" content=\"Dur\u00e9e de lecture estim\u00e9e\" \/>\n\t<meta name=\"twitter:data1\" content=\"4 minutes\" \/>\n<script type=\"application\/ld+json\" class=\"yoast-schema-graph\">{\"@context\":\"https:\\\/\\\/schema.org\",\"@graph\":[{\"@type\":\"WebPage\",\"@id\":\"https:\\\/\\\/mauserpackaging.com\\\/fr\\\/marches\\\/aliments-et-boissons\\\/\",\"url\":\"https:\\\/\\\/mauserpackaging.com\\\/fr\\\/marches\\\/aliments-et-boissons\\\/\",\"name\":\"Aliments et boissons - Mauser Packaging Solutions\",\"isPartOf\":{\"@id\":\"https:\\\/\\\/mauserpackaging.com\\\/fr\\\/#website\"},\"datePublished\":\"2024-12-16T19:21:28+00:00\",\"dateModified\":\"2025-10-16T15:37:45+00:00\",\"description\":\"Les produits Mauser r\u00e9pondent efficacement aux probl\u00e8mes d'emballage en vrac, de la manutention et de l'exp\u00e9dition en vrac au stockage en entrep\u00f4t des liquides et des solides.\",\"breadcrumb\":{\"@id\":\"https:\\\/\\\/mauserpackaging.com\\\/fr\\\/marches\\\/aliments-et-boissons\\\/#breadcrumb\"},\"inLanguage\":\"fr-FR\",\"potentialAction\":[{\"@type\":\"ReadAction\",\"target\":[\"https:\\\/\\\/mauserpackaging.com\\\/fr\\\/marches\\\/aliments-et-boissons\\\/\"]}]},{\"@type\":\"BreadcrumbList\",\"@id\":\"https:\\\/\\\/mauserpackaging.com\\\/fr\\\/marches\\\/aliments-et-boissons\\\/#breadcrumb\",\"itemListElement\":[{\"@type\":\"ListItem\",\"position\":1,\"name\":\"Home\",\"item\":\"https:\\\/\\\/mauserpackaging.com\\\/fr\\\/page-daccueil\\\/\"},{\"@type\":\"ListItem\",\"position\":2,\"name\":\"March\u00e9s\",\"item\":\"https:\\\/\\\/mauserpackaging.com\\\/fr\\\/marches\\\/\"},{\"@type\":\"ListItem\",\"position\":3,\"name\":\"Aliments et boissons\"}]},{\"@type\":\"WebSite\",\"@id\":\"https:\\\/\\\/mauserpackaging.com\\\/fr\\\/#website\",\"url\":\"https:\\\/\\\/mauserpackaging.com\\\/fr\\\/\",\"name\":\"Mauser Packaging Solutions\",\"description\":\"Your go-to packaging partner\",\"publisher\":{\"@id\":\"https:\\\/\\\/mauserpackaging.com\\\/fr\\\/#organization\"},\"alternateName\":\"Mauser Packaging\",\"potentialAction\":[{\"@type\":\"SearchAction\",\"target\":{\"@type\":\"EntryPoint\",\"urlTemplate\":\"https:\\\/\\\/mauserpackaging.com\\\/fr\\\/?s={search_term_string}\"},\"query-input\":{\"@type\":\"PropertyValueSpecification\",\"valueRequired\":true,\"valueName\":\"search_term_string\"}}],\"inLanguage\":\"fr-FR\"},{\"@type\":\"Organization\",\"@id\":\"https:\\\/\\\/mauserpackaging.com\\\/fr\\\/#organization\",\"name\":\"Mauser Packaging Solutions\",\"alternateName\":\"Mauser Packaging\",\"url\":\"https:\\\/\\\/mauserpackaging.com\\\/fr\\\/\",\"logo\":{\"@type\":\"ImageObject\",\"inLanguage\":\"fr-FR\",\"@id\":\"https:\\\/\\\/mauserpackaging.com\\\/fr\\\/#\\\/schema\\\/logo\\\/image\\\/\",\"url\":\"https:\\\/\\\/mauserpackaging.com\\\/wp-content\\\/uploads\\\/2024\\\/11\\\/Mauser_h_RGB.png\",\"contentUrl\":\"https:\\\/\\\/mauserpackaging.com\\\/wp-content\\\/uploads\\\/2024\\\/11\\\/Mauser_h_RGB.png\",\"width\":1951,\"height\":600,\"caption\":\"Mauser Packaging Solutions\"},\"image\":{\"@id\":\"https:\\\/\\\/mauserpackaging.com\\\/fr\\\/#\\\/schema\\\/logo\\\/image\\\/\"},\"sameAs\":[\"https:\\\/\\\/www.linkedin.com\\\/company\\\/mauser-packaging-solutions\\\/\"]}]}<\/script>\n<!-- \/ Yoast SEO Premium plugin. -->","yoast_head_json":{"title":"Aliments et boissons - Mauser Packaging Solutions","description":"Les produits Mauser r\u00e9pondent efficacement aux probl\u00e8mes d'emballage en vrac, de la manutention et de l'exp\u00e9dition en vrac au stockage en entrep\u00f4t des liquides et des solides.","robots":{"index":"index","follow":"follow","max-snippet":"max-snippet:-1","max-image-preview":"max-image-preview:large","max-video-preview":"max-video-preview:-1"},"canonical":"https:\/\/mauserpackaging.com\/fr\/marches\/aliments-et-boissons\/","og_locale":"fr_FR","og_type":"article","og_title":"Aliments et boissons","og_description":"Les produits Mauser r\u00e9pondent efficacement aux probl\u00e8mes d'emballage en vrac, de la manutention et de l'exp\u00e9dition en vrac au stockage en entrep\u00f4t des liquides et des solides.","og_url":"https:\/\/mauserpackaging.com\/fr\/marches\/aliments-et-boissons\/","og_site_name":"Mauser Packaging Solutions","article_modified_time":"2025-10-16T15:37:45+00:00","og_image":[{"width":1200,"height":675,"url":"https:\/\/mauserpackaging.com\/wp-content\/uploads\/2026\/03\/Mauser_Default_SiteImage.jpg","type":"image\/jpeg"}],"twitter_card":"summary_large_image","twitter_misc":{"Dur\u00e9e de lecture estim\u00e9e":"4 minutes"},"schema":{"@context":"https:\/\/schema.org","@graph":[{"@type":"WebPage","@id":"https:\/\/mauserpackaging.com\/fr\/marches\/aliments-et-boissons\/","url":"https:\/\/mauserpackaging.com\/fr\/marches\/aliments-et-boissons\/","name":"Aliments et boissons - Mauser Packaging Solutions","isPartOf":{"@id":"https:\/\/mauserpackaging.com\/fr\/#website"},"datePublished":"2024-12-16T19:21:28+00:00","dateModified":"2025-10-16T15:37:45+00:00","description":"Les produits Mauser r\u00e9pondent efficacement aux probl\u00e8mes d'emballage en vrac, de la manutention et de l'exp\u00e9dition en vrac au stockage en entrep\u00f4t des liquides et des solides.","breadcrumb":{"@id":"https:\/\/mauserpackaging.com\/fr\/marches\/aliments-et-boissons\/#breadcrumb"},"inLanguage":"fr-FR","potentialAction":[{"@type":"ReadAction","target":["https:\/\/mauserpackaging.com\/fr\/marches\/aliments-et-boissons\/"]}]},{"@type":"BreadcrumbList","@id":"https:\/\/mauserpackaging.com\/fr\/marches\/aliments-et-boissons\/#breadcrumb","itemListElement":[{"@type":"ListItem","position":1,"name":"Home","item":"https:\/\/mauserpackaging.com\/fr\/page-daccueil\/"},{"@type":"ListItem","position":2,"name":"March\u00e9s","item":"https:\/\/mauserpackaging.com\/fr\/marches\/"},{"@type":"ListItem","position":3,"name":"Aliments et boissons"}]},{"@type":"WebSite","@id":"https:\/\/mauserpackaging.com\/fr\/#website","url":"https:\/\/mauserpackaging.com\/fr\/","name":"Mauser Packaging Solutions","description":"Your go-to packaging partner","publisher":{"@id":"https:\/\/mauserpackaging.com\/fr\/#organization"},"alternateName":"Mauser Packaging","potentialAction":[{"@type":"SearchAction","target":{"@type":"EntryPoint","urlTemplate":"https:\/\/mauserpackaging.com\/fr\/?s={search_term_string}"},"query-input":{"@type":"PropertyValueSpecification","valueRequired":true,"valueName":"search_term_string"}}],"inLanguage":"fr-FR"},{"@type":"Organization","@id":"https:\/\/mauserpackaging.com\/fr\/#organization","name":"Mauser Packaging Solutions","alternateName":"Mauser Packaging","url":"https:\/\/mauserpackaging.com\/fr\/","logo":{"@type":"ImageObject","inLanguage":"fr-FR","@id":"https:\/\/mauserpackaging.com\/fr\/#\/schema\/logo\/image\/","url":"https:\/\/mauserpackaging.com\/wp-content\/uploads\/2024\/11\/Mauser_h_RGB.png","contentUrl":"https:\/\/mauserpackaging.com\/wp-content\/uploads\/2024\/11\/Mauser_h_RGB.png","width":1951,"height":600,"caption":"Mauser Packaging Solutions"},"image":{"@id":"https:\/\/mauserpackaging.com\/fr\/#\/schema\/logo\/image\/"},"sameAs":["https:\/\/www.linkedin.com\/company\/mauser-packaging-solutions\/"]}]}},"_links":{"self":[{"href":"https:\/\/mauserpackaging.com\/fr\/wp-json\/wp\/v2\/pages\/20664","targetHints":{"allow":["GET"]}}],"collection":[{"href":"https:\/\/mauserpackaging.com\/fr\/wp-json\/wp\/v2\/pages"}],"about":[{"href":"https:\/\/mauserpackaging.com\/fr\/wp-json\/wp\/v2\/types\/page"}],"author":[{"embeddable":true,"href":"https:\/\/mauserpackaging.com\/fr\/wp-json\/wp\/v2\/users\/1"}],"replies":[{"embeddable":true,"href":"https:\/\/mauserpackaging.com\/fr\/wp-json\/wp\/v2\/comments?post=20664"}],"version-history":[{"count":0,"href":"https:\/\/mauserpackaging.com\/fr\/wp-json\/wp\/v2\/pages\/20664\/revisions"}],"up":[{"embeddable":true,"href":"https:\/\/mauserpackaging.com\/fr\/wp-json\/wp\/v2\/pages\/20659"}],"wp:attachment":[{"href":"https:\/\/mauserpackaging.com\/fr\/wp-json\/wp\/v2\/media?parent=20664"}],"curies":[{"name":"wp","href":"https:\/\/api.w.org\/{rel}","templated":true}]}}