{"id":20657,"date":"2025-02-11T16:45:35","date_gmt":"2025-02-11T16:45:35","guid":{"rendered":"https:\/\/mauserpackstg.wpenginepowered.com\/legal\/"},"modified":"2026-04-07T01:24:02","modified_gmt":"2026-04-07T01:24:02","slug":"legal","status":"publish","type":"page","link":"https:\/\/mauserpackaging.com\/fr\/legal\/","title":{"rendered":"Legal"},"content":{"rendered":"<div id=\"cs-content\" class=\"cs-content\"><\/div>\n","protected":false},"excerpt":{"rendered":"<p>HomeLegal Code de conduite VOIR LES DOCUMENTSAnti-Corruption Policy T\u00e9l\u00e9chargerCanadian Toxic substance reduction Act Plan 2017 T\u00e9l\u00e9chargerEnvironmental and Energy Policy T\u00e9l\u00e9chargerHuman Rights Position T\u00e9l\u00e9chargerLabor Unions T\u00e9l\u00e9chargerTerms and Conditions VOIR LES DOCUMENTSBill of Lading T\u00e9l\u00e9chargerConflict Minerals Statement T\u00e9l\u00e9chargerSupplier Code of Conduct T\u00e9l\u00e9chargerGlobal Health and Safety Policy T\u00e9l\u00e9chargerUK Plastic Packaging Tax T\u00e9l\u00e9chargerBrazil LGPD External Data Protection Policy (English) T\u00e9l\u00e9charger<\/p>\n","protected":false},"author":1,"featured_media":0,"parent":0,"menu_order":0,"comment_status":"closed","ping_status":"closed","template":"template-blank-4.php","meta":{"footnotes":""},"class_list":["post-20657","page","type-page","status-publish","hentry","no-post-thumbnail"],"yoast_head":"<!-- This site is optimized with the Yoast SEO Premium plugin v27.4 (Yoast SEO v27.4) - https:\/\/yoast.com\/product\/yoast-seo-premium-wordpress\/ -->\n<title>Legal - Mauser Packaging Solutions<\/title>\n<meta name=\"description\" content=\"A comprehensive collection of legal documents for convenient access by Mauser Packaging Solutions customers.\" \/>\n<meta name=\"robots\" content=\"index, follow, max-snippet:-1, max-image-preview:large, max-video-preview:-1\" \/>\n<link rel=\"canonical\" href=\"https:\/\/mauserpackaging.com\/fr\/legal\/\" \/>\n<meta property=\"og:locale\" content=\"fr_FR\" \/>\n<meta property=\"og:type\" content=\"article\" \/>\n<meta property=\"og:title\" content=\"Legal\" \/>\n<meta property=\"og:description\" content=\"A comprehensive collection of legal documents for convenient access by Mauser Packaging Solutions customers.\" \/>\n<meta property=\"og:url\" content=\"https:\/\/mauserpackaging.com\/fr\/legal\/\" \/>\n<meta property=\"og:site_name\" content=\"Mauser Packaging Solutions\" \/>\n<meta property=\"article:modified_time\" content=\"2026-04-07T01:24:02+00:00\" \/>\n<meta property=\"og:image\" content=\"https:\/\/mauserpackaging.com\/wp-content\/uploads\/2026\/03\/Mauser_Default_SiteImage.jpg\" \/>\n\t<meta property=\"og:image:width\" content=\"1200\" \/>\n\t<meta property=\"og:image:height\" content=\"675\" \/>\n\t<meta property=\"og:image:type\" content=\"image\/jpeg\" \/>\n<meta name=\"twitter:card\" content=\"summary_large_image\" \/>\n<meta name=\"twitter:label1\" content=\"Dur\u00e9e de lecture estim\u00e9e\" \/>\n\t<meta name=\"twitter:data1\" content=\"5 minutes\" \/>\n<script type=\"application\/ld+json\" class=\"yoast-schema-graph\">{\"@context\":\"https:\\\/\\\/schema.org\",\"@graph\":[{\"@type\":\"WebPage\",\"@id\":\"https:\\\/\\\/mauserpackaging.com\\\/fr\\\/legal\\\/\",\"url\":\"https:\\\/\\\/mauserpackaging.com\\\/fr\\\/legal\\\/\",\"name\":\"Legal - Mauser Packaging Solutions\",\"isPartOf\":{\"@id\":\"https:\\\/\\\/mauserpackaging.com\\\/fr\\\/#website\"},\"datePublished\":\"2025-02-11T16:45:35+00:00\",\"dateModified\":\"2026-04-07T01:24:02+00:00\",\"description\":\"A comprehensive collection of legal documents for convenient access by Mauser Packaging Solutions customers.\",\"breadcrumb\":{\"@id\":\"https:\\\/\\\/mauserpackaging.com\\\/fr\\\/legal\\\/#breadcrumb\"},\"inLanguage\":\"fr-FR\",\"potentialAction\":[{\"@type\":\"ReadAction\",\"target\":[\"https:\\\/\\\/mauserpackaging.com\\\/fr\\\/legal\\\/\"]}]},{\"@type\":\"BreadcrumbList\",\"@id\":\"https:\\\/\\\/mauserpackaging.com\\\/fr\\\/legal\\\/#breadcrumb\",\"itemListElement\":[{\"@type\":\"ListItem\",\"position\":1,\"name\":\"Home\",\"item\":\"https:\\\/\\\/mauserpackaging.com\\\/fr\\\/page-daccueil\\\/\"},{\"@type\":\"ListItem\",\"position\":2,\"name\":\"Legal\"}]},{\"@type\":\"WebSite\",\"@id\":\"https:\\\/\\\/mauserpackaging.com\\\/fr\\\/#website\",\"url\":\"https:\\\/\\\/mauserpackaging.com\\\/fr\\\/\",\"name\":\"Mauser Packaging Solutions\",\"description\":\"Your go-to packaging partner\",\"publisher\":{\"@id\":\"https:\\\/\\\/mauserpackaging.com\\\/fr\\\/#organization\"},\"alternateName\":\"Mauser Packaging\",\"potentialAction\":[{\"@type\":\"SearchAction\",\"target\":{\"@type\":\"EntryPoint\",\"urlTemplate\":\"https:\\\/\\\/mauserpackaging.com\\\/fr\\\/?s={search_term_string}\"},\"query-input\":{\"@type\":\"PropertyValueSpecification\",\"valueRequired\":true,\"valueName\":\"search_term_string\"}}],\"inLanguage\":\"fr-FR\"},{\"@type\":\"Organization\",\"@id\":\"https:\\\/\\\/mauserpackaging.com\\\/fr\\\/#organization\",\"name\":\"Mauser Packaging Solutions\",\"alternateName\":\"Mauser Packaging\",\"url\":\"https:\\\/\\\/mauserpackaging.com\\\/fr\\\/\",\"logo\":{\"@type\":\"ImageObject\",\"inLanguage\":\"fr-FR\",\"@id\":\"https:\\\/\\\/mauserpackaging.com\\\/fr\\\/#\\\/schema\\\/logo\\\/image\\\/\",\"url\":\"https:\\\/\\\/mauserpackaging.com\\\/wp-content\\\/uploads\\\/2024\\\/11\\\/Mauser_h_RGB.png\",\"contentUrl\":\"https:\\\/\\\/mauserpackaging.com\\\/wp-content\\\/uploads\\\/2024\\\/11\\\/Mauser_h_RGB.png\",\"width\":1951,\"height\":600,\"caption\":\"Mauser Packaging Solutions\"},\"image\":{\"@id\":\"https:\\\/\\\/mauserpackaging.com\\\/fr\\\/#\\\/schema\\\/logo\\\/image\\\/\"},\"sameAs\":[\"https:\\\/\\\/www.linkedin.com\\\/company\\\/mauser-packaging-solutions\\\/\"]}]}<\/script>\n<!-- \/ Yoast SEO Premium plugin. -->","yoast_head_json":{"title":"Legal - Mauser Packaging Solutions","description":"A comprehensive collection of legal documents for convenient access by Mauser Packaging Solutions customers.","robots":{"index":"index","follow":"follow","max-snippet":"max-snippet:-1","max-image-preview":"max-image-preview:large","max-video-preview":"max-video-preview:-1"},"canonical":"https:\/\/mauserpackaging.com\/fr\/legal\/","og_locale":"fr_FR","og_type":"article","og_title":"Legal","og_description":"A comprehensive collection of legal documents for convenient access by Mauser Packaging Solutions customers.","og_url":"https:\/\/mauserpackaging.com\/fr\/legal\/","og_site_name":"Mauser Packaging Solutions","article_modified_time":"2026-04-07T01:24:02+00:00","og_image":[{"width":1200,"height":675,"url":"https:\/\/mauserpackaging.com\/wp-content\/uploads\/2026\/03\/Mauser_Default_SiteImage.jpg","type":"image\/jpeg"}],"twitter_card":"summary_large_image","twitter_misc":{"Dur\u00e9e de lecture estim\u00e9e":"5 minutes"},"schema":{"@context":"https:\/\/schema.org","@graph":[{"@type":"WebPage","@id":"https:\/\/mauserpackaging.com\/fr\/legal\/","url":"https:\/\/mauserpackaging.com\/fr\/legal\/","name":"Legal - Mauser Packaging Solutions","isPartOf":{"@id":"https:\/\/mauserpackaging.com\/fr\/#website"},"datePublished":"2025-02-11T16:45:35+00:00","dateModified":"2026-04-07T01:24:02+00:00","description":"A comprehensive collection of legal documents for convenient access by Mauser Packaging Solutions customers.","breadcrumb":{"@id":"https:\/\/mauserpackaging.com\/fr\/legal\/#breadcrumb"},"inLanguage":"fr-FR","potentialAction":[{"@type":"ReadAction","target":["https:\/\/mauserpackaging.com\/fr\/legal\/"]}]},{"@type":"BreadcrumbList","@id":"https:\/\/mauserpackaging.com\/fr\/legal\/#breadcrumb","itemListElement":[{"@type":"ListItem","position":1,"name":"Home","item":"https:\/\/mauserpackaging.com\/fr\/page-daccueil\/"},{"@type":"ListItem","position":2,"name":"Legal"}]},{"@type":"WebSite","@id":"https:\/\/mauserpackaging.com\/fr\/#website","url":"https:\/\/mauserpackaging.com\/fr\/","name":"Mauser Packaging Solutions","description":"Your go-to packaging partner","publisher":{"@id":"https:\/\/mauserpackaging.com\/fr\/#organization"},"alternateName":"Mauser Packaging","potentialAction":[{"@type":"SearchAction","target":{"@type":"EntryPoint","urlTemplate":"https:\/\/mauserpackaging.com\/fr\/?s={search_term_string}"},"query-input":{"@type":"PropertyValueSpecification","valueRequired":true,"valueName":"search_term_string"}}],"inLanguage":"fr-FR"},{"@type":"Organization","@id":"https:\/\/mauserpackaging.com\/fr\/#organization","name":"Mauser Packaging Solutions","alternateName":"Mauser Packaging","url":"https:\/\/mauserpackaging.com\/fr\/","logo":{"@type":"ImageObject","inLanguage":"fr-FR","@id":"https:\/\/mauserpackaging.com\/fr\/#\/schema\/logo\/image\/","url":"https:\/\/mauserpackaging.com\/wp-content\/uploads\/2024\/11\/Mauser_h_RGB.png","contentUrl":"https:\/\/mauserpackaging.com\/wp-content\/uploads\/2024\/11\/Mauser_h_RGB.png","width":1951,"height":600,"caption":"Mauser Packaging Solutions"},"image":{"@id":"https:\/\/mauserpackaging.com\/fr\/#\/schema\/logo\/image\/"},"sameAs":["https:\/\/www.linkedin.com\/company\/mauser-packaging-solutions\/"]}]}},"_links":{"self":[{"href":"https:\/\/mauserpackaging.com\/fr\/wp-json\/wp\/v2\/pages\/20657","targetHints":{"allow":["GET"]}}],"collection":[{"href":"https:\/\/mauserpackaging.com\/fr\/wp-json\/wp\/v2\/pages"}],"about":[{"href":"https:\/\/mauserpackaging.com\/fr\/wp-json\/wp\/v2\/types\/page"}],"author":[{"embeddable":true,"href":"https:\/\/mauserpackaging.com\/fr\/wp-json\/wp\/v2\/users\/1"}],"replies":[{"embeddable":true,"href":"https:\/\/mauserpackaging.com\/fr\/wp-json\/wp\/v2\/comments?post=20657"}],"version-history":[{"count":0,"href":"https:\/\/mauserpackaging.com\/fr\/wp-json\/wp\/v2\/pages\/20657\/revisions"}],"wp:attachment":[{"href":"https:\/\/mauserpackaging.com\/fr\/wp-json\/wp\/v2\/media?parent=20657"}],"curies":[{"name":"wp","href":"https:\/\/api.w.org\/{rel}","templated":true}]}}