{"id":20656,"date":"2025-01-13T15:46:09","date_gmt":"2025-01-13T15:46:09","guid":{"rendered":"https:\/\/mauserpackstg.wpenginepowered.com\/leader-en-matiere-de-durabilite\/soutenir-leconomie-circulaire\/"},"modified":"2025-10-15T17:57:17","modified_gmt":"2025-10-15T17:57:17","slug":"soutenir-leconomie-circulaire","status":"publish","type":"page","link":"https:\/\/mauserpackaging.com\/fr\/leader-en-matiere-de-durabilite\/soutenir-leconomie-circulaire\/","title":{"rendered":"Soutenir l\u2019\u00e9conomie circulaire"},"content":{"rendered":"<div id=\"cs-content\" class=\"cs-content\"><\/div>\n","protected":false},"excerpt":{"rendered":"<p>Soutenir l\u2019\u00e9conomie circulaireHome Du lin\u00e9aire au circulaireNous sommes fiers que nos capacit\u00e9s de gestion int\u00e9gr\u00e9e du cycle de vie aient un impact positif sur la durabilit\u00e9 &#8211; non seulement pour nous, mais aussi pour nos partenaires. Gr\u00e2ce \u00e0 nos services de fabrication, de reconditionnement, de r\u00e9utilisation et de recyclage, nous d\u00e9tournons les d\u00e9chets d\u2019emballage des d\u00e9charges et r\u00e9duisons leur impact\u2026<\/p>\n","protected":false},"author":1,"featured_media":0,"parent":20653,"menu_order":0,"comment_status":"closed","ping_status":"closed","template":"template-blank-4.php","meta":{"footnotes":""},"class_list":["post-20656","page","type-page","status-publish","hentry","no-post-thumbnail"],"yoast_head":"<!-- This site is optimized with the Yoast SEO Premium plugin v27.3 (Yoast SEO v27.3) - https:\/\/yoast.com\/product\/yoast-seo-premium-wordpress\/ -->\n<title>Soutenir l\u2019\u00e9conomie circulaire - Mauser Packaging Solutions<\/title>\n<meta name=\"description\" content=\"Vous cherchez des solutions pour atteindre les objectifs de votre entreprise en mati\u00e8re de durabilit\u00e9 ? Notre \u00e9quipe peut collaborer avec vous pour trouver les produits et les services qui vous permettront d\u2019atteindre vos objectifs.\" \/>\n<meta name=\"robots\" content=\"index, follow, max-snippet:-1, max-image-preview:large, max-video-preview:-1\" \/>\n<link rel=\"canonical\" href=\"https:\/\/mauserpackaging.com\/fr\/leader-en-matiere-de-durabilite\/soutenir-leconomie-circulaire\/\" \/>\n<meta property=\"og:locale\" content=\"fr_FR\" \/>\n<meta property=\"og:type\" content=\"article\" \/>\n<meta property=\"og:title\" content=\"Soutenir l\u2019\u00e9conomie circulaire\" \/>\n<meta property=\"og:description\" content=\"Vous cherchez des solutions pour atteindre les objectifs de votre entreprise en mati\u00e8re de durabilit\u00e9 ? Notre \u00e9quipe peut collaborer avec vous pour trouver les produits et les services qui vous permettront d\u2019atteindre vos objectifs.\" \/>\n<meta property=\"og:url\" content=\"https:\/\/mauserpackaging.com\/fr\/leader-en-matiere-de-durabilite\/soutenir-leconomie-circulaire\/\" \/>\n<meta property=\"og:site_name\" content=\"Mauser Packaging Solutions\" \/>\n<meta property=\"article:modified_time\" content=\"2025-10-15T17:57:17+00:00\" \/>\n<meta property=\"og:image\" content=\"https:\/\/mauserpackaging.com\/wp-content\/uploads\/2026\/03\/Mauser_Default_SiteImage.jpg\" \/>\n\t<meta property=\"og:image:width\" content=\"1200\" \/>\n\t<meta property=\"og:image:height\" content=\"675\" \/>\n\t<meta property=\"og:image:type\" content=\"image\/jpeg\" \/>\n<meta name=\"twitter:card\" content=\"summary_large_image\" \/>\n<meta name=\"twitter:label1\" content=\"Dur\u00e9e de lecture estim\u00e9e\" \/>\n\t<meta name=\"twitter:data1\" content=\"4 minutes\" \/>\n<script type=\"application\/ld+json\" class=\"yoast-schema-graph\">{\"@context\":\"https:\\\/\\\/schema.org\",\"@graph\":[{\"@type\":\"WebPage\",\"@id\":\"https:\\\/\\\/mauserpackaging.com\\\/fr\\\/leader-en-matiere-de-durabilite\\\/soutenir-leconomie-circulaire\\\/\",\"url\":\"https:\\\/\\\/mauserpackaging.com\\\/fr\\\/leader-en-matiere-de-durabilite\\\/soutenir-leconomie-circulaire\\\/\",\"name\":\"Soutenir l\u2019\u00e9conomie circulaire - Mauser Packaging Solutions\",\"isPartOf\":{\"@id\":\"https:\\\/\\\/mauserpackaging.com\\\/fr\\\/#website\"},\"datePublished\":\"2025-01-13T15:46:09+00:00\",\"dateModified\":\"2025-10-15T17:57:17+00:00\",\"description\":\"Vous cherchez des solutions pour atteindre les objectifs de votre entreprise en mati\u00e8re de durabilit\u00e9 ? Notre \u00e9quipe peut collaborer avec vous pour trouver les produits et les services qui vous permettront d\u2019atteindre vos objectifs.\",\"breadcrumb\":{\"@id\":\"https:\\\/\\\/mauserpackaging.com\\\/fr\\\/leader-en-matiere-de-durabilite\\\/soutenir-leconomie-circulaire\\\/#breadcrumb\"},\"inLanguage\":\"fr-FR\",\"potentialAction\":[{\"@type\":\"ReadAction\",\"target\":[\"https:\\\/\\\/mauserpackaging.com\\\/fr\\\/leader-en-matiere-de-durabilite\\\/soutenir-leconomie-circulaire\\\/\"]}]},{\"@type\":\"BreadcrumbList\",\"@id\":\"https:\\\/\\\/mauserpackaging.com\\\/fr\\\/leader-en-matiere-de-durabilite\\\/soutenir-leconomie-circulaire\\\/#breadcrumb\",\"itemListElement\":[{\"@type\":\"ListItem\",\"position\":1,\"name\":\"Home\",\"item\":\"https:\\\/\\\/mauserpackaging.com\\\/fr\\\/page-daccueil\\\/\"},{\"@type\":\"ListItem\",\"position\":2,\"name\":\"Leader en mati\u00e8re de durabilit\u00e9\",\"item\":\"https:\\\/\\\/mauserpackaging.com\\\/fr\\\/leader-en-matiere-de-durabilite\\\/\"},{\"@type\":\"ListItem\",\"position\":3,\"name\":\"Soutenir l\u2019\u00e9conomie circulaire\"}]},{\"@type\":\"WebSite\",\"@id\":\"https:\\\/\\\/mauserpackaging.com\\\/fr\\\/#website\",\"url\":\"https:\\\/\\\/mauserpackaging.com\\\/fr\\\/\",\"name\":\"Mauser Packaging Solutions\",\"description\":\"Your go-to packaging partner\",\"publisher\":{\"@id\":\"https:\\\/\\\/mauserpackaging.com\\\/fr\\\/#organization\"},\"alternateName\":\"Mauser Packaging\",\"potentialAction\":[{\"@type\":\"SearchAction\",\"target\":{\"@type\":\"EntryPoint\",\"urlTemplate\":\"https:\\\/\\\/mauserpackaging.com\\\/fr\\\/?s={search_term_string}\"},\"query-input\":{\"@type\":\"PropertyValueSpecification\",\"valueRequired\":true,\"valueName\":\"search_term_string\"}}],\"inLanguage\":\"fr-FR\"},{\"@type\":\"Organization\",\"@id\":\"https:\\\/\\\/mauserpackaging.com\\\/fr\\\/#organization\",\"name\":\"Mauser Packaging Solutions\",\"alternateName\":\"Mauser Packaging\",\"url\":\"https:\\\/\\\/mauserpackaging.com\\\/fr\\\/\",\"logo\":{\"@type\":\"ImageObject\",\"inLanguage\":\"fr-FR\",\"@id\":\"https:\\\/\\\/mauserpackaging.com\\\/fr\\\/#\\\/schema\\\/logo\\\/image\\\/\",\"url\":\"https:\\\/\\\/mauserpackaging.com\\\/wp-content\\\/uploads\\\/2024\\\/11\\\/Mauser_h_RGB.png\",\"contentUrl\":\"https:\\\/\\\/mauserpackaging.com\\\/wp-content\\\/uploads\\\/2024\\\/11\\\/Mauser_h_RGB.png\",\"width\":1951,\"height\":600,\"caption\":\"Mauser Packaging Solutions\"},\"image\":{\"@id\":\"https:\\\/\\\/mauserpackaging.com\\\/fr\\\/#\\\/schema\\\/logo\\\/image\\\/\"},\"sameAs\":[\"https:\\\/\\\/www.linkedin.com\\\/company\\\/mauser-packaging-solutions\\\/\"]}]}<\/script>\n<!-- \/ Yoast SEO Premium plugin. -->","yoast_head_json":{"title":"Soutenir l\u2019\u00e9conomie circulaire - Mauser Packaging Solutions","description":"Vous cherchez des solutions pour atteindre les objectifs de votre entreprise en mati\u00e8re de durabilit\u00e9 ? Notre \u00e9quipe peut collaborer avec vous pour trouver les produits et les services qui vous permettront d\u2019atteindre vos objectifs.","robots":{"index":"index","follow":"follow","max-snippet":"max-snippet:-1","max-image-preview":"max-image-preview:large","max-video-preview":"max-video-preview:-1"},"canonical":"https:\/\/mauserpackaging.com\/fr\/leader-en-matiere-de-durabilite\/soutenir-leconomie-circulaire\/","og_locale":"fr_FR","og_type":"article","og_title":"Soutenir l\u2019\u00e9conomie circulaire","og_description":"Vous cherchez des solutions pour atteindre les objectifs de votre entreprise en mati\u00e8re de durabilit\u00e9 ? Notre \u00e9quipe peut collaborer avec vous pour trouver les produits et les services qui vous permettront d\u2019atteindre vos objectifs.","og_url":"https:\/\/mauserpackaging.com\/fr\/leader-en-matiere-de-durabilite\/soutenir-leconomie-circulaire\/","og_site_name":"Mauser Packaging Solutions","article_modified_time":"2025-10-15T17:57:17+00:00","og_image":[{"width":1200,"height":675,"url":"https:\/\/mauserpackaging.com\/wp-content\/uploads\/2026\/03\/Mauser_Default_SiteImage.jpg","type":"image\/jpeg"}],"twitter_card":"summary_large_image","twitter_misc":{"Dur\u00e9e de lecture estim\u00e9e":"4 minutes"},"schema":{"@context":"https:\/\/schema.org","@graph":[{"@type":"WebPage","@id":"https:\/\/mauserpackaging.com\/fr\/leader-en-matiere-de-durabilite\/soutenir-leconomie-circulaire\/","url":"https:\/\/mauserpackaging.com\/fr\/leader-en-matiere-de-durabilite\/soutenir-leconomie-circulaire\/","name":"Soutenir l\u2019\u00e9conomie circulaire - Mauser Packaging Solutions","isPartOf":{"@id":"https:\/\/mauserpackaging.com\/fr\/#website"},"datePublished":"2025-01-13T15:46:09+00:00","dateModified":"2025-10-15T17:57:17+00:00","description":"Vous cherchez des solutions pour atteindre les objectifs de votre entreprise en mati\u00e8re de durabilit\u00e9 ? Notre \u00e9quipe peut collaborer avec vous pour trouver les produits et les services qui vous permettront d\u2019atteindre vos objectifs.","breadcrumb":{"@id":"https:\/\/mauserpackaging.com\/fr\/leader-en-matiere-de-durabilite\/soutenir-leconomie-circulaire\/#breadcrumb"},"inLanguage":"fr-FR","potentialAction":[{"@type":"ReadAction","target":["https:\/\/mauserpackaging.com\/fr\/leader-en-matiere-de-durabilite\/soutenir-leconomie-circulaire\/"]}]},{"@type":"BreadcrumbList","@id":"https:\/\/mauserpackaging.com\/fr\/leader-en-matiere-de-durabilite\/soutenir-leconomie-circulaire\/#breadcrumb","itemListElement":[{"@type":"ListItem","position":1,"name":"Home","item":"https:\/\/mauserpackaging.com\/fr\/page-daccueil\/"},{"@type":"ListItem","position":2,"name":"Leader en mati\u00e8re de durabilit\u00e9","item":"https:\/\/mauserpackaging.com\/fr\/leader-en-matiere-de-durabilite\/"},{"@type":"ListItem","position":3,"name":"Soutenir l\u2019\u00e9conomie circulaire"}]},{"@type":"WebSite","@id":"https:\/\/mauserpackaging.com\/fr\/#website","url":"https:\/\/mauserpackaging.com\/fr\/","name":"Mauser Packaging Solutions","description":"Your go-to packaging partner","publisher":{"@id":"https:\/\/mauserpackaging.com\/fr\/#organization"},"alternateName":"Mauser Packaging","potentialAction":[{"@type":"SearchAction","target":{"@type":"EntryPoint","urlTemplate":"https:\/\/mauserpackaging.com\/fr\/?s={search_term_string}"},"query-input":{"@type":"PropertyValueSpecification","valueRequired":true,"valueName":"search_term_string"}}],"inLanguage":"fr-FR"},{"@type":"Organization","@id":"https:\/\/mauserpackaging.com\/fr\/#organization","name":"Mauser Packaging Solutions","alternateName":"Mauser Packaging","url":"https:\/\/mauserpackaging.com\/fr\/","logo":{"@type":"ImageObject","inLanguage":"fr-FR","@id":"https:\/\/mauserpackaging.com\/fr\/#\/schema\/logo\/image\/","url":"https:\/\/mauserpackaging.com\/wp-content\/uploads\/2024\/11\/Mauser_h_RGB.png","contentUrl":"https:\/\/mauserpackaging.com\/wp-content\/uploads\/2024\/11\/Mauser_h_RGB.png","width":1951,"height":600,"caption":"Mauser Packaging Solutions"},"image":{"@id":"https:\/\/mauserpackaging.com\/fr\/#\/schema\/logo\/image\/"},"sameAs":["https:\/\/www.linkedin.com\/company\/mauser-packaging-solutions\/"]}]}},"_links":{"self":[{"href":"https:\/\/mauserpackaging.com\/fr\/wp-json\/wp\/v2\/pages\/20656","targetHints":{"allow":["GET"]}}],"collection":[{"href":"https:\/\/mauserpackaging.com\/fr\/wp-json\/wp\/v2\/pages"}],"about":[{"href":"https:\/\/mauserpackaging.com\/fr\/wp-json\/wp\/v2\/types\/page"}],"author":[{"embeddable":true,"href":"https:\/\/mauserpackaging.com\/fr\/wp-json\/wp\/v2\/users\/1"}],"replies":[{"embeddable":true,"href":"https:\/\/mauserpackaging.com\/fr\/wp-json\/wp\/v2\/comments?post=20656"}],"version-history":[{"count":0,"href":"https:\/\/mauserpackaging.com\/fr\/wp-json\/wp\/v2\/pages\/20656\/revisions"}],"up":[{"embeddable":true,"href":"https:\/\/mauserpackaging.com\/fr\/wp-json\/wp\/v2\/pages\/20653"}],"wp:attachment":[{"href":"https:\/\/mauserpackaging.com\/fr\/wp-json\/wp\/v2\/media?parent=20656"}],"curies":[{"name":"wp","href":"https:\/\/api.w.org\/{rel}","templated":true}]}}