{"id":20654,"date":"2025-01-13T15:29:14","date_gmt":"2025-01-13T15:29:14","guid":{"rendered":"https:\/\/mauserpackstg.wpenginepowered.com\/leader-en-matiere-de-durabilite\/renforcer-lautonomie-des-personnes\/"},"modified":"2025-10-15T17:56:24","modified_gmt":"2025-10-15T17:56:24","slug":"renforcer-lautonomie-des-personnes","status":"publish","type":"page","link":"https:\/\/mauserpackaging.com\/fr\/leader-en-matiere-de-durabilite\/renforcer-lautonomie-des-personnes\/","title":{"rendered":"Renforcer l\u2019autonomie des personnes"},"content":{"rendered":"<div id=\"cs-content\" class=\"cs-content\"><\/div>\n","protected":false},"excerpt":{"rendered":"<p>Renforcer l\u2019autonomie des personnesHome Notre plus grand atoutNos employ\u00e9s sont la cl\u00e9 de notre succ\u00e8s. Nous accordons la priorit\u00e9 \u00e0 leur s\u00e9curit\u00e9 et \u00e0 leur bien-\u00eatre, ainsi qu\u2019\u00e0 leur satisfaction au travail, par le biais de programmes de formation et de d\u00e9veloppement et en favorisant un environnement de travail collaboratif &#8211; en agissant avec int\u00e9grit\u00e9 et respect dans l\u2019ensemble de\u2026<\/p>\n","protected":false},"author":1,"featured_media":0,"parent":20653,"menu_order":0,"comment_status":"closed","ping_status":"closed","template":"template-blank-4.php","meta":{"footnotes":""},"class_list":["post-20654","page","type-page","status-publish","hentry","no-post-thumbnail"],"yoast_head":"<!-- This site is optimized with the Yoast SEO Premium plugin v27.5 (Yoast SEO v27.5) - https:\/\/yoast.com\/product\/yoast-seo-premium-wordpress\/ -->\n<title>Renforcer l\u2019autonomie des personnes - Mauser Packaging Solutions<\/title>\n<meta name=\"description\" content=\"Nos employ\u00e9s sont notre plus grand atout et la cl\u00e9 de notre r\u00e9ussite. Leur s\u00e9curit\u00e9 et leur bien-\u00eatre, ainsi que leur satisfaction au travail, sont notre priorit\u00e9.\" \/>\n<meta name=\"robots\" content=\"index, follow, max-snippet:-1, max-image-preview:large, max-video-preview:-1\" \/>\n<link rel=\"canonical\" href=\"https:\/\/mauserpackaging.com\/fr\/leader-en-matiere-de-durabilite\/renforcer-lautonomie-des-personnes\/\" \/>\n<meta property=\"og:locale\" content=\"fr_FR\" \/>\n<meta property=\"og:type\" content=\"article\" \/>\n<meta property=\"og:title\" content=\"Renforcer l\u2019autonomie des personnes\" \/>\n<meta property=\"og:description\" content=\"Nos employ\u00e9s sont notre plus grand atout et la cl\u00e9 de notre r\u00e9ussite. Leur s\u00e9curit\u00e9 et leur bien-\u00eatre, ainsi que leur satisfaction au travail, sont notre priorit\u00e9.\" \/>\n<meta property=\"og:url\" content=\"https:\/\/mauserpackaging.com\/fr\/leader-en-matiere-de-durabilite\/renforcer-lautonomie-des-personnes\/\" \/>\n<meta property=\"og:site_name\" content=\"Mauser Packaging Solutions\" \/>\n<meta property=\"article:modified_time\" content=\"2025-10-15T17:56:24+00:00\" \/>\n<meta property=\"og:image\" content=\"https:\/\/mauserpackaging.com\/wp-content\/uploads\/2026\/03\/Mauser_Default_SiteImage.jpg\" \/>\n\t<meta property=\"og:image:width\" content=\"1200\" \/>\n\t<meta property=\"og:image:height\" content=\"675\" \/>\n\t<meta property=\"og:image:type\" content=\"image\/jpeg\" \/>\n<meta name=\"twitter:card\" content=\"summary_large_image\" \/>\n<meta name=\"twitter:label1\" content=\"Dur\u00e9e de lecture estim\u00e9e\" \/>\n\t<meta name=\"twitter:data1\" content=\"6 minutes\" \/>\n<script type=\"application\/ld+json\" class=\"yoast-schema-graph\">{\"@context\":\"https:\\\/\\\/schema.org\",\"@graph\":[{\"@type\":\"WebPage\",\"@id\":\"https:\\\/\\\/mauserpackaging.com\\\/fr\\\/leader-en-matiere-de-durabilite\\\/renforcer-lautonomie-des-personnes\\\/\",\"url\":\"https:\\\/\\\/mauserpackaging.com\\\/fr\\\/leader-en-matiere-de-durabilite\\\/renforcer-lautonomie-des-personnes\\\/\",\"name\":\"Renforcer l\u2019autonomie des personnes - Mauser Packaging Solutions\",\"isPartOf\":{\"@id\":\"https:\\\/\\\/mauserpackaging.com\\\/fr\\\/#website\"},\"datePublished\":\"2025-01-13T15:29:14+00:00\",\"dateModified\":\"2025-10-15T17:56:24+00:00\",\"description\":\"Nos employ\u00e9s sont notre plus grand atout et la cl\u00e9 de notre r\u00e9ussite. Leur s\u00e9curit\u00e9 et leur bien-\u00eatre, ainsi que leur satisfaction au travail, sont notre priorit\u00e9.\",\"breadcrumb\":{\"@id\":\"https:\\\/\\\/mauserpackaging.com\\\/fr\\\/leader-en-matiere-de-durabilite\\\/renforcer-lautonomie-des-personnes\\\/#breadcrumb\"},\"inLanguage\":\"fr-FR\",\"potentialAction\":[{\"@type\":\"ReadAction\",\"target\":[\"https:\\\/\\\/mauserpackaging.com\\\/fr\\\/leader-en-matiere-de-durabilite\\\/renforcer-lautonomie-des-personnes\\\/\"]}]},{\"@type\":\"BreadcrumbList\",\"@id\":\"https:\\\/\\\/mauserpackaging.com\\\/fr\\\/leader-en-matiere-de-durabilite\\\/renforcer-lautonomie-des-personnes\\\/#breadcrumb\",\"itemListElement\":[{\"@type\":\"ListItem\",\"position\":1,\"name\":\"Home\",\"item\":\"https:\\\/\\\/mauserpackaging.com\\\/fr\\\/page-daccueil\\\/\"},{\"@type\":\"ListItem\",\"position\":2,\"name\":\"Leader en mati\u00e8re de durabilit\u00e9\",\"item\":\"https:\\\/\\\/mauserpackaging.com\\\/fr\\\/leader-en-matiere-de-durabilite\\\/\"},{\"@type\":\"ListItem\",\"position\":3,\"name\":\"Renforcer l\u2019autonomie des personnes\"}]},{\"@type\":\"WebSite\",\"@id\":\"https:\\\/\\\/mauserpackaging.com\\\/fr\\\/#website\",\"url\":\"https:\\\/\\\/mauserpackaging.com\\\/fr\\\/\",\"name\":\"Mauser Packaging Solutions\",\"description\":\"Your go-to packaging partner\",\"publisher\":{\"@id\":\"https:\\\/\\\/mauserpackaging.com\\\/fr\\\/#organization\"},\"alternateName\":\"Mauser Packaging\",\"potentialAction\":[{\"@type\":\"SearchAction\",\"target\":{\"@type\":\"EntryPoint\",\"urlTemplate\":\"https:\\\/\\\/mauserpackaging.com\\\/fr\\\/?s={search_term_string}\"},\"query-input\":{\"@type\":\"PropertyValueSpecification\",\"valueRequired\":true,\"valueName\":\"search_term_string\"}}],\"inLanguage\":\"fr-FR\"},{\"@type\":\"Organization\",\"@id\":\"https:\\\/\\\/mauserpackaging.com\\\/fr\\\/#organization\",\"name\":\"Mauser Packaging Solutions\",\"alternateName\":\"Mauser Packaging\",\"url\":\"https:\\\/\\\/mauserpackaging.com\\\/fr\\\/\",\"logo\":{\"@type\":\"ImageObject\",\"inLanguage\":\"fr-FR\",\"@id\":\"https:\\\/\\\/mauserpackaging.com\\\/fr\\\/#\\\/schema\\\/logo\\\/image\\\/\",\"url\":\"https:\\\/\\\/mauserpackaging.com\\\/wp-content\\\/uploads\\\/2024\\\/11\\\/Mauser_h_RGB.png\",\"contentUrl\":\"https:\\\/\\\/mauserpackaging.com\\\/wp-content\\\/uploads\\\/2024\\\/11\\\/Mauser_h_RGB.png\",\"width\":1951,\"height\":600,\"caption\":\"Mauser Packaging Solutions\"},\"image\":{\"@id\":\"https:\\\/\\\/mauserpackaging.com\\\/fr\\\/#\\\/schema\\\/logo\\\/image\\\/\"},\"sameAs\":[\"https:\\\/\\\/www.linkedin.com\\\/company\\\/mauser-packaging-solutions\\\/\"]}]}<\/script>\n<!-- \/ Yoast SEO Premium plugin. -->","yoast_head_json":{"title":"Renforcer l\u2019autonomie des personnes - Mauser Packaging Solutions","description":"Nos employ\u00e9s sont notre plus grand atout et la cl\u00e9 de notre r\u00e9ussite. Leur s\u00e9curit\u00e9 et leur bien-\u00eatre, ainsi que leur satisfaction au travail, sont notre priorit\u00e9.","robots":{"index":"index","follow":"follow","max-snippet":"max-snippet:-1","max-image-preview":"max-image-preview:large","max-video-preview":"max-video-preview:-1"},"canonical":"https:\/\/mauserpackaging.com\/fr\/leader-en-matiere-de-durabilite\/renforcer-lautonomie-des-personnes\/","og_locale":"fr_FR","og_type":"article","og_title":"Renforcer l\u2019autonomie des personnes","og_description":"Nos employ\u00e9s sont notre plus grand atout et la cl\u00e9 de notre r\u00e9ussite. Leur s\u00e9curit\u00e9 et leur bien-\u00eatre, ainsi que leur satisfaction au travail, sont notre priorit\u00e9.","og_url":"https:\/\/mauserpackaging.com\/fr\/leader-en-matiere-de-durabilite\/renforcer-lautonomie-des-personnes\/","og_site_name":"Mauser Packaging Solutions","article_modified_time":"2025-10-15T17:56:24+00:00","og_image":[{"width":1200,"height":675,"url":"https:\/\/mauserpackaging.com\/wp-content\/uploads\/2026\/03\/Mauser_Default_SiteImage.jpg","type":"image\/jpeg"}],"twitter_card":"summary_large_image","twitter_misc":{"Dur\u00e9e de lecture estim\u00e9e":"6 minutes"},"schema":{"@context":"https:\/\/schema.org","@graph":[{"@type":"WebPage","@id":"https:\/\/mauserpackaging.com\/fr\/leader-en-matiere-de-durabilite\/renforcer-lautonomie-des-personnes\/","url":"https:\/\/mauserpackaging.com\/fr\/leader-en-matiere-de-durabilite\/renforcer-lautonomie-des-personnes\/","name":"Renforcer l\u2019autonomie des personnes - Mauser Packaging Solutions","isPartOf":{"@id":"https:\/\/mauserpackaging.com\/fr\/#website"},"datePublished":"2025-01-13T15:29:14+00:00","dateModified":"2025-10-15T17:56:24+00:00","description":"Nos employ\u00e9s sont notre plus grand atout et la cl\u00e9 de notre r\u00e9ussite. Leur s\u00e9curit\u00e9 et leur bien-\u00eatre, ainsi que leur satisfaction au travail, sont notre priorit\u00e9.","breadcrumb":{"@id":"https:\/\/mauserpackaging.com\/fr\/leader-en-matiere-de-durabilite\/renforcer-lautonomie-des-personnes\/#breadcrumb"},"inLanguage":"fr-FR","potentialAction":[{"@type":"ReadAction","target":["https:\/\/mauserpackaging.com\/fr\/leader-en-matiere-de-durabilite\/renforcer-lautonomie-des-personnes\/"]}]},{"@type":"BreadcrumbList","@id":"https:\/\/mauserpackaging.com\/fr\/leader-en-matiere-de-durabilite\/renforcer-lautonomie-des-personnes\/#breadcrumb","itemListElement":[{"@type":"ListItem","position":1,"name":"Home","item":"https:\/\/mauserpackaging.com\/fr\/page-daccueil\/"},{"@type":"ListItem","position":2,"name":"Leader en mati\u00e8re de durabilit\u00e9","item":"https:\/\/mauserpackaging.com\/fr\/leader-en-matiere-de-durabilite\/"},{"@type":"ListItem","position":3,"name":"Renforcer l\u2019autonomie des personnes"}]},{"@type":"WebSite","@id":"https:\/\/mauserpackaging.com\/fr\/#website","url":"https:\/\/mauserpackaging.com\/fr\/","name":"Mauser Packaging Solutions","description":"Your go-to packaging partner","publisher":{"@id":"https:\/\/mauserpackaging.com\/fr\/#organization"},"alternateName":"Mauser Packaging","potentialAction":[{"@type":"SearchAction","target":{"@type":"EntryPoint","urlTemplate":"https:\/\/mauserpackaging.com\/fr\/?s={search_term_string}"},"query-input":{"@type":"PropertyValueSpecification","valueRequired":true,"valueName":"search_term_string"}}],"inLanguage":"fr-FR"},{"@type":"Organization","@id":"https:\/\/mauserpackaging.com\/fr\/#organization","name":"Mauser Packaging Solutions","alternateName":"Mauser Packaging","url":"https:\/\/mauserpackaging.com\/fr\/","logo":{"@type":"ImageObject","inLanguage":"fr-FR","@id":"https:\/\/mauserpackaging.com\/fr\/#\/schema\/logo\/image\/","url":"https:\/\/mauserpackaging.com\/wp-content\/uploads\/2024\/11\/Mauser_h_RGB.png","contentUrl":"https:\/\/mauserpackaging.com\/wp-content\/uploads\/2024\/11\/Mauser_h_RGB.png","width":1951,"height":600,"caption":"Mauser Packaging Solutions"},"image":{"@id":"https:\/\/mauserpackaging.com\/fr\/#\/schema\/logo\/image\/"},"sameAs":["https:\/\/www.linkedin.com\/company\/mauser-packaging-solutions\/"]}]}},"_links":{"self":[{"href":"https:\/\/mauserpackaging.com\/fr\/wp-json\/wp\/v2\/pages\/20654","targetHints":{"allow":["GET"]}}],"collection":[{"href":"https:\/\/mauserpackaging.com\/fr\/wp-json\/wp\/v2\/pages"}],"about":[{"href":"https:\/\/mauserpackaging.com\/fr\/wp-json\/wp\/v2\/types\/page"}],"author":[{"embeddable":true,"href":"https:\/\/mauserpackaging.com\/fr\/wp-json\/wp\/v2\/users\/1"}],"replies":[{"embeddable":true,"href":"https:\/\/mauserpackaging.com\/fr\/wp-json\/wp\/v2\/comments?post=20654"}],"version-history":[{"count":0,"href":"https:\/\/mauserpackaging.com\/fr\/wp-json\/wp\/v2\/pages\/20654\/revisions"}],"up":[{"embeddable":true,"href":"https:\/\/mauserpackaging.com\/fr\/wp-json\/wp\/v2\/pages\/20653"}],"wp:attachment":[{"href":"https:\/\/mauserpackaging.com\/fr\/wp-json\/wp\/v2\/media?parent=20654"}],"curies":[{"name":"wp","href":"https:\/\/api.w.org\/{rel}","templated":true}]}}