{"id":20645,"date":"2025-02-10T18:03:36","date_gmt":"2025-02-10T18:03:36","guid":{"rendered":"https:\/\/mauserpackstg.wpenginepowered.com\/carrieres\/possibilites-de-carriere-en-europe-en-amerique-du-sud-et-en-asie\/stages\/"},"modified":"2025-10-15T17:47:54","modified_gmt":"2025-10-15T17:47:54","slug":"stages","status":"publish","type":"page","link":"https:\/\/mauserpackaging.com\/fr\/carrieres\/possibilites-de-carriere-en-europe-en-amerique-du-sud-et-en-asie\/stages\/","title":{"rendered":"Stages"},"content":{"rendered":"<div id=\"cs-content\" class=\"cs-content\"><\/div>\n","protected":false},"excerpt":{"rendered":"<p>StagesHome Rejoindre Mauser Packaging Solutions, c\u2019est faire avancer votre carri\u00e8re.Chez Mauser Packaging Solutions, nous relions la th\u00e9orie et la pratique. Les connaissances acquises \u00e0 l\u2019\u00e9cole et \u00e0 l\u2019universit\u00e9 constituent une base solide pour atteindre de grands objectifs professionnels. Chez Mauser Packaging Solutions, des professionnels attentifs et responsables seront \u00e0 vos c\u00f4t\u00e9s pour enrichir vos connaissances th\u00e9oriques par la pratique n\u00e9cessaire\u2026<\/p>\n","protected":false},"author":1,"featured_media":0,"parent":20643,"menu_order":0,"comment_status":"closed","ping_status":"closed","template":"template-blank-4.php","meta":{"footnotes":""},"class_list":["post-20645","page","type-page","status-publish","hentry","no-post-thumbnail"],"yoast_head":"<!-- This site is optimized with the Yoast SEO Premium plugin v27.3 (Yoast SEO v27.3) - https:\/\/yoast.com\/product\/yoast-seo-premium-wordpress\/ -->\n<title>Stages - Mauser Packaging Solutions<\/title>\n<meta name=\"description\" content=\"Chez Mauser, nous allions th\u00e9orie et pratique. Les connaissances acquises \u00e0 l&#039;\u00e9cole et \u00e0 l&#039;universit\u00e9 constituent une base solide pour atteindre des sommets professionnels.\" \/>\n<meta name=\"robots\" content=\"index, follow, max-snippet:-1, max-image-preview:large, max-video-preview:-1\" \/>\n<link rel=\"canonical\" href=\"https:\/\/mauserpackaging.com\/fr\/carrieres\/possibilites-de-carriere-en-europe-en-amerique-du-sud-et-en-asie\/stages\/\" \/>\n<meta property=\"og:locale\" content=\"fr_FR\" \/>\n<meta property=\"og:type\" content=\"article\" \/>\n<meta property=\"og:title\" content=\"Stages\" \/>\n<meta property=\"og:description\" content=\"Chez Mauser, nous allions th\u00e9orie et pratique. Les connaissances acquises \u00e0 l&#039;\u00e9cole et \u00e0 l&#039;universit\u00e9 constituent une base solide pour atteindre des sommets professionnels.\" \/>\n<meta property=\"og:url\" content=\"https:\/\/mauserpackaging.com\/fr\/carrieres\/possibilites-de-carriere-en-europe-en-amerique-du-sud-et-en-asie\/stages\/\" \/>\n<meta property=\"og:site_name\" content=\"Mauser Packaging Solutions\" \/>\n<meta property=\"article:modified_time\" content=\"2025-10-15T17:47:54+00:00\" \/>\n<meta property=\"og:image\" content=\"https:\/\/mauserpackaging.com\/wp-content\/uploads\/2026\/03\/Mauser_Default_SiteImage.jpg\" \/>\n\t<meta property=\"og:image:width\" content=\"1200\" \/>\n\t<meta property=\"og:image:height\" content=\"675\" \/>\n\t<meta property=\"og:image:type\" content=\"image\/jpeg\" \/>\n<meta name=\"twitter:card\" content=\"summary_large_image\" \/>\n<meta name=\"twitter:label1\" content=\"Dur\u00e9e de lecture estim\u00e9e\" \/>\n\t<meta name=\"twitter:data1\" content=\"2 minutes\" \/>\n<script type=\"application\/ld+json\" class=\"yoast-schema-graph\">{\"@context\":\"https:\\\/\\\/schema.org\",\"@graph\":[{\"@type\":\"WebPage\",\"@id\":\"https:\\\/\\\/mauserpackaging.com\\\/fr\\\/carrieres\\\/possibilites-de-carriere-en-europe-en-amerique-du-sud-et-en-asie\\\/stages\\\/\",\"url\":\"https:\\\/\\\/mauserpackaging.com\\\/fr\\\/carrieres\\\/possibilites-de-carriere-en-europe-en-amerique-du-sud-et-en-asie\\\/stages\\\/\",\"name\":\"Stages - Mauser Packaging Solutions\",\"isPartOf\":{\"@id\":\"https:\\\/\\\/mauserpackaging.com\\\/fr\\\/#website\"},\"datePublished\":\"2025-02-10T18:03:36+00:00\",\"dateModified\":\"2025-10-15T17:47:54+00:00\",\"description\":\"Chez Mauser, nous allions th\u00e9orie et pratique. Les connaissances acquises \u00e0 l'\u00e9cole et \u00e0 l'universit\u00e9 constituent une base solide pour atteindre des sommets professionnels.\",\"breadcrumb\":{\"@id\":\"https:\\\/\\\/mauserpackaging.com\\\/fr\\\/carrieres\\\/possibilites-de-carriere-en-europe-en-amerique-du-sud-et-en-asie\\\/stages\\\/#breadcrumb\"},\"inLanguage\":\"fr-FR\",\"potentialAction\":[{\"@type\":\"ReadAction\",\"target\":[\"https:\\\/\\\/mauserpackaging.com\\\/fr\\\/carrieres\\\/possibilites-de-carriere-en-europe-en-amerique-du-sud-et-en-asie\\\/stages\\\/\"]}]},{\"@type\":\"BreadcrumbList\",\"@id\":\"https:\\\/\\\/mauserpackaging.com\\\/fr\\\/carrieres\\\/possibilites-de-carriere-en-europe-en-amerique-du-sud-et-en-asie\\\/stages\\\/#breadcrumb\",\"itemListElement\":[{\"@type\":\"ListItem\",\"position\":1,\"name\":\"Home\",\"item\":\"https:\\\/\\\/mauserpackaging.com\\\/fr\\\/page-daccueil\\\/\"},{\"@type\":\"ListItem\",\"position\":2,\"name\":\"Carri\u00e8res\",\"item\":\"https:\\\/\\\/mauserpackaging.com\\\/fr\\\/carrieres\\\/\"},{\"@type\":\"ListItem\",\"position\":3,\"name\":\"Possibilit\u00e9s de carri\u00e8re en Europe, en Am\u00e9rique du Sud et en Asie\",\"item\":\"https:\\\/\\\/mauserpackaging.com\\\/fr\\\/carrieres\\\/possibilites-de-carriere-en-europe-en-amerique-du-sud-et-en-asie\\\/\"},{\"@type\":\"ListItem\",\"position\":4,\"name\":\"Stages\"}]},{\"@type\":\"WebSite\",\"@id\":\"https:\\\/\\\/mauserpackaging.com\\\/fr\\\/#website\",\"url\":\"https:\\\/\\\/mauserpackaging.com\\\/fr\\\/\",\"name\":\"Mauser Packaging Solutions\",\"description\":\"Your go-to packaging partner\",\"publisher\":{\"@id\":\"https:\\\/\\\/mauserpackaging.com\\\/fr\\\/#organization\"},\"alternateName\":\"Mauser Packaging\",\"potentialAction\":[{\"@type\":\"SearchAction\",\"target\":{\"@type\":\"EntryPoint\",\"urlTemplate\":\"https:\\\/\\\/mauserpackaging.com\\\/fr\\\/?s={search_term_string}\"},\"query-input\":{\"@type\":\"PropertyValueSpecification\",\"valueRequired\":true,\"valueName\":\"search_term_string\"}}],\"inLanguage\":\"fr-FR\"},{\"@type\":\"Organization\",\"@id\":\"https:\\\/\\\/mauserpackaging.com\\\/fr\\\/#organization\",\"name\":\"Mauser Packaging Solutions\",\"alternateName\":\"Mauser Packaging\",\"url\":\"https:\\\/\\\/mauserpackaging.com\\\/fr\\\/\",\"logo\":{\"@type\":\"ImageObject\",\"inLanguage\":\"fr-FR\",\"@id\":\"https:\\\/\\\/mauserpackaging.com\\\/fr\\\/#\\\/schema\\\/logo\\\/image\\\/\",\"url\":\"https:\\\/\\\/mauserpackaging.com\\\/wp-content\\\/uploads\\\/2024\\\/11\\\/Mauser_h_RGB.png\",\"contentUrl\":\"https:\\\/\\\/mauserpackaging.com\\\/wp-content\\\/uploads\\\/2024\\\/11\\\/Mauser_h_RGB.png\",\"width\":1951,\"height\":600,\"caption\":\"Mauser Packaging Solutions\"},\"image\":{\"@id\":\"https:\\\/\\\/mauserpackaging.com\\\/fr\\\/#\\\/schema\\\/logo\\\/image\\\/\"},\"sameAs\":[\"https:\\\/\\\/www.linkedin.com\\\/company\\\/mauser-packaging-solutions\\\/\"]}]}<\/script>\n<!-- \/ Yoast SEO Premium plugin. -->","yoast_head_json":{"title":"Stages - Mauser Packaging Solutions","description":"Chez Mauser, nous allions th\u00e9orie et pratique. Les connaissances acquises \u00e0 l'\u00e9cole et \u00e0 l'universit\u00e9 constituent une base solide pour atteindre des sommets professionnels.","robots":{"index":"index","follow":"follow","max-snippet":"max-snippet:-1","max-image-preview":"max-image-preview:large","max-video-preview":"max-video-preview:-1"},"canonical":"https:\/\/mauserpackaging.com\/fr\/carrieres\/possibilites-de-carriere-en-europe-en-amerique-du-sud-et-en-asie\/stages\/","og_locale":"fr_FR","og_type":"article","og_title":"Stages","og_description":"Chez Mauser, nous allions th\u00e9orie et pratique. Les connaissances acquises \u00e0 l'\u00e9cole et \u00e0 l'universit\u00e9 constituent une base solide pour atteindre des sommets professionnels.","og_url":"https:\/\/mauserpackaging.com\/fr\/carrieres\/possibilites-de-carriere-en-europe-en-amerique-du-sud-et-en-asie\/stages\/","og_site_name":"Mauser Packaging Solutions","article_modified_time":"2025-10-15T17:47:54+00:00","og_image":[{"width":1200,"height":675,"url":"https:\/\/mauserpackaging.com\/wp-content\/uploads\/2026\/03\/Mauser_Default_SiteImage.jpg","type":"image\/jpeg"}],"twitter_card":"summary_large_image","twitter_misc":{"Dur\u00e9e de lecture estim\u00e9e":"2 minutes"},"schema":{"@context":"https:\/\/schema.org","@graph":[{"@type":"WebPage","@id":"https:\/\/mauserpackaging.com\/fr\/carrieres\/possibilites-de-carriere-en-europe-en-amerique-du-sud-et-en-asie\/stages\/","url":"https:\/\/mauserpackaging.com\/fr\/carrieres\/possibilites-de-carriere-en-europe-en-amerique-du-sud-et-en-asie\/stages\/","name":"Stages - Mauser Packaging Solutions","isPartOf":{"@id":"https:\/\/mauserpackaging.com\/fr\/#website"},"datePublished":"2025-02-10T18:03:36+00:00","dateModified":"2025-10-15T17:47:54+00:00","description":"Chez Mauser, nous allions th\u00e9orie et pratique. Les connaissances acquises \u00e0 l'\u00e9cole et \u00e0 l'universit\u00e9 constituent une base solide pour atteindre des sommets professionnels.","breadcrumb":{"@id":"https:\/\/mauserpackaging.com\/fr\/carrieres\/possibilites-de-carriere-en-europe-en-amerique-du-sud-et-en-asie\/stages\/#breadcrumb"},"inLanguage":"fr-FR","potentialAction":[{"@type":"ReadAction","target":["https:\/\/mauserpackaging.com\/fr\/carrieres\/possibilites-de-carriere-en-europe-en-amerique-du-sud-et-en-asie\/stages\/"]}]},{"@type":"BreadcrumbList","@id":"https:\/\/mauserpackaging.com\/fr\/carrieres\/possibilites-de-carriere-en-europe-en-amerique-du-sud-et-en-asie\/stages\/#breadcrumb","itemListElement":[{"@type":"ListItem","position":1,"name":"Home","item":"https:\/\/mauserpackaging.com\/fr\/page-daccueil\/"},{"@type":"ListItem","position":2,"name":"Carri\u00e8res","item":"https:\/\/mauserpackaging.com\/fr\/carrieres\/"},{"@type":"ListItem","position":3,"name":"Possibilit\u00e9s de carri\u00e8re en Europe, en Am\u00e9rique du Sud et en Asie","item":"https:\/\/mauserpackaging.com\/fr\/carrieres\/possibilites-de-carriere-en-europe-en-amerique-du-sud-et-en-asie\/"},{"@type":"ListItem","position":4,"name":"Stages"}]},{"@type":"WebSite","@id":"https:\/\/mauserpackaging.com\/fr\/#website","url":"https:\/\/mauserpackaging.com\/fr\/","name":"Mauser Packaging Solutions","description":"Your go-to packaging partner","publisher":{"@id":"https:\/\/mauserpackaging.com\/fr\/#organization"},"alternateName":"Mauser Packaging","potentialAction":[{"@type":"SearchAction","target":{"@type":"EntryPoint","urlTemplate":"https:\/\/mauserpackaging.com\/fr\/?s={search_term_string}"},"query-input":{"@type":"PropertyValueSpecification","valueRequired":true,"valueName":"search_term_string"}}],"inLanguage":"fr-FR"},{"@type":"Organization","@id":"https:\/\/mauserpackaging.com\/fr\/#organization","name":"Mauser Packaging Solutions","alternateName":"Mauser Packaging","url":"https:\/\/mauserpackaging.com\/fr\/","logo":{"@type":"ImageObject","inLanguage":"fr-FR","@id":"https:\/\/mauserpackaging.com\/fr\/#\/schema\/logo\/image\/","url":"https:\/\/mauserpackaging.com\/wp-content\/uploads\/2024\/11\/Mauser_h_RGB.png","contentUrl":"https:\/\/mauserpackaging.com\/wp-content\/uploads\/2024\/11\/Mauser_h_RGB.png","width":1951,"height":600,"caption":"Mauser Packaging Solutions"},"image":{"@id":"https:\/\/mauserpackaging.com\/fr\/#\/schema\/logo\/image\/"},"sameAs":["https:\/\/www.linkedin.com\/company\/mauser-packaging-solutions\/"]}]}},"_links":{"self":[{"href":"https:\/\/mauserpackaging.com\/fr\/wp-json\/wp\/v2\/pages\/20645","targetHints":{"allow":["GET"]}}],"collection":[{"href":"https:\/\/mauserpackaging.com\/fr\/wp-json\/wp\/v2\/pages"}],"about":[{"href":"https:\/\/mauserpackaging.com\/fr\/wp-json\/wp\/v2\/types\/page"}],"author":[{"embeddable":true,"href":"https:\/\/mauserpackaging.com\/fr\/wp-json\/wp\/v2\/users\/1"}],"replies":[{"embeddable":true,"href":"https:\/\/mauserpackaging.com\/fr\/wp-json\/wp\/v2\/comments?post=20645"}],"version-history":[{"count":0,"href":"https:\/\/mauserpackaging.com\/fr\/wp-json\/wp\/v2\/pages\/20645\/revisions"}],"up":[{"embeddable":true,"href":"https:\/\/mauserpackaging.com\/fr\/wp-json\/wp\/v2\/pages\/20643"}],"wp:attachment":[{"href":"https:\/\/mauserpackaging.com\/fr\/wp-json\/wp\/v2\/media?parent=20645"}],"curies":[{"name":"wp","href":"https:\/\/api.w.org\/{rel}","templated":true}]}}