{"id":20643,"date":"2025-02-10T15:13:16","date_gmt":"2025-02-10T15:13:16","guid":{"rendered":"https:\/\/mauserpackstg.wpenginepowered.com\/carrieres\/possibilites-de-carriere-en-europe-en-amerique-du-sud-et-en-asie\/"},"modified":"2025-10-16T21:56:06","modified_gmt":"2025-10-16T21:56:06","slug":"possibilites-de-carriere-en-europe-en-amerique-du-sud-et-en-asie","status":"publish","type":"page","link":"https:\/\/mauserpackaging.com\/fr\/carrieres\/possibilites-de-carriere-en-europe-en-amerique-du-sud-et-en-asie\/","title":{"rendered":"Possibilit\u00e9s de carri\u00e8re en Europe, en Am\u00e9rique du Sud et en Asie"},"content":{"rendered":"<div id=\"cs-content\" class=\"cs-content\"><\/div>\n","protected":false},"excerpt":{"rendered":"<p>Possibilit\u00e9s de carri\u00e8re en Europe, en Am\u00e9rique du Sud et en AsieHome Possibilit\u00e9s de carri\u00e8re \u00e0 l\u2019\u00e9chelle internationaleAvec des installations en Europe, en Am\u00e9rique du Sud et en Asie, une opportunit\u00e9 passionnante chez Mauser Packaging Solutions est peut-\u00eatre plus proche que vous ne le pensez. Nous recrutons en permanence pour un large \u00e9ventail de comp\u00e9tences, de niveaux d\u2019exp\u00e9rience et de\u2026<\/p>\n","protected":false},"author":1,"featured_media":0,"parent":20642,"menu_order":0,"comment_status":"closed","ping_status":"closed","template":"template-blank-4.php","meta":{"footnotes":""},"class_list":["post-20643","page","type-page","status-publish","hentry","no-post-thumbnail"],"yoast_head":"<!-- This site is optimized with the Yoast SEO Premium plugin v27.5 (Yoast SEO v27.5) - https:\/\/yoast.com\/product\/yoast-seo-premium-wordpress\/ -->\n<title>Possibilit\u00e9s de carri\u00e8re en Europe, en Am\u00e9rique du Sud et en Asie - Mauser Packaging Solutions<\/title>\n<meta name=\"description\" content=\"Avec des installations en Europe, en Am\u00e9rique du Sud et en Asie, une opportunit\u00e9 passionnante chez Mauser Packaging Solutions est peut-\u00eatre plus proche que vous ne le pensez.\" \/>\n<meta name=\"robots\" content=\"index, follow, max-snippet:-1, max-image-preview:large, max-video-preview:-1\" \/>\n<link rel=\"canonical\" href=\"https:\/\/mauserpackaging.com\/fr\/carrieres\/possibilites-de-carriere-en-europe-en-amerique-du-sud-et-en-asie\/\" \/>\n<meta property=\"og:locale\" content=\"fr_FR\" \/>\n<meta property=\"og:type\" content=\"article\" \/>\n<meta property=\"og:title\" content=\"Possibilit\u00e9s de carri\u00e8re en Europe, en Am\u00e9rique du Sud et en Asie\" \/>\n<meta property=\"og:description\" content=\"Avec des installations en Europe, en Am\u00e9rique du Sud et en Asie, une opportunit\u00e9 passionnante chez Mauser Packaging Solutions est peut-\u00eatre plus proche que vous ne le pensez.\" \/>\n<meta property=\"og:url\" content=\"https:\/\/mauserpackaging.com\/fr\/carrieres\/possibilites-de-carriere-en-europe-en-amerique-du-sud-et-en-asie\/\" \/>\n<meta property=\"og:site_name\" content=\"Mauser Packaging Solutions\" \/>\n<meta property=\"article:modified_time\" content=\"2025-10-16T21:56:06+00:00\" \/>\n<meta property=\"og:image\" content=\"https:\/\/mauserpackaging.com\/wp-content\/uploads\/2026\/03\/Mauser_Default_SiteImage.jpg\" \/>\n\t<meta property=\"og:image:width\" content=\"1200\" \/>\n\t<meta property=\"og:image:height\" content=\"675\" \/>\n\t<meta property=\"og:image:type\" content=\"image\/jpeg\" \/>\n<meta name=\"twitter:card\" content=\"summary_large_image\" \/>\n<meta name=\"twitter:label1\" content=\"Dur\u00e9e de lecture estim\u00e9e\" \/>\n\t<meta name=\"twitter:data1\" content=\"5 minutes\" \/>\n<script type=\"application\/ld+json\" class=\"yoast-schema-graph\">{\"@context\":\"https:\\\/\\\/schema.org\",\"@graph\":[{\"@type\":\"WebPage\",\"@id\":\"https:\\\/\\\/mauserpackaging.com\\\/fr\\\/carrieres\\\/possibilites-de-carriere-en-europe-en-amerique-du-sud-et-en-asie\\\/\",\"url\":\"https:\\\/\\\/mauserpackaging.com\\\/fr\\\/carrieres\\\/possibilites-de-carriere-en-europe-en-amerique-du-sud-et-en-asie\\\/\",\"name\":\"Possibilit\u00e9s de carri\u00e8re en Europe, en Am\u00e9rique du Sud et en Asie - Mauser Packaging Solutions\",\"isPartOf\":{\"@id\":\"https:\\\/\\\/mauserpackaging.com\\\/fr\\\/#website\"},\"datePublished\":\"2025-02-10T15:13:16+00:00\",\"dateModified\":\"2025-10-16T21:56:06+00:00\",\"description\":\"Avec des installations en Europe, en Am\u00e9rique du Sud et en Asie, une opportunit\u00e9 passionnante chez Mauser Packaging Solutions est peut-\u00eatre plus proche que vous ne le pensez.\",\"breadcrumb\":{\"@id\":\"https:\\\/\\\/mauserpackaging.com\\\/fr\\\/carrieres\\\/possibilites-de-carriere-en-europe-en-amerique-du-sud-et-en-asie\\\/#breadcrumb\"},\"inLanguage\":\"fr-FR\",\"potentialAction\":[{\"@type\":\"ReadAction\",\"target\":[\"https:\\\/\\\/mauserpackaging.com\\\/fr\\\/carrieres\\\/possibilites-de-carriere-en-europe-en-amerique-du-sud-et-en-asie\\\/\"]}]},{\"@type\":\"BreadcrumbList\",\"@id\":\"https:\\\/\\\/mauserpackaging.com\\\/fr\\\/carrieres\\\/possibilites-de-carriere-en-europe-en-amerique-du-sud-et-en-asie\\\/#breadcrumb\",\"itemListElement\":[{\"@type\":\"ListItem\",\"position\":1,\"name\":\"Home\",\"item\":\"https:\\\/\\\/mauserpackaging.com\\\/fr\\\/page-daccueil\\\/\"},{\"@type\":\"ListItem\",\"position\":2,\"name\":\"Carri\u00e8res\",\"item\":\"https:\\\/\\\/mauserpackaging.com\\\/fr\\\/carrieres\\\/\"},{\"@type\":\"ListItem\",\"position\":3,\"name\":\"Possibilit\u00e9s de carri\u00e8re en Europe, en Am\u00e9rique du Sud et en Asie\"}]},{\"@type\":\"WebSite\",\"@id\":\"https:\\\/\\\/mauserpackaging.com\\\/fr\\\/#website\",\"url\":\"https:\\\/\\\/mauserpackaging.com\\\/fr\\\/\",\"name\":\"Mauser Packaging Solutions\",\"description\":\"Your go-to packaging partner\",\"publisher\":{\"@id\":\"https:\\\/\\\/mauserpackaging.com\\\/fr\\\/#organization\"},\"alternateName\":\"Mauser Packaging\",\"potentialAction\":[{\"@type\":\"SearchAction\",\"target\":{\"@type\":\"EntryPoint\",\"urlTemplate\":\"https:\\\/\\\/mauserpackaging.com\\\/fr\\\/?s={search_term_string}\"},\"query-input\":{\"@type\":\"PropertyValueSpecification\",\"valueRequired\":true,\"valueName\":\"search_term_string\"}}],\"inLanguage\":\"fr-FR\"},{\"@type\":\"Organization\",\"@id\":\"https:\\\/\\\/mauserpackaging.com\\\/fr\\\/#organization\",\"name\":\"Mauser Packaging Solutions\",\"alternateName\":\"Mauser Packaging\",\"url\":\"https:\\\/\\\/mauserpackaging.com\\\/fr\\\/\",\"logo\":{\"@type\":\"ImageObject\",\"inLanguage\":\"fr-FR\",\"@id\":\"https:\\\/\\\/mauserpackaging.com\\\/fr\\\/#\\\/schema\\\/logo\\\/image\\\/\",\"url\":\"https:\\\/\\\/mauserpackaging.com\\\/wp-content\\\/uploads\\\/2024\\\/11\\\/Mauser_h_RGB.png\",\"contentUrl\":\"https:\\\/\\\/mauserpackaging.com\\\/wp-content\\\/uploads\\\/2024\\\/11\\\/Mauser_h_RGB.png\",\"width\":1951,\"height\":600,\"caption\":\"Mauser Packaging Solutions\"},\"image\":{\"@id\":\"https:\\\/\\\/mauserpackaging.com\\\/fr\\\/#\\\/schema\\\/logo\\\/image\\\/\"},\"sameAs\":[\"https:\\\/\\\/www.linkedin.com\\\/company\\\/mauser-packaging-solutions\\\/\"]}]}<\/script>\n<!-- \/ Yoast SEO Premium plugin. -->","yoast_head_json":{"title":"Possibilit\u00e9s de carri\u00e8re en Europe, en Am\u00e9rique du Sud et en Asie - Mauser Packaging Solutions","description":"Avec des installations en Europe, en Am\u00e9rique du Sud et en Asie, une opportunit\u00e9 passionnante chez Mauser Packaging Solutions est peut-\u00eatre plus proche que vous ne le pensez.","robots":{"index":"index","follow":"follow","max-snippet":"max-snippet:-1","max-image-preview":"max-image-preview:large","max-video-preview":"max-video-preview:-1"},"canonical":"https:\/\/mauserpackaging.com\/fr\/carrieres\/possibilites-de-carriere-en-europe-en-amerique-du-sud-et-en-asie\/","og_locale":"fr_FR","og_type":"article","og_title":"Possibilit\u00e9s de carri\u00e8re en Europe, en Am\u00e9rique du Sud et en Asie","og_description":"Avec des installations en Europe, en Am\u00e9rique du Sud et en Asie, une opportunit\u00e9 passionnante chez Mauser Packaging Solutions est peut-\u00eatre plus proche que vous ne le pensez.","og_url":"https:\/\/mauserpackaging.com\/fr\/carrieres\/possibilites-de-carriere-en-europe-en-amerique-du-sud-et-en-asie\/","og_site_name":"Mauser Packaging Solutions","article_modified_time":"2025-10-16T21:56:06+00:00","og_image":[{"width":1200,"height":675,"url":"https:\/\/mauserpackaging.com\/wp-content\/uploads\/2026\/03\/Mauser_Default_SiteImage.jpg","type":"image\/jpeg"}],"twitter_card":"summary_large_image","twitter_misc":{"Dur\u00e9e de lecture estim\u00e9e":"5 minutes"},"schema":{"@context":"https:\/\/schema.org","@graph":[{"@type":"WebPage","@id":"https:\/\/mauserpackaging.com\/fr\/carrieres\/possibilites-de-carriere-en-europe-en-amerique-du-sud-et-en-asie\/","url":"https:\/\/mauserpackaging.com\/fr\/carrieres\/possibilites-de-carriere-en-europe-en-amerique-du-sud-et-en-asie\/","name":"Possibilit\u00e9s de carri\u00e8re en Europe, en Am\u00e9rique du Sud et en Asie - Mauser Packaging Solutions","isPartOf":{"@id":"https:\/\/mauserpackaging.com\/fr\/#website"},"datePublished":"2025-02-10T15:13:16+00:00","dateModified":"2025-10-16T21:56:06+00:00","description":"Avec des installations en Europe, en Am\u00e9rique du Sud et en Asie, une opportunit\u00e9 passionnante chez Mauser Packaging Solutions est peut-\u00eatre plus proche que vous ne le pensez.","breadcrumb":{"@id":"https:\/\/mauserpackaging.com\/fr\/carrieres\/possibilites-de-carriere-en-europe-en-amerique-du-sud-et-en-asie\/#breadcrumb"},"inLanguage":"fr-FR","potentialAction":[{"@type":"ReadAction","target":["https:\/\/mauserpackaging.com\/fr\/carrieres\/possibilites-de-carriere-en-europe-en-amerique-du-sud-et-en-asie\/"]}]},{"@type":"BreadcrumbList","@id":"https:\/\/mauserpackaging.com\/fr\/carrieres\/possibilites-de-carriere-en-europe-en-amerique-du-sud-et-en-asie\/#breadcrumb","itemListElement":[{"@type":"ListItem","position":1,"name":"Home","item":"https:\/\/mauserpackaging.com\/fr\/page-daccueil\/"},{"@type":"ListItem","position":2,"name":"Carri\u00e8res","item":"https:\/\/mauserpackaging.com\/fr\/carrieres\/"},{"@type":"ListItem","position":3,"name":"Possibilit\u00e9s de carri\u00e8re en Europe, en Am\u00e9rique du Sud et en Asie"}]},{"@type":"WebSite","@id":"https:\/\/mauserpackaging.com\/fr\/#website","url":"https:\/\/mauserpackaging.com\/fr\/","name":"Mauser Packaging Solutions","description":"Your go-to packaging partner","publisher":{"@id":"https:\/\/mauserpackaging.com\/fr\/#organization"},"alternateName":"Mauser Packaging","potentialAction":[{"@type":"SearchAction","target":{"@type":"EntryPoint","urlTemplate":"https:\/\/mauserpackaging.com\/fr\/?s={search_term_string}"},"query-input":{"@type":"PropertyValueSpecification","valueRequired":true,"valueName":"search_term_string"}}],"inLanguage":"fr-FR"},{"@type":"Organization","@id":"https:\/\/mauserpackaging.com\/fr\/#organization","name":"Mauser Packaging Solutions","alternateName":"Mauser Packaging","url":"https:\/\/mauserpackaging.com\/fr\/","logo":{"@type":"ImageObject","inLanguage":"fr-FR","@id":"https:\/\/mauserpackaging.com\/fr\/#\/schema\/logo\/image\/","url":"https:\/\/mauserpackaging.com\/wp-content\/uploads\/2024\/11\/Mauser_h_RGB.png","contentUrl":"https:\/\/mauserpackaging.com\/wp-content\/uploads\/2024\/11\/Mauser_h_RGB.png","width":1951,"height":600,"caption":"Mauser Packaging Solutions"},"image":{"@id":"https:\/\/mauserpackaging.com\/fr\/#\/schema\/logo\/image\/"},"sameAs":["https:\/\/www.linkedin.com\/company\/mauser-packaging-solutions\/"]}]}},"_links":{"self":[{"href":"https:\/\/mauserpackaging.com\/fr\/wp-json\/wp\/v2\/pages\/20643","targetHints":{"allow":["GET"]}}],"collection":[{"href":"https:\/\/mauserpackaging.com\/fr\/wp-json\/wp\/v2\/pages"}],"about":[{"href":"https:\/\/mauserpackaging.com\/fr\/wp-json\/wp\/v2\/types\/page"}],"author":[{"embeddable":true,"href":"https:\/\/mauserpackaging.com\/fr\/wp-json\/wp\/v2\/users\/1"}],"replies":[{"embeddable":true,"href":"https:\/\/mauserpackaging.com\/fr\/wp-json\/wp\/v2\/comments?post=20643"}],"version-history":[{"count":0,"href":"https:\/\/mauserpackaging.com\/fr\/wp-json\/wp\/v2\/pages\/20643\/revisions"}],"up":[{"embeddable":true,"href":"https:\/\/mauserpackaging.com\/fr\/wp-json\/wp\/v2\/pages\/20642"}],"wp:attachment":[{"href":"https:\/\/mauserpackaging.com\/fr\/wp-json\/wp\/v2\/media?parent=20643"}],"curies":[{"name":"wp","href":"https:\/\/api.w.org\/{rel}","templated":true}]}}