{"id":20639,"date":"2024-12-23T20:31:24","date_gmt":"2024-12-23T20:31:24","guid":{"rendered":"https:\/\/mauserpackstg.wpenginepowered.com\/a-propos-de-mauser\/localisations\/"},"modified":"2026-04-27T14:51:32","modified_gmt":"2026-04-27T14:51:32","slug":"localisations","status":"publish","type":"page","link":"https:\/\/mauserpackaging.com\/fr\/a-propos-de-mauser\/localisations\/","title":{"rendered":"Localisations"},"content":{"rendered":"<div id=\"cs-content\" class=\"cs-content\"><\/div>\n","protected":false},"excerpt":{"rendered":"<p>Home Sites de Mauser Packaging Solutions S\u2019approvisionner localement pour faire des affaires \u00e0 l\u2019\u00e9chelle mondialeAvec plus de 180 sites dans le monde, notre perspective globale est \u00e0 la hauteur de notre port\u00e9e, ce qui vous permet de b\u00e9n\u00e9ficier d\u2019une cha\u00eene d\u2019approvisionnement accessible, r\u00e9active et coh\u00e9rente. Trouvez et contactez le site Mauser Packaging Solutions le plus proche du v\u00f4tre pour commencer\u2026<\/p>\n","protected":false},"author":1,"featured_media":0,"parent":20629,"menu_order":0,"comment_status":"closed","ping_status":"closed","template":"template-blank-4.php","meta":{"footnotes":""},"class_list":["post-20639","page","type-page","status-publish","hentry","no-post-thumbnail"],"yoast_head":"<!-- This site is optimized with the Yoast SEO Premium plugin v27.4 (Yoast SEO v27.4) - https:\/\/yoast.com\/product\/yoast-seo-premium-wordpress\/ -->\n<title>Localisations - Mauser Packaging Solutions<\/title>\n<meta name=\"description\" content=\"Avec plus de 180 sites dans le monde, notre pr\u00e9sence mondiale vous permet de b\u00e9n\u00e9ficier d&#039;une cha\u00eene d&#039;approvisionnement accessible, r\u00e9active et coh\u00e9rente.\" \/>\n<meta name=\"robots\" content=\"index, follow, max-snippet:-1, max-image-preview:large, max-video-preview:-1\" \/>\n<link rel=\"canonical\" href=\"https:\/\/mauserpackaging.com\/fr\/a-propos-de-mauser\/localisations\/\" \/>\n<meta property=\"og:locale\" content=\"fr_FR\" \/>\n<meta property=\"og:type\" content=\"article\" \/>\n<meta property=\"og:title\" content=\"Localisations\" \/>\n<meta property=\"og:description\" content=\"Avec plus de 180 sites dans le monde, notre pr\u00e9sence mondiale vous permet de b\u00e9n\u00e9ficier d&#039;une cha\u00eene d&#039;approvisionnement accessible, r\u00e9active et coh\u00e9rente.\" \/>\n<meta property=\"og:url\" content=\"https:\/\/mauserpackaging.com\/fr\/a-propos-de-mauser\/localisations\/\" \/>\n<meta property=\"og:site_name\" content=\"Mauser Packaging Solutions\" \/>\n<meta property=\"article:modified_time\" content=\"2026-04-27T14:51:32+00:00\" \/>\n<meta property=\"og:image\" content=\"https:\/\/mauserpackaging.com\/wp-content\/uploads\/2026\/03\/Mauser_Default_SiteImage.jpg\" \/>\n\t<meta property=\"og:image:width\" content=\"1200\" \/>\n\t<meta property=\"og:image:height\" content=\"675\" \/>\n\t<meta property=\"og:image:type\" content=\"image\/jpeg\" \/>\n<meta name=\"twitter:card\" content=\"summary_large_image\" \/>\n<meta name=\"twitter:label1\" content=\"Dur\u00e9e de lecture estim\u00e9e\" \/>\n\t<meta name=\"twitter:data1\" content=\"2 minutes\" \/>\n<script type=\"application\/ld+json\" class=\"yoast-schema-graph\">{\"@context\":\"https:\\\/\\\/schema.org\",\"@graph\":[{\"@type\":\"WebPage\",\"@id\":\"https:\\\/\\\/mauserpackaging.com\\\/fr\\\/a-propos-de-mauser\\\/localisations\\\/\",\"url\":\"https:\\\/\\\/mauserpackaging.com\\\/fr\\\/a-propos-de-mauser\\\/localisations\\\/\",\"name\":\"Localisations - Mauser Packaging Solutions\",\"isPartOf\":{\"@id\":\"https:\\\/\\\/mauserpackaging.com\\\/fr\\\/#website\"},\"datePublished\":\"2024-12-23T20:31:24+00:00\",\"dateModified\":\"2026-04-27T14:51:32+00:00\",\"description\":\"Avec plus de 180 sites dans le monde, notre pr\u00e9sence mondiale vous permet de b\u00e9n\u00e9ficier d'une cha\u00eene d'approvisionnement accessible, r\u00e9active et coh\u00e9rente.\",\"breadcrumb\":{\"@id\":\"https:\\\/\\\/mauserpackaging.com\\\/fr\\\/a-propos-de-mauser\\\/localisations\\\/#breadcrumb\"},\"inLanguage\":\"fr-FR\",\"potentialAction\":[{\"@type\":\"ReadAction\",\"target\":[\"https:\\\/\\\/mauserpackaging.com\\\/fr\\\/a-propos-de-mauser\\\/localisations\\\/\"]}]},{\"@type\":\"BreadcrumbList\",\"@id\":\"https:\\\/\\\/mauserpackaging.com\\\/fr\\\/a-propos-de-mauser\\\/localisations\\\/#breadcrumb\",\"itemListElement\":[{\"@type\":\"ListItem\",\"position\":1,\"name\":\"Home\",\"item\":\"https:\\\/\\\/mauserpackaging.com\\\/fr\\\/page-daccueil\\\/\"},{\"@type\":\"ListItem\",\"position\":2,\"name\":\"\u00c0 propos de Mauser\",\"item\":\"https:\\\/\\\/mauserpackaging.com\\\/fr\\\/a-propos-de-mauser\\\/\"},{\"@type\":\"ListItem\",\"position\":3,\"name\":\"Localisations\"}]},{\"@type\":\"WebSite\",\"@id\":\"https:\\\/\\\/mauserpackaging.com\\\/fr\\\/#website\",\"url\":\"https:\\\/\\\/mauserpackaging.com\\\/fr\\\/\",\"name\":\"Mauser Packaging Solutions\",\"description\":\"Your go-to packaging partner\",\"publisher\":{\"@id\":\"https:\\\/\\\/mauserpackaging.com\\\/fr\\\/#organization\"},\"alternateName\":\"Mauser Packaging\",\"potentialAction\":[{\"@type\":\"SearchAction\",\"target\":{\"@type\":\"EntryPoint\",\"urlTemplate\":\"https:\\\/\\\/mauserpackaging.com\\\/fr\\\/?s={search_term_string}\"},\"query-input\":{\"@type\":\"PropertyValueSpecification\",\"valueRequired\":true,\"valueName\":\"search_term_string\"}}],\"inLanguage\":\"fr-FR\"},{\"@type\":\"Organization\",\"@id\":\"https:\\\/\\\/mauserpackaging.com\\\/fr\\\/#organization\",\"name\":\"Mauser Packaging Solutions\",\"alternateName\":\"Mauser Packaging\",\"url\":\"https:\\\/\\\/mauserpackaging.com\\\/fr\\\/\",\"logo\":{\"@type\":\"ImageObject\",\"inLanguage\":\"fr-FR\",\"@id\":\"https:\\\/\\\/mauserpackaging.com\\\/fr\\\/#\\\/schema\\\/logo\\\/image\\\/\",\"url\":\"https:\\\/\\\/mauserpackaging.com\\\/wp-content\\\/uploads\\\/2024\\\/11\\\/Mauser_h_RGB.png\",\"contentUrl\":\"https:\\\/\\\/mauserpackaging.com\\\/wp-content\\\/uploads\\\/2024\\\/11\\\/Mauser_h_RGB.png\",\"width\":1951,\"height\":600,\"caption\":\"Mauser Packaging Solutions\"},\"image\":{\"@id\":\"https:\\\/\\\/mauserpackaging.com\\\/fr\\\/#\\\/schema\\\/logo\\\/image\\\/\"},\"sameAs\":[\"https:\\\/\\\/www.linkedin.com\\\/company\\\/mauser-packaging-solutions\\\/\"]}]}<\/script>\n<!-- \/ Yoast SEO Premium plugin. -->","yoast_head_json":{"title":"Localisations - Mauser Packaging Solutions","description":"Avec plus de 180 sites dans le monde, notre pr\u00e9sence mondiale vous permet de b\u00e9n\u00e9ficier d'une cha\u00eene d'approvisionnement accessible, r\u00e9active et coh\u00e9rente.","robots":{"index":"index","follow":"follow","max-snippet":"max-snippet:-1","max-image-preview":"max-image-preview:large","max-video-preview":"max-video-preview:-1"},"canonical":"https:\/\/mauserpackaging.com\/fr\/a-propos-de-mauser\/localisations\/","og_locale":"fr_FR","og_type":"article","og_title":"Localisations","og_description":"Avec plus de 180 sites dans le monde, notre pr\u00e9sence mondiale vous permet de b\u00e9n\u00e9ficier d'une cha\u00eene d'approvisionnement accessible, r\u00e9active et coh\u00e9rente.","og_url":"https:\/\/mauserpackaging.com\/fr\/a-propos-de-mauser\/localisations\/","og_site_name":"Mauser Packaging Solutions","article_modified_time":"2026-04-27T14:51:32+00:00","og_image":[{"width":1200,"height":675,"url":"https:\/\/mauserpackaging.com\/wp-content\/uploads\/2026\/03\/Mauser_Default_SiteImage.jpg","type":"image\/jpeg"}],"twitter_card":"summary_large_image","twitter_misc":{"Dur\u00e9e de lecture estim\u00e9e":"2 minutes"},"schema":{"@context":"https:\/\/schema.org","@graph":[{"@type":"WebPage","@id":"https:\/\/mauserpackaging.com\/fr\/a-propos-de-mauser\/localisations\/","url":"https:\/\/mauserpackaging.com\/fr\/a-propos-de-mauser\/localisations\/","name":"Localisations - Mauser Packaging Solutions","isPartOf":{"@id":"https:\/\/mauserpackaging.com\/fr\/#website"},"datePublished":"2024-12-23T20:31:24+00:00","dateModified":"2026-04-27T14:51:32+00:00","description":"Avec plus de 180 sites dans le monde, notre pr\u00e9sence mondiale vous permet de b\u00e9n\u00e9ficier d'une cha\u00eene d'approvisionnement accessible, r\u00e9active et coh\u00e9rente.","breadcrumb":{"@id":"https:\/\/mauserpackaging.com\/fr\/a-propos-de-mauser\/localisations\/#breadcrumb"},"inLanguage":"fr-FR","potentialAction":[{"@type":"ReadAction","target":["https:\/\/mauserpackaging.com\/fr\/a-propos-de-mauser\/localisations\/"]}]},{"@type":"BreadcrumbList","@id":"https:\/\/mauserpackaging.com\/fr\/a-propos-de-mauser\/localisations\/#breadcrumb","itemListElement":[{"@type":"ListItem","position":1,"name":"Home","item":"https:\/\/mauserpackaging.com\/fr\/page-daccueil\/"},{"@type":"ListItem","position":2,"name":"\u00c0 propos de Mauser","item":"https:\/\/mauserpackaging.com\/fr\/a-propos-de-mauser\/"},{"@type":"ListItem","position":3,"name":"Localisations"}]},{"@type":"WebSite","@id":"https:\/\/mauserpackaging.com\/fr\/#website","url":"https:\/\/mauserpackaging.com\/fr\/","name":"Mauser Packaging Solutions","description":"Your go-to packaging partner","publisher":{"@id":"https:\/\/mauserpackaging.com\/fr\/#organization"},"alternateName":"Mauser Packaging","potentialAction":[{"@type":"SearchAction","target":{"@type":"EntryPoint","urlTemplate":"https:\/\/mauserpackaging.com\/fr\/?s={search_term_string}"},"query-input":{"@type":"PropertyValueSpecification","valueRequired":true,"valueName":"search_term_string"}}],"inLanguage":"fr-FR"},{"@type":"Organization","@id":"https:\/\/mauserpackaging.com\/fr\/#organization","name":"Mauser Packaging Solutions","alternateName":"Mauser Packaging","url":"https:\/\/mauserpackaging.com\/fr\/","logo":{"@type":"ImageObject","inLanguage":"fr-FR","@id":"https:\/\/mauserpackaging.com\/fr\/#\/schema\/logo\/image\/","url":"https:\/\/mauserpackaging.com\/wp-content\/uploads\/2024\/11\/Mauser_h_RGB.png","contentUrl":"https:\/\/mauserpackaging.com\/wp-content\/uploads\/2024\/11\/Mauser_h_RGB.png","width":1951,"height":600,"caption":"Mauser Packaging Solutions"},"image":{"@id":"https:\/\/mauserpackaging.com\/fr\/#\/schema\/logo\/image\/"},"sameAs":["https:\/\/www.linkedin.com\/company\/mauser-packaging-solutions\/"]}]}},"_links":{"self":[{"href":"https:\/\/mauserpackaging.com\/fr\/wp-json\/wp\/v2\/pages\/20639","targetHints":{"allow":["GET"]}}],"collection":[{"href":"https:\/\/mauserpackaging.com\/fr\/wp-json\/wp\/v2\/pages"}],"about":[{"href":"https:\/\/mauserpackaging.com\/fr\/wp-json\/wp\/v2\/types\/page"}],"author":[{"embeddable":true,"href":"https:\/\/mauserpackaging.com\/fr\/wp-json\/wp\/v2\/users\/1"}],"replies":[{"embeddable":true,"href":"https:\/\/mauserpackaging.com\/fr\/wp-json\/wp\/v2\/comments?post=20639"}],"version-history":[{"count":0,"href":"https:\/\/mauserpackaging.com\/fr\/wp-json\/wp\/v2\/pages\/20639\/revisions"}],"up":[{"embeddable":true,"href":"https:\/\/mauserpackaging.com\/fr\/wp-json\/wp\/v2\/pages\/20629"}],"wp:attachment":[{"href":"https:\/\/mauserpackaging.com\/fr\/wp-json\/wp\/v2\/media?parent=20639"}],"curies":[{"name":"wp","href":"https:\/\/api.w.org\/{rel}","templated":true}]}}