{"id":20638,"date":"2025-02-24T18:32:38","date_gmt":"2025-02-24T18:32:38","guid":{"rendered":"https:\/\/mauserpackstg.wpenginepowered.com\/a-propos-de-mauser\/leadership\/composition-des-comites\/charte-du-comite-de-remuneration\/"},"modified":"2025-10-20T20:00:22","modified_gmt":"2025-10-20T20:00:22","slug":"charte-du-comite-de-remuneration","status":"publish","type":"page","link":"https:\/\/mauserpackaging.com\/fr\/a-propos-de-mauser\/leadership\/composition-des-comites\/charte-du-comite-de-remuneration\/","title":{"rendered":"Charte du comit\u00e9 de r\u00e9mun\u00e9ration"},"content":{"rendered":"<div id=\"cs-content\" class=\"cs-content\"><\/div>\n","protected":false},"excerpt":{"rendered":"<p>Charte du comit\u00e9 de r\u00e9mun\u00e9ration Charte du comit\u00e9 de r\u00e9mun\u00e9rationQUATRI\u00c8ME MODIFICATION ET R\u00c9FORMULATION CHARTE DU COMIT\u00c9 DE R\u00c9MUN\u00c9RATION DU COMIT\u00c9 MIXTE DE R\u00c9MUN\u00c9RATION DU SCI PH PARENT INC. SCI PH INC. SCI PACKAGING INC. MAUSER PACKAGING SOLUTIONS INTERMEDIATE COMPANY, INC. MAUSER PACKAGING SOLUTIONS HOLDING COMPANY BWAY CORPORATION VULCAN CONTAINER SERVICES HOLDINGS INC. ET BOE HOLDING LLC MAUSER PRIMARY HOLDING, LLC\u2026<\/p>\n","protected":false},"author":1,"featured_media":0,"parent":20634,"menu_order":0,"comment_status":"closed","ping_status":"closed","template":"template-blank-4.php","meta":{"footnotes":""},"class_list":["post-20638","page","type-page","status-publish","hentry","no-post-thumbnail"],"yoast_head":"<!-- This site is optimized with the Yoast SEO Premium plugin v27.3 (Yoast SEO v27.3) - https:\/\/yoast.com\/product\/yoast-seo-premium-wordpress\/ -->\n<title>Charte du comit\u00e9 de r\u00e9mun\u00e9ration - Mauser Packaging Solutions<\/title>\n<meta name=\"description\" content=\"Renseignez-vous sur notre comit\u00e9 de r\u00e9mun\u00e9ration, y compris sa charte et son objectif pour remplir ses obligations l\u00e9gales et fiduciaires.\" \/>\n<meta name=\"robots\" content=\"index, follow, max-snippet:-1, max-image-preview:large, max-video-preview:-1\" \/>\n<link rel=\"canonical\" href=\"https:\/\/mauserpackaging.com\/fr\/a-propos-de-mauser\/leadership\/composition-des-comites\/charte-du-comite-de-remuneration\/\" \/>\n<meta property=\"og:locale\" content=\"fr_FR\" \/>\n<meta property=\"og:type\" content=\"article\" \/>\n<meta property=\"og:title\" content=\"Charte du comit\u00e9 de r\u00e9mun\u00e9ration\" \/>\n<meta property=\"og:description\" content=\"Renseignez-vous sur notre comit\u00e9 de r\u00e9mun\u00e9ration, y compris sa charte et son objectif pour remplir ses obligations l\u00e9gales et fiduciaires.\" \/>\n<meta property=\"og:url\" content=\"https:\/\/mauserpackaging.com\/fr\/a-propos-de-mauser\/leadership\/composition-des-comites\/charte-du-comite-de-remuneration\/\" \/>\n<meta property=\"og:site_name\" content=\"Mauser Packaging Solutions\" \/>\n<meta property=\"article:modified_time\" content=\"2025-10-20T20:00:22+00:00\" \/>\n<meta property=\"og:image\" content=\"https:\/\/mauserpackaging.com\/wp-content\/uploads\/2026\/03\/Mauser_Default_SiteImage.jpg\" \/>\n\t<meta property=\"og:image:width\" content=\"1200\" \/>\n\t<meta property=\"og:image:height\" content=\"675\" \/>\n\t<meta property=\"og:image:type\" content=\"image\/jpeg\" \/>\n<meta name=\"twitter:card\" content=\"summary_large_image\" \/>\n<meta name=\"twitter:label1\" content=\"Dur\u00e9e de lecture estim\u00e9e\" \/>\n\t<meta name=\"twitter:data1\" content=\"6 minutes\" \/>\n<script type=\"application\/ld+json\" class=\"yoast-schema-graph\">{\"@context\":\"https:\\\/\\\/schema.org\",\"@graph\":[{\"@type\":\"WebPage\",\"@id\":\"https:\\\/\\\/mauserpackaging.com\\\/fr\\\/a-propos-de-mauser\\\/leadership\\\/composition-des-comites\\\/charte-du-comite-de-remuneration\\\/\",\"url\":\"https:\\\/\\\/mauserpackaging.com\\\/fr\\\/a-propos-de-mauser\\\/leadership\\\/composition-des-comites\\\/charte-du-comite-de-remuneration\\\/\",\"name\":\"Charte du comit\u00e9 de r\u00e9mun\u00e9ration - Mauser Packaging Solutions\",\"isPartOf\":{\"@id\":\"https:\\\/\\\/mauserpackaging.com\\\/fr\\\/#website\"},\"datePublished\":\"2025-02-24T18:32:38+00:00\",\"dateModified\":\"2025-10-20T20:00:22+00:00\",\"description\":\"Renseignez-vous sur notre comit\u00e9 de r\u00e9mun\u00e9ration, y compris sa charte et son objectif pour remplir ses obligations l\u00e9gales et fiduciaires.\",\"breadcrumb\":{\"@id\":\"https:\\\/\\\/mauserpackaging.com\\\/fr\\\/a-propos-de-mauser\\\/leadership\\\/composition-des-comites\\\/charte-du-comite-de-remuneration\\\/#breadcrumb\"},\"inLanguage\":\"fr-FR\",\"potentialAction\":[{\"@type\":\"ReadAction\",\"target\":[\"https:\\\/\\\/mauserpackaging.com\\\/fr\\\/a-propos-de-mauser\\\/leadership\\\/composition-des-comites\\\/charte-du-comite-de-remuneration\\\/\"]}]},{\"@type\":\"BreadcrumbList\",\"@id\":\"https:\\\/\\\/mauserpackaging.com\\\/fr\\\/a-propos-de-mauser\\\/leadership\\\/composition-des-comites\\\/charte-du-comite-de-remuneration\\\/#breadcrumb\",\"itemListElement\":[{\"@type\":\"ListItem\",\"position\":1,\"name\":\"Home\",\"item\":\"https:\\\/\\\/mauserpackaging.com\\\/fr\\\/page-daccueil\\\/\"},{\"@type\":\"ListItem\",\"position\":2,\"name\":\"\u00c0 propos de Mauser\",\"item\":\"https:\\\/\\\/mauserpackaging.com\\\/fr\\\/a-propos-de-mauser\\\/\"},{\"@type\":\"ListItem\",\"position\":3,\"name\":\"Leadership\",\"item\":\"https:\\\/\\\/mauserpackaging.com\\\/fr\\\/a-propos-de-mauser\\\/leadership\\\/\"},{\"@type\":\"ListItem\",\"position\":4,\"name\":\"Composition des comit\u00e9s\",\"item\":\"https:\\\/\\\/mauserpackaging.com\\\/fr\\\/a-propos-de-mauser\\\/leadership\\\/composition-des-comites\\\/\"},{\"@type\":\"ListItem\",\"position\":5,\"name\":\"Charte du comit\u00e9 de r\u00e9mun\u00e9ration\"}]},{\"@type\":\"WebSite\",\"@id\":\"https:\\\/\\\/mauserpackaging.com\\\/fr\\\/#website\",\"url\":\"https:\\\/\\\/mauserpackaging.com\\\/fr\\\/\",\"name\":\"Mauser Packaging Solutions\",\"description\":\"Your go-to packaging partner\",\"publisher\":{\"@id\":\"https:\\\/\\\/mauserpackaging.com\\\/fr\\\/#organization\"},\"alternateName\":\"Mauser Packaging\",\"potentialAction\":[{\"@type\":\"SearchAction\",\"target\":{\"@type\":\"EntryPoint\",\"urlTemplate\":\"https:\\\/\\\/mauserpackaging.com\\\/fr\\\/?s={search_term_string}\"},\"query-input\":{\"@type\":\"PropertyValueSpecification\",\"valueRequired\":true,\"valueName\":\"search_term_string\"}}],\"inLanguage\":\"fr-FR\"},{\"@type\":\"Organization\",\"@id\":\"https:\\\/\\\/mauserpackaging.com\\\/fr\\\/#organization\",\"name\":\"Mauser Packaging Solutions\",\"alternateName\":\"Mauser Packaging\",\"url\":\"https:\\\/\\\/mauserpackaging.com\\\/fr\\\/\",\"logo\":{\"@type\":\"ImageObject\",\"inLanguage\":\"fr-FR\",\"@id\":\"https:\\\/\\\/mauserpackaging.com\\\/fr\\\/#\\\/schema\\\/logo\\\/image\\\/\",\"url\":\"https:\\\/\\\/mauserpackaging.com\\\/wp-content\\\/uploads\\\/2024\\\/11\\\/Mauser_h_RGB.png\",\"contentUrl\":\"https:\\\/\\\/mauserpackaging.com\\\/wp-content\\\/uploads\\\/2024\\\/11\\\/Mauser_h_RGB.png\",\"width\":1951,\"height\":600,\"caption\":\"Mauser Packaging Solutions\"},\"image\":{\"@id\":\"https:\\\/\\\/mauserpackaging.com\\\/fr\\\/#\\\/schema\\\/logo\\\/image\\\/\"},\"sameAs\":[\"https:\\\/\\\/www.linkedin.com\\\/company\\\/mauser-packaging-solutions\\\/\"]}]}<\/script>\n<!-- \/ Yoast SEO Premium plugin. -->","yoast_head_json":{"title":"Charte du comit\u00e9 de r\u00e9mun\u00e9ration - Mauser Packaging Solutions","description":"Renseignez-vous sur notre comit\u00e9 de r\u00e9mun\u00e9ration, y compris sa charte et son objectif pour remplir ses obligations l\u00e9gales et fiduciaires.","robots":{"index":"index","follow":"follow","max-snippet":"max-snippet:-1","max-image-preview":"max-image-preview:large","max-video-preview":"max-video-preview:-1"},"canonical":"https:\/\/mauserpackaging.com\/fr\/a-propos-de-mauser\/leadership\/composition-des-comites\/charte-du-comite-de-remuneration\/","og_locale":"fr_FR","og_type":"article","og_title":"Charte du comit\u00e9 de r\u00e9mun\u00e9ration","og_description":"Renseignez-vous sur notre comit\u00e9 de r\u00e9mun\u00e9ration, y compris sa charte et son objectif pour remplir ses obligations l\u00e9gales et fiduciaires.","og_url":"https:\/\/mauserpackaging.com\/fr\/a-propos-de-mauser\/leadership\/composition-des-comites\/charte-du-comite-de-remuneration\/","og_site_name":"Mauser Packaging Solutions","article_modified_time":"2025-10-20T20:00:22+00:00","og_image":[{"width":1200,"height":675,"url":"https:\/\/mauserpackaging.com\/wp-content\/uploads\/2026\/03\/Mauser_Default_SiteImage.jpg","type":"image\/jpeg"}],"twitter_card":"summary_large_image","twitter_misc":{"Dur\u00e9e de lecture estim\u00e9e":"6 minutes"},"schema":{"@context":"https:\/\/schema.org","@graph":[{"@type":"WebPage","@id":"https:\/\/mauserpackaging.com\/fr\/a-propos-de-mauser\/leadership\/composition-des-comites\/charte-du-comite-de-remuneration\/","url":"https:\/\/mauserpackaging.com\/fr\/a-propos-de-mauser\/leadership\/composition-des-comites\/charte-du-comite-de-remuneration\/","name":"Charte du comit\u00e9 de r\u00e9mun\u00e9ration - Mauser Packaging Solutions","isPartOf":{"@id":"https:\/\/mauserpackaging.com\/fr\/#website"},"datePublished":"2025-02-24T18:32:38+00:00","dateModified":"2025-10-20T20:00:22+00:00","description":"Renseignez-vous sur notre comit\u00e9 de r\u00e9mun\u00e9ration, y compris sa charte et son objectif pour remplir ses obligations l\u00e9gales et fiduciaires.","breadcrumb":{"@id":"https:\/\/mauserpackaging.com\/fr\/a-propos-de-mauser\/leadership\/composition-des-comites\/charte-du-comite-de-remuneration\/#breadcrumb"},"inLanguage":"fr-FR","potentialAction":[{"@type":"ReadAction","target":["https:\/\/mauserpackaging.com\/fr\/a-propos-de-mauser\/leadership\/composition-des-comites\/charte-du-comite-de-remuneration\/"]}]},{"@type":"BreadcrumbList","@id":"https:\/\/mauserpackaging.com\/fr\/a-propos-de-mauser\/leadership\/composition-des-comites\/charte-du-comite-de-remuneration\/#breadcrumb","itemListElement":[{"@type":"ListItem","position":1,"name":"Home","item":"https:\/\/mauserpackaging.com\/fr\/page-daccueil\/"},{"@type":"ListItem","position":2,"name":"\u00c0 propos de Mauser","item":"https:\/\/mauserpackaging.com\/fr\/a-propos-de-mauser\/"},{"@type":"ListItem","position":3,"name":"Leadership","item":"https:\/\/mauserpackaging.com\/fr\/a-propos-de-mauser\/leadership\/"},{"@type":"ListItem","position":4,"name":"Composition des comit\u00e9s","item":"https:\/\/mauserpackaging.com\/fr\/a-propos-de-mauser\/leadership\/composition-des-comites\/"},{"@type":"ListItem","position":5,"name":"Charte du comit\u00e9 de r\u00e9mun\u00e9ration"}]},{"@type":"WebSite","@id":"https:\/\/mauserpackaging.com\/fr\/#website","url":"https:\/\/mauserpackaging.com\/fr\/","name":"Mauser Packaging Solutions","description":"Your go-to packaging partner","publisher":{"@id":"https:\/\/mauserpackaging.com\/fr\/#organization"},"alternateName":"Mauser Packaging","potentialAction":[{"@type":"SearchAction","target":{"@type":"EntryPoint","urlTemplate":"https:\/\/mauserpackaging.com\/fr\/?s={search_term_string}"},"query-input":{"@type":"PropertyValueSpecification","valueRequired":true,"valueName":"search_term_string"}}],"inLanguage":"fr-FR"},{"@type":"Organization","@id":"https:\/\/mauserpackaging.com\/fr\/#organization","name":"Mauser Packaging Solutions","alternateName":"Mauser Packaging","url":"https:\/\/mauserpackaging.com\/fr\/","logo":{"@type":"ImageObject","inLanguage":"fr-FR","@id":"https:\/\/mauserpackaging.com\/fr\/#\/schema\/logo\/image\/","url":"https:\/\/mauserpackaging.com\/wp-content\/uploads\/2024\/11\/Mauser_h_RGB.png","contentUrl":"https:\/\/mauserpackaging.com\/wp-content\/uploads\/2024\/11\/Mauser_h_RGB.png","width":1951,"height":600,"caption":"Mauser Packaging Solutions"},"image":{"@id":"https:\/\/mauserpackaging.com\/fr\/#\/schema\/logo\/image\/"},"sameAs":["https:\/\/www.linkedin.com\/company\/mauser-packaging-solutions\/"]}]}},"_links":{"self":[{"href":"https:\/\/mauserpackaging.com\/fr\/wp-json\/wp\/v2\/pages\/20638","targetHints":{"allow":["GET"]}}],"collection":[{"href":"https:\/\/mauserpackaging.com\/fr\/wp-json\/wp\/v2\/pages"}],"about":[{"href":"https:\/\/mauserpackaging.com\/fr\/wp-json\/wp\/v2\/types\/page"}],"author":[{"embeddable":true,"href":"https:\/\/mauserpackaging.com\/fr\/wp-json\/wp\/v2\/users\/1"}],"replies":[{"embeddable":true,"href":"https:\/\/mauserpackaging.com\/fr\/wp-json\/wp\/v2\/comments?post=20638"}],"version-history":[{"count":0,"href":"https:\/\/mauserpackaging.com\/fr\/wp-json\/wp\/v2\/pages\/20638\/revisions"}],"up":[{"embeddable":true,"href":"https:\/\/mauserpackaging.com\/fr\/wp-json\/wp\/v2\/pages\/20634"}],"wp:attachment":[{"href":"https:\/\/mauserpackaging.com\/fr\/wp-json\/wp\/v2\/media?parent=20638"}],"curies":[{"name":"wp","href":"https:\/\/api.w.org\/{rel}","templated":true}]}}