{"id":20632,"date":"2025-01-10T20:03:25","date_gmt":"2025-01-10T20:03:25","guid":{"rendered":"https:\/\/mauserpackstg.wpenginepowered.com\/a-propos-de-mauser\/informations-pour-les-investisseurs\/"},"modified":"2025-10-15T16:35:35","modified_gmt":"2025-10-15T16:35:35","slug":"informations-pour-les-investisseurs","status":"publish","type":"page","link":"https:\/\/mauserpackaging.com\/fr\/a-propos-de-mauser\/informations-pour-les-investisseurs\/","title":{"rendered":"Informations pour les investisseurs"},"content":{"rendered":"<div id=\"cs-content\" class=\"cs-content\"><\/div>\n","protected":false},"excerpt":{"rendered":"<p>Informations pour les investisseursHome Investir dans un avenir plus durableL\u2019emballage a toujours \u00e9t\u00e9 un \u00e9l\u00e9ment essentiel de l\u2019industrie. Aujourd\u2019hui, plus que jamais, il en va de m\u00eame pour la durabilit\u00e9. Mauser Packaging Solutions est un leader dans ces deux domaines. Mauser Packaging Solutions, form\u00e9 par les soci\u00e9t\u00e9s BWAY Corp, MAUSER Group, National Container Group (\u00ab NCG \u00bb) et Industrial Container\u2026<\/p>\n","protected":false},"author":1,"featured_media":0,"parent":20629,"menu_order":0,"comment_status":"closed","ping_status":"closed","template":"template-blank-4.php","meta":{"footnotes":""},"class_list":["post-20632","page","type-page","status-publish","hentry","no-post-thumbnail"],"yoast_head":"<!-- This site is optimized with the Yoast SEO Premium plugin v27.3 (Yoast SEO v27.3) - https:\/\/yoast.com\/product\/yoast-seo-premium-wordpress\/ -->\n<title>Informations pour les investisseurs - Mauser Packaging Solutions<\/title>\n<meta name=\"description\" content=\"Investissez dans un avenir plus durable. Nous sommes enthousiasm\u00e9s par le potentiel d&#039;une organisation mondiale ax\u00e9e sur la croissance.\" \/>\n<meta name=\"robots\" content=\"index, follow, max-snippet:-1, max-image-preview:large, max-video-preview:-1\" \/>\n<link rel=\"canonical\" href=\"https:\/\/mauserpackaging.com\/fr\/a-propos-de-mauser\/informations-pour-les-investisseurs\/\" \/>\n<meta property=\"og:locale\" content=\"fr_FR\" \/>\n<meta property=\"og:type\" content=\"article\" \/>\n<meta property=\"og:title\" content=\"Informations pour les investisseurs\" \/>\n<meta property=\"og:description\" content=\"Investissez dans un avenir plus durable. Nous sommes enthousiasm\u00e9s par le potentiel d&#039;une organisation mondiale ax\u00e9e sur la croissance.\" \/>\n<meta property=\"og:url\" content=\"https:\/\/mauserpackaging.com\/fr\/a-propos-de-mauser\/informations-pour-les-investisseurs\/\" \/>\n<meta property=\"og:site_name\" content=\"Mauser Packaging Solutions\" \/>\n<meta property=\"article:modified_time\" content=\"2025-10-15T16:35:35+00:00\" \/>\n<meta property=\"og:image\" content=\"https:\/\/mauserpackaging.com\/wp-content\/uploads\/2026\/03\/Mauser_Default_SiteImage.jpg\" \/>\n\t<meta property=\"og:image:width\" content=\"1200\" \/>\n\t<meta property=\"og:image:height\" content=\"675\" \/>\n\t<meta property=\"og:image:type\" content=\"image\/jpeg\" \/>\n<meta name=\"twitter:card\" content=\"summary_large_image\" \/>\n<meta name=\"twitter:label1\" content=\"Dur\u00e9e de lecture estim\u00e9e\" \/>\n\t<meta name=\"twitter:data1\" content=\"4 minutes\" \/>\n<script type=\"application\/ld+json\" class=\"yoast-schema-graph\">{\"@context\":\"https:\\\/\\\/schema.org\",\"@graph\":[{\"@type\":\"WebPage\",\"@id\":\"https:\\\/\\\/mauserpackaging.com\\\/fr\\\/a-propos-de-mauser\\\/informations-pour-les-investisseurs\\\/\",\"url\":\"https:\\\/\\\/mauserpackaging.com\\\/fr\\\/a-propos-de-mauser\\\/informations-pour-les-investisseurs\\\/\",\"name\":\"Informations pour les investisseurs - Mauser Packaging Solutions\",\"isPartOf\":{\"@id\":\"https:\\\/\\\/mauserpackaging.com\\\/fr\\\/#website\"},\"datePublished\":\"2025-01-10T20:03:25+00:00\",\"dateModified\":\"2025-10-15T16:35:35+00:00\",\"description\":\"Investissez dans un avenir plus durable. Nous sommes enthousiasm\u00e9s par le potentiel d'une organisation mondiale ax\u00e9e sur la croissance.\",\"breadcrumb\":{\"@id\":\"https:\\\/\\\/mauserpackaging.com\\\/fr\\\/a-propos-de-mauser\\\/informations-pour-les-investisseurs\\\/#breadcrumb\"},\"inLanguage\":\"fr-FR\",\"potentialAction\":[{\"@type\":\"ReadAction\",\"target\":[\"https:\\\/\\\/mauserpackaging.com\\\/fr\\\/a-propos-de-mauser\\\/informations-pour-les-investisseurs\\\/\"]}]},{\"@type\":\"BreadcrumbList\",\"@id\":\"https:\\\/\\\/mauserpackaging.com\\\/fr\\\/a-propos-de-mauser\\\/informations-pour-les-investisseurs\\\/#breadcrumb\",\"itemListElement\":[{\"@type\":\"ListItem\",\"position\":1,\"name\":\"Home\",\"item\":\"https:\\\/\\\/mauserpackaging.com\\\/fr\\\/page-daccueil\\\/\"},{\"@type\":\"ListItem\",\"position\":2,\"name\":\"\u00c0 propos de Mauser\",\"item\":\"https:\\\/\\\/mauserpackaging.com\\\/fr\\\/a-propos-de-mauser\\\/\"},{\"@type\":\"ListItem\",\"position\":3,\"name\":\"Informations pour les investisseurs\"}]},{\"@type\":\"WebSite\",\"@id\":\"https:\\\/\\\/mauserpackaging.com\\\/fr\\\/#website\",\"url\":\"https:\\\/\\\/mauserpackaging.com\\\/fr\\\/\",\"name\":\"Mauser Packaging Solutions\",\"description\":\"Your go-to packaging partner\",\"publisher\":{\"@id\":\"https:\\\/\\\/mauserpackaging.com\\\/fr\\\/#organization\"},\"alternateName\":\"Mauser Packaging\",\"potentialAction\":[{\"@type\":\"SearchAction\",\"target\":{\"@type\":\"EntryPoint\",\"urlTemplate\":\"https:\\\/\\\/mauserpackaging.com\\\/fr\\\/?s={search_term_string}\"},\"query-input\":{\"@type\":\"PropertyValueSpecification\",\"valueRequired\":true,\"valueName\":\"search_term_string\"}}],\"inLanguage\":\"fr-FR\"},{\"@type\":\"Organization\",\"@id\":\"https:\\\/\\\/mauserpackaging.com\\\/fr\\\/#organization\",\"name\":\"Mauser Packaging Solutions\",\"alternateName\":\"Mauser Packaging\",\"url\":\"https:\\\/\\\/mauserpackaging.com\\\/fr\\\/\",\"logo\":{\"@type\":\"ImageObject\",\"inLanguage\":\"fr-FR\",\"@id\":\"https:\\\/\\\/mauserpackaging.com\\\/fr\\\/#\\\/schema\\\/logo\\\/image\\\/\",\"url\":\"https:\\\/\\\/mauserpackaging.com\\\/wp-content\\\/uploads\\\/2024\\\/11\\\/Mauser_h_RGB.png\",\"contentUrl\":\"https:\\\/\\\/mauserpackaging.com\\\/wp-content\\\/uploads\\\/2024\\\/11\\\/Mauser_h_RGB.png\",\"width\":1951,\"height\":600,\"caption\":\"Mauser Packaging Solutions\"},\"image\":{\"@id\":\"https:\\\/\\\/mauserpackaging.com\\\/fr\\\/#\\\/schema\\\/logo\\\/image\\\/\"},\"sameAs\":[\"https:\\\/\\\/www.linkedin.com\\\/company\\\/mauser-packaging-solutions\\\/\"]}]}<\/script>\n<!-- \/ Yoast SEO Premium plugin. -->","yoast_head_json":{"title":"Informations pour les investisseurs - Mauser Packaging Solutions","description":"Investissez dans un avenir plus durable. Nous sommes enthousiasm\u00e9s par le potentiel d'une organisation mondiale ax\u00e9e sur la croissance.","robots":{"index":"index","follow":"follow","max-snippet":"max-snippet:-1","max-image-preview":"max-image-preview:large","max-video-preview":"max-video-preview:-1"},"canonical":"https:\/\/mauserpackaging.com\/fr\/a-propos-de-mauser\/informations-pour-les-investisseurs\/","og_locale":"fr_FR","og_type":"article","og_title":"Informations pour les investisseurs","og_description":"Investissez dans un avenir plus durable. Nous sommes enthousiasm\u00e9s par le potentiel d'une organisation mondiale ax\u00e9e sur la croissance.","og_url":"https:\/\/mauserpackaging.com\/fr\/a-propos-de-mauser\/informations-pour-les-investisseurs\/","og_site_name":"Mauser Packaging Solutions","article_modified_time":"2025-10-15T16:35:35+00:00","og_image":[{"width":1200,"height":675,"url":"https:\/\/mauserpackaging.com\/wp-content\/uploads\/2026\/03\/Mauser_Default_SiteImage.jpg","type":"image\/jpeg"}],"twitter_card":"summary_large_image","twitter_misc":{"Dur\u00e9e de lecture estim\u00e9e":"4 minutes"},"schema":{"@context":"https:\/\/schema.org","@graph":[{"@type":"WebPage","@id":"https:\/\/mauserpackaging.com\/fr\/a-propos-de-mauser\/informations-pour-les-investisseurs\/","url":"https:\/\/mauserpackaging.com\/fr\/a-propos-de-mauser\/informations-pour-les-investisseurs\/","name":"Informations pour les investisseurs - Mauser Packaging Solutions","isPartOf":{"@id":"https:\/\/mauserpackaging.com\/fr\/#website"},"datePublished":"2025-01-10T20:03:25+00:00","dateModified":"2025-10-15T16:35:35+00:00","description":"Investissez dans un avenir plus durable. Nous sommes enthousiasm\u00e9s par le potentiel d'une organisation mondiale ax\u00e9e sur la croissance.","breadcrumb":{"@id":"https:\/\/mauserpackaging.com\/fr\/a-propos-de-mauser\/informations-pour-les-investisseurs\/#breadcrumb"},"inLanguage":"fr-FR","potentialAction":[{"@type":"ReadAction","target":["https:\/\/mauserpackaging.com\/fr\/a-propos-de-mauser\/informations-pour-les-investisseurs\/"]}]},{"@type":"BreadcrumbList","@id":"https:\/\/mauserpackaging.com\/fr\/a-propos-de-mauser\/informations-pour-les-investisseurs\/#breadcrumb","itemListElement":[{"@type":"ListItem","position":1,"name":"Home","item":"https:\/\/mauserpackaging.com\/fr\/page-daccueil\/"},{"@type":"ListItem","position":2,"name":"\u00c0 propos de Mauser","item":"https:\/\/mauserpackaging.com\/fr\/a-propos-de-mauser\/"},{"@type":"ListItem","position":3,"name":"Informations pour les investisseurs"}]},{"@type":"WebSite","@id":"https:\/\/mauserpackaging.com\/fr\/#website","url":"https:\/\/mauserpackaging.com\/fr\/","name":"Mauser Packaging Solutions","description":"Your go-to packaging partner","publisher":{"@id":"https:\/\/mauserpackaging.com\/fr\/#organization"},"alternateName":"Mauser Packaging","potentialAction":[{"@type":"SearchAction","target":{"@type":"EntryPoint","urlTemplate":"https:\/\/mauserpackaging.com\/fr\/?s={search_term_string}"},"query-input":{"@type":"PropertyValueSpecification","valueRequired":true,"valueName":"search_term_string"}}],"inLanguage":"fr-FR"},{"@type":"Organization","@id":"https:\/\/mauserpackaging.com\/fr\/#organization","name":"Mauser Packaging Solutions","alternateName":"Mauser Packaging","url":"https:\/\/mauserpackaging.com\/fr\/","logo":{"@type":"ImageObject","inLanguage":"fr-FR","@id":"https:\/\/mauserpackaging.com\/fr\/#\/schema\/logo\/image\/","url":"https:\/\/mauserpackaging.com\/wp-content\/uploads\/2024\/11\/Mauser_h_RGB.png","contentUrl":"https:\/\/mauserpackaging.com\/wp-content\/uploads\/2024\/11\/Mauser_h_RGB.png","width":1951,"height":600,"caption":"Mauser Packaging Solutions"},"image":{"@id":"https:\/\/mauserpackaging.com\/fr\/#\/schema\/logo\/image\/"},"sameAs":["https:\/\/www.linkedin.com\/company\/mauser-packaging-solutions\/"]}]}},"_links":{"self":[{"href":"https:\/\/mauserpackaging.com\/fr\/wp-json\/wp\/v2\/pages\/20632","targetHints":{"allow":["GET"]}}],"collection":[{"href":"https:\/\/mauserpackaging.com\/fr\/wp-json\/wp\/v2\/pages"}],"about":[{"href":"https:\/\/mauserpackaging.com\/fr\/wp-json\/wp\/v2\/types\/page"}],"author":[{"embeddable":true,"href":"https:\/\/mauserpackaging.com\/fr\/wp-json\/wp\/v2\/users\/1"}],"replies":[{"embeddable":true,"href":"https:\/\/mauserpackaging.com\/fr\/wp-json\/wp\/v2\/comments?post=20632"}],"version-history":[{"count":0,"href":"https:\/\/mauserpackaging.com\/fr\/wp-json\/wp\/v2\/pages\/20632\/revisions"}],"up":[{"embeddable":true,"href":"https:\/\/mauserpackaging.com\/fr\/wp-json\/wp\/v2\/pages\/20629"}],"wp:attachment":[{"href":"https:\/\/mauserpackaging.com\/fr\/wp-json\/wp\/v2\/media?parent=20632"}],"curies":[{"name":"wp","href":"https:\/\/api.w.org\/{rel}","templated":true}]}}