{"id":20630,"date":"2025-01-10T20:05:01","date_gmt":"2025-01-10T20:05:01","guid":{"rendered":"https:\/\/mauserpackstg.wpenginepowered.com\/a-propos-de-mauser\/nous-contacter\/"},"modified":"2026-04-14T19:37:34","modified_gmt":"2026-04-14T19:37:34","slug":"nous-contacter","status":"publish","type":"page","link":"https:\/\/mauserpackaging.com\/fr\/a-propos-de-mauser\/nous-contacter\/","title":{"rendered":"Nous contacter"},"content":{"rendered":"<div id=\"cs-content\" class=\"cs-content\"><\/div>\n","protected":false},"excerpt":{"rendered":"<p>Nous contacterHome Prenons contact Tout d\u2019abord, nous avons besoin de quelques informations. Veuillez remplir le formulaire ci-dessous et nous vous mettrons en contact avec la personne concern\u00e9e. En quoi pouvons-nous vous aider ?Je suis int\u00e9ress\u00e9 parVeuillez s\u00e9lectionner une optionDemande de produitPossibilit\u00e9s d&#039;emploiDemande de renseignements des m\u00e9diasOpportunit\u00e9s pour les fournisseursRelations avec les investisseursAutreParlez-nous de vos besoins en produitsR\u00e9gion(N\u00e9cessaire)S\u00e9lectionner&#8230;Asie-PacifiqueEurope, Moyen-Orient et AfriqueAm\u00e9rique\u2026<\/p>\n","protected":false},"author":1,"featured_media":0,"parent":20629,"menu_order":0,"comment_status":"closed","ping_status":"closed","template":"template-blank-4.php","meta":{"footnotes":""},"class_list":["post-20630","page","type-page","status-publish","hentry","no-post-thumbnail"],"yoast_head":"<!-- This site is optimized with the Yoast SEO Premium plugin v27.4 (Yoast SEO v27.4) - https:\/\/yoast.com\/product\/yoast-seo-premium-wordpress\/ -->\n<title>Nous contacter | Mauser Packaging Solutions<\/title>\n<meta name=\"description\" content=\"Contactez Mauser Packaging Solutions pour toute demande concernant nos produits, les opportunit\u00e9s de partenariat fournisseurs, les offres d&#039;emploi et bien plus encore. Notre \u00e9quipe est \u00e0 votre disposition.\" \/>\n<meta name=\"robots\" content=\"index, follow, max-snippet:-1, max-image-preview:large, max-video-preview:-1\" \/>\n<link rel=\"canonical\" href=\"https:\/\/mauserpackaging.com\/fr\/a-propos-de-mauser\/nous-contacter\/\" \/>\n<meta property=\"og:locale\" content=\"fr_FR\" \/>\n<meta property=\"og:type\" content=\"article\" \/>\n<meta property=\"og:title\" content=\"Nous contacter\" \/>\n<meta property=\"og:description\" content=\"Contactez Mauser Packaging Solutions pour toute demande concernant nos produits, les opportunit\u00e9s de partenariat fournisseurs, les offres d&#039;emploi et bien plus encore. Notre \u00e9quipe est \u00e0 votre disposition.\" \/>\n<meta property=\"og:url\" content=\"https:\/\/mauserpackaging.com\/fr\/a-propos-de-mauser\/nous-contacter\/\" \/>\n<meta property=\"og:site_name\" content=\"Mauser Packaging Solutions\" \/>\n<meta property=\"article:modified_time\" content=\"2026-04-14T19:37:34+00:00\" \/>\n<meta property=\"og:image\" content=\"https:\/\/mauserpackaging.com\/wp-content\/uploads\/2026\/03\/Mauser_Default_SiteImage.jpg\" \/>\n\t<meta property=\"og:image:width\" content=\"1200\" \/>\n\t<meta property=\"og:image:height\" content=\"675\" \/>\n\t<meta property=\"og:image:type\" content=\"image\/jpeg\" \/>\n<meta name=\"twitter:card\" content=\"summary_large_image\" \/>\n<meta name=\"twitter:label1\" content=\"Dur\u00e9e de lecture estim\u00e9e\" \/>\n\t<meta name=\"twitter:data1\" content=\"3 minutes\" \/>\n<script type=\"application\/ld+json\" class=\"yoast-schema-graph\">{\"@context\":\"https:\\\/\\\/schema.org\",\"@graph\":[{\"@type\":\"WebPage\",\"@id\":\"https:\\\/\\\/mauserpackaging.com\\\/fr\\\/a-propos-de-mauser\\\/nous-contacter\\\/\",\"url\":\"https:\\\/\\\/mauserpackaging.com\\\/fr\\\/a-propos-de-mauser\\\/nous-contacter\\\/\",\"name\":\"Nous contacter | Mauser Packaging Solutions\",\"isPartOf\":{\"@id\":\"https:\\\/\\\/mauserpackaging.com\\\/fr\\\/#website\"},\"datePublished\":\"2025-01-10T20:05:01+00:00\",\"dateModified\":\"2026-04-14T19:37:34+00:00\",\"description\":\"Contactez Mauser Packaging Solutions pour toute demande concernant nos produits, les opportunit\u00e9s de partenariat fournisseurs, les offres d'emploi et bien plus encore. Notre \u00e9quipe est \u00e0 votre disposition.\",\"breadcrumb\":{\"@id\":\"https:\\\/\\\/mauserpackaging.com\\\/fr\\\/a-propos-de-mauser\\\/nous-contacter\\\/#breadcrumb\"},\"inLanguage\":\"fr-FR\",\"potentialAction\":[{\"@type\":\"ReadAction\",\"target\":[\"https:\\\/\\\/mauserpackaging.com\\\/fr\\\/a-propos-de-mauser\\\/nous-contacter\\\/\"]}]},{\"@type\":\"BreadcrumbList\",\"@id\":\"https:\\\/\\\/mauserpackaging.com\\\/fr\\\/a-propos-de-mauser\\\/nous-contacter\\\/#breadcrumb\",\"itemListElement\":[{\"@type\":\"ListItem\",\"position\":1,\"name\":\"Home\",\"item\":\"https:\\\/\\\/mauserpackaging.com\\\/fr\\\/page-daccueil\\\/\"},{\"@type\":\"ListItem\",\"position\":2,\"name\":\"\u00c0 propos de Mauser\",\"item\":\"https:\\\/\\\/mauserpackaging.com\\\/fr\\\/a-propos-de-mauser\\\/\"},{\"@type\":\"ListItem\",\"position\":3,\"name\":\"Nous contacter\"}]},{\"@type\":\"WebSite\",\"@id\":\"https:\\\/\\\/mauserpackaging.com\\\/fr\\\/#website\",\"url\":\"https:\\\/\\\/mauserpackaging.com\\\/fr\\\/\",\"name\":\"Mauser Packaging Solutions\",\"description\":\"Your go-to packaging partner\",\"publisher\":{\"@id\":\"https:\\\/\\\/mauserpackaging.com\\\/fr\\\/#organization\"},\"alternateName\":\"Mauser Packaging\",\"potentialAction\":[{\"@type\":\"SearchAction\",\"target\":{\"@type\":\"EntryPoint\",\"urlTemplate\":\"https:\\\/\\\/mauserpackaging.com\\\/fr\\\/?s={search_term_string}\"},\"query-input\":{\"@type\":\"PropertyValueSpecification\",\"valueRequired\":true,\"valueName\":\"search_term_string\"}}],\"inLanguage\":\"fr-FR\"},{\"@type\":\"Organization\",\"@id\":\"https:\\\/\\\/mauserpackaging.com\\\/fr\\\/#organization\",\"name\":\"Mauser Packaging Solutions\",\"alternateName\":\"Mauser Packaging\",\"url\":\"https:\\\/\\\/mauserpackaging.com\\\/fr\\\/\",\"logo\":{\"@type\":\"ImageObject\",\"inLanguage\":\"fr-FR\",\"@id\":\"https:\\\/\\\/mauserpackaging.com\\\/fr\\\/#\\\/schema\\\/logo\\\/image\\\/\",\"url\":\"https:\\\/\\\/mauserpackaging.com\\\/wp-content\\\/uploads\\\/2024\\\/11\\\/Mauser_h_RGB.png\",\"contentUrl\":\"https:\\\/\\\/mauserpackaging.com\\\/wp-content\\\/uploads\\\/2024\\\/11\\\/Mauser_h_RGB.png\",\"width\":1951,\"height\":600,\"caption\":\"Mauser Packaging Solutions\"},\"image\":{\"@id\":\"https:\\\/\\\/mauserpackaging.com\\\/fr\\\/#\\\/schema\\\/logo\\\/image\\\/\"},\"sameAs\":[\"https:\\\/\\\/www.linkedin.com\\\/company\\\/mauser-packaging-solutions\\\/\"]}]}<\/script>\n<!-- \/ Yoast SEO Premium plugin. -->","yoast_head_json":{"title":"Nous contacter | Mauser Packaging Solutions","description":"Contactez Mauser Packaging Solutions pour toute demande concernant nos produits, les opportunit\u00e9s de partenariat fournisseurs, les offres d'emploi et bien plus encore. Notre \u00e9quipe est \u00e0 votre disposition.","robots":{"index":"index","follow":"follow","max-snippet":"max-snippet:-1","max-image-preview":"max-image-preview:large","max-video-preview":"max-video-preview:-1"},"canonical":"https:\/\/mauserpackaging.com\/fr\/a-propos-de-mauser\/nous-contacter\/","og_locale":"fr_FR","og_type":"article","og_title":"Nous contacter","og_description":"Contactez Mauser Packaging Solutions pour toute demande concernant nos produits, les opportunit\u00e9s de partenariat fournisseurs, les offres d'emploi et bien plus encore. Notre \u00e9quipe est \u00e0 votre disposition.","og_url":"https:\/\/mauserpackaging.com\/fr\/a-propos-de-mauser\/nous-contacter\/","og_site_name":"Mauser Packaging Solutions","article_modified_time":"2026-04-14T19:37:34+00:00","og_image":[{"width":1200,"height":675,"url":"https:\/\/mauserpackaging.com\/wp-content\/uploads\/2026\/03\/Mauser_Default_SiteImage.jpg","type":"image\/jpeg"}],"twitter_card":"summary_large_image","twitter_misc":{"Dur\u00e9e de lecture estim\u00e9e":"3 minutes"},"schema":{"@context":"https:\/\/schema.org","@graph":[{"@type":"WebPage","@id":"https:\/\/mauserpackaging.com\/fr\/a-propos-de-mauser\/nous-contacter\/","url":"https:\/\/mauserpackaging.com\/fr\/a-propos-de-mauser\/nous-contacter\/","name":"Nous contacter | Mauser Packaging Solutions","isPartOf":{"@id":"https:\/\/mauserpackaging.com\/fr\/#website"},"datePublished":"2025-01-10T20:05:01+00:00","dateModified":"2026-04-14T19:37:34+00:00","description":"Contactez Mauser Packaging Solutions pour toute demande concernant nos produits, les opportunit\u00e9s de partenariat fournisseurs, les offres d'emploi et bien plus encore. Notre \u00e9quipe est \u00e0 votre disposition.","breadcrumb":{"@id":"https:\/\/mauserpackaging.com\/fr\/a-propos-de-mauser\/nous-contacter\/#breadcrumb"},"inLanguage":"fr-FR","potentialAction":[{"@type":"ReadAction","target":["https:\/\/mauserpackaging.com\/fr\/a-propos-de-mauser\/nous-contacter\/"]}]},{"@type":"BreadcrumbList","@id":"https:\/\/mauserpackaging.com\/fr\/a-propos-de-mauser\/nous-contacter\/#breadcrumb","itemListElement":[{"@type":"ListItem","position":1,"name":"Home","item":"https:\/\/mauserpackaging.com\/fr\/page-daccueil\/"},{"@type":"ListItem","position":2,"name":"\u00c0 propos de Mauser","item":"https:\/\/mauserpackaging.com\/fr\/a-propos-de-mauser\/"},{"@type":"ListItem","position":3,"name":"Nous contacter"}]},{"@type":"WebSite","@id":"https:\/\/mauserpackaging.com\/fr\/#website","url":"https:\/\/mauserpackaging.com\/fr\/","name":"Mauser Packaging Solutions","description":"Your go-to packaging partner","publisher":{"@id":"https:\/\/mauserpackaging.com\/fr\/#organization"},"alternateName":"Mauser Packaging","potentialAction":[{"@type":"SearchAction","target":{"@type":"EntryPoint","urlTemplate":"https:\/\/mauserpackaging.com\/fr\/?s={search_term_string}"},"query-input":{"@type":"PropertyValueSpecification","valueRequired":true,"valueName":"search_term_string"}}],"inLanguage":"fr-FR"},{"@type":"Organization","@id":"https:\/\/mauserpackaging.com\/fr\/#organization","name":"Mauser Packaging Solutions","alternateName":"Mauser Packaging","url":"https:\/\/mauserpackaging.com\/fr\/","logo":{"@type":"ImageObject","inLanguage":"fr-FR","@id":"https:\/\/mauserpackaging.com\/fr\/#\/schema\/logo\/image\/","url":"https:\/\/mauserpackaging.com\/wp-content\/uploads\/2024\/11\/Mauser_h_RGB.png","contentUrl":"https:\/\/mauserpackaging.com\/wp-content\/uploads\/2024\/11\/Mauser_h_RGB.png","width":1951,"height":600,"caption":"Mauser Packaging Solutions"},"image":{"@id":"https:\/\/mauserpackaging.com\/fr\/#\/schema\/logo\/image\/"},"sameAs":["https:\/\/www.linkedin.com\/company\/mauser-packaging-solutions\/"]}]}},"_links":{"self":[{"href":"https:\/\/mauserpackaging.com\/fr\/wp-json\/wp\/v2\/pages\/20630","targetHints":{"allow":["GET"]}}],"collection":[{"href":"https:\/\/mauserpackaging.com\/fr\/wp-json\/wp\/v2\/pages"}],"about":[{"href":"https:\/\/mauserpackaging.com\/fr\/wp-json\/wp\/v2\/types\/page"}],"author":[{"embeddable":true,"href":"https:\/\/mauserpackaging.com\/fr\/wp-json\/wp\/v2\/users\/1"}],"replies":[{"embeddable":true,"href":"https:\/\/mauserpackaging.com\/fr\/wp-json\/wp\/v2\/comments?post=20630"}],"version-history":[{"count":0,"href":"https:\/\/mauserpackaging.com\/fr\/wp-json\/wp\/v2\/pages\/20630\/revisions"}],"up":[{"embeddable":true,"href":"https:\/\/mauserpackaging.com\/fr\/wp-json\/wp\/v2\/pages\/20629"}],"wp:attachment":[{"href":"https:\/\/mauserpackaging.com\/fr\/wp-json\/wp\/v2\/media?parent=20630"}],"curies":[{"name":"wp","href":"https:\/\/api.w.org\/{rel}","templated":true}]}}