{"id":20877,"date":"2024-12-23T16:51:46","date_gmt":"2024-12-23T16:51:46","guid":{"rendered":"https:\/\/mauserpackstg.wpenginepowered.com\/soluciones-sostenibles\/recipientes-reacondicionado\/"},"modified":"2025-10-21T17:15:21","modified_gmt":"2025-10-21T17:15:21","slug":"recipientes-reacondicionado","status":"publish","type":"page","link":"https:\/\/mauserpackaging.com\/es\/soluciones-sostenibles\/recipientes-reacondicionado\/","title":{"rendered":"Recipientes reacondicionado"},"content":{"rendered":"<div id=\"cs-content\" class=\"cs-content\"><\/div>\n","protected":false},"excerpt":{"rendered":"<p>Recipientes reacondicionadoHome Prolongue la vida \u00fatil de sus recipientes usadosCuantos m\u00e1s usos pueda dar a los bidones e IBC, menor ser\u00e1 el impacto en sus operaciones y en el medio ambiente. Para ayudarle a sacar el m\u00e1ximo partido de sus recipientes, Mauser Packaging Solutions ofrece una variedad de servicios de reacondicionamiento para bidones de pl\u00e1stico y acero y contenedores intermedios&hellip;<\/p>\n","protected":false},"author":1,"featured_media":0,"parent":20872,"menu_order":0,"comment_status":"closed","ping_status":"closed","template":"","meta":{"footnotes":""},"class_list":["post-20877","page","type-page","status-publish","hentry","no-post-thumbnail"],"yoast_head":"<!-- This site is optimized with the Yoast SEO Premium plugin v27.4 (Yoast SEO v27.4) - https:\/\/yoast.com\/product\/yoast-seo-premium-wordpress\/ -->\n<title>Recipientes reacondicionado - Mauser Packaging Solutions<\/title>\n<meta name=\"description\" content=\"Para ayudarle a aprovechar al m\u00e1ximo su embalaje, Mauser ofrece una variedad de servicios de reacondicionamiento para bidones de pl\u00e1stico y acero y contenedores IBC.\" \/>\n<meta name=\"robots\" content=\"index, follow, max-snippet:-1, max-image-preview:large, max-video-preview:-1\" \/>\n<link rel=\"canonical\" href=\"https:\/\/mauserpackaging.com\/es\/soluciones-sostenibles\/recipientes-reacondicionado\/\" \/>\n<meta property=\"og:locale\" content=\"es_ES\" \/>\n<meta property=\"og:type\" content=\"article\" \/>\n<meta property=\"og:title\" content=\"Recipientes reacondicionado\" \/>\n<meta property=\"og:description\" content=\"Para ayudarle a aprovechar al m\u00e1ximo su embalaje, Mauser ofrece una variedad de servicios de reacondicionamiento para bidones de pl\u00e1stico y acero y contenedores IBC.\" \/>\n<meta property=\"og:url\" content=\"https:\/\/mauserpackaging.com\/es\/soluciones-sostenibles\/recipientes-reacondicionado\/\" \/>\n<meta property=\"og:site_name\" content=\"Mauser Packaging Solutions\" \/>\n<meta property=\"article:modified_time\" content=\"2025-10-21T17:15:21+00:00\" \/>\n<meta property=\"og:image\" content=\"https:\/\/mauserpackaging.com\/wp-content\/uploads\/2026\/03\/Mauser_Default_SiteImage.jpg\" \/>\n\t<meta property=\"og:image:width\" content=\"1200\" \/>\n\t<meta property=\"og:image:height\" content=\"675\" \/>\n\t<meta property=\"og:image:type\" content=\"image\/jpeg\" \/>\n<meta name=\"twitter:card\" content=\"summary_large_image\" \/>\n<meta name=\"twitter:label1\" content=\"Tiempo de lectura\" \/>\n\t<meta name=\"twitter:data1\" content=\"6 minutos\" \/>\n<script type=\"application\/ld+json\" class=\"yoast-schema-graph\">{\"@context\":\"https:\\\/\\\/schema.org\",\"@graph\":[{\"@type\":\"WebPage\",\"@id\":\"https:\\\/\\\/mauserpackaging.com\\\/es\\\/soluciones-sostenibles\\\/recipientes-reacondicionado\\\/\",\"url\":\"https:\\\/\\\/mauserpackaging.com\\\/es\\\/soluciones-sostenibles\\\/recipientes-reacondicionado\\\/\",\"name\":\"Recipientes reacondicionado - Mauser Packaging Solutions\",\"isPartOf\":{\"@id\":\"https:\\\/\\\/mauserpackaging.com\\\/es\\\/#website\"},\"datePublished\":\"2024-12-23T16:51:46+00:00\",\"dateModified\":\"2025-10-21T17:15:21+00:00\",\"description\":\"Para ayudarle a aprovechar al m\u00e1ximo su embalaje, Mauser ofrece una variedad de servicios de reacondicionamiento para bidones de pl\u00e1stico y acero y contenedores IBC.\",\"breadcrumb\":{\"@id\":\"https:\\\/\\\/mauserpackaging.com\\\/es\\\/soluciones-sostenibles\\\/recipientes-reacondicionado\\\/#breadcrumb\"},\"inLanguage\":\"es\",\"potentialAction\":[{\"@type\":\"ReadAction\",\"target\":[\"https:\\\/\\\/mauserpackaging.com\\\/es\\\/soluciones-sostenibles\\\/recipientes-reacondicionado\\\/\"]}]},{\"@type\":\"BreadcrumbList\",\"@id\":\"https:\\\/\\\/mauserpackaging.com\\\/es\\\/soluciones-sostenibles\\\/recipientes-reacondicionado\\\/#breadcrumb\",\"itemListElement\":[{\"@type\":\"ListItem\",\"position\":1,\"name\":\"Home\",\"item\":\"https:\\\/\\\/mauserpackaging.com\\\/es\\\/hogar\\\/\"},{\"@type\":\"ListItem\",\"position\":2,\"name\":\"Soluciones sostenibles\",\"item\":\"https:\\\/\\\/mauserpackaging.com\\\/es\\\/soluciones-sostenibles\\\/\"},{\"@type\":\"ListItem\",\"position\":3,\"name\":\"Recipientes reacondicionado\"}]},{\"@type\":\"WebSite\",\"@id\":\"https:\\\/\\\/mauserpackaging.com\\\/es\\\/#website\",\"url\":\"https:\\\/\\\/mauserpackaging.com\\\/es\\\/\",\"name\":\"Mauser Packaging Solutions\",\"description\":\"Your go-to packaging partner\",\"publisher\":{\"@id\":\"https:\\\/\\\/mauserpackaging.com\\\/es\\\/#organization\"},\"alternateName\":\"Mauser Packaging\",\"potentialAction\":[{\"@type\":\"SearchAction\",\"target\":{\"@type\":\"EntryPoint\",\"urlTemplate\":\"https:\\\/\\\/mauserpackaging.com\\\/es\\\/?s={search_term_string}\"},\"query-input\":{\"@type\":\"PropertyValueSpecification\",\"valueRequired\":true,\"valueName\":\"search_term_string\"}}],\"inLanguage\":\"es\"},{\"@type\":\"Organization\",\"@id\":\"https:\\\/\\\/mauserpackaging.com\\\/es\\\/#organization\",\"name\":\"Mauser Packaging Solutions\",\"alternateName\":\"Mauser Packaging\",\"url\":\"https:\\\/\\\/mauserpackaging.com\\\/es\\\/\",\"logo\":{\"@type\":\"ImageObject\",\"inLanguage\":\"es\",\"@id\":\"https:\\\/\\\/mauserpackaging.com\\\/es\\\/#\\\/schema\\\/logo\\\/image\\\/\",\"url\":\"https:\\\/\\\/mauserpackaging.com\\\/wp-content\\\/uploads\\\/2024\\\/11\\\/Mauser_h_RGB.png\",\"contentUrl\":\"https:\\\/\\\/mauserpackaging.com\\\/wp-content\\\/uploads\\\/2024\\\/11\\\/Mauser_h_RGB.png\",\"width\":1951,\"height\":600,\"caption\":\"Mauser Packaging Solutions\"},\"image\":{\"@id\":\"https:\\\/\\\/mauserpackaging.com\\\/es\\\/#\\\/schema\\\/logo\\\/image\\\/\"},\"sameAs\":[\"https:\\\/\\\/www.linkedin.com\\\/company\\\/mauser-packaging-solutions\\\/\"]}]}<\/script>\n<!-- \/ Yoast SEO Premium plugin. -->","yoast_head_json":{"title":"Recipientes reacondicionado - Mauser Packaging Solutions","description":"Para ayudarle a aprovechar al m\u00e1ximo su embalaje, Mauser ofrece una variedad de servicios de reacondicionamiento para bidones de pl\u00e1stico y acero y contenedores IBC.","robots":{"index":"index","follow":"follow","max-snippet":"max-snippet:-1","max-image-preview":"max-image-preview:large","max-video-preview":"max-video-preview:-1"},"canonical":"https:\/\/mauserpackaging.com\/es\/soluciones-sostenibles\/recipientes-reacondicionado\/","og_locale":"es_ES","og_type":"article","og_title":"Recipientes reacondicionado","og_description":"Para ayudarle a aprovechar al m\u00e1ximo su embalaje, Mauser ofrece una variedad de servicios de reacondicionamiento para bidones de pl\u00e1stico y acero y contenedores IBC.","og_url":"https:\/\/mauserpackaging.com\/es\/soluciones-sostenibles\/recipientes-reacondicionado\/","og_site_name":"Mauser Packaging Solutions","article_modified_time":"2025-10-21T17:15:21+00:00","og_image":[{"width":1200,"height":675,"url":"https:\/\/mauserpackaging.com\/wp-content\/uploads\/2026\/03\/Mauser_Default_SiteImage.jpg","type":"image\/jpeg"}],"twitter_card":"summary_large_image","twitter_misc":{"Tiempo de lectura":"6 minutos"},"schema":{"@context":"https:\/\/schema.org","@graph":[{"@type":"WebPage","@id":"https:\/\/mauserpackaging.com\/es\/soluciones-sostenibles\/recipientes-reacondicionado\/","url":"https:\/\/mauserpackaging.com\/es\/soluciones-sostenibles\/recipientes-reacondicionado\/","name":"Recipientes reacondicionado - Mauser Packaging Solutions","isPartOf":{"@id":"https:\/\/mauserpackaging.com\/es\/#website"},"datePublished":"2024-12-23T16:51:46+00:00","dateModified":"2025-10-21T17:15:21+00:00","description":"Para ayudarle a aprovechar al m\u00e1ximo su embalaje, Mauser ofrece una variedad de servicios de reacondicionamiento para bidones de pl\u00e1stico y acero y contenedores IBC.","breadcrumb":{"@id":"https:\/\/mauserpackaging.com\/es\/soluciones-sostenibles\/recipientes-reacondicionado\/#breadcrumb"},"inLanguage":"es","potentialAction":[{"@type":"ReadAction","target":["https:\/\/mauserpackaging.com\/es\/soluciones-sostenibles\/recipientes-reacondicionado\/"]}]},{"@type":"BreadcrumbList","@id":"https:\/\/mauserpackaging.com\/es\/soluciones-sostenibles\/recipientes-reacondicionado\/#breadcrumb","itemListElement":[{"@type":"ListItem","position":1,"name":"Home","item":"https:\/\/mauserpackaging.com\/es\/hogar\/"},{"@type":"ListItem","position":2,"name":"Soluciones sostenibles","item":"https:\/\/mauserpackaging.com\/es\/soluciones-sostenibles\/"},{"@type":"ListItem","position":3,"name":"Recipientes reacondicionado"}]},{"@type":"WebSite","@id":"https:\/\/mauserpackaging.com\/es\/#website","url":"https:\/\/mauserpackaging.com\/es\/","name":"Mauser Packaging Solutions","description":"Your go-to packaging partner","publisher":{"@id":"https:\/\/mauserpackaging.com\/es\/#organization"},"alternateName":"Mauser Packaging","potentialAction":[{"@type":"SearchAction","target":{"@type":"EntryPoint","urlTemplate":"https:\/\/mauserpackaging.com\/es\/?s={search_term_string}"},"query-input":{"@type":"PropertyValueSpecification","valueRequired":true,"valueName":"search_term_string"}}],"inLanguage":"es"},{"@type":"Organization","@id":"https:\/\/mauserpackaging.com\/es\/#organization","name":"Mauser Packaging Solutions","alternateName":"Mauser Packaging","url":"https:\/\/mauserpackaging.com\/es\/","logo":{"@type":"ImageObject","inLanguage":"es","@id":"https:\/\/mauserpackaging.com\/es\/#\/schema\/logo\/image\/","url":"https:\/\/mauserpackaging.com\/wp-content\/uploads\/2024\/11\/Mauser_h_RGB.png","contentUrl":"https:\/\/mauserpackaging.com\/wp-content\/uploads\/2024\/11\/Mauser_h_RGB.png","width":1951,"height":600,"caption":"Mauser Packaging Solutions"},"image":{"@id":"https:\/\/mauserpackaging.com\/es\/#\/schema\/logo\/image\/"},"sameAs":["https:\/\/www.linkedin.com\/company\/mauser-packaging-solutions\/"]}]}},"_links":{"self":[{"href":"https:\/\/mauserpackaging.com\/es\/wp-json\/wp\/v2\/pages\/20877","targetHints":{"allow":["GET"]}}],"collection":[{"href":"https:\/\/mauserpackaging.com\/es\/wp-json\/wp\/v2\/pages"}],"about":[{"href":"https:\/\/mauserpackaging.com\/es\/wp-json\/wp\/v2\/types\/page"}],"author":[{"embeddable":true,"href":"https:\/\/mauserpackaging.com\/es\/wp-json\/wp\/v2\/users\/1"}],"replies":[{"embeddable":true,"href":"https:\/\/mauserpackaging.com\/es\/wp-json\/wp\/v2\/comments?post=20877"}],"version-history":[{"count":0,"href":"https:\/\/mauserpackaging.com\/es\/wp-json\/wp\/v2\/pages\/20877\/revisions"}],"up":[{"embeddable":true,"href":"https:\/\/mauserpackaging.com\/es\/wp-json\/wp\/v2\/pages\/20872"}],"wp:attachment":[{"href":"https:\/\/mauserpackaging.com\/es\/wp-json\/wp\/v2\/media?parent=20877"}],"curies":[{"name":"wp","href":"https:\/\/api.w.org\/{rel}","templated":true}]}}