{"id":20858,"date":"2024-12-17T20:10:56","date_gmt":"2024-12-17T20:10:56","guid":{"rendered":"https:\/\/mauserpackstg.wpenginepowered.com\/productos-e-innovaciones\/cubetas\/cubetas-de-plastico\/"},"modified":"2025-12-05T16:31:29","modified_gmt":"2025-12-05T16:31:29","slug":"cubetas-de-plastico","status":"publish","type":"page","link":"https:\/\/mauserpackaging.com\/es\/productos-e-innovaciones\/cubetas\/cubetas-de-plastico\/","title":{"rendered":"Cubetas de pl\u00e1stico"},"content":{"rendered":"<div id=\"cs-content\" class=\"cs-content\"><\/div>\n","protected":false},"excerpt":{"rendered":"<p>Home Cubetas de pl\u00e1sticoOpciones l\u00edderes del mercado En Mauser Packaging Solutions, somos aut\u00e9nticos pioneros en la categor\u00eda de cubetas de pl\u00e1stico. Tanto si necesita baldes de pl\u00e1stico que rindan en los entornos m\u00e1s duros, que destaquen en la punta de g\u00f3ndola de una tienda, que incorporen resina reciclada o que cumplan los requisitos para el contacto con alimentos, nuestras vers\u00e1tiles&hellip;<\/p>\n","protected":false},"author":1,"featured_media":0,"parent":20857,"menu_order":0,"comment_status":"closed","ping_status":"closed","template":"template-blank-4.php","meta":{"footnotes":""},"class_list":["post-20858","page","type-page","status-publish","hentry","no-post-thumbnail"],"yoast_head":"<!-- This site is optimized with the Yoast SEO Premium plugin v27.3 (Yoast SEO v27.3) - https:\/\/yoast.com\/product\/yoast-seo-premium-wordpress\/ -->\n<title>Cubetas de pl\u00e1stico - Mauser Packaging Solutions<\/title>\n<meta name=\"description\" content=\"Ya sea que necesite baldes de pl\u00e1stico que funcionen en los entornos m\u00e1s hostiles o que se destaquen en el extremo de una tienda, Mauser tiene la soluci\u00f3n.\" \/>\n<meta name=\"robots\" content=\"index, follow, max-snippet:-1, max-image-preview:large, max-video-preview:-1\" \/>\n<link rel=\"canonical\" href=\"https:\/\/mauserpackaging.com\/es\/productos-e-innovaciones\/cubetas\/cubetas-de-plastico\/\" \/>\n<meta property=\"og:locale\" content=\"es_ES\" \/>\n<meta property=\"og:type\" content=\"article\" \/>\n<meta property=\"og:title\" content=\"Cubetas de pl\u00e1stico\" \/>\n<meta property=\"og:description\" content=\"Ya sea que necesite baldes de pl\u00e1stico que funcionen en los entornos m\u00e1s hostiles o que se destaquen en el extremo de una tienda, Mauser tiene la soluci\u00f3n.\" \/>\n<meta property=\"og:url\" content=\"https:\/\/mauserpackaging.com\/es\/productos-e-innovaciones\/cubetas\/cubetas-de-plastico\/\" \/>\n<meta property=\"og:site_name\" content=\"Mauser Packaging Solutions\" \/>\n<meta property=\"article:modified_time\" content=\"2025-12-05T16:31:29+00:00\" \/>\n<meta property=\"og:image\" content=\"https:\/\/mauserpackaging.com\/wp-content\/uploads\/2026\/03\/Mauser_Default_SiteImage.jpg\" \/>\n\t<meta property=\"og:image:width\" content=\"1200\" \/>\n\t<meta property=\"og:image:height\" content=\"675\" \/>\n\t<meta property=\"og:image:type\" content=\"image\/jpeg\" \/>\n<meta name=\"twitter:card\" content=\"summary_large_image\" \/>\n<meta name=\"twitter:label1\" content=\"Tiempo de lectura\" \/>\n\t<meta name=\"twitter:data1\" content=\"8 minutos\" \/>\n<script type=\"application\/ld+json\" class=\"yoast-schema-graph\">{\"@context\":\"https:\\\/\\\/schema.org\",\"@graph\":[{\"@type\":\"WebPage\",\"@id\":\"https:\\\/\\\/mauserpackaging.com\\\/es\\\/productos-e-innovaciones\\\/cubetas\\\/cubetas-de-plastico\\\/\",\"url\":\"https:\\\/\\\/mauserpackaging.com\\\/es\\\/productos-e-innovaciones\\\/cubetas\\\/cubetas-de-plastico\\\/\",\"name\":\"Cubetas de pl\u00e1stico - Mauser Packaging Solutions\",\"isPartOf\":{\"@id\":\"https:\\\/\\\/mauserpackaging.com\\\/es\\\/#website\"},\"datePublished\":\"2024-12-17T20:10:56+00:00\",\"dateModified\":\"2025-12-05T16:31:29+00:00\",\"description\":\"Ya sea que necesite baldes de pl\u00e1stico que funcionen en los entornos m\u00e1s hostiles o que se destaquen en el extremo de una tienda, Mauser tiene la soluci\u00f3n.\",\"breadcrumb\":{\"@id\":\"https:\\\/\\\/mauserpackaging.com\\\/es\\\/productos-e-innovaciones\\\/cubetas\\\/cubetas-de-plastico\\\/#breadcrumb\"},\"inLanguage\":\"es\",\"potentialAction\":[{\"@type\":\"ReadAction\",\"target\":[\"https:\\\/\\\/mauserpackaging.com\\\/es\\\/productos-e-innovaciones\\\/cubetas\\\/cubetas-de-plastico\\\/\"]}]},{\"@type\":\"BreadcrumbList\",\"@id\":\"https:\\\/\\\/mauserpackaging.com\\\/es\\\/productos-e-innovaciones\\\/cubetas\\\/cubetas-de-plastico\\\/#breadcrumb\",\"itemListElement\":[{\"@type\":\"ListItem\",\"position\":1,\"name\":\"Home\",\"item\":\"https:\\\/\\\/mauserpackaging.com\\\/es\\\/hogar\\\/\"},{\"@type\":\"ListItem\",\"position\":2,\"name\":\"Productos e innovaciones\",\"item\":\"https:\\\/\\\/mauserpackaging.com\\\/es\\\/productos-e-innovaciones\\\/\"},{\"@type\":\"ListItem\",\"position\":3,\"name\":\"Cubetas\",\"item\":\"https:\\\/\\\/mauserpackaging.com\\\/es\\\/productos-e-innovaciones\\\/cubetas\\\/\"},{\"@type\":\"ListItem\",\"position\":4,\"name\":\"Cubetas de pl\u00e1stico\"}]},{\"@type\":\"WebSite\",\"@id\":\"https:\\\/\\\/mauserpackaging.com\\\/es\\\/#website\",\"url\":\"https:\\\/\\\/mauserpackaging.com\\\/es\\\/\",\"name\":\"Mauser Packaging Solutions\",\"description\":\"Your go-to packaging partner\",\"publisher\":{\"@id\":\"https:\\\/\\\/mauserpackaging.com\\\/es\\\/#organization\"},\"alternateName\":\"Mauser Packaging\",\"potentialAction\":[{\"@type\":\"SearchAction\",\"target\":{\"@type\":\"EntryPoint\",\"urlTemplate\":\"https:\\\/\\\/mauserpackaging.com\\\/es\\\/?s={search_term_string}\"},\"query-input\":{\"@type\":\"PropertyValueSpecification\",\"valueRequired\":true,\"valueName\":\"search_term_string\"}}],\"inLanguage\":\"es\"},{\"@type\":\"Organization\",\"@id\":\"https:\\\/\\\/mauserpackaging.com\\\/es\\\/#organization\",\"name\":\"Mauser Packaging Solutions\",\"alternateName\":\"Mauser Packaging\",\"url\":\"https:\\\/\\\/mauserpackaging.com\\\/es\\\/\",\"logo\":{\"@type\":\"ImageObject\",\"inLanguage\":\"es\",\"@id\":\"https:\\\/\\\/mauserpackaging.com\\\/es\\\/#\\\/schema\\\/logo\\\/image\\\/\",\"url\":\"https:\\\/\\\/mauserpackaging.com\\\/wp-content\\\/uploads\\\/2024\\\/11\\\/Mauser_h_RGB.png\",\"contentUrl\":\"https:\\\/\\\/mauserpackaging.com\\\/wp-content\\\/uploads\\\/2024\\\/11\\\/Mauser_h_RGB.png\",\"width\":1951,\"height\":600,\"caption\":\"Mauser Packaging Solutions\"},\"image\":{\"@id\":\"https:\\\/\\\/mauserpackaging.com\\\/es\\\/#\\\/schema\\\/logo\\\/image\\\/\"},\"sameAs\":[\"https:\\\/\\\/www.linkedin.com\\\/company\\\/mauser-packaging-solutions\\\/\"]}]}<\/script>\n<!-- \/ Yoast SEO Premium plugin. -->","yoast_head_json":{"title":"Cubetas de pl\u00e1stico - Mauser Packaging Solutions","description":"Ya sea que necesite baldes de pl\u00e1stico que funcionen en los entornos m\u00e1s hostiles o que se destaquen en el extremo de una tienda, Mauser tiene la soluci\u00f3n.","robots":{"index":"index","follow":"follow","max-snippet":"max-snippet:-1","max-image-preview":"max-image-preview:large","max-video-preview":"max-video-preview:-1"},"canonical":"https:\/\/mauserpackaging.com\/es\/productos-e-innovaciones\/cubetas\/cubetas-de-plastico\/","og_locale":"es_ES","og_type":"article","og_title":"Cubetas de pl\u00e1stico","og_description":"Ya sea que necesite baldes de pl\u00e1stico que funcionen en los entornos m\u00e1s hostiles o que se destaquen en el extremo de una tienda, Mauser tiene la soluci\u00f3n.","og_url":"https:\/\/mauserpackaging.com\/es\/productos-e-innovaciones\/cubetas\/cubetas-de-plastico\/","og_site_name":"Mauser Packaging Solutions","article_modified_time":"2025-12-05T16:31:29+00:00","og_image":[{"width":1200,"height":675,"url":"https:\/\/mauserpackaging.com\/wp-content\/uploads\/2026\/03\/Mauser_Default_SiteImage.jpg","type":"image\/jpeg"}],"twitter_card":"summary_large_image","twitter_misc":{"Tiempo de lectura":"8 minutos"},"schema":{"@context":"https:\/\/schema.org","@graph":[{"@type":"WebPage","@id":"https:\/\/mauserpackaging.com\/es\/productos-e-innovaciones\/cubetas\/cubetas-de-plastico\/","url":"https:\/\/mauserpackaging.com\/es\/productos-e-innovaciones\/cubetas\/cubetas-de-plastico\/","name":"Cubetas de pl\u00e1stico - Mauser Packaging Solutions","isPartOf":{"@id":"https:\/\/mauserpackaging.com\/es\/#website"},"datePublished":"2024-12-17T20:10:56+00:00","dateModified":"2025-12-05T16:31:29+00:00","description":"Ya sea que necesite baldes de pl\u00e1stico que funcionen en los entornos m\u00e1s hostiles o que se destaquen en el extremo de una tienda, Mauser tiene la soluci\u00f3n.","breadcrumb":{"@id":"https:\/\/mauserpackaging.com\/es\/productos-e-innovaciones\/cubetas\/cubetas-de-plastico\/#breadcrumb"},"inLanguage":"es","potentialAction":[{"@type":"ReadAction","target":["https:\/\/mauserpackaging.com\/es\/productos-e-innovaciones\/cubetas\/cubetas-de-plastico\/"]}]},{"@type":"BreadcrumbList","@id":"https:\/\/mauserpackaging.com\/es\/productos-e-innovaciones\/cubetas\/cubetas-de-plastico\/#breadcrumb","itemListElement":[{"@type":"ListItem","position":1,"name":"Home","item":"https:\/\/mauserpackaging.com\/es\/hogar\/"},{"@type":"ListItem","position":2,"name":"Productos e innovaciones","item":"https:\/\/mauserpackaging.com\/es\/productos-e-innovaciones\/"},{"@type":"ListItem","position":3,"name":"Cubetas","item":"https:\/\/mauserpackaging.com\/es\/productos-e-innovaciones\/cubetas\/"},{"@type":"ListItem","position":4,"name":"Cubetas de pl\u00e1stico"}]},{"@type":"WebSite","@id":"https:\/\/mauserpackaging.com\/es\/#website","url":"https:\/\/mauserpackaging.com\/es\/","name":"Mauser Packaging Solutions","description":"Your go-to packaging partner","publisher":{"@id":"https:\/\/mauserpackaging.com\/es\/#organization"},"alternateName":"Mauser Packaging","potentialAction":[{"@type":"SearchAction","target":{"@type":"EntryPoint","urlTemplate":"https:\/\/mauserpackaging.com\/es\/?s={search_term_string}"},"query-input":{"@type":"PropertyValueSpecification","valueRequired":true,"valueName":"search_term_string"}}],"inLanguage":"es"},{"@type":"Organization","@id":"https:\/\/mauserpackaging.com\/es\/#organization","name":"Mauser Packaging Solutions","alternateName":"Mauser Packaging","url":"https:\/\/mauserpackaging.com\/es\/","logo":{"@type":"ImageObject","inLanguage":"es","@id":"https:\/\/mauserpackaging.com\/es\/#\/schema\/logo\/image\/","url":"https:\/\/mauserpackaging.com\/wp-content\/uploads\/2024\/11\/Mauser_h_RGB.png","contentUrl":"https:\/\/mauserpackaging.com\/wp-content\/uploads\/2024\/11\/Mauser_h_RGB.png","width":1951,"height":600,"caption":"Mauser Packaging Solutions"},"image":{"@id":"https:\/\/mauserpackaging.com\/es\/#\/schema\/logo\/image\/"},"sameAs":["https:\/\/www.linkedin.com\/company\/mauser-packaging-solutions\/"]}]}},"_links":{"self":[{"href":"https:\/\/mauserpackaging.com\/es\/wp-json\/wp\/v2\/pages\/20858","targetHints":{"allow":["GET"]}}],"collection":[{"href":"https:\/\/mauserpackaging.com\/es\/wp-json\/wp\/v2\/pages"}],"about":[{"href":"https:\/\/mauserpackaging.com\/es\/wp-json\/wp\/v2\/types\/page"}],"author":[{"embeddable":true,"href":"https:\/\/mauserpackaging.com\/es\/wp-json\/wp\/v2\/users\/1"}],"replies":[{"embeddable":true,"href":"https:\/\/mauserpackaging.com\/es\/wp-json\/wp\/v2\/comments?post=20858"}],"version-history":[{"count":0,"href":"https:\/\/mauserpackaging.com\/es\/wp-json\/wp\/v2\/pages\/20858\/revisions"}],"up":[{"embeddable":true,"href":"https:\/\/mauserpackaging.com\/es\/wp-json\/wp\/v2\/pages\/20857"}],"wp:attachment":[{"href":"https:\/\/mauserpackaging.com\/es\/wp-json\/wp\/v2\/media?parent=20858"}],"curies":[{"name":"wp","href":"https:\/\/api.w.org\/{rel}","templated":true}]}}