{"id":20849,"date":"2024-12-17T15:37:45","date_gmt":"2024-12-17T15:37:45","guid":{"rendered":"https:\/\/mauserpackstg.wpenginepowered.com\/productos-e-innovaciones\/contenedores-intermedios-a-granel\/"},"modified":"2026-04-01T15:03:32","modified_gmt":"2026-04-01T15:03:32","slug":"contenedores-intermedios-a-granel","status":"publish","type":"page","link":"https:\/\/mauserpackaging.com\/es\/productos-e-innovaciones\/contenedores-intermedios-a-granel\/","title":{"rendered":"Contenedores intermedios a granel (IBC)"},"content":{"rendered":"<div id=\"cs-content\" class=\"cs-content\"><\/div>\n","protected":false},"excerpt":{"rendered":"<p>Contenedores intermedios a granel (IBC) HomeIBC para cualquier reto Los Contenedores intermedios a granel (IBC) de Mauser Packaging Solutions cuentan con la confianza de algunos de los mayores fabricantes de los sectores qu\u00edmico, de pinturas y revestimientos, alimentario, de bebidas y de adhesivos para proteger los productos \u2013y a las personas\u2013 en una amplia variedad de aplicaciones y entornos.Los contenedores&hellip;<\/p>\n","protected":false},"author":1,"featured_media":0,"parent":20839,"menu_order":0,"comment_status":"closed","ping_status":"closed","template":"template-blank-4.php","meta":{"footnotes":""},"class_list":["post-20849","page","type-page","status-publish","hentry","no-post-thumbnail"],"yoast_head":"<!-- This site is optimized with the Yoast SEO Premium plugin v27.3 (Yoast SEO v27.3) - https:\/\/yoast.com\/product\/yoast-seo-premium-wordpress\/ -->\n<title>Contenedores intermedios a granel (IBC) (IBCs) y contenedores tipo tote | Mauser Packaging<\/title>\n<meta name=\"description\" content=\"Contenedores IBC industriales para productos qu\u00edmicos peligrosos o productos de calidad alimentaria. Contenedores IBC compuestos fiables y con certificaci\u00f3n de la ONU para el transporte de l\u00edquidos a granel. Solicite un presupuesto.\" \/>\n<meta name=\"robots\" content=\"index, follow, max-snippet:-1, max-image-preview:large, max-video-preview:-1\" \/>\n<link rel=\"canonical\" href=\"https:\/\/mauserpackaging.com\/es\/productos-e-innovaciones\/contenedores-intermedios-a-granel\/\" \/>\n<meta property=\"og:locale\" content=\"es_ES\" \/>\n<meta property=\"og:type\" content=\"article\" \/>\n<meta property=\"og:title\" content=\"Contenedores intermedios a granel (IBC)\" \/>\n<meta property=\"og:description\" content=\"Contenedores IBC industriales para productos qu\u00edmicos peligrosos o productos de calidad alimentaria. Contenedores IBC compuestos fiables y con certificaci\u00f3n de la ONU para el transporte de l\u00edquidos a granel. Solicite un presupuesto.\" \/>\n<meta property=\"og:url\" content=\"https:\/\/mauserpackaging.com\/es\/productos-e-innovaciones\/contenedores-intermedios-a-granel\/\" \/>\n<meta property=\"og:site_name\" content=\"Mauser Packaging Solutions\" \/>\n<meta property=\"article:modified_time\" content=\"2026-04-01T15:03:32+00:00\" \/>\n<meta property=\"og:image\" content=\"https:\/\/mauserpackaging.com\/wp-content\/uploads\/2026\/03\/Mauser_Default_SiteImage.jpg\" \/>\n\t<meta property=\"og:image:width\" content=\"1200\" \/>\n\t<meta property=\"og:image:height\" content=\"675\" \/>\n\t<meta property=\"og:image:type\" content=\"image\/jpeg\" \/>\n<meta name=\"twitter:card\" content=\"summary_large_image\" \/>\n<meta name=\"twitter:label1\" content=\"Tiempo de lectura\" \/>\n\t<meta name=\"twitter:data1\" content=\"4 minutos\" \/>\n<script type=\"application\/ld+json\" class=\"yoast-schema-graph\">{\"@context\":\"https:\\\/\\\/schema.org\",\"@graph\":[{\"@type\":\"WebPage\",\"@id\":\"https:\\\/\\\/mauserpackaging.com\\\/es\\\/productos-e-innovaciones\\\/contenedores-intermedios-a-granel\\\/\",\"url\":\"https:\\\/\\\/mauserpackaging.com\\\/es\\\/productos-e-innovaciones\\\/contenedores-intermedios-a-granel\\\/\",\"name\":\"Contenedores intermedios a granel (IBC) (IBCs) y contenedores tipo tote | Mauser Packaging\",\"isPartOf\":{\"@id\":\"https:\\\/\\\/mauserpackaging.com\\\/es\\\/#website\"},\"datePublished\":\"2024-12-17T15:37:45+00:00\",\"dateModified\":\"2026-04-01T15:03:32+00:00\",\"description\":\"Contenedores IBC industriales para productos qu\u00edmicos peligrosos o productos de calidad alimentaria. Contenedores IBC compuestos fiables y con certificaci\u00f3n de la ONU para el transporte de l\u00edquidos a granel. Solicite un presupuesto.\",\"breadcrumb\":{\"@id\":\"https:\\\/\\\/mauserpackaging.com\\\/es\\\/productos-e-innovaciones\\\/contenedores-intermedios-a-granel\\\/#breadcrumb\"},\"inLanguage\":\"es\",\"potentialAction\":[{\"@type\":\"ReadAction\",\"target\":[\"https:\\\/\\\/mauserpackaging.com\\\/es\\\/productos-e-innovaciones\\\/contenedores-intermedios-a-granel\\\/\"]}]},{\"@type\":\"BreadcrumbList\",\"@id\":\"https:\\\/\\\/mauserpackaging.com\\\/es\\\/productos-e-innovaciones\\\/contenedores-intermedios-a-granel\\\/#breadcrumb\",\"itemListElement\":[{\"@type\":\"ListItem\",\"position\":1,\"name\":\"Home\",\"item\":\"https:\\\/\\\/mauserpackaging.com\\\/es\\\/hogar\\\/\"},{\"@type\":\"ListItem\",\"position\":2,\"name\":\"Productos e innovaciones\",\"item\":\"https:\\\/\\\/mauserpackaging.com\\\/es\\\/productos-e-innovaciones\\\/\"},{\"@type\":\"ListItem\",\"position\":3,\"name\":\"Contenedores intermedios a granel (IBC)\"}]},{\"@type\":\"WebSite\",\"@id\":\"https:\\\/\\\/mauserpackaging.com\\\/es\\\/#website\",\"url\":\"https:\\\/\\\/mauserpackaging.com\\\/es\\\/\",\"name\":\"Mauser Packaging Solutions\",\"description\":\"Your go-to packaging partner\",\"publisher\":{\"@id\":\"https:\\\/\\\/mauserpackaging.com\\\/es\\\/#organization\"},\"alternateName\":\"Mauser Packaging\",\"potentialAction\":[{\"@type\":\"SearchAction\",\"target\":{\"@type\":\"EntryPoint\",\"urlTemplate\":\"https:\\\/\\\/mauserpackaging.com\\\/es\\\/?s={search_term_string}\"},\"query-input\":{\"@type\":\"PropertyValueSpecification\",\"valueRequired\":true,\"valueName\":\"search_term_string\"}}],\"inLanguage\":\"es\"},{\"@type\":\"Organization\",\"@id\":\"https:\\\/\\\/mauserpackaging.com\\\/es\\\/#organization\",\"name\":\"Mauser Packaging Solutions\",\"alternateName\":\"Mauser Packaging\",\"url\":\"https:\\\/\\\/mauserpackaging.com\\\/es\\\/\",\"logo\":{\"@type\":\"ImageObject\",\"inLanguage\":\"es\",\"@id\":\"https:\\\/\\\/mauserpackaging.com\\\/es\\\/#\\\/schema\\\/logo\\\/image\\\/\",\"url\":\"https:\\\/\\\/mauserpackaging.com\\\/wp-content\\\/uploads\\\/2024\\\/11\\\/Mauser_h_RGB.png\",\"contentUrl\":\"https:\\\/\\\/mauserpackaging.com\\\/wp-content\\\/uploads\\\/2024\\\/11\\\/Mauser_h_RGB.png\",\"width\":1951,\"height\":600,\"caption\":\"Mauser Packaging Solutions\"},\"image\":{\"@id\":\"https:\\\/\\\/mauserpackaging.com\\\/es\\\/#\\\/schema\\\/logo\\\/image\\\/\"},\"sameAs\":[\"https:\\\/\\\/www.linkedin.com\\\/company\\\/mauser-packaging-solutions\\\/\"]}]}<\/script>\n<!-- \/ Yoast SEO Premium plugin. -->","yoast_head_json":{"title":"Contenedores intermedios a granel (IBC) (IBCs) y contenedores tipo tote | Mauser Packaging","description":"Contenedores IBC industriales para productos qu\u00edmicos peligrosos o productos de calidad alimentaria. Contenedores IBC compuestos fiables y con certificaci\u00f3n de la ONU para el transporte de l\u00edquidos a granel. Solicite un presupuesto.","robots":{"index":"index","follow":"follow","max-snippet":"max-snippet:-1","max-image-preview":"max-image-preview:large","max-video-preview":"max-video-preview:-1"},"canonical":"https:\/\/mauserpackaging.com\/es\/productos-e-innovaciones\/contenedores-intermedios-a-granel\/","og_locale":"es_ES","og_type":"article","og_title":"Contenedores intermedios a granel (IBC)","og_description":"Contenedores IBC industriales para productos qu\u00edmicos peligrosos o productos de calidad alimentaria. Contenedores IBC compuestos fiables y con certificaci\u00f3n de la ONU para el transporte de l\u00edquidos a granel. Solicite un presupuesto.","og_url":"https:\/\/mauserpackaging.com\/es\/productos-e-innovaciones\/contenedores-intermedios-a-granel\/","og_site_name":"Mauser Packaging Solutions","article_modified_time":"2026-04-01T15:03:32+00:00","og_image":[{"width":1200,"height":675,"url":"https:\/\/mauserpackaging.com\/wp-content\/uploads\/2026\/03\/Mauser_Default_SiteImage.jpg","type":"image\/jpeg"}],"twitter_card":"summary_large_image","twitter_misc":{"Tiempo de lectura":"4 minutos"},"schema":{"@context":"https:\/\/schema.org","@graph":[{"@type":"WebPage","@id":"https:\/\/mauserpackaging.com\/es\/productos-e-innovaciones\/contenedores-intermedios-a-granel\/","url":"https:\/\/mauserpackaging.com\/es\/productos-e-innovaciones\/contenedores-intermedios-a-granel\/","name":"Contenedores intermedios a granel (IBC) (IBCs) y contenedores tipo tote | Mauser Packaging","isPartOf":{"@id":"https:\/\/mauserpackaging.com\/es\/#website"},"datePublished":"2024-12-17T15:37:45+00:00","dateModified":"2026-04-01T15:03:32+00:00","description":"Contenedores IBC industriales para productos qu\u00edmicos peligrosos o productos de calidad alimentaria. Contenedores IBC compuestos fiables y con certificaci\u00f3n de la ONU para el transporte de l\u00edquidos a granel. Solicite un presupuesto.","breadcrumb":{"@id":"https:\/\/mauserpackaging.com\/es\/productos-e-innovaciones\/contenedores-intermedios-a-granel\/#breadcrumb"},"inLanguage":"es","potentialAction":[{"@type":"ReadAction","target":["https:\/\/mauserpackaging.com\/es\/productos-e-innovaciones\/contenedores-intermedios-a-granel\/"]}]},{"@type":"BreadcrumbList","@id":"https:\/\/mauserpackaging.com\/es\/productos-e-innovaciones\/contenedores-intermedios-a-granel\/#breadcrumb","itemListElement":[{"@type":"ListItem","position":1,"name":"Home","item":"https:\/\/mauserpackaging.com\/es\/hogar\/"},{"@type":"ListItem","position":2,"name":"Productos e innovaciones","item":"https:\/\/mauserpackaging.com\/es\/productos-e-innovaciones\/"},{"@type":"ListItem","position":3,"name":"Contenedores intermedios a granel (IBC)"}]},{"@type":"WebSite","@id":"https:\/\/mauserpackaging.com\/es\/#website","url":"https:\/\/mauserpackaging.com\/es\/","name":"Mauser Packaging Solutions","description":"Your go-to packaging partner","publisher":{"@id":"https:\/\/mauserpackaging.com\/es\/#organization"},"alternateName":"Mauser Packaging","potentialAction":[{"@type":"SearchAction","target":{"@type":"EntryPoint","urlTemplate":"https:\/\/mauserpackaging.com\/es\/?s={search_term_string}"},"query-input":{"@type":"PropertyValueSpecification","valueRequired":true,"valueName":"search_term_string"}}],"inLanguage":"es"},{"@type":"Organization","@id":"https:\/\/mauserpackaging.com\/es\/#organization","name":"Mauser Packaging Solutions","alternateName":"Mauser Packaging","url":"https:\/\/mauserpackaging.com\/es\/","logo":{"@type":"ImageObject","inLanguage":"es","@id":"https:\/\/mauserpackaging.com\/es\/#\/schema\/logo\/image\/","url":"https:\/\/mauserpackaging.com\/wp-content\/uploads\/2024\/11\/Mauser_h_RGB.png","contentUrl":"https:\/\/mauserpackaging.com\/wp-content\/uploads\/2024\/11\/Mauser_h_RGB.png","width":1951,"height":600,"caption":"Mauser Packaging Solutions"},"image":{"@id":"https:\/\/mauserpackaging.com\/es\/#\/schema\/logo\/image\/"},"sameAs":["https:\/\/www.linkedin.com\/company\/mauser-packaging-solutions\/"]}]}},"_links":{"self":[{"href":"https:\/\/mauserpackaging.com\/es\/wp-json\/wp\/v2\/pages\/20849","targetHints":{"allow":["GET"]}}],"collection":[{"href":"https:\/\/mauserpackaging.com\/es\/wp-json\/wp\/v2\/pages"}],"about":[{"href":"https:\/\/mauserpackaging.com\/es\/wp-json\/wp\/v2\/types\/page"}],"author":[{"embeddable":true,"href":"https:\/\/mauserpackaging.com\/es\/wp-json\/wp\/v2\/users\/1"}],"replies":[{"embeddable":true,"href":"https:\/\/mauserpackaging.com\/es\/wp-json\/wp\/v2\/comments?post=20849"}],"version-history":[{"count":0,"href":"https:\/\/mauserpackaging.com\/es\/wp-json\/wp\/v2\/pages\/20849\/revisions"}],"up":[{"embeddable":true,"href":"https:\/\/mauserpackaging.com\/es\/wp-json\/wp\/v2\/pages\/20839"}],"wp:attachment":[{"href":"https:\/\/mauserpackaging.com\/es\/wp-json\/wp\/v2\/media?parent=20849"}],"curies":[{"name":"wp","href":"https:\/\/api.w.org\/{rel}","templated":true}]}}