{"id":20812,"date":"2025-02-24T18:24:14","date_gmt":"2025-02-24T18:24:14","guid":{"rendered":"https:\/\/mauserpackstg.wpenginepowered.com\/acerca-de-mauser\/liderazgo\/composicion-del-comite\/carta-del-comite-de-auditoria\/"},"modified":"2025-10-13T18:05:59","modified_gmt":"2025-10-13T18:05:59","slug":"carta-del-comite-de-auditoria","status":"publish","type":"page","link":"https:\/\/mauserpackaging.com\/es\/acerca-de-mauser\/liderazgo\/composicion-del-comite\/carta-del-comite-de-auditoria\/","title":{"rendered":"Carta del Comit\u00e9 de Auditor\u00eda"},"content":{"rendered":"<div id=\"cs-content\" class=\"cs-content\"><\/div>\n","protected":false},"excerpt":{"rendered":"<p>Carta del Comit\u00e9 de Auditor\u00eda Carta del Comit\u00e9 de Auditor\u00edaQUINTA ENMIENDA Y REFORMULACI\u00d3N ESTATUTO DEL COMIT\u00c9 DE AUDITOR\u00cdA DE COMIT\u00c9 CONJUNTO DE AUDITOR\u00cdA DE SCI PH PARENT INC. SCI PH INC. SCI PACKAGING INC. MAUSER PACKAGING SOLUTIONS INTERMEDIATE COMPANY, INC. MAUSER PACKAGING SOLUTIONS HOLDING COMPANY BWAY CORPORATION VULCAN CONTAINER SERVICES HOLDINGS INC. Y BOE HOLDING LLC MAUSER PRIMARY HOLDING, LLC&hellip;<\/p>\n","protected":false},"author":1,"featured_media":0,"parent":20809,"menu_order":0,"comment_status":"closed","ping_status":"closed","template":"template-blank-4.php","meta":{"footnotes":""},"class_list":["post-20812","page","type-page","status-publish","hentry","no-post-thumbnail"],"yoast_head":"<!-- This site is optimized with the Yoast SEO Premium plugin v27.4 (Yoast SEO v27.4) - https:\/\/yoast.com\/product\/yoast-seo-premium-wordpress\/ -->\n<title>Carta del Comit\u00e9 de Auditor\u00eda - Mauser Packaging Solutions<\/title>\n<meta name=\"description\" content=\"Conozca nuestro Comit\u00e9 de Auditor\u00eda, incluidos sus estatutos y su prop\u00f3sito de cumplir con sus obligaciones legales y fiduciarias.\" \/>\n<meta name=\"robots\" content=\"index, follow, max-snippet:-1, max-image-preview:large, max-video-preview:-1\" \/>\n<link rel=\"canonical\" href=\"https:\/\/mauserpackaging.com\/es\/acerca-de-mauser\/liderazgo\/composicion-del-comite\/carta-del-comite-de-auditoria\/\" \/>\n<meta property=\"og:locale\" content=\"es_ES\" \/>\n<meta property=\"og:type\" content=\"article\" \/>\n<meta property=\"og:title\" content=\"Carta del Comit\u00e9 de Auditor\u00eda\" \/>\n<meta property=\"og:description\" content=\"Conozca nuestro Comit\u00e9 de Auditor\u00eda, incluidos sus estatutos y su prop\u00f3sito de cumplir con sus obligaciones legales y fiduciarias.\" \/>\n<meta property=\"og:url\" content=\"https:\/\/mauserpackaging.com\/es\/acerca-de-mauser\/liderazgo\/composicion-del-comite\/carta-del-comite-de-auditoria\/\" \/>\n<meta property=\"og:site_name\" content=\"Mauser Packaging Solutions\" \/>\n<meta property=\"article:modified_time\" content=\"2025-10-13T18:05:59+00:00\" \/>\n<meta property=\"og:image\" content=\"https:\/\/mauserpackaging.com\/wp-content\/uploads\/2026\/03\/Mauser_Default_SiteImage.jpg\" \/>\n\t<meta property=\"og:image:width\" content=\"1200\" \/>\n\t<meta property=\"og:image:height\" content=\"675\" \/>\n\t<meta property=\"og:image:type\" content=\"image\/jpeg\" \/>\n<meta name=\"twitter:card\" content=\"summary_large_image\" \/>\n<meta name=\"twitter:label1\" content=\"Tiempo de lectura\" \/>\n\t<meta name=\"twitter:data1\" content=\"15 minutos\" \/>\n<script type=\"application\/ld+json\" class=\"yoast-schema-graph\">{\"@context\":\"https:\\\/\\\/schema.org\",\"@graph\":[{\"@type\":\"WebPage\",\"@id\":\"https:\\\/\\\/mauserpackaging.com\\\/es\\\/acerca-de-mauser\\\/liderazgo\\\/composicion-del-comite\\\/carta-del-comite-de-auditoria\\\/\",\"url\":\"https:\\\/\\\/mauserpackaging.com\\\/es\\\/acerca-de-mauser\\\/liderazgo\\\/composicion-del-comite\\\/carta-del-comite-de-auditoria\\\/\",\"name\":\"Carta del Comit\u00e9 de Auditor\u00eda - Mauser Packaging Solutions\",\"isPartOf\":{\"@id\":\"https:\\\/\\\/mauserpackaging.com\\\/es\\\/#website\"},\"datePublished\":\"2025-02-24T18:24:14+00:00\",\"dateModified\":\"2025-10-13T18:05:59+00:00\",\"description\":\"Conozca nuestro Comit\u00e9 de Auditor\u00eda, incluidos sus estatutos y su prop\u00f3sito de cumplir con sus obligaciones legales y fiduciarias.\",\"breadcrumb\":{\"@id\":\"https:\\\/\\\/mauserpackaging.com\\\/es\\\/acerca-de-mauser\\\/liderazgo\\\/composicion-del-comite\\\/carta-del-comite-de-auditoria\\\/#breadcrumb\"},\"inLanguage\":\"es\",\"potentialAction\":[{\"@type\":\"ReadAction\",\"target\":[\"https:\\\/\\\/mauserpackaging.com\\\/es\\\/acerca-de-mauser\\\/liderazgo\\\/composicion-del-comite\\\/carta-del-comite-de-auditoria\\\/\"]}]},{\"@type\":\"BreadcrumbList\",\"@id\":\"https:\\\/\\\/mauserpackaging.com\\\/es\\\/acerca-de-mauser\\\/liderazgo\\\/composicion-del-comite\\\/carta-del-comite-de-auditoria\\\/#breadcrumb\",\"itemListElement\":[{\"@type\":\"ListItem\",\"position\":1,\"name\":\"Home\",\"item\":\"https:\\\/\\\/mauserpackaging.com\\\/es\\\/hogar\\\/\"},{\"@type\":\"ListItem\",\"position\":2,\"name\":\"Acerca de Mauser\",\"item\":\"https:\\\/\\\/mauserpackaging.com\\\/es\\\/acerca-de-mauser\\\/\"},{\"@type\":\"ListItem\",\"position\":3,\"name\":\"Liderazgo\",\"item\":\"https:\\\/\\\/mauserpackaging.com\\\/es\\\/acerca-de-mauser\\\/liderazgo\\\/\"},{\"@type\":\"ListItem\",\"position\":4,\"name\":\"COMPOSICI\u00d3N DEL COMIT\u00c9\",\"item\":\"https:\\\/\\\/mauserpackaging.com\\\/es\\\/acerca-de-mauser\\\/liderazgo\\\/composicion-del-comite\\\/\"},{\"@type\":\"ListItem\",\"position\":5,\"name\":\"Carta del Comit\u00e9 de Auditor\u00eda\"}]},{\"@type\":\"WebSite\",\"@id\":\"https:\\\/\\\/mauserpackaging.com\\\/es\\\/#website\",\"url\":\"https:\\\/\\\/mauserpackaging.com\\\/es\\\/\",\"name\":\"Mauser Packaging Solutions\",\"description\":\"Your go-to packaging partner\",\"publisher\":{\"@id\":\"https:\\\/\\\/mauserpackaging.com\\\/es\\\/#organization\"},\"alternateName\":\"Mauser Packaging\",\"potentialAction\":[{\"@type\":\"SearchAction\",\"target\":{\"@type\":\"EntryPoint\",\"urlTemplate\":\"https:\\\/\\\/mauserpackaging.com\\\/es\\\/?s={search_term_string}\"},\"query-input\":{\"@type\":\"PropertyValueSpecification\",\"valueRequired\":true,\"valueName\":\"search_term_string\"}}],\"inLanguage\":\"es\"},{\"@type\":\"Organization\",\"@id\":\"https:\\\/\\\/mauserpackaging.com\\\/es\\\/#organization\",\"name\":\"Mauser Packaging Solutions\",\"alternateName\":\"Mauser Packaging\",\"url\":\"https:\\\/\\\/mauserpackaging.com\\\/es\\\/\",\"logo\":{\"@type\":\"ImageObject\",\"inLanguage\":\"es\",\"@id\":\"https:\\\/\\\/mauserpackaging.com\\\/es\\\/#\\\/schema\\\/logo\\\/image\\\/\",\"url\":\"https:\\\/\\\/mauserpackaging.com\\\/wp-content\\\/uploads\\\/2024\\\/11\\\/Mauser_h_RGB.png\",\"contentUrl\":\"https:\\\/\\\/mauserpackaging.com\\\/wp-content\\\/uploads\\\/2024\\\/11\\\/Mauser_h_RGB.png\",\"width\":1951,\"height\":600,\"caption\":\"Mauser Packaging Solutions\"},\"image\":{\"@id\":\"https:\\\/\\\/mauserpackaging.com\\\/es\\\/#\\\/schema\\\/logo\\\/image\\\/\"},\"sameAs\":[\"https:\\\/\\\/www.linkedin.com\\\/company\\\/mauser-packaging-solutions\\\/\"]}]}<\/script>\n<!-- \/ Yoast SEO Premium plugin. -->","yoast_head_json":{"title":"Carta del Comit\u00e9 de Auditor\u00eda - Mauser Packaging Solutions","description":"Conozca nuestro Comit\u00e9 de Auditor\u00eda, incluidos sus estatutos y su prop\u00f3sito de cumplir con sus obligaciones legales y fiduciarias.","robots":{"index":"index","follow":"follow","max-snippet":"max-snippet:-1","max-image-preview":"max-image-preview:large","max-video-preview":"max-video-preview:-1"},"canonical":"https:\/\/mauserpackaging.com\/es\/acerca-de-mauser\/liderazgo\/composicion-del-comite\/carta-del-comite-de-auditoria\/","og_locale":"es_ES","og_type":"article","og_title":"Carta del Comit\u00e9 de Auditor\u00eda","og_description":"Conozca nuestro Comit\u00e9 de Auditor\u00eda, incluidos sus estatutos y su prop\u00f3sito de cumplir con sus obligaciones legales y fiduciarias.","og_url":"https:\/\/mauserpackaging.com\/es\/acerca-de-mauser\/liderazgo\/composicion-del-comite\/carta-del-comite-de-auditoria\/","og_site_name":"Mauser Packaging Solutions","article_modified_time":"2025-10-13T18:05:59+00:00","og_image":[{"width":1200,"height":675,"url":"https:\/\/mauserpackaging.com\/wp-content\/uploads\/2026\/03\/Mauser_Default_SiteImage.jpg","type":"image\/jpeg"}],"twitter_card":"summary_large_image","twitter_misc":{"Tiempo de lectura":"15 minutos"},"schema":{"@context":"https:\/\/schema.org","@graph":[{"@type":"WebPage","@id":"https:\/\/mauserpackaging.com\/es\/acerca-de-mauser\/liderazgo\/composicion-del-comite\/carta-del-comite-de-auditoria\/","url":"https:\/\/mauserpackaging.com\/es\/acerca-de-mauser\/liderazgo\/composicion-del-comite\/carta-del-comite-de-auditoria\/","name":"Carta del Comit\u00e9 de Auditor\u00eda - Mauser Packaging Solutions","isPartOf":{"@id":"https:\/\/mauserpackaging.com\/es\/#website"},"datePublished":"2025-02-24T18:24:14+00:00","dateModified":"2025-10-13T18:05:59+00:00","description":"Conozca nuestro Comit\u00e9 de Auditor\u00eda, incluidos sus estatutos y su prop\u00f3sito de cumplir con sus obligaciones legales y fiduciarias.","breadcrumb":{"@id":"https:\/\/mauserpackaging.com\/es\/acerca-de-mauser\/liderazgo\/composicion-del-comite\/carta-del-comite-de-auditoria\/#breadcrumb"},"inLanguage":"es","potentialAction":[{"@type":"ReadAction","target":["https:\/\/mauserpackaging.com\/es\/acerca-de-mauser\/liderazgo\/composicion-del-comite\/carta-del-comite-de-auditoria\/"]}]},{"@type":"BreadcrumbList","@id":"https:\/\/mauserpackaging.com\/es\/acerca-de-mauser\/liderazgo\/composicion-del-comite\/carta-del-comite-de-auditoria\/#breadcrumb","itemListElement":[{"@type":"ListItem","position":1,"name":"Home","item":"https:\/\/mauserpackaging.com\/es\/hogar\/"},{"@type":"ListItem","position":2,"name":"Acerca de Mauser","item":"https:\/\/mauserpackaging.com\/es\/acerca-de-mauser\/"},{"@type":"ListItem","position":3,"name":"Liderazgo","item":"https:\/\/mauserpackaging.com\/es\/acerca-de-mauser\/liderazgo\/"},{"@type":"ListItem","position":4,"name":"COMPOSICI\u00d3N DEL COMIT\u00c9","item":"https:\/\/mauserpackaging.com\/es\/acerca-de-mauser\/liderazgo\/composicion-del-comite\/"},{"@type":"ListItem","position":5,"name":"Carta del Comit\u00e9 de Auditor\u00eda"}]},{"@type":"WebSite","@id":"https:\/\/mauserpackaging.com\/es\/#website","url":"https:\/\/mauserpackaging.com\/es\/","name":"Mauser Packaging Solutions","description":"Your go-to packaging partner","publisher":{"@id":"https:\/\/mauserpackaging.com\/es\/#organization"},"alternateName":"Mauser Packaging","potentialAction":[{"@type":"SearchAction","target":{"@type":"EntryPoint","urlTemplate":"https:\/\/mauserpackaging.com\/es\/?s={search_term_string}"},"query-input":{"@type":"PropertyValueSpecification","valueRequired":true,"valueName":"search_term_string"}}],"inLanguage":"es"},{"@type":"Organization","@id":"https:\/\/mauserpackaging.com\/es\/#organization","name":"Mauser Packaging Solutions","alternateName":"Mauser Packaging","url":"https:\/\/mauserpackaging.com\/es\/","logo":{"@type":"ImageObject","inLanguage":"es","@id":"https:\/\/mauserpackaging.com\/es\/#\/schema\/logo\/image\/","url":"https:\/\/mauserpackaging.com\/wp-content\/uploads\/2024\/11\/Mauser_h_RGB.png","contentUrl":"https:\/\/mauserpackaging.com\/wp-content\/uploads\/2024\/11\/Mauser_h_RGB.png","width":1951,"height":600,"caption":"Mauser Packaging Solutions"},"image":{"@id":"https:\/\/mauserpackaging.com\/es\/#\/schema\/logo\/image\/"},"sameAs":["https:\/\/www.linkedin.com\/company\/mauser-packaging-solutions\/"]}]}},"_links":{"self":[{"href":"https:\/\/mauserpackaging.com\/es\/wp-json\/wp\/v2\/pages\/20812","targetHints":{"allow":["GET"]}}],"collection":[{"href":"https:\/\/mauserpackaging.com\/es\/wp-json\/wp\/v2\/pages"}],"about":[{"href":"https:\/\/mauserpackaging.com\/es\/wp-json\/wp\/v2\/types\/page"}],"author":[{"embeddable":true,"href":"https:\/\/mauserpackaging.com\/es\/wp-json\/wp\/v2\/users\/1"}],"replies":[{"embeddable":true,"href":"https:\/\/mauserpackaging.com\/es\/wp-json\/wp\/v2\/comments?post=20812"}],"version-history":[{"count":0,"href":"https:\/\/mauserpackaging.com\/es\/wp-json\/wp\/v2\/pages\/20812\/revisions"}],"up":[{"embeddable":true,"href":"https:\/\/mauserpackaging.com\/es\/wp-json\/wp\/v2\/pages\/20809"}],"wp:attachment":[{"href":"https:\/\/mauserpackaging.com\/es\/wp-json\/wp\/v2\/media?parent=20812"}],"curies":[{"name":"wp","href":"https:\/\/api.w.org\/{rel}","templated":true}]}}