{"id":20733,"date":"2025-02-11T16:45:35","date_gmt":"2025-02-11T16:45:35","guid":{"rendered":"https:\/\/mauserpackstg.wpenginepowered.com\/legal\/"},"modified":"2026-04-07T01:25:24","modified_gmt":"2026-04-07T01:25:24","slug":"legal","status":"publish","type":"page","link":"https:\/\/mauserpackaging.com\/es\/legal\/","title":{"rendered":"Legal"},"content":{"rendered":"<div id=\"cs-content\" class=\"cs-content\"><\/div>\n","protected":false},"excerpt":{"rendered":"<p>HomeLegal C\u00f3digo de conducta Ver documentosPol\u00edtica anticorrupci\u00f3n DescargarPlan 2017 de la Ley canadiense de reducci\u00f3n de sustancias t\u00f3xicas DescargarEnvironmental and Energy Policy DescargarPosici\u00f3n sobre Derechos Humanos DescargarSindicatos DescargarCondiciones generales Ver documentosConocimiento de embarque DescargarDeclaraci\u00f3n sobre minerales de conflicto DescargarC\u00f3digo de conducta para proveedores DescargarPol\u00edtica global de salud y Pol\u00edtica de seguridad DescargarImpuesto brit\u00e1nico sobre recipientes de pl\u00e1stico DescargarPol\u00edtica externa de&hellip;<\/p>\n","protected":false},"author":1,"featured_media":0,"parent":0,"menu_order":0,"comment_status":"closed","ping_status":"closed","template":"template-blank-4.php","meta":{"footnotes":""},"class_list":["post-20733","page","type-page","status-publish","hentry","no-post-thumbnail"],"yoast_head":"<!-- This site is optimized with the Yoast SEO Premium plugin v27.5 (Yoast SEO v27.5) - https:\/\/yoast.com\/product\/yoast-seo-premium-wordpress\/ -->\n<title>Legal - Mauser Packaging Solutions<\/title>\n<meta name=\"description\" content=\"A comprehensive collection of legal documents for convenient access by Mauser Packaging Solutions customers.\" \/>\n<meta name=\"robots\" content=\"index, follow, max-snippet:-1, max-image-preview:large, max-video-preview:-1\" \/>\n<link rel=\"canonical\" href=\"https:\/\/mauserpackaging.com\/es\/legal\/\" \/>\n<meta property=\"og:locale\" content=\"es_ES\" \/>\n<meta property=\"og:type\" content=\"article\" \/>\n<meta property=\"og:title\" content=\"Legal\" \/>\n<meta property=\"og:description\" content=\"A comprehensive collection of legal documents for convenient access by Mauser Packaging Solutions customers.\" \/>\n<meta property=\"og:url\" content=\"https:\/\/mauserpackaging.com\/es\/legal\/\" \/>\n<meta property=\"og:site_name\" content=\"Mauser Packaging Solutions\" \/>\n<meta property=\"article:modified_time\" content=\"2026-04-07T01:25:24+00:00\" \/>\n<meta property=\"og:image\" content=\"https:\/\/mauserpackaging.com\/wp-content\/uploads\/2026\/03\/Mauser_Default_SiteImage.jpg\" \/>\n\t<meta property=\"og:image:width\" content=\"1200\" \/>\n\t<meta property=\"og:image:height\" content=\"675\" \/>\n\t<meta property=\"og:image:type\" content=\"image\/jpeg\" \/>\n<meta name=\"twitter:card\" content=\"summary_large_image\" \/>\n<meta name=\"twitter:label1\" content=\"Tiempo de lectura\" \/>\n\t<meta name=\"twitter:data1\" content=\"5 minutos\" \/>\n<script type=\"application\/ld+json\" class=\"yoast-schema-graph\">{\"@context\":\"https:\\\/\\\/schema.org\",\"@graph\":[{\"@type\":\"WebPage\",\"@id\":\"https:\\\/\\\/mauserpackaging.com\\\/es\\\/legal\\\/\",\"url\":\"https:\\\/\\\/mauserpackaging.com\\\/es\\\/legal\\\/\",\"name\":\"Legal - Mauser Packaging Solutions\",\"isPartOf\":{\"@id\":\"https:\\\/\\\/mauserpackaging.com\\\/es\\\/#website\"},\"datePublished\":\"2025-02-11T16:45:35+00:00\",\"dateModified\":\"2026-04-07T01:25:24+00:00\",\"description\":\"A comprehensive collection of legal documents for convenient access by Mauser Packaging Solutions customers.\",\"breadcrumb\":{\"@id\":\"https:\\\/\\\/mauserpackaging.com\\\/es\\\/legal\\\/#breadcrumb\"},\"inLanguage\":\"es\",\"potentialAction\":[{\"@type\":\"ReadAction\",\"target\":[\"https:\\\/\\\/mauserpackaging.com\\\/es\\\/legal\\\/\"]}]},{\"@type\":\"BreadcrumbList\",\"@id\":\"https:\\\/\\\/mauserpackaging.com\\\/es\\\/legal\\\/#breadcrumb\",\"itemListElement\":[{\"@type\":\"ListItem\",\"position\":1,\"name\":\"Home\",\"item\":\"https:\\\/\\\/mauserpackaging.com\\\/es\\\/hogar\\\/\"},{\"@type\":\"ListItem\",\"position\":2,\"name\":\"Legal\"}]},{\"@type\":\"WebSite\",\"@id\":\"https:\\\/\\\/mauserpackaging.com\\\/es\\\/#website\",\"url\":\"https:\\\/\\\/mauserpackaging.com\\\/es\\\/\",\"name\":\"Mauser Packaging Solutions\",\"description\":\"Your go-to packaging partner\",\"publisher\":{\"@id\":\"https:\\\/\\\/mauserpackaging.com\\\/es\\\/#organization\"},\"alternateName\":\"Mauser Packaging\",\"potentialAction\":[{\"@type\":\"SearchAction\",\"target\":{\"@type\":\"EntryPoint\",\"urlTemplate\":\"https:\\\/\\\/mauserpackaging.com\\\/es\\\/?s={search_term_string}\"},\"query-input\":{\"@type\":\"PropertyValueSpecification\",\"valueRequired\":true,\"valueName\":\"search_term_string\"}}],\"inLanguage\":\"es\"},{\"@type\":\"Organization\",\"@id\":\"https:\\\/\\\/mauserpackaging.com\\\/es\\\/#organization\",\"name\":\"Mauser Packaging Solutions\",\"alternateName\":\"Mauser Packaging\",\"url\":\"https:\\\/\\\/mauserpackaging.com\\\/es\\\/\",\"logo\":{\"@type\":\"ImageObject\",\"inLanguage\":\"es\",\"@id\":\"https:\\\/\\\/mauserpackaging.com\\\/es\\\/#\\\/schema\\\/logo\\\/image\\\/\",\"url\":\"https:\\\/\\\/mauserpackaging.com\\\/wp-content\\\/uploads\\\/2024\\\/11\\\/Mauser_h_RGB.png\",\"contentUrl\":\"https:\\\/\\\/mauserpackaging.com\\\/wp-content\\\/uploads\\\/2024\\\/11\\\/Mauser_h_RGB.png\",\"width\":1951,\"height\":600,\"caption\":\"Mauser Packaging Solutions\"},\"image\":{\"@id\":\"https:\\\/\\\/mauserpackaging.com\\\/es\\\/#\\\/schema\\\/logo\\\/image\\\/\"},\"sameAs\":[\"https:\\\/\\\/www.linkedin.com\\\/company\\\/mauser-packaging-solutions\\\/\"]}]}<\/script>\n<!-- \/ Yoast SEO Premium plugin. -->","yoast_head_json":{"title":"Legal - Mauser Packaging Solutions","description":"A comprehensive collection of legal documents for convenient access by Mauser Packaging Solutions customers.","robots":{"index":"index","follow":"follow","max-snippet":"max-snippet:-1","max-image-preview":"max-image-preview:large","max-video-preview":"max-video-preview:-1"},"canonical":"https:\/\/mauserpackaging.com\/es\/legal\/","og_locale":"es_ES","og_type":"article","og_title":"Legal","og_description":"A comprehensive collection of legal documents for convenient access by Mauser Packaging Solutions customers.","og_url":"https:\/\/mauserpackaging.com\/es\/legal\/","og_site_name":"Mauser Packaging Solutions","article_modified_time":"2026-04-07T01:25:24+00:00","og_image":[{"width":1200,"height":675,"url":"https:\/\/mauserpackaging.com\/wp-content\/uploads\/2026\/03\/Mauser_Default_SiteImage.jpg","type":"image\/jpeg"}],"twitter_card":"summary_large_image","twitter_misc":{"Tiempo de lectura":"5 minutos"},"schema":{"@context":"https:\/\/schema.org","@graph":[{"@type":"WebPage","@id":"https:\/\/mauserpackaging.com\/es\/legal\/","url":"https:\/\/mauserpackaging.com\/es\/legal\/","name":"Legal - Mauser Packaging Solutions","isPartOf":{"@id":"https:\/\/mauserpackaging.com\/es\/#website"},"datePublished":"2025-02-11T16:45:35+00:00","dateModified":"2026-04-07T01:25:24+00:00","description":"A comprehensive collection of legal documents for convenient access by Mauser Packaging Solutions customers.","breadcrumb":{"@id":"https:\/\/mauserpackaging.com\/es\/legal\/#breadcrumb"},"inLanguage":"es","potentialAction":[{"@type":"ReadAction","target":["https:\/\/mauserpackaging.com\/es\/legal\/"]}]},{"@type":"BreadcrumbList","@id":"https:\/\/mauserpackaging.com\/es\/legal\/#breadcrumb","itemListElement":[{"@type":"ListItem","position":1,"name":"Home","item":"https:\/\/mauserpackaging.com\/es\/hogar\/"},{"@type":"ListItem","position":2,"name":"Legal"}]},{"@type":"WebSite","@id":"https:\/\/mauserpackaging.com\/es\/#website","url":"https:\/\/mauserpackaging.com\/es\/","name":"Mauser Packaging Solutions","description":"Your go-to packaging partner","publisher":{"@id":"https:\/\/mauserpackaging.com\/es\/#organization"},"alternateName":"Mauser Packaging","potentialAction":[{"@type":"SearchAction","target":{"@type":"EntryPoint","urlTemplate":"https:\/\/mauserpackaging.com\/es\/?s={search_term_string}"},"query-input":{"@type":"PropertyValueSpecification","valueRequired":true,"valueName":"search_term_string"}}],"inLanguage":"es"},{"@type":"Organization","@id":"https:\/\/mauserpackaging.com\/es\/#organization","name":"Mauser Packaging Solutions","alternateName":"Mauser Packaging","url":"https:\/\/mauserpackaging.com\/es\/","logo":{"@type":"ImageObject","inLanguage":"es","@id":"https:\/\/mauserpackaging.com\/es\/#\/schema\/logo\/image\/","url":"https:\/\/mauserpackaging.com\/wp-content\/uploads\/2024\/11\/Mauser_h_RGB.png","contentUrl":"https:\/\/mauserpackaging.com\/wp-content\/uploads\/2024\/11\/Mauser_h_RGB.png","width":1951,"height":600,"caption":"Mauser Packaging Solutions"},"image":{"@id":"https:\/\/mauserpackaging.com\/es\/#\/schema\/logo\/image\/"},"sameAs":["https:\/\/www.linkedin.com\/company\/mauser-packaging-solutions\/"]}]}},"_links":{"self":[{"href":"https:\/\/mauserpackaging.com\/es\/wp-json\/wp\/v2\/pages\/20733","targetHints":{"allow":["GET"]}}],"collection":[{"href":"https:\/\/mauserpackaging.com\/es\/wp-json\/wp\/v2\/pages"}],"about":[{"href":"https:\/\/mauserpackaging.com\/es\/wp-json\/wp\/v2\/types\/page"}],"author":[{"embeddable":true,"href":"https:\/\/mauserpackaging.com\/es\/wp-json\/wp\/v2\/users\/1"}],"replies":[{"embeddable":true,"href":"https:\/\/mauserpackaging.com\/es\/wp-json\/wp\/v2\/comments?post=20733"}],"version-history":[{"count":0,"href":"https:\/\/mauserpackaging.com\/es\/wp-json\/wp\/v2\/pages\/20733\/revisions"}],"wp:attachment":[{"href":"https:\/\/mauserpackaging.com\/es\/wp-json\/wp\/v2\/media?parent=20733"}],"curies":[{"name":"wp","href":"https:\/\/api.w.org\/{rel}","templated":true}]}}