{"id":20080,"date":"2024-12-17T19:46:12","date_gmt":"2024-12-17T19:46:12","guid":{"rendered":"https:\/\/mauserpackstg.wpenginepowered.com\/bidones-de-fibra\/"},"modified":"2026-04-01T15:32:00","modified_gmt":"2026-04-01T15:32:00","slug":"bidones-de-fibra","status":"publish","type":"page","link":"https:\/\/mauserpackaging.com\/es\/productos-e-innovaciones\/bidones\/bidones-de-fibra\/","title":{"rendered":"Bidones de fibra"},"content":{"rendered":"<div id=\"cs-content\" class=\"cs-content\"><\/div>\n","protected":false},"excerpt":{"rendered":"<p>Home Bidones de fibraVers\u00e1til. Resistente. Sostenible. Desde s\u00f3lidos a l\u00edquidos (calientes o fr\u00edos), los bidones de fibra son una soluci\u00f3n de empaques excepcionalmente resistente y vers\u00e1til. Durante m\u00e1s de 70 a\u00f1os, Mauser Packaging Solutions ha sido uno de los principales fabricantes de bidones de fibra utilizados en las industrias alimentaria, de adhesivos, farmac\u00e9utica, qu\u00edmica y de alambres y tubos. Nuestra&hellip;<\/p>\n","protected":false},"author":1,"featured_media":0,"parent":20843,"menu_order":0,"comment_status":"closed","ping_status":"closed","template":"template-blank-4.php","meta":{"footnotes":""},"class_list":["post-20080","page","type-page","status-publish","hentry","no-post-thumbnail"],"yoast_head":"<!-- This site is optimized with the Yoast SEO Premium plugin v27.3 (Yoast SEO v27.3) - https:\/\/yoast.com\/product\/yoast-seo-premium-wordpress\/ -->\n<title>Bidones de fibra | Mauser Packaging<\/title>\n<meta name=\"description\" content=\"Bidones de fibra para productos secos, polvos y materiales granulados. Envases ligeros y econ\u00f3micos en configuraciones con certificaci\u00f3n UN. Solicite un presupuesto.\" \/>\n<meta name=\"robots\" content=\"index, follow, max-snippet:-1, max-image-preview:large, max-video-preview:-1\" \/>\n<link rel=\"canonical\" href=\"https:\/\/mauserpackaging.com\/es\/productos-e-innovaciones\/bidones\/bidones-de-fibra\/\" \/>\n<meta property=\"og:locale\" content=\"es_ES\" \/>\n<meta property=\"og:type\" content=\"article\" \/>\n<meta property=\"og:title\" content=\"Bidones de fibra\" \/>\n<meta property=\"og:description\" content=\"Bidones de fibra para productos secos, polvos y materiales granulados. Envases ligeros y econ\u00f3micos en configuraciones con certificaci\u00f3n UN. Solicite un presupuesto.\" \/>\n<meta property=\"og:url\" content=\"https:\/\/mauserpackaging.com\/es\/productos-e-innovaciones\/bidones\/bidones-de-fibra\/\" \/>\n<meta property=\"og:site_name\" content=\"Mauser Packaging Solutions\" \/>\n<meta property=\"article:modified_time\" content=\"2026-04-01T15:32:00+00:00\" \/>\n<meta property=\"og:image\" content=\"https:\/\/mauserpackaging.com\/wp-content\/uploads\/2026\/03\/Mauser_Default_SiteImage.jpg\" \/>\n\t<meta property=\"og:image:width\" content=\"1200\" \/>\n\t<meta property=\"og:image:height\" content=\"675\" \/>\n\t<meta property=\"og:image:type\" content=\"image\/jpeg\" \/>\n<meta name=\"twitter:card\" content=\"summary_large_image\" \/>\n<meta name=\"twitter:label1\" content=\"Tiempo de lectura\" \/>\n\t<meta name=\"twitter:data1\" content=\"7 minutos\" \/>\n<script type=\"application\/ld+json\" class=\"yoast-schema-graph\">{\"@context\":\"https:\\\/\\\/schema.org\",\"@graph\":[{\"@type\":\"WebPage\",\"@id\":\"https:\\\/\\\/mauserpackaging.com\\\/es\\\/productos-e-innovaciones\\\/bidones\\\/bidones-de-fibra\\\/\",\"url\":\"https:\\\/\\\/mauserpackaging.com\\\/es\\\/productos-e-innovaciones\\\/bidones\\\/bidones-de-fibra\\\/\",\"name\":\"Bidones de fibra | Mauser Packaging\",\"isPartOf\":{\"@id\":\"https:\\\/\\\/mauserpackaging.com\\\/es\\\/#website\"},\"datePublished\":\"2024-12-17T19:46:12+00:00\",\"dateModified\":\"2026-04-01T15:32:00+00:00\",\"description\":\"Bidones de fibra para productos secos, polvos y materiales granulados. Envases ligeros y econ\u00f3micos en configuraciones con certificaci\u00f3n UN. Solicite un presupuesto.\",\"breadcrumb\":{\"@id\":\"https:\\\/\\\/mauserpackaging.com\\\/es\\\/productos-e-innovaciones\\\/bidones\\\/bidones-de-fibra\\\/#breadcrumb\"},\"inLanguage\":\"es\",\"potentialAction\":[{\"@type\":\"ReadAction\",\"target\":[\"https:\\\/\\\/mauserpackaging.com\\\/es\\\/productos-e-innovaciones\\\/bidones\\\/bidones-de-fibra\\\/\"]}]},{\"@type\":\"BreadcrumbList\",\"@id\":\"https:\\\/\\\/mauserpackaging.com\\\/es\\\/productos-e-innovaciones\\\/bidones\\\/bidones-de-fibra\\\/#breadcrumb\",\"itemListElement\":[{\"@type\":\"ListItem\",\"position\":1,\"name\":\"Home\",\"item\":\"https:\\\/\\\/mauserpackaging.com\\\/es\\\/hogar\\\/\"},{\"@type\":\"ListItem\",\"position\":2,\"name\":\"Productos e innovaciones\",\"item\":\"https:\\\/\\\/mauserpackaging.com\\\/es\\\/productos-e-innovaciones\\\/\"},{\"@type\":\"ListItem\",\"position\":3,\"name\":\"Bidones\",\"item\":\"https:\\\/\\\/mauserpackaging.com\\\/es\\\/productos-e-innovaciones\\\/bidones\\\/\"},{\"@type\":\"ListItem\",\"position\":4,\"name\":\"Bidones de fibra\"}]},{\"@type\":\"WebSite\",\"@id\":\"https:\\\/\\\/mauserpackaging.com\\\/es\\\/#website\",\"url\":\"https:\\\/\\\/mauserpackaging.com\\\/es\\\/\",\"name\":\"Mauser Packaging Solutions\",\"description\":\"Your go-to packaging partner\",\"publisher\":{\"@id\":\"https:\\\/\\\/mauserpackaging.com\\\/es\\\/#organization\"},\"alternateName\":\"Mauser Packaging\",\"potentialAction\":[{\"@type\":\"SearchAction\",\"target\":{\"@type\":\"EntryPoint\",\"urlTemplate\":\"https:\\\/\\\/mauserpackaging.com\\\/es\\\/?s={search_term_string}\"},\"query-input\":{\"@type\":\"PropertyValueSpecification\",\"valueRequired\":true,\"valueName\":\"search_term_string\"}}],\"inLanguage\":\"es\"},{\"@type\":\"Organization\",\"@id\":\"https:\\\/\\\/mauserpackaging.com\\\/es\\\/#organization\",\"name\":\"Mauser Packaging Solutions\",\"alternateName\":\"Mauser Packaging\",\"url\":\"https:\\\/\\\/mauserpackaging.com\\\/es\\\/\",\"logo\":{\"@type\":\"ImageObject\",\"inLanguage\":\"es\",\"@id\":\"https:\\\/\\\/mauserpackaging.com\\\/es\\\/#\\\/schema\\\/logo\\\/image\\\/\",\"url\":\"https:\\\/\\\/mauserpackaging.com\\\/wp-content\\\/uploads\\\/2024\\\/11\\\/Mauser_h_RGB.png\",\"contentUrl\":\"https:\\\/\\\/mauserpackaging.com\\\/wp-content\\\/uploads\\\/2024\\\/11\\\/Mauser_h_RGB.png\",\"width\":1951,\"height\":600,\"caption\":\"Mauser Packaging Solutions\"},\"image\":{\"@id\":\"https:\\\/\\\/mauserpackaging.com\\\/es\\\/#\\\/schema\\\/logo\\\/image\\\/\"},\"sameAs\":[\"https:\\\/\\\/www.linkedin.com\\\/company\\\/mauser-packaging-solutions\\\/\"]}]}<\/script>\n<!-- \/ Yoast SEO Premium plugin. -->","yoast_head_json":{"title":"Bidones de fibra | Mauser Packaging","description":"Bidones de fibra para productos secos, polvos y materiales granulados. Envases ligeros y econ\u00f3micos en configuraciones con certificaci\u00f3n UN. Solicite un presupuesto.","robots":{"index":"index","follow":"follow","max-snippet":"max-snippet:-1","max-image-preview":"max-image-preview:large","max-video-preview":"max-video-preview:-1"},"canonical":"https:\/\/mauserpackaging.com\/es\/productos-e-innovaciones\/bidones\/bidones-de-fibra\/","og_locale":"es_ES","og_type":"article","og_title":"Bidones de fibra","og_description":"Bidones de fibra para productos secos, polvos y materiales granulados. Envases ligeros y econ\u00f3micos en configuraciones con certificaci\u00f3n UN. Solicite un presupuesto.","og_url":"https:\/\/mauserpackaging.com\/es\/productos-e-innovaciones\/bidones\/bidones-de-fibra\/","og_site_name":"Mauser Packaging Solutions","article_modified_time":"2026-04-01T15:32:00+00:00","og_image":[{"width":1200,"height":675,"url":"https:\/\/mauserpackaging.com\/wp-content\/uploads\/2026\/03\/Mauser_Default_SiteImage.jpg","type":"image\/jpeg"}],"twitter_card":"summary_large_image","twitter_misc":{"Tiempo de lectura":"7 minutos"},"schema":{"@context":"https:\/\/schema.org","@graph":[{"@type":"WebPage","@id":"https:\/\/mauserpackaging.com\/es\/productos-e-innovaciones\/bidones\/bidones-de-fibra\/","url":"https:\/\/mauserpackaging.com\/es\/productos-e-innovaciones\/bidones\/bidones-de-fibra\/","name":"Bidones de fibra | Mauser Packaging","isPartOf":{"@id":"https:\/\/mauserpackaging.com\/es\/#website"},"datePublished":"2024-12-17T19:46:12+00:00","dateModified":"2026-04-01T15:32:00+00:00","description":"Bidones de fibra para productos secos, polvos y materiales granulados. Envases ligeros y econ\u00f3micos en configuraciones con certificaci\u00f3n UN. Solicite un presupuesto.","breadcrumb":{"@id":"https:\/\/mauserpackaging.com\/es\/productos-e-innovaciones\/bidones\/bidones-de-fibra\/#breadcrumb"},"inLanguage":"es","potentialAction":[{"@type":"ReadAction","target":["https:\/\/mauserpackaging.com\/es\/productos-e-innovaciones\/bidones\/bidones-de-fibra\/"]}]},{"@type":"BreadcrumbList","@id":"https:\/\/mauserpackaging.com\/es\/productos-e-innovaciones\/bidones\/bidones-de-fibra\/#breadcrumb","itemListElement":[{"@type":"ListItem","position":1,"name":"Home","item":"https:\/\/mauserpackaging.com\/es\/hogar\/"},{"@type":"ListItem","position":2,"name":"Productos e innovaciones","item":"https:\/\/mauserpackaging.com\/es\/productos-e-innovaciones\/"},{"@type":"ListItem","position":3,"name":"Bidones","item":"https:\/\/mauserpackaging.com\/es\/productos-e-innovaciones\/bidones\/"},{"@type":"ListItem","position":4,"name":"Bidones de fibra"}]},{"@type":"WebSite","@id":"https:\/\/mauserpackaging.com\/es\/#website","url":"https:\/\/mauserpackaging.com\/es\/","name":"Mauser Packaging Solutions","description":"Your go-to packaging partner","publisher":{"@id":"https:\/\/mauserpackaging.com\/es\/#organization"},"alternateName":"Mauser Packaging","potentialAction":[{"@type":"SearchAction","target":{"@type":"EntryPoint","urlTemplate":"https:\/\/mauserpackaging.com\/es\/?s={search_term_string}"},"query-input":{"@type":"PropertyValueSpecification","valueRequired":true,"valueName":"search_term_string"}}],"inLanguage":"es"},{"@type":"Organization","@id":"https:\/\/mauserpackaging.com\/es\/#organization","name":"Mauser Packaging Solutions","alternateName":"Mauser Packaging","url":"https:\/\/mauserpackaging.com\/es\/","logo":{"@type":"ImageObject","inLanguage":"es","@id":"https:\/\/mauserpackaging.com\/es\/#\/schema\/logo\/image\/","url":"https:\/\/mauserpackaging.com\/wp-content\/uploads\/2024\/11\/Mauser_h_RGB.png","contentUrl":"https:\/\/mauserpackaging.com\/wp-content\/uploads\/2024\/11\/Mauser_h_RGB.png","width":1951,"height":600,"caption":"Mauser Packaging Solutions"},"image":{"@id":"https:\/\/mauserpackaging.com\/es\/#\/schema\/logo\/image\/"},"sameAs":["https:\/\/www.linkedin.com\/company\/mauser-packaging-solutions\/"]}]}},"_links":{"self":[{"href":"https:\/\/mauserpackaging.com\/es\/wp-json\/wp\/v2\/pages\/20080","targetHints":{"allow":["GET"]}}],"collection":[{"href":"https:\/\/mauserpackaging.com\/es\/wp-json\/wp\/v2\/pages"}],"about":[{"href":"https:\/\/mauserpackaging.com\/es\/wp-json\/wp\/v2\/types\/page"}],"author":[{"embeddable":true,"href":"https:\/\/mauserpackaging.com\/es\/wp-json\/wp\/v2\/users\/1"}],"replies":[{"embeddable":true,"href":"https:\/\/mauserpackaging.com\/es\/wp-json\/wp\/v2\/comments?post=20080"}],"version-history":[{"count":0,"href":"https:\/\/mauserpackaging.com\/es\/wp-json\/wp\/v2\/pages\/20080\/revisions"}],"up":[{"embeddable":true,"href":"https:\/\/mauserpackaging.com\/es\/wp-json\/wp\/v2\/pages\/20843"}],"wp:attachment":[{"href":"https:\/\/mauserpackaging.com\/es\/wp-json\/wp\/v2\/media?parent=20080"}],"curies":[{"name":"wp","href":"https:\/\/api.w.org\/{rel}","templated":true}]}}