{"id":20055,"date":"2024-12-16T19:15:46","date_gmt":"2024-12-16T19:15:46","guid":{"rendered":"https:\/\/mauserpackstg.wpenginepowered.com\/consumidor\/"},"modified":"2025-10-21T16:13:55","modified_gmt":"2025-10-21T16:13:55","slug":"consumidor","status":"publish","type":"page","link":"https:\/\/mauserpackaging.com\/es\/mercados\/consumidor\/","title":{"rendered":"Consumidor"},"content":{"rendered":"<div id=\"cs-content\" class=\"cs-content\"><\/div>\n","protected":false},"excerpt":{"rendered":"<p>ConsumidorHome Recipientes para el consumidor que destacan Mauser Packaging Solutions puede ayudarle a crear el recipiente perfecto para una amplia gama de productos de consumo. Los clientes trabajan con nosotros para envasar art\u00edculos como productos de limpieza del hogar, detergente lavavajillas, arena para gatos, pinturas o art\u00edculos para autom\u00f3viles al por menor. Tambi\u00e9n somos expertos en el suministro de envases&hellip;<\/p>\n","protected":false},"author":1,"featured_media":0,"parent":20058,"menu_order":0,"comment_status":"closed","ping_status":"closed","template":"template-blank-4.php","meta":{"footnotes":""},"class_list":["post-20055","page","type-page","status-publish","hentry","no-post-thumbnail"],"yoast_head":"<!-- This site is optimized with the Yoast SEO Premium plugin v27.5 (Yoast SEO v27.5) - https:\/\/yoast.com\/product\/yoast-seo-premium-wordpress\/ -->\n<title>Consumidor - Mauser Packaging Solutions<\/title>\n<meta name=\"description\" content=\"Mauser Packaging Solutions puede ayudarle a crear el recipiente perfecto para una amplia gama de productos de consumo.\" \/>\n<meta name=\"robots\" content=\"index, follow, max-snippet:-1, max-image-preview:large, max-video-preview:-1\" \/>\n<link rel=\"canonical\" href=\"https:\/\/mauserpackaging.com\/es\/mercados\/consumidor\/\" \/>\n<meta property=\"og:locale\" content=\"es_ES\" \/>\n<meta property=\"og:type\" content=\"article\" \/>\n<meta property=\"og:title\" content=\"Consumidor\" \/>\n<meta property=\"og:description\" content=\"Mauser Packaging Solutions puede ayudarle a crear el recipiente perfecto para una amplia gama de productos de consumo.\" \/>\n<meta property=\"og:url\" content=\"https:\/\/mauserpackaging.com\/es\/mercados\/consumidor\/\" \/>\n<meta property=\"og:site_name\" content=\"Mauser Packaging Solutions\" \/>\n<meta property=\"article:modified_time\" content=\"2025-10-21T16:13:55+00:00\" \/>\n<meta property=\"og:image\" content=\"https:\/\/mauserpackaging.com\/wp-content\/uploads\/2026\/03\/Mauser_Default_SiteImage.jpg\" \/>\n\t<meta property=\"og:image:width\" content=\"1200\" \/>\n\t<meta property=\"og:image:height\" content=\"675\" \/>\n\t<meta property=\"og:image:type\" content=\"image\/jpeg\" \/>\n<meta name=\"twitter:card\" content=\"summary_large_image\" \/>\n<meta name=\"twitter:label1\" content=\"Tiempo de lectura\" \/>\n\t<meta name=\"twitter:data1\" content=\"3 minutos\" \/>\n<script type=\"application\/ld+json\" class=\"yoast-schema-graph\">{\"@context\":\"https:\\\/\\\/schema.org\",\"@graph\":[{\"@type\":\"WebPage\",\"@id\":\"https:\\\/\\\/mauserpackaging.com\\\/es\\\/mercados\\\/consumidor\\\/\",\"url\":\"https:\\\/\\\/mauserpackaging.com\\\/es\\\/mercados\\\/consumidor\\\/\",\"name\":\"Consumidor - Mauser Packaging Solutions\",\"isPartOf\":{\"@id\":\"https:\\\/\\\/mauserpackaging.com\\\/es\\\/#website\"},\"datePublished\":\"2024-12-16T19:15:46+00:00\",\"dateModified\":\"2025-10-21T16:13:55+00:00\",\"description\":\"Mauser Packaging Solutions puede ayudarle a crear el recipiente perfecto para una amplia gama de productos de consumo.\",\"breadcrumb\":{\"@id\":\"https:\\\/\\\/mauserpackaging.com\\\/es\\\/mercados\\\/consumidor\\\/#breadcrumb\"},\"inLanguage\":\"es\",\"potentialAction\":[{\"@type\":\"ReadAction\",\"target\":[\"https:\\\/\\\/mauserpackaging.com\\\/es\\\/mercados\\\/consumidor\\\/\"]}]},{\"@type\":\"BreadcrumbList\",\"@id\":\"https:\\\/\\\/mauserpackaging.com\\\/es\\\/mercados\\\/consumidor\\\/#breadcrumb\",\"itemListElement\":[{\"@type\":\"ListItem\",\"position\":1,\"name\":\"Home\",\"item\":\"https:\\\/\\\/mauserpackaging.com\\\/es\\\/hogar\\\/\"},{\"@type\":\"ListItem\",\"position\":2,\"name\":\"Mercados\",\"item\":\"https:\\\/\\\/mauserpackaging.com\\\/es\\\/mercados\\\/\"},{\"@type\":\"ListItem\",\"position\":3,\"name\":\"Consumidor\"}]},{\"@type\":\"WebSite\",\"@id\":\"https:\\\/\\\/mauserpackaging.com\\\/es\\\/#website\",\"url\":\"https:\\\/\\\/mauserpackaging.com\\\/es\\\/\",\"name\":\"Mauser Packaging Solutions\",\"description\":\"Your go-to packaging partner\",\"publisher\":{\"@id\":\"https:\\\/\\\/mauserpackaging.com\\\/es\\\/#organization\"},\"alternateName\":\"Mauser Packaging\",\"potentialAction\":[{\"@type\":\"SearchAction\",\"target\":{\"@type\":\"EntryPoint\",\"urlTemplate\":\"https:\\\/\\\/mauserpackaging.com\\\/es\\\/?s={search_term_string}\"},\"query-input\":{\"@type\":\"PropertyValueSpecification\",\"valueRequired\":true,\"valueName\":\"search_term_string\"}}],\"inLanguage\":\"es\"},{\"@type\":\"Organization\",\"@id\":\"https:\\\/\\\/mauserpackaging.com\\\/es\\\/#organization\",\"name\":\"Mauser Packaging Solutions\",\"alternateName\":\"Mauser Packaging\",\"url\":\"https:\\\/\\\/mauserpackaging.com\\\/es\\\/\",\"logo\":{\"@type\":\"ImageObject\",\"inLanguage\":\"es\",\"@id\":\"https:\\\/\\\/mauserpackaging.com\\\/es\\\/#\\\/schema\\\/logo\\\/image\\\/\",\"url\":\"https:\\\/\\\/mauserpackaging.com\\\/wp-content\\\/uploads\\\/2024\\\/11\\\/Mauser_h_RGB.png\",\"contentUrl\":\"https:\\\/\\\/mauserpackaging.com\\\/wp-content\\\/uploads\\\/2024\\\/11\\\/Mauser_h_RGB.png\",\"width\":1951,\"height\":600,\"caption\":\"Mauser Packaging Solutions\"},\"image\":{\"@id\":\"https:\\\/\\\/mauserpackaging.com\\\/es\\\/#\\\/schema\\\/logo\\\/image\\\/\"},\"sameAs\":[\"https:\\\/\\\/www.linkedin.com\\\/company\\\/mauser-packaging-solutions\\\/\"]}]}<\/script>\n<!-- \/ Yoast SEO Premium plugin. -->","yoast_head_json":{"title":"Consumidor - Mauser Packaging Solutions","description":"Mauser Packaging Solutions puede ayudarle a crear el recipiente perfecto para una amplia gama de productos de consumo.","robots":{"index":"index","follow":"follow","max-snippet":"max-snippet:-1","max-image-preview":"max-image-preview:large","max-video-preview":"max-video-preview:-1"},"canonical":"https:\/\/mauserpackaging.com\/es\/mercados\/consumidor\/","og_locale":"es_ES","og_type":"article","og_title":"Consumidor","og_description":"Mauser Packaging Solutions puede ayudarle a crear el recipiente perfecto para una amplia gama de productos de consumo.","og_url":"https:\/\/mauserpackaging.com\/es\/mercados\/consumidor\/","og_site_name":"Mauser Packaging Solutions","article_modified_time":"2025-10-21T16:13:55+00:00","og_image":[{"width":1200,"height":675,"url":"https:\/\/mauserpackaging.com\/wp-content\/uploads\/2026\/03\/Mauser_Default_SiteImage.jpg","type":"image\/jpeg"}],"twitter_card":"summary_large_image","twitter_misc":{"Tiempo de lectura":"3 minutos"},"schema":{"@context":"https:\/\/schema.org","@graph":[{"@type":"WebPage","@id":"https:\/\/mauserpackaging.com\/es\/mercados\/consumidor\/","url":"https:\/\/mauserpackaging.com\/es\/mercados\/consumidor\/","name":"Consumidor - Mauser Packaging Solutions","isPartOf":{"@id":"https:\/\/mauserpackaging.com\/es\/#website"},"datePublished":"2024-12-16T19:15:46+00:00","dateModified":"2025-10-21T16:13:55+00:00","description":"Mauser Packaging Solutions puede ayudarle a crear el recipiente perfecto para una amplia gama de productos de consumo.","breadcrumb":{"@id":"https:\/\/mauserpackaging.com\/es\/mercados\/consumidor\/#breadcrumb"},"inLanguage":"es","potentialAction":[{"@type":"ReadAction","target":["https:\/\/mauserpackaging.com\/es\/mercados\/consumidor\/"]}]},{"@type":"BreadcrumbList","@id":"https:\/\/mauserpackaging.com\/es\/mercados\/consumidor\/#breadcrumb","itemListElement":[{"@type":"ListItem","position":1,"name":"Home","item":"https:\/\/mauserpackaging.com\/es\/hogar\/"},{"@type":"ListItem","position":2,"name":"Mercados","item":"https:\/\/mauserpackaging.com\/es\/mercados\/"},{"@type":"ListItem","position":3,"name":"Consumidor"}]},{"@type":"WebSite","@id":"https:\/\/mauserpackaging.com\/es\/#website","url":"https:\/\/mauserpackaging.com\/es\/","name":"Mauser Packaging Solutions","description":"Your go-to packaging partner","publisher":{"@id":"https:\/\/mauserpackaging.com\/es\/#organization"},"alternateName":"Mauser Packaging","potentialAction":[{"@type":"SearchAction","target":{"@type":"EntryPoint","urlTemplate":"https:\/\/mauserpackaging.com\/es\/?s={search_term_string}"},"query-input":{"@type":"PropertyValueSpecification","valueRequired":true,"valueName":"search_term_string"}}],"inLanguage":"es"},{"@type":"Organization","@id":"https:\/\/mauserpackaging.com\/es\/#organization","name":"Mauser Packaging Solutions","alternateName":"Mauser Packaging","url":"https:\/\/mauserpackaging.com\/es\/","logo":{"@type":"ImageObject","inLanguage":"es","@id":"https:\/\/mauserpackaging.com\/es\/#\/schema\/logo\/image\/","url":"https:\/\/mauserpackaging.com\/wp-content\/uploads\/2024\/11\/Mauser_h_RGB.png","contentUrl":"https:\/\/mauserpackaging.com\/wp-content\/uploads\/2024\/11\/Mauser_h_RGB.png","width":1951,"height":600,"caption":"Mauser Packaging Solutions"},"image":{"@id":"https:\/\/mauserpackaging.com\/es\/#\/schema\/logo\/image\/"},"sameAs":["https:\/\/www.linkedin.com\/company\/mauser-packaging-solutions\/"]}]}},"_links":{"self":[{"href":"https:\/\/mauserpackaging.com\/es\/wp-json\/wp\/v2\/pages\/20055","targetHints":{"allow":["GET"]}}],"collection":[{"href":"https:\/\/mauserpackaging.com\/es\/wp-json\/wp\/v2\/pages"}],"about":[{"href":"https:\/\/mauserpackaging.com\/es\/wp-json\/wp\/v2\/types\/page"}],"author":[{"embeddable":true,"href":"https:\/\/mauserpackaging.com\/es\/wp-json\/wp\/v2\/users\/1"}],"replies":[{"embeddable":true,"href":"https:\/\/mauserpackaging.com\/es\/wp-json\/wp\/v2\/comments?post=20055"}],"version-history":[{"count":0,"href":"https:\/\/mauserpackaging.com\/es\/wp-json\/wp\/v2\/pages\/20055\/revisions"}],"up":[{"embeddable":true,"href":"https:\/\/mauserpackaging.com\/es\/wp-json\/wp\/v2\/pages\/20058"}],"wp:attachment":[{"href":"https:\/\/mauserpackaging.com\/es\/wp-json\/wp\/v2\/media?parent=20055"}],"curies":[{"name":"wp","href":"https:\/\/api.w.org\/{rel}","templated":true}]}}