{"id":20002,"date":"2025-01-10T20:05:01","date_gmt":"2025-01-10T20:05:01","guid":{"rendered":"https:\/\/mauserpackstg.wpenginepowered.com\/acerca-de-mauser\/comuniquese-con-nosotros\/"},"modified":"2026-04-14T19:40:44","modified_gmt":"2026-04-14T19:40:44","slug":"comuniquese-con-nosotros","status":"publish","type":"page","link":"https:\/\/mauserpackaging.com\/es\/acerca-de-mauser\/comuniquese-con-nosotros\/","title":{"rendered":"Comun\u00edquese con nosotros"},"content":{"rendered":"<div id=\"cs-content\" class=\"cs-content\"><\/div>\n","protected":false},"excerpt":{"rendered":"<p>Comun\u00edquese con nosotrosHome Pong\u00e1monos en contacto En primer lugar, necesitamos informaci\u00f3n. Complete el breve formulario que a continuaci\u00f3n aparece y le pondremos en contacto con la persona adecuada. \u00bfEn qu\u00e9 podemos ayudarte?Estoy interesado enPor favor seleccione una opci\u00f3nConsulta de productoOportunidades de empleoConsulta de mediosOportunidades para proveedoresRelaciones con los inversoresOtherCu\u00e9ntenos sobre sus necesidades de productoRegi\u00f3n(Obligatorio)Seleccionar&#8230;Asia-Pac\u00edficoEuropa, Oriente Medio y \u00c1fricaAm\u00e9rica del NorteSudam\u00e9ricaCategor\u00eda&hellip;<\/p>\n","protected":false},"author":1,"featured_media":0,"parent":19953,"menu_order":0,"comment_status":"closed","ping_status":"closed","template":"template-blank-4.php","meta":{"footnotes":""},"class_list":["post-20002","page","type-page","status-publish","hentry","no-post-thumbnail"],"yoast_head":"<!-- This site is optimized with the Yoast SEO Premium plugin v27.5 (Yoast SEO v27.5) - https:\/\/yoast.com\/product\/yoast-seo-premium-wordpress\/ -->\n<title>Comun\u00edquese con nosotros | Mauser Packaging Solutions<\/title>\n<meta name=\"description\" content=\"P\u00f3ngase en contacto con Mauser Packaging Solutions para consultas sobre productos, oportunidades para proveedores, empleo y m\u00e1s. Nuestro equipo est\u00e1 listo para ayudarle.\" \/>\n<meta name=\"robots\" content=\"index, follow, max-snippet:-1, max-image-preview:large, max-video-preview:-1\" \/>\n<link rel=\"canonical\" href=\"https:\/\/mauserpackaging.com\/es\/acerca-de-mauser\/comuniquese-con-nosotros\/\" \/>\n<meta property=\"og:locale\" content=\"es_ES\" \/>\n<meta property=\"og:type\" content=\"article\" \/>\n<meta property=\"og:title\" content=\"Comun\u00edquese con nosotros\" \/>\n<meta property=\"og:description\" content=\"P\u00f3ngase en contacto con Mauser Packaging Solutions para consultas sobre productos, oportunidades para proveedores, empleo y m\u00e1s. Nuestro equipo est\u00e1 listo para ayudarle.\" \/>\n<meta property=\"og:url\" content=\"https:\/\/mauserpackaging.com\/es\/acerca-de-mauser\/comuniquese-con-nosotros\/\" \/>\n<meta property=\"og:site_name\" content=\"Mauser Packaging Solutions\" \/>\n<meta property=\"article:modified_time\" content=\"2026-04-14T19:40:44+00:00\" \/>\n<meta property=\"og:image\" content=\"https:\/\/mauserpackaging.com\/wp-content\/uploads\/2026\/03\/Mauser_Default_SiteImage.jpg\" \/>\n\t<meta property=\"og:image:width\" content=\"1200\" \/>\n\t<meta property=\"og:image:height\" content=\"675\" \/>\n\t<meta property=\"og:image:type\" content=\"image\/jpeg\" \/>\n<meta name=\"twitter:card\" content=\"summary_large_image\" \/>\n<meta name=\"twitter:label1\" content=\"Tiempo de lectura\" \/>\n\t<meta name=\"twitter:data1\" content=\"3 minutos\" \/>\n<script type=\"application\/ld+json\" class=\"yoast-schema-graph\">{\"@context\":\"https:\\\/\\\/schema.org\",\"@graph\":[{\"@type\":\"WebPage\",\"@id\":\"https:\\\/\\\/mauserpackaging.com\\\/es\\\/acerca-de-mauser\\\/comuniquese-con-nosotros\\\/\",\"url\":\"https:\\\/\\\/mauserpackaging.com\\\/es\\\/acerca-de-mauser\\\/comuniquese-con-nosotros\\\/\",\"name\":\"Comun\u00edquese con nosotros | Mauser Packaging Solutions\",\"isPartOf\":{\"@id\":\"https:\\\/\\\/mauserpackaging.com\\\/es\\\/#website\"},\"datePublished\":\"2025-01-10T20:05:01+00:00\",\"dateModified\":\"2026-04-14T19:40:44+00:00\",\"description\":\"P\u00f3ngase en contacto con Mauser Packaging Solutions para consultas sobre productos, oportunidades para proveedores, empleo y m\u00e1s. Nuestro equipo est\u00e1 listo para ayudarle.\",\"breadcrumb\":{\"@id\":\"https:\\\/\\\/mauserpackaging.com\\\/es\\\/acerca-de-mauser\\\/comuniquese-con-nosotros\\\/#breadcrumb\"},\"inLanguage\":\"es\",\"potentialAction\":[{\"@type\":\"ReadAction\",\"target\":[\"https:\\\/\\\/mauserpackaging.com\\\/es\\\/acerca-de-mauser\\\/comuniquese-con-nosotros\\\/\"]}]},{\"@type\":\"BreadcrumbList\",\"@id\":\"https:\\\/\\\/mauserpackaging.com\\\/es\\\/acerca-de-mauser\\\/comuniquese-con-nosotros\\\/#breadcrumb\",\"itemListElement\":[{\"@type\":\"ListItem\",\"position\":1,\"name\":\"Home\",\"item\":\"https:\\\/\\\/mauserpackaging.com\\\/es\\\/hogar\\\/\"},{\"@type\":\"ListItem\",\"position\":2,\"name\":\"Acerca de Mauser\",\"item\":\"https:\\\/\\\/mauserpackaging.com\\\/es\\\/acerca-de-mauser\\\/\"},{\"@type\":\"ListItem\",\"position\":3,\"name\":\"Comun\u00edquese con nosotros\"}]},{\"@type\":\"WebSite\",\"@id\":\"https:\\\/\\\/mauserpackaging.com\\\/es\\\/#website\",\"url\":\"https:\\\/\\\/mauserpackaging.com\\\/es\\\/\",\"name\":\"Mauser Packaging Solutions\",\"description\":\"Your go-to packaging partner\",\"publisher\":{\"@id\":\"https:\\\/\\\/mauserpackaging.com\\\/es\\\/#organization\"},\"alternateName\":\"Mauser Packaging\",\"potentialAction\":[{\"@type\":\"SearchAction\",\"target\":{\"@type\":\"EntryPoint\",\"urlTemplate\":\"https:\\\/\\\/mauserpackaging.com\\\/es\\\/?s={search_term_string}\"},\"query-input\":{\"@type\":\"PropertyValueSpecification\",\"valueRequired\":true,\"valueName\":\"search_term_string\"}}],\"inLanguage\":\"es\"},{\"@type\":\"Organization\",\"@id\":\"https:\\\/\\\/mauserpackaging.com\\\/es\\\/#organization\",\"name\":\"Mauser Packaging Solutions\",\"alternateName\":\"Mauser Packaging\",\"url\":\"https:\\\/\\\/mauserpackaging.com\\\/es\\\/\",\"logo\":{\"@type\":\"ImageObject\",\"inLanguage\":\"es\",\"@id\":\"https:\\\/\\\/mauserpackaging.com\\\/es\\\/#\\\/schema\\\/logo\\\/image\\\/\",\"url\":\"https:\\\/\\\/mauserpackaging.com\\\/wp-content\\\/uploads\\\/2024\\\/11\\\/Mauser_h_RGB.png\",\"contentUrl\":\"https:\\\/\\\/mauserpackaging.com\\\/wp-content\\\/uploads\\\/2024\\\/11\\\/Mauser_h_RGB.png\",\"width\":1951,\"height\":600,\"caption\":\"Mauser Packaging Solutions\"},\"image\":{\"@id\":\"https:\\\/\\\/mauserpackaging.com\\\/es\\\/#\\\/schema\\\/logo\\\/image\\\/\"},\"sameAs\":[\"https:\\\/\\\/www.linkedin.com\\\/company\\\/mauser-packaging-solutions\\\/\"]}]}<\/script>\n<!-- \/ Yoast SEO Premium plugin. -->","yoast_head_json":{"title":"Comun\u00edquese con nosotros | Mauser Packaging Solutions","description":"P\u00f3ngase en contacto con Mauser Packaging Solutions para consultas sobre productos, oportunidades para proveedores, empleo y m\u00e1s. Nuestro equipo est\u00e1 listo para ayudarle.","robots":{"index":"index","follow":"follow","max-snippet":"max-snippet:-1","max-image-preview":"max-image-preview:large","max-video-preview":"max-video-preview:-1"},"canonical":"https:\/\/mauserpackaging.com\/es\/acerca-de-mauser\/comuniquese-con-nosotros\/","og_locale":"es_ES","og_type":"article","og_title":"Comun\u00edquese con nosotros","og_description":"P\u00f3ngase en contacto con Mauser Packaging Solutions para consultas sobre productos, oportunidades para proveedores, empleo y m\u00e1s. Nuestro equipo est\u00e1 listo para ayudarle.","og_url":"https:\/\/mauserpackaging.com\/es\/acerca-de-mauser\/comuniquese-con-nosotros\/","og_site_name":"Mauser Packaging Solutions","article_modified_time":"2026-04-14T19:40:44+00:00","og_image":[{"width":1200,"height":675,"url":"https:\/\/mauserpackaging.com\/wp-content\/uploads\/2026\/03\/Mauser_Default_SiteImage.jpg","type":"image\/jpeg"}],"twitter_card":"summary_large_image","twitter_misc":{"Tiempo de lectura":"3 minutos"},"schema":{"@context":"https:\/\/schema.org","@graph":[{"@type":"WebPage","@id":"https:\/\/mauserpackaging.com\/es\/acerca-de-mauser\/comuniquese-con-nosotros\/","url":"https:\/\/mauserpackaging.com\/es\/acerca-de-mauser\/comuniquese-con-nosotros\/","name":"Comun\u00edquese con nosotros | Mauser Packaging Solutions","isPartOf":{"@id":"https:\/\/mauserpackaging.com\/es\/#website"},"datePublished":"2025-01-10T20:05:01+00:00","dateModified":"2026-04-14T19:40:44+00:00","description":"P\u00f3ngase en contacto con Mauser Packaging Solutions para consultas sobre productos, oportunidades para proveedores, empleo y m\u00e1s. Nuestro equipo est\u00e1 listo para ayudarle.","breadcrumb":{"@id":"https:\/\/mauserpackaging.com\/es\/acerca-de-mauser\/comuniquese-con-nosotros\/#breadcrumb"},"inLanguage":"es","potentialAction":[{"@type":"ReadAction","target":["https:\/\/mauserpackaging.com\/es\/acerca-de-mauser\/comuniquese-con-nosotros\/"]}]},{"@type":"BreadcrumbList","@id":"https:\/\/mauserpackaging.com\/es\/acerca-de-mauser\/comuniquese-con-nosotros\/#breadcrumb","itemListElement":[{"@type":"ListItem","position":1,"name":"Home","item":"https:\/\/mauserpackaging.com\/es\/hogar\/"},{"@type":"ListItem","position":2,"name":"Acerca de Mauser","item":"https:\/\/mauserpackaging.com\/es\/acerca-de-mauser\/"},{"@type":"ListItem","position":3,"name":"Comun\u00edquese con nosotros"}]},{"@type":"WebSite","@id":"https:\/\/mauserpackaging.com\/es\/#website","url":"https:\/\/mauserpackaging.com\/es\/","name":"Mauser Packaging Solutions","description":"Your go-to packaging partner","publisher":{"@id":"https:\/\/mauserpackaging.com\/es\/#organization"},"alternateName":"Mauser Packaging","potentialAction":[{"@type":"SearchAction","target":{"@type":"EntryPoint","urlTemplate":"https:\/\/mauserpackaging.com\/es\/?s={search_term_string}"},"query-input":{"@type":"PropertyValueSpecification","valueRequired":true,"valueName":"search_term_string"}}],"inLanguage":"es"},{"@type":"Organization","@id":"https:\/\/mauserpackaging.com\/es\/#organization","name":"Mauser Packaging Solutions","alternateName":"Mauser Packaging","url":"https:\/\/mauserpackaging.com\/es\/","logo":{"@type":"ImageObject","inLanguage":"es","@id":"https:\/\/mauserpackaging.com\/es\/#\/schema\/logo\/image\/","url":"https:\/\/mauserpackaging.com\/wp-content\/uploads\/2024\/11\/Mauser_h_RGB.png","contentUrl":"https:\/\/mauserpackaging.com\/wp-content\/uploads\/2024\/11\/Mauser_h_RGB.png","width":1951,"height":600,"caption":"Mauser Packaging Solutions"},"image":{"@id":"https:\/\/mauserpackaging.com\/es\/#\/schema\/logo\/image\/"},"sameAs":["https:\/\/www.linkedin.com\/company\/mauser-packaging-solutions\/"]}]}},"_links":{"self":[{"href":"https:\/\/mauserpackaging.com\/es\/wp-json\/wp\/v2\/pages\/20002","targetHints":{"allow":["GET"]}}],"collection":[{"href":"https:\/\/mauserpackaging.com\/es\/wp-json\/wp\/v2\/pages"}],"about":[{"href":"https:\/\/mauserpackaging.com\/es\/wp-json\/wp\/v2\/types\/page"}],"author":[{"embeddable":true,"href":"https:\/\/mauserpackaging.com\/es\/wp-json\/wp\/v2\/users\/1"}],"replies":[{"embeddable":true,"href":"https:\/\/mauserpackaging.com\/es\/wp-json\/wp\/v2\/comments?post=20002"}],"version-history":[{"count":0,"href":"https:\/\/mauserpackaging.com\/es\/wp-json\/wp\/v2\/pages\/20002\/revisions"}],"up":[{"embeddable":true,"href":"https:\/\/mauserpackaging.com\/es\/wp-json\/wp\/v2\/pages\/19953"}],"wp:attachment":[{"href":"https:\/\/mauserpackaging.com\/es\/wp-json\/wp\/v2\/media?parent=20002"}],"curies":[{"name":"wp","href":"https:\/\/api.w.org\/{rel}","templated":true}]}}