{"id":19994,"date":"2025-01-13T15:46:09","date_gmt":"2025-01-13T15:46:09","guid":{"rendered":"https:\/\/mauserpackstg.wpenginepowered.com\/apoyar-la-economia-circular\/"},"modified":"2025-10-22T14:35:48","modified_gmt":"2025-10-22T14:35:48","slug":"apoyar-la-economia-circular","status":"publish","type":"page","link":"https:\/\/mauserpackaging.com\/es\/lider-en-sostenibilidad\/apoyar-la-economia-circular\/","title":{"rendered":"Apoyar la econom\u00eda circular"},"content":{"rendered":"<div id=\"cs-content\" class=\"cs-content\"><\/div>\n","protected":false},"excerpt":{"rendered":"<p>Apoyar la econom\u00eda circularHome De lineal a circularNos enorgullece que nuestras capacidades integradas de gesti\u00f3n del ciclo de vida tienen un impacto positivo en la sostenibilidad, no s\u00f3lo para nosotros, sino tambi\u00e9n para nuestros asociados. Gracias a nuestros servicios de fabricaci\u00f3n, reacondicionamiento, reutilizaci\u00f3n y reciclaje, estamos desviando los residuos de empaques de los vertederos y reduciendo su impacto en el&hellip;<\/p>\n","protected":false},"author":1,"featured_media":0,"parent":20838,"menu_order":0,"comment_status":"closed","ping_status":"closed","template":"template-blank-4.php","meta":{"footnotes":""},"class_list":["post-19994","page","type-page","status-publish","hentry","no-post-thumbnail"],"yoast_head":"<!-- This site is optimized with the Yoast SEO Premium plugin v27.3 (Yoast SEO v27.3) - https:\/\/yoast.com\/product\/yoast-seo-premium-wordpress\/ -->\n<title>Apoyar la econom\u00eda circular - Mauser Packaging Solutions<\/title>\n<meta name=\"description\" content=\"Nos enorgullece que nuestras capacidades integradas de gesti\u00f3n del ciclo de vida tienen un impacto positivo en la sostenibilidad, no s\u00f3lo para nosotros, sino tambi\u00e9n para nuestros asociados.\" \/>\n<meta name=\"robots\" content=\"index, follow, max-snippet:-1, max-image-preview:large, max-video-preview:-1\" \/>\n<link rel=\"canonical\" href=\"https:\/\/mauserpackaging.com\/es\/lider-en-sostenibilidad\/apoyar-la-economia-circular\/\" \/>\n<meta property=\"og:locale\" content=\"es_ES\" \/>\n<meta property=\"og:type\" content=\"article\" \/>\n<meta property=\"og:title\" content=\"Apoyar la econom\u00eda circular\" \/>\n<meta property=\"og:description\" content=\"Nos enorgullece que nuestras capacidades integradas de gesti\u00f3n del ciclo de vida tienen un impacto positivo en la sostenibilidad, no s\u00f3lo para nosotros, sino tambi\u00e9n para nuestros asociados.\" \/>\n<meta property=\"og:url\" content=\"https:\/\/mauserpackaging.com\/es\/lider-en-sostenibilidad\/apoyar-la-economia-circular\/\" \/>\n<meta property=\"og:site_name\" content=\"Mauser Packaging Solutions\" \/>\n<meta property=\"article:modified_time\" content=\"2025-10-22T14:35:48+00:00\" \/>\n<meta property=\"og:image\" content=\"https:\/\/mauserpackaging.com\/wp-content\/uploads\/2026\/03\/Mauser_Default_SiteImage.jpg\" \/>\n\t<meta property=\"og:image:width\" content=\"1200\" \/>\n\t<meta property=\"og:image:height\" content=\"675\" \/>\n\t<meta property=\"og:image:type\" content=\"image\/jpeg\" \/>\n<meta name=\"twitter:card\" content=\"summary_large_image\" \/>\n<meta name=\"twitter:label1\" content=\"Tiempo de lectura\" \/>\n\t<meta name=\"twitter:data1\" content=\"4 minutos\" \/>\n<script type=\"application\/ld+json\" class=\"yoast-schema-graph\">{\"@context\":\"https:\\\/\\\/schema.org\",\"@graph\":[{\"@type\":\"WebPage\",\"@id\":\"https:\\\/\\\/mauserpackaging.com\\\/es\\\/lider-en-sostenibilidad\\\/apoyar-la-economia-circular\\\/\",\"url\":\"https:\\\/\\\/mauserpackaging.com\\\/es\\\/lider-en-sostenibilidad\\\/apoyar-la-economia-circular\\\/\",\"name\":\"Apoyar la econom\u00eda circular - Mauser Packaging Solutions\",\"isPartOf\":{\"@id\":\"https:\\\/\\\/mauserpackaging.com\\\/es\\\/#website\"},\"datePublished\":\"2025-01-13T15:46:09+00:00\",\"dateModified\":\"2025-10-22T14:35:48+00:00\",\"description\":\"Nos enorgullece que nuestras capacidades integradas de gesti\u00f3n del ciclo de vida tienen un impacto positivo en la sostenibilidad, no s\u00f3lo para nosotros, sino tambi\u00e9n para nuestros asociados.\",\"breadcrumb\":{\"@id\":\"https:\\\/\\\/mauserpackaging.com\\\/es\\\/lider-en-sostenibilidad\\\/apoyar-la-economia-circular\\\/#breadcrumb\"},\"inLanguage\":\"es\",\"potentialAction\":[{\"@type\":\"ReadAction\",\"target\":[\"https:\\\/\\\/mauserpackaging.com\\\/es\\\/lider-en-sostenibilidad\\\/apoyar-la-economia-circular\\\/\"]}]},{\"@type\":\"BreadcrumbList\",\"@id\":\"https:\\\/\\\/mauserpackaging.com\\\/es\\\/lider-en-sostenibilidad\\\/apoyar-la-economia-circular\\\/#breadcrumb\",\"itemListElement\":[{\"@type\":\"ListItem\",\"position\":1,\"name\":\"Home\",\"item\":\"https:\\\/\\\/mauserpackaging.com\\\/es\\\/hogar\\\/\"},{\"@type\":\"ListItem\",\"position\":2,\"name\":\"L\u00edder en sostenibilidad\",\"item\":\"https:\\\/\\\/mauserpackaging.com\\\/es\\\/lider-en-sostenibilidad\\\/\"},{\"@type\":\"ListItem\",\"position\":3,\"name\":\"Apoyar la econom\u00eda circular\"}]},{\"@type\":\"WebSite\",\"@id\":\"https:\\\/\\\/mauserpackaging.com\\\/es\\\/#website\",\"url\":\"https:\\\/\\\/mauserpackaging.com\\\/es\\\/\",\"name\":\"Mauser Packaging Solutions\",\"description\":\"Your go-to packaging partner\",\"publisher\":{\"@id\":\"https:\\\/\\\/mauserpackaging.com\\\/es\\\/#organization\"},\"alternateName\":\"Mauser Packaging\",\"potentialAction\":[{\"@type\":\"SearchAction\",\"target\":{\"@type\":\"EntryPoint\",\"urlTemplate\":\"https:\\\/\\\/mauserpackaging.com\\\/es\\\/?s={search_term_string}\"},\"query-input\":{\"@type\":\"PropertyValueSpecification\",\"valueRequired\":true,\"valueName\":\"search_term_string\"}}],\"inLanguage\":\"es\"},{\"@type\":\"Organization\",\"@id\":\"https:\\\/\\\/mauserpackaging.com\\\/es\\\/#organization\",\"name\":\"Mauser Packaging Solutions\",\"alternateName\":\"Mauser Packaging\",\"url\":\"https:\\\/\\\/mauserpackaging.com\\\/es\\\/\",\"logo\":{\"@type\":\"ImageObject\",\"inLanguage\":\"es\",\"@id\":\"https:\\\/\\\/mauserpackaging.com\\\/es\\\/#\\\/schema\\\/logo\\\/image\\\/\",\"url\":\"https:\\\/\\\/mauserpackaging.com\\\/wp-content\\\/uploads\\\/2024\\\/11\\\/Mauser_h_RGB.png\",\"contentUrl\":\"https:\\\/\\\/mauserpackaging.com\\\/wp-content\\\/uploads\\\/2024\\\/11\\\/Mauser_h_RGB.png\",\"width\":1951,\"height\":600,\"caption\":\"Mauser Packaging Solutions\"},\"image\":{\"@id\":\"https:\\\/\\\/mauserpackaging.com\\\/es\\\/#\\\/schema\\\/logo\\\/image\\\/\"},\"sameAs\":[\"https:\\\/\\\/www.linkedin.com\\\/company\\\/mauser-packaging-solutions\\\/\"]}]}<\/script>\n<!-- \/ Yoast SEO Premium plugin. -->","yoast_head_json":{"title":"Apoyar la econom\u00eda circular - Mauser Packaging Solutions","description":"Nos enorgullece que nuestras capacidades integradas de gesti\u00f3n del ciclo de vida tienen un impacto positivo en la sostenibilidad, no s\u00f3lo para nosotros, sino tambi\u00e9n para nuestros asociados.","robots":{"index":"index","follow":"follow","max-snippet":"max-snippet:-1","max-image-preview":"max-image-preview:large","max-video-preview":"max-video-preview:-1"},"canonical":"https:\/\/mauserpackaging.com\/es\/lider-en-sostenibilidad\/apoyar-la-economia-circular\/","og_locale":"es_ES","og_type":"article","og_title":"Apoyar la econom\u00eda circular","og_description":"Nos enorgullece que nuestras capacidades integradas de gesti\u00f3n del ciclo de vida tienen un impacto positivo en la sostenibilidad, no s\u00f3lo para nosotros, sino tambi\u00e9n para nuestros asociados.","og_url":"https:\/\/mauserpackaging.com\/es\/lider-en-sostenibilidad\/apoyar-la-economia-circular\/","og_site_name":"Mauser Packaging Solutions","article_modified_time":"2025-10-22T14:35:48+00:00","og_image":[{"width":1200,"height":675,"url":"https:\/\/mauserpackaging.com\/wp-content\/uploads\/2026\/03\/Mauser_Default_SiteImage.jpg","type":"image\/jpeg"}],"twitter_card":"summary_large_image","twitter_misc":{"Tiempo de lectura":"4 minutos"},"schema":{"@context":"https:\/\/schema.org","@graph":[{"@type":"WebPage","@id":"https:\/\/mauserpackaging.com\/es\/lider-en-sostenibilidad\/apoyar-la-economia-circular\/","url":"https:\/\/mauserpackaging.com\/es\/lider-en-sostenibilidad\/apoyar-la-economia-circular\/","name":"Apoyar la econom\u00eda circular - Mauser Packaging Solutions","isPartOf":{"@id":"https:\/\/mauserpackaging.com\/es\/#website"},"datePublished":"2025-01-13T15:46:09+00:00","dateModified":"2025-10-22T14:35:48+00:00","description":"Nos enorgullece que nuestras capacidades integradas de gesti\u00f3n del ciclo de vida tienen un impacto positivo en la sostenibilidad, no s\u00f3lo para nosotros, sino tambi\u00e9n para nuestros asociados.","breadcrumb":{"@id":"https:\/\/mauserpackaging.com\/es\/lider-en-sostenibilidad\/apoyar-la-economia-circular\/#breadcrumb"},"inLanguage":"es","potentialAction":[{"@type":"ReadAction","target":["https:\/\/mauserpackaging.com\/es\/lider-en-sostenibilidad\/apoyar-la-economia-circular\/"]}]},{"@type":"BreadcrumbList","@id":"https:\/\/mauserpackaging.com\/es\/lider-en-sostenibilidad\/apoyar-la-economia-circular\/#breadcrumb","itemListElement":[{"@type":"ListItem","position":1,"name":"Home","item":"https:\/\/mauserpackaging.com\/es\/hogar\/"},{"@type":"ListItem","position":2,"name":"L\u00edder en sostenibilidad","item":"https:\/\/mauserpackaging.com\/es\/lider-en-sostenibilidad\/"},{"@type":"ListItem","position":3,"name":"Apoyar la econom\u00eda circular"}]},{"@type":"WebSite","@id":"https:\/\/mauserpackaging.com\/es\/#website","url":"https:\/\/mauserpackaging.com\/es\/","name":"Mauser Packaging Solutions","description":"Your go-to packaging partner","publisher":{"@id":"https:\/\/mauserpackaging.com\/es\/#organization"},"alternateName":"Mauser Packaging","potentialAction":[{"@type":"SearchAction","target":{"@type":"EntryPoint","urlTemplate":"https:\/\/mauserpackaging.com\/es\/?s={search_term_string}"},"query-input":{"@type":"PropertyValueSpecification","valueRequired":true,"valueName":"search_term_string"}}],"inLanguage":"es"},{"@type":"Organization","@id":"https:\/\/mauserpackaging.com\/es\/#organization","name":"Mauser Packaging Solutions","alternateName":"Mauser Packaging","url":"https:\/\/mauserpackaging.com\/es\/","logo":{"@type":"ImageObject","inLanguage":"es","@id":"https:\/\/mauserpackaging.com\/es\/#\/schema\/logo\/image\/","url":"https:\/\/mauserpackaging.com\/wp-content\/uploads\/2024\/11\/Mauser_h_RGB.png","contentUrl":"https:\/\/mauserpackaging.com\/wp-content\/uploads\/2024\/11\/Mauser_h_RGB.png","width":1951,"height":600,"caption":"Mauser Packaging Solutions"},"image":{"@id":"https:\/\/mauserpackaging.com\/es\/#\/schema\/logo\/image\/"},"sameAs":["https:\/\/www.linkedin.com\/company\/mauser-packaging-solutions\/"]}]}},"_links":{"self":[{"href":"https:\/\/mauserpackaging.com\/es\/wp-json\/wp\/v2\/pages\/19994","targetHints":{"allow":["GET"]}}],"collection":[{"href":"https:\/\/mauserpackaging.com\/es\/wp-json\/wp\/v2\/pages"}],"about":[{"href":"https:\/\/mauserpackaging.com\/es\/wp-json\/wp\/v2\/types\/page"}],"author":[{"embeddable":true,"href":"https:\/\/mauserpackaging.com\/es\/wp-json\/wp\/v2\/users\/1"}],"replies":[{"embeddable":true,"href":"https:\/\/mauserpackaging.com\/es\/wp-json\/wp\/v2\/comments?post=19994"}],"version-history":[{"count":0,"href":"https:\/\/mauserpackaging.com\/es\/wp-json\/wp\/v2\/pages\/19994\/revisions"}],"up":[{"embeddable":true,"href":"https:\/\/mauserpackaging.com\/es\/wp-json\/wp\/v2\/pages\/20838"}],"wp:attachment":[{"href":"https:\/\/mauserpackaging.com\/es\/wp-json\/wp\/v2\/media?parent=19994"}],"curies":[{"name":"wp","href":"https:\/\/api.w.org\/{rel}","templated":true}]}}