{"id":19862,"date":"2025-01-10T20:03:25","date_gmt":"2025-01-10T20:03:25","guid":{"rendered":"https:\/\/mauserpackstg.wpenginepowered.com\/informacion-para-inversores\/"},"modified":"2025-10-22T13:43:51","modified_gmt":"2025-10-22T13:43:51","slug":"informacion-para-inversores","status":"publish","type":"page","link":"https:\/\/mauserpackaging.com\/es\/acerca-de-mauser\/informacion-para-inversores\/","title":{"rendered":"Informaci\u00f3n para inversores"},"content":{"rendered":"<div id=\"cs-content\" class=\"cs-content\"><\/div>\n","protected":false},"excerpt":{"rendered":"<p>Informaci\u00f3n para inversoresHome Invertir en un futuro m\u00e1s sostenibleLos empaques siempre han sido una parte esencial de la industria. Y ahora, m\u00e1s que nunca, tambi\u00e9n lo es la sostenibilidad. Mauser Packaging Solutions es l\u00edder en el suministro de ambos. Mauser Packaging Solutions, formada por las empresas heredadas BWAY Corp, MAUSER Group, National Container Group (\u00abNCG\u00bb) e Industrial Container Services (\u00abICS\u00bb),&hellip;<\/p>\n","protected":false},"author":1,"featured_media":0,"parent":19953,"menu_order":0,"comment_status":"closed","ping_status":"closed","template":"template-blank-4.php","meta":{"footnotes":""},"class_list":["post-19862","page","type-page","status-publish","hentry","no-post-thumbnail"],"yoast_head":"<!-- This site is optimized with the Yoast SEO Premium plugin v27.3 (Yoast SEO v27.3) - https:\/\/yoast.com\/product\/yoast-seo-premium-wordpress\/ -->\n<title>Informaci\u00f3n para inversores - Mauser Packaging Solutions<\/title>\n<meta name=\"description\" content=\"Invertir en un futuro m\u00e1s sostenible Estamos entusiasmados con el potencial que conlleva ser una organizaci\u00f3n global y diversificada construida para el crecimiento.\" \/>\n<meta name=\"robots\" content=\"index, follow, max-snippet:-1, max-image-preview:large, max-video-preview:-1\" \/>\n<link rel=\"canonical\" href=\"https:\/\/mauserpackaging.com\/es\/acerca-de-mauser\/informacion-para-inversores\/\" \/>\n<meta property=\"og:locale\" content=\"es_ES\" \/>\n<meta property=\"og:type\" content=\"article\" \/>\n<meta property=\"og:title\" content=\"Informaci\u00f3n para inversores\" \/>\n<meta property=\"og:description\" content=\"Invertir en un futuro m\u00e1s sostenible Estamos entusiasmados con el potencial que conlleva ser una organizaci\u00f3n global y diversificada construida para el crecimiento.\" \/>\n<meta property=\"og:url\" content=\"https:\/\/mauserpackaging.com\/es\/acerca-de-mauser\/informacion-para-inversores\/\" \/>\n<meta property=\"og:site_name\" content=\"Mauser Packaging Solutions\" \/>\n<meta property=\"article:modified_time\" content=\"2025-10-22T13:43:51+00:00\" \/>\n<meta property=\"og:image\" content=\"https:\/\/mauserpackaging.com\/wp-content\/uploads\/2026\/03\/Mauser_Default_SiteImage.jpg\" \/>\n\t<meta property=\"og:image:width\" content=\"1200\" \/>\n\t<meta property=\"og:image:height\" content=\"675\" \/>\n\t<meta property=\"og:image:type\" content=\"image\/jpeg\" \/>\n<meta name=\"twitter:card\" content=\"summary_large_image\" \/>\n<meta name=\"twitter:label1\" content=\"Tiempo de lectura\" \/>\n\t<meta name=\"twitter:data1\" content=\"4 minutos\" \/>\n<script type=\"application\/ld+json\" class=\"yoast-schema-graph\">{\"@context\":\"https:\\\/\\\/schema.org\",\"@graph\":[{\"@type\":\"WebPage\",\"@id\":\"https:\\\/\\\/mauserpackaging.com\\\/es\\\/acerca-de-mauser\\\/informacion-para-inversores\\\/\",\"url\":\"https:\\\/\\\/mauserpackaging.com\\\/es\\\/acerca-de-mauser\\\/informacion-para-inversores\\\/\",\"name\":\"Informaci\u00f3n para inversores - Mauser Packaging Solutions\",\"isPartOf\":{\"@id\":\"https:\\\/\\\/mauserpackaging.com\\\/es\\\/#website\"},\"datePublished\":\"2025-01-10T20:03:25+00:00\",\"dateModified\":\"2025-10-22T13:43:51+00:00\",\"description\":\"Invertir en un futuro m\u00e1s sostenible Estamos entusiasmados con el potencial que conlleva ser una organizaci\u00f3n global y diversificada construida para el crecimiento.\",\"breadcrumb\":{\"@id\":\"https:\\\/\\\/mauserpackaging.com\\\/es\\\/acerca-de-mauser\\\/informacion-para-inversores\\\/#breadcrumb\"},\"inLanguage\":\"es\",\"potentialAction\":[{\"@type\":\"ReadAction\",\"target\":[\"https:\\\/\\\/mauserpackaging.com\\\/es\\\/acerca-de-mauser\\\/informacion-para-inversores\\\/\"]}]},{\"@type\":\"BreadcrumbList\",\"@id\":\"https:\\\/\\\/mauserpackaging.com\\\/es\\\/acerca-de-mauser\\\/informacion-para-inversores\\\/#breadcrumb\",\"itemListElement\":[{\"@type\":\"ListItem\",\"position\":1,\"name\":\"Home\",\"item\":\"https:\\\/\\\/mauserpackaging.com\\\/es\\\/hogar\\\/\"},{\"@type\":\"ListItem\",\"position\":2,\"name\":\"Acerca de Mauser\",\"item\":\"https:\\\/\\\/mauserpackaging.com\\\/es\\\/acerca-de-mauser\\\/\"},{\"@type\":\"ListItem\",\"position\":3,\"name\":\"Informaci\u00f3n para inversores\"}]},{\"@type\":\"WebSite\",\"@id\":\"https:\\\/\\\/mauserpackaging.com\\\/es\\\/#website\",\"url\":\"https:\\\/\\\/mauserpackaging.com\\\/es\\\/\",\"name\":\"Mauser Packaging Solutions\",\"description\":\"Your go-to packaging partner\",\"publisher\":{\"@id\":\"https:\\\/\\\/mauserpackaging.com\\\/es\\\/#organization\"},\"alternateName\":\"Mauser Packaging\",\"potentialAction\":[{\"@type\":\"SearchAction\",\"target\":{\"@type\":\"EntryPoint\",\"urlTemplate\":\"https:\\\/\\\/mauserpackaging.com\\\/es\\\/?s={search_term_string}\"},\"query-input\":{\"@type\":\"PropertyValueSpecification\",\"valueRequired\":true,\"valueName\":\"search_term_string\"}}],\"inLanguage\":\"es\"},{\"@type\":\"Organization\",\"@id\":\"https:\\\/\\\/mauserpackaging.com\\\/es\\\/#organization\",\"name\":\"Mauser Packaging Solutions\",\"alternateName\":\"Mauser Packaging\",\"url\":\"https:\\\/\\\/mauserpackaging.com\\\/es\\\/\",\"logo\":{\"@type\":\"ImageObject\",\"inLanguage\":\"es\",\"@id\":\"https:\\\/\\\/mauserpackaging.com\\\/es\\\/#\\\/schema\\\/logo\\\/image\\\/\",\"url\":\"https:\\\/\\\/mauserpackaging.com\\\/wp-content\\\/uploads\\\/2024\\\/11\\\/Mauser_h_RGB.png\",\"contentUrl\":\"https:\\\/\\\/mauserpackaging.com\\\/wp-content\\\/uploads\\\/2024\\\/11\\\/Mauser_h_RGB.png\",\"width\":1951,\"height\":600,\"caption\":\"Mauser Packaging Solutions\"},\"image\":{\"@id\":\"https:\\\/\\\/mauserpackaging.com\\\/es\\\/#\\\/schema\\\/logo\\\/image\\\/\"},\"sameAs\":[\"https:\\\/\\\/www.linkedin.com\\\/company\\\/mauser-packaging-solutions\\\/\"]}]}<\/script>\n<!-- \/ Yoast SEO Premium plugin. -->","yoast_head_json":{"title":"Informaci\u00f3n para inversores - Mauser Packaging Solutions","description":"Invertir en un futuro m\u00e1s sostenible Estamos entusiasmados con el potencial que conlleva ser una organizaci\u00f3n global y diversificada construida para el crecimiento.","robots":{"index":"index","follow":"follow","max-snippet":"max-snippet:-1","max-image-preview":"max-image-preview:large","max-video-preview":"max-video-preview:-1"},"canonical":"https:\/\/mauserpackaging.com\/es\/acerca-de-mauser\/informacion-para-inversores\/","og_locale":"es_ES","og_type":"article","og_title":"Informaci\u00f3n para inversores","og_description":"Invertir en un futuro m\u00e1s sostenible Estamos entusiasmados con el potencial que conlleva ser una organizaci\u00f3n global y diversificada construida para el crecimiento.","og_url":"https:\/\/mauserpackaging.com\/es\/acerca-de-mauser\/informacion-para-inversores\/","og_site_name":"Mauser Packaging Solutions","article_modified_time":"2025-10-22T13:43:51+00:00","og_image":[{"width":1200,"height":675,"url":"https:\/\/mauserpackaging.com\/wp-content\/uploads\/2026\/03\/Mauser_Default_SiteImage.jpg","type":"image\/jpeg"}],"twitter_card":"summary_large_image","twitter_misc":{"Tiempo de lectura":"4 minutos"},"schema":{"@context":"https:\/\/schema.org","@graph":[{"@type":"WebPage","@id":"https:\/\/mauserpackaging.com\/es\/acerca-de-mauser\/informacion-para-inversores\/","url":"https:\/\/mauserpackaging.com\/es\/acerca-de-mauser\/informacion-para-inversores\/","name":"Informaci\u00f3n para inversores - Mauser Packaging Solutions","isPartOf":{"@id":"https:\/\/mauserpackaging.com\/es\/#website"},"datePublished":"2025-01-10T20:03:25+00:00","dateModified":"2025-10-22T13:43:51+00:00","description":"Invertir en un futuro m\u00e1s sostenible Estamos entusiasmados con el potencial que conlleva ser una organizaci\u00f3n global y diversificada construida para el crecimiento.","breadcrumb":{"@id":"https:\/\/mauserpackaging.com\/es\/acerca-de-mauser\/informacion-para-inversores\/#breadcrumb"},"inLanguage":"es","potentialAction":[{"@type":"ReadAction","target":["https:\/\/mauserpackaging.com\/es\/acerca-de-mauser\/informacion-para-inversores\/"]}]},{"@type":"BreadcrumbList","@id":"https:\/\/mauserpackaging.com\/es\/acerca-de-mauser\/informacion-para-inversores\/#breadcrumb","itemListElement":[{"@type":"ListItem","position":1,"name":"Home","item":"https:\/\/mauserpackaging.com\/es\/hogar\/"},{"@type":"ListItem","position":2,"name":"Acerca de Mauser","item":"https:\/\/mauserpackaging.com\/es\/acerca-de-mauser\/"},{"@type":"ListItem","position":3,"name":"Informaci\u00f3n para inversores"}]},{"@type":"WebSite","@id":"https:\/\/mauserpackaging.com\/es\/#website","url":"https:\/\/mauserpackaging.com\/es\/","name":"Mauser Packaging Solutions","description":"Your go-to packaging partner","publisher":{"@id":"https:\/\/mauserpackaging.com\/es\/#organization"},"alternateName":"Mauser Packaging","potentialAction":[{"@type":"SearchAction","target":{"@type":"EntryPoint","urlTemplate":"https:\/\/mauserpackaging.com\/es\/?s={search_term_string}"},"query-input":{"@type":"PropertyValueSpecification","valueRequired":true,"valueName":"search_term_string"}}],"inLanguage":"es"},{"@type":"Organization","@id":"https:\/\/mauserpackaging.com\/es\/#organization","name":"Mauser Packaging Solutions","alternateName":"Mauser Packaging","url":"https:\/\/mauserpackaging.com\/es\/","logo":{"@type":"ImageObject","inLanguage":"es","@id":"https:\/\/mauserpackaging.com\/es\/#\/schema\/logo\/image\/","url":"https:\/\/mauserpackaging.com\/wp-content\/uploads\/2024\/11\/Mauser_h_RGB.png","contentUrl":"https:\/\/mauserpackaging.com\/wp-content\/uploads\/2024\/11\/Mauser_h_RGB.png","width":1951,"height":600,"caption":"Mauser Packaging Solutions"},"image":{"@id":"https:\/\/mauserpackaging.com\/es\/#\/schema\/logo\/image\/"},"sameAs":["https:\/\/www.linkedin.com\/company\/mauser-packaging-solutions\/"]}]}},"_links":{"self":[{"href":"https:\/\/mauserpackaging.com\/es\/wp-json\/wp\/v2\/pages\/19862","targetHints":{"allow":["GET"]}}],"collection":[{"href":"https:\/\/mauserpackaging.com\/es\/wp-json\/wp\/v2\/pages"}],"about":[{"href":"https:\/\/mauserpackaging.com\/es\/wp-json\/wp\/v2\/types\/page"}],"author":[{"embeddable":true,"href":"https:\/\/mauserpackaging.com\/es\/wp-json\/wp\/v2\/users\/1"}],"replies":[{"embeddable":true,"href":"https:\/\/mauserpackaging.com\/es\/wp-json\/wp\/v2\/comments?post=19862"}],"version-history":[{"count":0,"href":"https:\/\/mauserpackaging.com\/es\/wp-json\/wp\/v2\/pages\/19862\/revisions"}],"up":[{"embeddable":true,"href":"https:\/\/mauserpackaging.com\/es\/wp-json\/wp\/v2\/pages\/19953"}],"wp:attachment":[{"href":"https:\/\/mauserpackaging.com\/es\/wp-json\/wp\/v2\/media?parent=19862"}],"curies":[{"name":"wp","href":"https:\/\/api.w.org\/{rel}","templated":true}]}}