{"id":20548,"date":"2024-12-23T16:51:46","date_gmt":"2024-12-23T16:51:46","guid":{"rendered":"https:\/\/mauserpackstg.wpenginepowered.com\/nachhaltige-loesungen\/rekonditionierungsservices\/"},"modified":"2025-10-21T21:24:16","modified_gmt":"2025-10-21T21:24:16","slug":"rekonditionierungsservices","status":"publish","type":"page","link":"https:\/\/mauserpackaging.com\/de\/nachhaltige-loesungen\/rekonditionierungsservices\/","title":{"rendered":"Rekonditionierungsservices"},"content":{"rendered":"<div id=\"cs-content\" class=\"cs-content\"><\/div>\n","protected":false},"excerpt":{"rendered":"<p>RekonditionierungsservicesHome Verl\u00e4ngern Sie die Lebensdauer Ihrer gebrauchten VerpackungenJe \u00f6fter IBCs und F\u00e4sser wiederverwendet werden, desto geringer ist die Belastung f\u00fcr Ihre Prozesse \u2013 und f\u00fcr die Umwelt. Um das volle Potenzial Ihrer Verpackungen auszusch\u00f6pfen, bietet Mauser Packaging Solutions eine Vielzahl an Wiederaufbereitungsservices f\u00fcr Kunststoff- und Stahlf\u00e4sser sowie IBCs.Nach der R\u00fccknahme \u00fcber Recover Syst-M werden die Beh\u00e4lter in unseren spezialisierten Anlagen&hellip;<\/p>\n","protected":false},"author":1,"featured_media":0,"parent":20543,"menu_order":0,"comment_status":"closed","ping_status":"closed","template":"","meta":{"footnotes":""},"class_list":["post-20548","page","type-page","status-publish","hentry","no-post-thumbnail"],"yoast_head":"<!-- This site is optimized with the Yoast SEO Premium plugin v27.4 (Yoast SEO v27.4) - https:\/\/yoast.com\/product\/yoast-seo-premium-wordpress\/ -->\n<title>Rekonditionierungsservices - Mauser Packaging Solutions<\/title>\n<meta name=\"description\" content=\"Damit Sie das Beste aus Ihrer Verpackung herausholen k\u00f6nnen, bietet Mauser verschiedene Aufbereitungsservices f\u00fcr Kunststoff- und Stahlf\u00e4sser sowie IBCs an.\" \/>\n<meta name=\"robots\" content=\"index, follow, max-snippet:-1, max-image-preview:large, max-video-preview:-1\" \/>\n<link rel=\"canonical\" href=\"https:\/\/mauserpackaging.com\/de\/nachhaltige-loesungen\/rekonditionierungsservices\/\" \/>\n<meta property=\"og:locale\" content=\"de_DE\" \/>\n<meta property=\"og:type\" content=\"article\" \/>\n<meta property=\"og:title\" content=\"Rekonditionierungsservices\" \/>\n<meta property=\"og:description\" content=\"Damit Sie das Beste aus Ihrer Verpackung herausholen k\u00f6nnen, bietet Mauser verschiedene Aufbereitungsservices f\u00fcr Kunststoff- und Stahlf\u00e4sser sowie IBCs an.\" \/>\n<meta property=\"og:url\" content=\"https:\/\/mauserpackaging.com\/de\/nachhaltige-loesungen\/rekonditionierungsservices\/\" \/>\n<meta property=\"og:site_name\" content=\"Mauser Packaging Solutions\" \/>\n<meta property=\"article:modified_time\" content=\"2025-10-21T21:24:16+00:00\" \/>\n<meta property=\"og:image\" content=\"https:\/\/mauserpackaging.com\/wp-content\/uploads\/2026\/03\/Mauser_Default_SiteImage.jpg\" \/>\n\t<meta property=\"og:image:width\" content=\"1200\" \/>\n\t<meta property=\"og:image:height\" content=\"675\" \/>\n\t<meta property=\"og:image:type\" content=\"image\/jpeg\" \/>\n<meta name=\"twitter:card\" content=\"summary_large_image\" \/>\n<meta name=\"twitter:label1\" content=\"Gesch\u00e4tzte Lesezeit\" \/>\n\t<meta name=\"twitter:data1\" content=\"6\u00a0Minuten\" \/>\n<script type=\"application\/ld+json\" class=\"yoast-schema-graph\">{\"@context\":\"https:\\\/\\\/schema.org\",\"@graph\":[{\"@type\":\"WebPage\",\"@id\":\"https:\\\/\\\/mauserpackaging.com\\\/de\\\/nachhaltige-loesungen\\\/rekonditionierungsservices\\\/\",\"url\":\"https:\\\/\\\/mauserpackaging.com\\\/de\\\/nachhaltige-loesungen\\\/rekonditionierungsservices\\\/\",\"name\":\"Rekonditionierungsservices - Mauser Packaging Solutions\",\"isPartOf\":{\"@id\":\"https:\\\/\\\/mauserpackaging.com\\\/de\\\/#website\"},\"datePublished\":\"2024-12-23T16:51:46+00:00\",\"dateModified\":\"2025-10-21T21:24:16+00:00\",\"description\":\"Damit Sie das Beste aus Ihrer Verpackung herausholen k\u00f6nnen, bietet Mauser verschiedene Aufbereitungsservices f\u00fcr Kunststoff- und Stahlf\u00e4sser sowie IBCs an.\",\"breadcrumb\":{\"@id\":\"https:\\\/\\\/mauserpackaging.com\\\/de\\\/nachhaltige-loesungen\\\/rekonditionierungsservices\\\/#breadcrumb\"},\"inLanguage\":\"de\",\"potentialAction\":[{\"@type\":\"ReadAction\",\"target\":[\"https:\\\/\\\/mauserpackaging.com\\\/de\\\/nachhaltige-loesungen\\\/rekonditionierungsservices\\\/\"]}]},{\"@type\":\"BreadcrumbList\",\"@id\":\"https:\\\/\\\/mauserpackaging.com\\\/de\\\/nachhaltige-loesungen\\\/rekonditionierungsservices\\\/#breadcrumb\",\"itemListElement\":[{\"@type\":\"ListItem\",\"position\":1,\"name\":\"Home\",\"item\":\"https:\\\/\\\/mauserpackaging.com\\\/de\\\/heim\\\/\"},{\"@type\":\"ListItem\",\"position\":2,\"name\":\"Nachhaltige L\u00f6sungen\",\"item\":\"https:\\\/\\\/mauserpackaging.com\\\/de\\\/nachhaltige-loesungen\\\/\"},{\"@type\":\"ListItem\",\"position\":3,\"name\":\"Rekonditionierungsservices\"}]},{\"@type\":\"WebSite\",\"@id\":\"https:\\\/\\\/mauserpackaging.com\\\/de\\\/#website\",\"url\":\"https:\\\/\\\/mauserpackaging.com\\\/de\\\/\",\"name\":\"Mauser Packaging Solutions\",\"description\":\"Your go-to packaging partner\",\"publisher\":{\"@id\":\"https:\\\/\\\/mauserpackaging.com\\\/de\\\/#organization\"},\"alternateName\":\"Mauser Packaging\",\"potentialAction\":[{\"@type\":\"SearchAction\",\"target\":{\"@type\":\"EntryPoint\",\"urlTemplate\":\"https:\\\/\\\/mauserpackaging.com\\\/de\\\/?s={search_term_string}\"},\"query-input\":{\"@type\":\"PropertyValueSpecification\",\"valueRequired\":true,\"valueName\":\"search_term_string\"}}],\"inLanguage\":\"de\"},{\"@type\":\"Organization\",\"@id\":\"https:\\\/\\\/mauserpackaging.com\\\/de\\\/#organization\",\"name\":\"Mauser Packaging Solutions\",\"alternateName\":\"Mauser Packaging\",\"url\":\"https:\\\/\\\/mauserpackaging.com\\\/de\\\/\",\"logo\":{\"@type\":\"ImageObject\",\"inLanguage\":\"de\",\"@id\":\"https:\\\/\\\/mauserpackaging.com\\\/de\\\/#\\\/schema\\\/logo\\\/image\\\/\",\"url\":\"https:\\\/\\\/mauserpackaging.com\\\/wp-content\\\/uploads\\\/2024\\\/11\\\/Mauser_h_RGB.png\",\"contentUrl\":\"https:\\\/\\\/mauserpackaging.com\\\/wp-content\\\/uploads\\\/2024\\\/11\\\/Mauser_h_RGB.png\",\"width\":1951,\"height\":600,\"caption\":\"Mauser Packaging Solutions\"},\"image\":{\"@id\":\"https:\\\/\\\/mauserpackaging.com\\\/de\\\/#\\\/schema\\\/logo\\\/image\\\/\"},\"sameAs\":[\"https:\\\/\\\/www.linkedin.com\\\/company\\\/mauser-packaging-solutions\\\/\"]}]}<\/script>\n<!-- \/ Yoast SEO Premium plugin. -->","yoast_head_json":{"title":"Rekonditionierungsservices - Mauser Packaging Solutions","description":"Damit Sie das Beste aus Ihrer Verpackung herausholen k\u00f6nnen, bietet Mauser verschiedene Aufbereitungsservices f\u00fcr Kunststoff- und Stahlf\u00e4sser sowie IBCs an.","robots":{"index":"index","follow":"follow","max-snippet":"max-snippet:-1","max-image-preview":"max-image-preview:large","max-video-preview":"max-video-preview:-1"},"canonical":"https:\/\/mauserpackaging.com\/de\/nachhaltige-loesungen\/rekonditionierungsservices\/","og_locale":"de_DE","og_type":"article","og_title":"Rekonditionierungsservices","og_description":"Damit Sie das Beste aus Ihrer Verpackung herausholen k\u00f6nnen, bietet Mauser verschiedene Aufbereitungsservices f\u00fcr Kunststoff- und Stahlf\u00e4sser sowie IBCs an.","og_url":"https:\/\/mauserpackaging.com\/de\/nachhaltige-loesungen\/rekonditionierungsservices\/","og_site_name":"Mauser Packaging Solutions","article_modified_time":"2025-10-21T21:24:16+00:00","og_image":[{"width":1200,"height":675,"url":"https:\/\/mauserpackaging.com\/wp-content\/uploads\/2026\/03\/Mauser_Default_SiteImage.jpg","type":"image\/jpeg"}],"twitter_card":"summary_large_image","twitter_misc":{"Gesch\u00e4tzte Lesezeit":"6\u00a0Minuten"},"schema":{"@context":"https:\/\/schema.org","@graph":[{"@type":"WebPage","@id":"https:\/\/mauserpackaging.com\/de\/nachhaltige-loesungen\/rekonditionierungsservices\/","url":"https:\/\/mauserpackaging.com\/de\/nachhaltige-loesungen\/rekonditionierungsservices\/","name":"Rekonditionierungsservices - Mauser Packaging Solutions","isPartOf":{"@id":"https:\/\/mauserpackaging.com\/de\/#website"},"datePublished":"2024-12-23T16:51:46+00:00","dateModified":"2025-10-21T21:24:16+00:00","description":"Damit Sie das Beste aus Ihrer Verpackung herausholen k\u00f6nnen, bietet Mauser verschiedene Aufbereitungsservices f\u00fcr Kunststoff- und Stahlf\u00e4sser sowie IBCs an.","breadcrumb":{"@id":"https:\/\/mauserpackaging.com\/de\/nachhaltige-loesungen\/rekonditionierungsservices\/#breadcrumb"},"inLanguage":"de","potentialAction":[{"@type":"ReadAction","target":["https:\/\/mauserpackaging.com\/de\/nachhaltige-loesungen\/rekonditionierungsservices\/"]}]},{"@type":"BreadcrumbList","@id":"https:\/\/mauserpackaging.com\/de\/nachhaltige-loesungen\/rekonditionierungsservices\/#breadcrumb","itemListElement":[{"@type":"ListItem","position":1,"name":"Home","item":"https:\/\/mauserpackaging.com\/de\/heim\/"},{"@type":"ListItem","position":2,"name":"Nachhaltige L\u00f6sungen","item":"https:\/\/mauserpackaging.com\/de\/nachhaltige-loesungen\/"},{"@type":"ListItem","position":3,"name":"Rekonditionierungsservices"}]},{"@type":"WebSite","@id":"https:\/\/mauserpackaging.com\/de\/#website","url":"https:\/\/mauserpackaging.com\/de\/","name":"Mauser Packaging Solutions","description":"Your go-to packaging partner","publisher":{"@id":"https:\/\/mauserpackaging.com\/de\/#organization"},"alternateName":"Mauser Packaging","potentialAction":[{"@type":"SearchAction","target":{"@type":"EntryPoint","urlTemplate":"https:\/\/mauserpackaging.com\/de\/?s={search_term_string}"},"query-input":{"@type":"PropertyValueSpecification","valueRequired":true,"valueName":"search_term_string"}}],"inLanguage":"de"},{"@type":"Organization","@id":"https:\/\/mauserpackaging.com\/de\/#organization","name":"Mauser Packaging Solutions","alternateName":"Mauser Packaging","url":"https:\/\/mauserpackaging.com\/de\/","logo":{"@type":"ImageObject","inLanguage":"de","@id":"https:\/\/mauserpackaging.com\/de\/#\/schema\/logo\/image\/","url":"https:\/\/mauserpackaging.com\/wp-content\/uploads\/2024\/11\/Mauser_h_RGB.png","contentUrl":"https:\/\/mauserpackaging.com\/wp-content\/uploads\/2024\/11\/Mauser_h_RGB.png","width":1951,"height":600,"caption":"Mauser Packaging Solutions"},"image":{"@id":"https:\/\/mauserpackaging.com\/de\/#\/schema\/logo\/image\/"},"sameAs":["https:\/\/www.linkedin.com\/company\/mauser-packaging-solutions\/"]}]}},"_links":{"self":[{"href":"https:\/\/mauserpackaging.com\/de\/wp-json\/wp\/v2\/pages\/20548","targetHints":{"allow":["GET"]}}],"collection":[{"href":"https:\/\/mauserpackaging.com\/de\/wp-json\/wp\/v2\/pages"}],"about":[{"href":"https:\/\/mauserpackaging.com\/de\/wp-json\/wp\/v2\/types\/page"}],"author":[{"embeddable":true,"href":"https:\/\/mauserpackaging.com\/de\/wp-json\/wp\/v2\/users\/1"}],"replies":[{"embeddable":true,"href":"https:\/\/mauserpackaging.com\/de\/wp-json\/wp\/v2\/comments?post=20548"}],"version-history":[{"count":0,"href":"https:\/\/mauserpackaging.com\/de\/wp-json\/wp\/v2\/pages\/20548\/revisions"}],"up":[{"embeddable":true,"href":"https:\/\/mauserpackaging.com\/de\/wp-json\/wp\/v2\/pages\/20543"}],"wp:attachment":[{"href":"https:\/\/mauserpackaging.com\/de\/wp-json\/wp\/v2\/media?parent=20548"}],"curies":[{"name":"wp","href":"https:\/\/api.w.org\/{rel}","templated":true}]}}